{"id":31,"date":"2020-05-28T14:56:36","date_gmt":"2020-05-28T14:56:36","guid":{"rendered":"https:\/\/hotmelts.eu\/?page_id=31"},"modified":"2021-09-20T18:33:10","modified_gmt":"2021-09-20T18:33:10","slug":"filter-industry","status":"publish","type":"page","link":"https:\/\/hotmelts.eu\/hu\/filter-industry\/","title":{"rendered":"Sz\u0171r\u0151ipar"},"content":{"rendered":"<p>A sz\u0171r\u0151k\u00f6zeg-gy\u00e1rt\u00e1s ter\u00fclet\u00e9n a forr\u00f3 olvad\u00e9k\u00fa ragaszt\u00f3k sz\u00e9les k\u00f6r\u0171 felhaszn\u00e1l\u00e1si lehet\u0151s\u00e9gei vannak. P\u00e9ld\u00e1ul t\u00e1vtart\u00f3k\u00e9nt haszn\u00e1lj\u00e1k red\u0151z\u00f6tt sz\u0171r\u0151kben vagy keretek r\u00f6gz\u00edt\u00e9s\u00e9re. A sz\u0171r\u0151 t\u00edpus\u00e1t\u00f3l \u00e9s a gy\u00e1rt\u00e1si folyamatt\u00f3l f\u00fcgg\u0151en itt k\u00fcl\u00f6nb\u00f6z\u0151 sz\u00ednpadi term\u00e9kmegold\u00e1sok haszn\u00e1lhat\u00f3k.<\/p>\n\n\n\n<figure class=\"wp-block-image size-large\"><img loading=\"lazy\" decoding=\"async\" width=\"654\" height=\"454\" src=\"https:\/\/hotmelts.eu\/wp-content\/uploads\/2020\/05\/Filter-hot-melt-adhesives.png\" alt=\"\" class=\"wp-image-32\" srcset=\"https:\/\/hotmelts.eu\/wp-content\/uploads\/2020\/05\/Filter-hot-melt-adhesives.png 654w, https:\/\/hotmelts.eu\/wp-content\/uploads\/2020\/05\/Filter-hot-melt-adhesives-300x208.png 300w\" sizes=\"auto, (max-width: 654px) 100vw, 654px\" \/><figcaption>Fitler olvad\u00e9k ragaszt\u00f3k<\/figcaption><\/figure>","protected":false},"excerpt":{"rendered":"<p>In the field of filter media production, there are a wide range of possible applications for [&hellip;]<\/p>","protected":false},"author":1,"featured_media":0,"parent":0,"menu_order":0,"comment_status":"closed","ping_status":"closed","template":"template-full-width.php","meta":{"footnotes":""},"class_list":["post-31","page","type-page","status-publish","hentry"],"yoast_head":"<!-- This site is optimized with the Yoast SEO plugin v24.9 - https:\/\/yoast.com\/wordpress\/plugins\/seo\/ -->\n<title>Filter industry - Hotmelt adhesives<\/title>\n<meta name=\"robots\" content=\"index, follow, max-snippet:-1, max-image-preview:large, max-video-preview:-1\" \/>\n<link rel=\"canonical\" href=\"https:\/\/hotmelts.eu\/hu\/filter-industry\/\" \/>\n<meta property=\"og:locale\" content=\"hu_HU\" \/>\n<meta property=\"og:type\" content=\"article\" \/>\n<meta property=\"og:title\" content=\"Filter industry - Hotmelt adhesives\" \/>\n<meta property=\"og:description\" content=\"In the field of filter media production, there are a wide range of possible applications for [&hellip;]\" \/>\n<meta property=\"og:url\" content=\"https:\/\/hotmelts.eu\/hu\/filter-industry\/\" \/>\n<meta property=\"og:site_name\" content=\"Hotmelt adhesives\" \/>\n<meta property=\"article:modified_time\" content=\"2021-09-20T18:33:10+00:00\" \/>\n<meta property=\"og:image\" content=\"https:\/\/hotmelts.eu\/wp-content\/uploads\/2020\/05\/Filter-hot-melt-adhesives.png\" \/>\n<meta name=\"twitter:card\" content=\"summary_large_image\" \/>\n<meta name=\"twitter:label1\" content=\"Becs\u00fclt olvas\u00e1si id\u0151\" \/>\n\t<meta name=\"twitter:data1\" content=\"1 perc\" \/>\n<script type=\"application\/ld+json\" class=\"yoast-schema-graph\">{\"@context\":\"https:\/\/schema.org\",\"@graph\":[{\"@type\":\"WebPage\",\"@id\":\"https:\/\/hotmelts.eu\/filter-industry\/\",\"url\":\"https:\/\/hotmelts.eu\/filter-industry\/\",\"name\":\"Filter industry - Hotmelt adhesives\",\"isPartOf\":{\"@id\":\"https:\/\/hotmelts.eu\/nn\/#website\"},\"primaryImageOfPage\":{\"@id\":\"https:\/\/hotmelts.eu\/filter-industry\/#primaryimage\"},\"image\":{\"@id\":\"https:\/\/hotmelts.eu\/filter-industry\/#primaryimage\"},\"thumbnailUrl\":\"https:\/\/hotmelts.eu\/wp-content\/uploads\/2020\/05\/Filter-hot-melt-adhesives.png\",\"datePublished\":\"2020-05-28T14:56:36+00:00\",\"dateModified\":\"2021-09-20T18:33:10+00:00\",\"breadcrumb\":{\"@id\":\"https:\/\/hotmelts.eu\/filter-industry\/#breadcrumb\"},\"inLanguage\":\"hu\",\"potentialAction\":[{\"@type\":\"ReadAction\",\"target\":[\"https:\/\/hotmelts.eu\/filter-industry\/\"]}]},{\"@type\":\"ImageObject\",\"inLanguage\":\"hu\",\"@id\":\"https:\/\/hotmelts.eu\/filter-industry\/#primaryimage\",\"url\":\"https:\/\/hotmelts.eu\/wp-content\/uploads\/2020\/05\/Filter-hot-melt-adhesives.png\",\"contentUrl\":\"https:\/\/hotmelts.eu\/wp-content\/uploads\/2020\/05\/Filter-hot-melt-adhesives.png\"},{\"@type\":\"BreadcrumbList\",\"@id\":\"https:\/\/hotmelts.eu\/filter-industry\/#breadcrumb\",\"itemListElement\":[{\"@type\":\"ListItem\",\"position\":1,\"name\":\"Home\",\"item\":\"https:\/\/hotmelts.eu\/nn\/\"},{\"@type\":\"ListItem\",\"position\":2,\"name\":\"Filter industry\"}]},{\"@type\":\"WebSite\",\"@id\":\"https:\/\/hotmelts.eu\/nn\/#website\",\"url\":\"https:\/\/hotmelts.eu\/nn\/\",\"name\":\"Hotmelts, Adhesives & Glues\",\"description\":\"Packaging, EVA, PO, PUR and PSA manufacturing\",\"publisher\":{\"@id\":\"https:\/\/hotmelts.eu\/nn\/#organization\"},\"potentialAction\":[{\"@type\":\"SearchAction\",\"target\":{\"@type\":\"EntryPoint\",\"urlTemplate\":\"https:\/\/hotmelts.eu\/nn\/?s={search_term_string}\"},\"query-input\":{\"@type\":\"PropertyValueSpecification\",\"valueRequired\":true,\"valueName\":\"search_term_string\"}}],\"inLanguage\":\"hu\"},{\"@type\":\"Organization\",\"@id\":\"https:\/\/hotmelts.eu\/nn\/#organization\",\"name\":\"Hot melt, Adhesives & Glues\",\"url\":\"https:\/\/hotmelts.eu\/nn\/\",\"logo\":{\"@type\":\"ImageObject\",\"inLanguage\":\"hu\",\"@id\":\"https:\/\/hotmelts.eu\/nn\/#\/schema\/logo\/image\/\",\"url\":\"https:\/\/hotmelts.eu\/wp-content\/uploads\/2021\/08\/cropped-logo-intercol-blank-TRANSP22-white.png\",\"contentUrl\":\"https:\/\/hotmelts.eu\/wp-content\/uploads\/2021\/08\/cropped-logo-intercol-blank-TRANSP22-white.png\",\"width\":200,\"height\":100,\"caption\":\"Hot melt, Adhesives & Glues\"},\"image\":{\"@id\":\"https:\/\/hotmelts.eu\/nn\/#\/schema\/logo\/image\/\"}}]}<\/script>\n<!-- \/ Yoast SEO plugin. -->","yoast_head_json":{"title":"Filter industry - Hotmelt adhesives","robots":{"index":"index","follow":"follow","max-snippet":"max-snippet:-1","max-image-preview":"max-image-preview:large","max-video-preview":"max-video-preview:-1"},"canonical":"https:\/\/hotmelts.eu\/hu\/filter-industry\/","og_locale":"hu_HU","og_type":"article","og_title":"Filter industry - Hotmelt adhesives","og_description":"In the field of filter media production, there are a wide range of possible applications for [&hellip;]","og_url":"https:\/\/hotmelts.eu\/hu\/filter-industry\/","og_site_name":"Hotmelt adhesives","article_modified_time":"2021-09-20T18:33:10+00:00","og_image":[{"url":"https:\/\/hotmelts.eu\/wp-content\/uploads\/2020\/05\/Filter-hot-melt-adhesives.png","type":"","width":"","height":""}],"twitter_card":"summary_large_image","twitter_misc":{"Becs\u00fclt olvas\u00e1si id\u0151":"1 perc"},"schema":{"@context":"https:\/\/schema.org","@graph":[{"@type":"WebPage","@id":"https:\/\/hotmelts.eu\/filter-industry\/","url":"https:\/\/hotmelts.eu\/filter-industry\/","name":"Filter industry - Hotmelt adhesives","isPartOf":{"@id":"https:\/\/hotmelts.eu\/nn\/#website"},"primaryImageOfPage":{"@id":"https:\/\/hotmelts.eu\/filter-industry\/#primaryimage"},"image":{"@id":"https:\/\/hotmelts.eu\/filter-industry\/#primaryimage"},"thumbnailUrl":"https:\/\/hotmelts.eu\/wp-content\/uploads\/2020\/05\/Filter-hot-melt-adhesives.png","datePublished":"2020-05-28T14:56:36+00:00","dateModified":"2021-09-20T18:33:10+00:00","breadcrumb":{"@id":"https:\/\/hotmelts.eu\/filter-industry\/#breadcrumb"},"inLanguage":"hu","potentialAction":[{"@type":"ReadAction","target":["https:\/\/hotmelts.eu\/filter-industry\/"]}]},{"@type":"ImageObject","inLanguage":"hu","@id":"https:\/\/hotmelts.eu\/filter-industry\/#primaryimage","url":"https:\/\/hotmelts.eu\/wp-content\/uploads\/2020\/05\/Filter-hot-melt-adhesives.png","contentUrl":"https:\/\/hotmelts.eu\/wp-content\/uploads\/2020\/05\/Filter-hot-melt-adhesives.png"},{"@type":"BreadcrumbList","@id":"https:\/\/hotmelts.eu\/filter-industry\/#breadcrumb","itemListElement":[{"@type":"ListItem","position":1,"name":"Home","item":"https:\/\/hotmelts.eu\/nn\/"},{"@type":"ListItem","position":2,"name":"Filter industry"}]},{"@type":"WebSite","@id":"https:\/\/hotmelts.eu\/nn\/#website","url":"https:\/\/hotmelts.eu\/nn\/","name":"Hotmelts, Adhesives & Glues","description":"Csomagol\u00e1s, EVA, PO, PUR \u00e9s PSA gy\u00e1rt\u00e1s","publisher":{"@id":"https:\/\/hotmelts.eu\/nn\/#organization"},"potentialAction":[{"@type":"SearchAction","target":{"@type":"EntryPoint","urlTemplate":"https:\/\/hotmelts.eu\/nn\/?s={search_term_string}"},"query-input":{"@type":"PropertyValueSpecification","valueRequired":true,"valueName":"search_term_string"}}],"inLanguage":"hu"},{"@type":"Organization","@id":"https:\/\/hotmelts.eu\/nn\/#organization","name":"Hot melt, Adhesives & Glues","url":"https:\/\/hotmelts.eu\/nn\/","logo":{"@type":"ImageObject","inLanguage":"hu","@id":"https:\/\/hotmelts.eu\/nn\/#\/schema\/logo\/image\/","url":"https:\/\/hotmelts.eu\/wp-content\/uploads\/2021\/08\/cropped-logo-intercol-blank-TRANSP22-white.png","contentUrl":"https:\/\/hotmelts.eu\/wp-content\/uploads\/2021\/08\/cropped-logo-intercol-blank-TRANSP22-white.png","width":200,"height":100,"caption":"Hot melt, Adhesives & Glues"},"image":{"@id":"https:\/\/hotmelts.eu\/nn\/#\/schema\/logo\/image\/"}}]}},"_links":{"self":[{"href":"https:\/\/hotmelts.eu\/hu\/wp-json\/wp\/v2\/pages\/31","targetHints":{"allow":["GET"]}}],"collection":[{"href":"https:\/\/hotmelts.eu\/hu\/wp-json\/wp\/v2\/pages"}],"about":[{"href":"https:\/\/hotmelts.eu\/hu\/wp-json\/wp\/v2\/types\/page"}],"author":[{"embeddable":true,"href":"https:\/\/hotmelts.eu\/hu\/wp-json\/wp\/v2\/users\/1"}],"replies":[{"embeddable":true,"href":"https:\/\/hotmelts.eu\/hu\/wp-json\/wp\/v2\/comments?post=31"}],"version-history":[{"count":1,"href":"https:\/\/hotmelts.eu\/hu\/wp-json\/wp\/v2\/pages\/31\/revisions"}],"predecessor-version":[{"id":34,"href":"https:\/\/hotmelts.eu\/hu\/wp-json\/wp\/v2\/pages\/31\/revisions\/34"}],"wp:attachment":[{"href":"https:\/\/hotmelts.eu\/hu\/wp-json\/wp\/v2\/media?parent=31"}],"curies":[{"name":"wp","href":"https:\/\/api.w.org\/{rel}","templated":true}]}}