{"id":28,"date":"2020-05-28T14:53:54","date_gmt":"2020-05-28T14:53:54","guid":{"rendered":"https:\/\/hotmelts.eu\/?page_id=28"},"modified":"2020-05-28T14:53:55","modified_gmt":"2020-05-28T14:53:55","slug":"automotive","status":"publish","type":"page","link":"https:\/\/hotmelts.eu\/hu\/automotive\/","title":{"rendered":"Aut\u00f3ipari"},"content":{"rendered":"<p>A Hotmelt ragaszt\u00f3kat sz\u00e9les k\u00f6rben haszn\u00e1lj\u00e1k az aut\u00f3iparban. A sz\u0151nyegekt\u0151l a k\u00fcl\u00f6nf\u00e9le embl\u00e9m\u00e1kig. \u00c9s m\u00e9g a fest\u00e9k horpad\u00e1sai is elt\u00e1vol\u00edthat\u00f3k forr\u00f3 olvad\u00e9k ragaszt\u00f3 seg\u00edts\u00e9g\u00e9vel. <\/p>\n\n\n\n<p><\/p>\n\n\n\n<h2 class=\"wp-block-heading\"><strong>K\u00fcl\u00f6nb\u00f6z\u0151 alkalmaz\u00e1sok<\/strong><\/h2>\n\n\n\n<p><\/p>\n\n\n\n<p>Az aut\u00f3iparban k\u00fcl\u00f6nb\u00f6z\u0151 t\u00edpus\u00fa olvad\u00e9k ragaszt\u00f3kat haszn\u00e1lnak:<\/p>\n\n\n\n<ul class=\"wp-block-list\"><li>Nyom\u00e1s\u00e9rz\u00e9keny ragaszt\u00f3 nagyobb fel\u00fcleti fesz\u00fclts\u00e9g\u0171 m\u0171anyagok ragaszt\u00e1s\u00e1hoz<\/li><li>APAO, jellemz\u0151en alacsony fesz\u00fclts\u00e9g\u0171 m\u0171anyagok, p\u00e9ld\u00e1ul polietil\u00e9n ragaszt\u00e1s\u00e1ra<\/li><li>PUR forr\u00f3 olvad\u00e9k, amely ellen\u00e1ll a magas h\u0151m\u00e9rs\u00e9kletnek, \u00e9s amelyet konstrukci\u00f3s k\u00f6vetelm\u00e9nyekkel alkalmaznak<\/li><\/ul>\n\n\n\n<p>A forr\u00f3 olvad\u00e9k ragaszt\u00f3kat panelek gy\u00e1rt\u00e1s\u00e1ra \u00e9s r\u00f6gz\u00edt\u00e9s\u00e9re is haszn\u00e1lj\u00e1k, \u00e9s ellen\u00e1llnak a r\u00e9tegek k\u00f6z\u00f6tti t\u00e1gul\u00e1soknak. A forr\u00f3 olvad\u00e9k ragaszt\u00f3k er\u0151s \u00e9s megb\u00edzhat\u00f3 k\u00f6t\u00e9seket hoznak l\u00e9tre az aut\u00f3ipari alkalmaz\u00e1sokban.<\/p>","protected":false},"excerpt":{"rendered":"<p>Hotmelt adhesives are widely used in the automotive industry. From carpets to the various emblems. And [&hellip;]<\/p>","protected":false},"author":1,"featured_media":0,"parent":0,"menu_order":0,"comment_status":"closed","ping_status":"closed","template":"","meta":{"footnotes":""},"class_list":["post-28","page","type-page","status-publish","hentry"],"yoast_head":"<!-- This site is optimized with the Yoast SEO plugin v24.9 - https:\/\/yoast.com\/wordpress\/plugins\/seo\/ -->\n<title>Automotive - Hotmelt adhesives<\/title>\n<meta name=\"robots\" content=\"index, follow, max-snippet:-1, max-image-preview:large, max-video-preview:-1\" \/>\n<link rel=\"canonical\" href=\"https:\/\/hotmelts.eu\/hu\/automotive\/\" \/>\n<meta property=\"og:locale\" content=\"hu_HU\" \/>\n<meta property=\"og:type\" content=\"article\" \/>\n<meta property=\"og:title\" content=\"Automotive - Hotmelt adhesives\" \/>\n<meta property=\"og:description\" content=\"Hotmelt adhesives are widely used in the automotive industry. From carpets to the various emblems. And [&hellip;]\" \/>\n<meta property=\"og:url\" content=\"https:\/\/hotmelts.eu\/hu\/automotive\/\" \/>\n<meta property=\"og:site_name\" content=\"Hotmelt adhesives\" \/>\n<meta property=\"article:modified_time\" content=\"2020-05-28T14:53:55+00:00\" \/>\n<meta name=\"twitter:card\" content=\"summary_large_image\" \/>\n<meta name=\"twitter:label1\" content=\"Becs\u00fclt olvas\u00e1si id\u0151\" \/>\n\t<meta name=\"twitter:data1\" content=\"1 perc\" \/>\n<script type=\"application\/ld+json\" class=\"yoast-schema-graph\">{\"@context\":\"https:\/\/schema.org\",\"@graph\":[{\"@type\":\"WebPage\",\"@id\":\"https:\/\/hotmelts.eu\/fr\/automotive\/\",\"url\":\"https:\/\/hotmelts.eu\/fr\/automotive\/\",\"name\":\"Automotive - Hotmelt adhesives\",\"isPartOf\":{\"@id\":\"https:\/\/hotmelts.eu\/nn\/#website\"},\"datePublished\":\"2020-05-28T14:53:54+00:00\",\"dateModified\":\"2020-05-28T14:53:55+00:00\",\"breadcrumb\":{\"@id\":\"https:\/\/hotmelts.eu\/fr\/automotive\/#breadcrumb\"},\"inLanguage\":\"hu\",\"potentialAction\":[{\"@type\":\"ReadAction\",\"target\":[\"https:\/\/hotmelts.eu\/fr\/automotive\/\"]}]},{\"@type\":\"BreadcrumbList\",\"@id\":\"https:\/\/hotmelts.eu\/fr\/automotive\/#breadcrumb\",\"itemListElement\":[{\"@type\":\"ListItem\",\"position\":1,\"name\":\"Home\",\"item\":\"https:\/\/hotmelts.eu\/nn\/\"},{\"@type\":\"ListItem\",\"position\":2,\"name\":\"Automotive\"}]},{\"@type\":\"WebSite\",\"@id\":\"https:\/\/hotmelts.eu\/nn\/#website\",\"url\":\"https:\/\/hotmelts.eu\/nn\/\",\"name\":\"Hotmelts, Adhesives & Glues\",\"description\":\"Packaging, EVA, PO, PUR and PSA manufacturing\",\"publisher\":{\"@id\":\"https:\/\/hotmelts.eu\/nn\/#organization\"},\"potentialAction\":[{\"@type\":\"SearchAction\",\"target\":{\"@type\":\"EntryPoint\",\"urlTemplate\":\"https:\/\/hotmelts.eu\/nn\/?s={search_term_string}\"},\"query-input\":{\"@type\":\"PropertyValueSpecification\",\"valueRequired\":true,\"valueName\":\"search_term_string\"}}],\"inLanguage\":\"hu\"},{\"@type\":\"Organization\",\"@id\":\"https:\/\/hotmelts.eu\/nn\/#organization\",\"name\":\"Hot melt, Adhesives & Glues\",\"url\":\"https:\/\/hotmelts.eu\/nn\/\",\"logo\":{\"@type\":\"ImageObject\",\"inLanguage\":\"hu\",\"@id\":\"https:\/\/hotmelts.eu\/nn\/#\/schema\/logo\/image\/\",\"url\":\"https:\/\/hotmelts.eu\/wp-content\/uploads\/2021\/08\/cropped-logo-intercol-blank-TRANSP22-white.png\",\"contentUrl\":\"https:\/\/hotmelts.eu\/wp-content\/uploads\/2021\/08\/cropped-logo-intercol-blank-TRANSP22-white.png\",\"width\":200,\"height\":100,\"caption\":\"Hot melt, Adhesives & Glues\"},\"image\":{\"@id\":\"https:\/\/hotmelts.eu\/nn\/#\/schema\/logo\/image\/\"}}]}<\/script>\n<!-- \/ Yoast SEO plugin. -->","yoast_head_json":{"title":"Automotive - Hotmelt adhesives","robots":{"index":"index","follow":"follow","max-snippet":"max-snippet:-1","max-image-preview":"max-image-preview:large","max-video-preview":"max-video-preview:-1"},"canonical":"https:\/\/hotmelts.eu\/hu\/automotive\/","og_locale":"hu_HU","og_type":"article","og_title":"Automotive - Hotmelt adhesives","og_description":"Hotmelt adhesives are widely used in the automotive industry. From carpets to the various emblems. And [&hellip;]","og_url":"https:\/\/hotmelts.eu\/hu\/automotive\/","og_site_name":"Hotmelt adhesives","article_modified_time":"2020-05-28T14:53:55+00:00","twitter_card":"summary_large_image","twitter_misc":{"Becs\u00fclt olvas\u00e1si id\u0151":"1 perc"},"schema":{"@context":"https:\/\/schema.org","@graph":[{"@type":"WebPage","@id":"https:\/\/hotmelts.eu\/fr\/automotive\/","url":"https:\/\/hotmelts.eu\/fr\/automotive\/","name":"Automotive - Hotmelt adhesives","isPartOf":{"@id":"https:\/\/hotmelts.eu\/nn\/#website"},"datePublished":"2020-05-28T14:53:54+00:00","dateModified":"2020-05-28T14:53:55+00:00","breadcrumb":{"@id":"https:\/\/hotmelts.eu\/fr\/automotive\/#breadcrumb"},"inLanguage":"hu","potentialAction":[{"@type":"ReadAction","target":["https:\/\/hotmelts.eu\/fr\/automotive\/"]}]},{"@type":"BreadcrumbList","@id":"https:\/\/hotmelts.eu\/fr\/automotive\/#breadcrumb","itemListElement":[{"@type":"ListItem","position":1,"name":"Home","item":"https:\/\/hotmelts.eu\/nn\/"},{"@type":"ListItem","position":2,"name":"Automotive"}]},{"@type":"WebSite","@id":"https:\/\/hotmelts.eu\/nn\/#website","url":"https:\/\/hotmelts.eu\/nn\/","name":"Hotmelts, Adhesives & Glues","description":"Csomagol\u00e1s, EVA, PO, PUR \u00e9s PSA gy\u00e1rt\u00e1s","publisher":{"@id":"https:\/\/hotmelts.eu\/nn\/#organization"},"potentialAction":[{"@type":"SearchAction","target":{"@type":"EntryPoint","urlTemplate":"https:\/\/hotmelts.eu\/nn\/?s={search_term_string}"},"query-input":{"@type":"PropertyValueSpecification","valueRequired":true,"valueName":"search_term_string"}}],"inLanguage":"hu"},{"@type":"Organization","@id":"https:\/\/hotmelts.eu\/nn\/#organization","name":"Hot melt, Adhesives & Glues","url":"https:\/\/hotmelts.eu\/nn\/","logo":{"@type":"ImageObject","inLanguage":"hu","@id":"https:\/\/hotmelts.eu\/nn\/#\/schema\/logo\/image\/","url":"https:\/\/hotmelts.eu\/wp-content\/uploads\/2021\/08\/cropped-logo-intercol-blank-TRANSP22-white.png","contentUrl":"https:\/\/hotmelts.eu\/wp-content\/uploads\/2021\/08\/cropped-logo-intercol-blank-TRANSP22-white.png","width":200,"height":100,"caption":"Hot melt, Adhesives & Glues"},"image":{"@id":"https:\/\/hotmelts.eu\/nn\/#\/schema\/logo\/image\/"}}]}},"_links":{"self":[{"href":"https:\/\/hotmelts.eu\/hu\/wp-json\/wp\/v2\/pages\/28","targetHints":{"allow":["GET"]}}],"collection":[{"href":"https:\/\/hotmelts.eu\/hu\/wp-json\/wp\/v2\/pages"}],"about":[{"href":"https:\/\/hotmelts.eu\/hu\/wp-json\/wp\/v2\/types\/page"}],"author":[{"embeddable":true,"href":"https:\/\/hotmelts.eu\/hu\/wp-json\/wp\/v2\/users\/1"}],"replies":[{"embeddable":true,"href":"https:\/\/hotmelts.eu\/hu\/wp-json\/wp\/v2\/comments?post=28"}],"version-history":[{"count":1,"href":"https:\/\/hotmelts.eu\/hu\/wp-json\/wp\/v2\/pages\/28\/revisions"}],"predecessor-version":[{"id":30,"href":"https:\/\/hotmelts.eu\/hu\/wp-json\/wp\/v2\/pages\/28\/revisions\/30"}],"wp:attachment":[{"href":"https:\/\/hotmelts.eu\/hu\/wp-json\/wp\/v2\/media?parent=28"}],"curies":[{"name":"wp","href":"https:\/\/api.w.org\/{rel}","templated":true}]}}