{"id":25,"date":"2020-05-28T14:37:45","date_gmt":"2020-05-28T14:37:45","guid":{"rendered":"https:\/\/hotmelts.eu\/?page_id=25"},"modified":"2021-08-23T11:38:43","modified_gmt":"2021-08-23T11:38:43","slug":"packaging","status":"publish","type":"page","link":"https:\/\/hotmelts.eu\/hu\/packaging\/","title":{"rendered":"Csomagol\u00e1s"},"content":{"rendered":"<p>Egy pizza doboz, t\u00e1lca bez\u00e1r\u00e1sa vagy egy \u00e1llv\u00e1ny \u00f6ssze\u00e1ll\u00edt\u00e1sa; ezen csomagol\u00e1si ter\u00fcletek mindegyik\u00e9n a forr\u00f3 olvaszt\u00f3 ragaszt\u00f3k gyors \u00e9s megb\u00edzhat\u00f3 ragaszt\u00e1st biztos\u00edtanak. A csomagol\u00e1s t\u00edpus\u00e1t\u00f3l \u00e9s a felhaszn\u00e1lt anyagt\u00f3l f\u00fcgg\u0151en olyan forr\u00f3 olvad\u00e9k ragaszt\u00f3t javasolunk, amelynek minden k\u00f6vetelm\u00e9nynek meg kell felelnie. <\/p>\n\n\n\n<h2 class=\"wp-block-heading\">\u00d6ntapad\u00f3 z\u00e1r\u00f3k<\/h2>\n\n\n\n<p>A k\u00fcls\u00f5 kartondobozok \u00f6ntapad\u00f3 kik\u00e9sz\u00edt\u00e9s\u00e9hez, amelyeket gyakran haszn\u00e1lnak csomagok sz\u00e1ll\u00edt\u00e1s\u00e1ra, az Intercol hotmelt term\u00e9kcsal\u00e1dja kiv\u00e1l\u00f3 min\u00f5s\u00e9g\u00fb, termoplasztikus gumi alap\u00fa term\u00e9keket k\u00edn\u00e1l. Ezeket k\u00fcl\u00f6n\u00f6sen a magas fel\u00fcleti tapad\u00e1s jellemzi.<\/p>\n\n\n\n<figure class=\"wp-block-embed is-type-video is-provider-youtube wp-block-embed-youtube wp-embed-aspect-16-9 wp-has-aspect-ratio\"><div class=\"wp-block-embed__wrapper\">\n<iframe loading=\"lazy\" title=\"Csomagol\u00f3k mappa ragaszt\u00f3g\u00e9p \u00f6ntapad\u00f3 forr\u00f3 olvad\u00f3s\u00e1v\u00fa applik\u00e1torral\" width=\"680\" height=\"383\" src=\"https:\/\/www.youtube.com\/embed\/hV6UttyMSug?feature=oembed\" frameborder=\"0\" allow=\"accelerometer; autoplay; clipboard-write; encrypted-media; gyroscope; picture-in-picture\" allowfullscreen><\/iframe>\n<\/div><figcaption>Csomag doboz gy\u00e1rt\u00e1sa<\/figcaption><\/figure>\n\n\n\n<h2 class=\"wp-block-heading\">Poliolefin forr\u00f3 olvad\u00e9k<\/h2>\n\n\n\n<p>A poliolefin-metalloc\u00e9n forr\u00f3 olvad\u00e9k ragaszt\u00f3k gyakran jobban ellen\u00e1llnak az oxid\u00e1ci\u00f3nak. Tart\u00f3s viszkozit\u00e1si stabilit\u00e1suknak k\u00f6sz\u00f6nhet\u0151en magas gy\u00e1rt\u00e1si megb\u00edzhat\u00f3s\u00e1got biztos\u00edt a gy\u00e1rt\u00e1s sor\u00e1n. <\/p>","protected":false},"excerpt":{"rendered":"<p>Closing a pizza carton, tray or assemble a display stand; in each of these packaging areas, [&hellip;]<\/p>","protected":false},"author":1,"featured_media":0,"parent":0,"menu_order":0,"comment_status":"closed","ping_status":"closed","template":"template-full-width.php","meta":{"footnotes":""},"class_list":["post-25","page","type-page","status-publish","hentry"],"yoast_head":"<!-- This site is optimized with the Yoast SEO plugin v24.9 - https:\/\/yoast.com\/wordpress\/plugins\/seo\/ -->\n<title>Packaging - Hotmelt adhesives<\/title>\n<meta name=\"robots\" content=\"index, follow, max-snippet:-1, max-image-preview:large, max-video-preview:-1\" \/>\n<link rel=\"canonical\" href=\"https:\/\/hotmelts.eu\/hu\/packaging\/\" \/>\n<meta property=\"og:locale\" content=\"hu_HU\" \/>\n<meta property=\"og:type\" content=\"article\" \/>\n<meta property=\"og:title\" content=\"Packaging - Hotmelt adhesives\" \/>\n<meta property=\"og:description\" content=\"Closing a pizza carton, tray or assemble a display stand; in each of these packaging areas, [&hellip;]\" \/>\n<meta property=\"og:url\" content=\"https:\/\/hotmelts.eu\/hu\/packaging\/\" \/>\n<meta property=\"og:site_name\" content=\"Hotmelt adhesives\" \/>\n<meta property=\"article:modified_time\" content=\"2021-08-23T11:38:43+00:00\" \/>\n<meta name=\"twitter:card\" content=\"summary_large_image\" \/>\n<meta name=\"twitter:label1\" content=\"Becs\u00fclt olvas\u00e1si id\u0151\" \/>\n\t<meta name=\"twitter:data1\" content=\"1 perc\" \/>\n<script type=\"application\/ld+json\" class=\"yoast-schema-graph\">{\"@context\":\"https:\/\/schema.org\",\"@graph\":[{\"@type\":\"WebPage\",\"@id\":\"https:\/\/hotmelts.eu\/fr\/packaging\/\",\"url\":\"https:\/\/hotmelts.eu\/fr\/packaging\/\",\"name\":\"Packaging - Hotmelt adhesives\",\"isPartOf\":{\"@id\":\"https:\/\/hotmelts.eu\/nn\/#website\"},\"datePublished\":\"2020-05-28T14:37:45+00:00\",\"dateModified\":\"2021-08-23T11:38:43+00:00\",\"breadcrumb\":{\"@id\":\"https:\/\/hotmelts.eu\/fr\/packaging\/#breadcrumb\"},\"inLanguage\":\"hu\",\"potentialAction\":[{\"@type\":\"ReadAction\",\"target\":[\"https:\/\/hotmelts.eu\/fr\/packaging\/\"]}]},{\"@type\":\"BreadcrumbList\",\"@id\":\"https:\/\/hotmelts.eu\/fr\/packaging\/#breadcrumb\",\"itemListElement\":[{\"@type\":\"ListItem\",\"position\":1,\"name\":\"Home\",\"item\":\"https:\/\/hotmelts.eu\/nn\/\"},{\"@type\":\"ListItem\",\"position\":2,\"name\":\"Packaging\"}]},{\"@type\":\"WebSite\",\"@id\":\"https:\/\/hotmelts.eu\/nn\/#website\",\"url\":\"https:\/\/hotmelts.eu\/nn\/\",\"name\":\"Hotmelts, Adhesives & Glues\",\"description\":\"Packaging, EVA, PO, PUR and PSA manufacturing\",\"publisher\":{\"@id\":\"https:\/\/hotmelts.eu\/nn\/#organization\"},\"potentialAction\":[{\"@type\":\"SearchAction\",\"target\":{\"@type\":\"EntryPoint\",\"urlTemplate\":\"https:\/\/hotmelts.eu\/nn\/?s={search_term_string}\"},\"query-input\":{\"@type\":\"PropertyValueSpecification\",\"valueRequired\":true,\"valueName\":\"search_term_string\"}}],\"inLanguage\":\"hu\"},{\"@type\":\"Organization\",\"@id\":\"https:\/\/hotmelts.eu\/nn\/#organization\",\"name\":\"Hot melt, Adhesives & Glues\",\"url\":\"https:\/\/hotmelts.eu\/nn\/\",\"logo\":{\"@type\":\"ImageObject\",\"inLanguage\":\"hu\",\"@id\":\"https:\/\/hotmelts.eu\/nn\/#\/schema\/logo\/image\/\",\"url\":\"https:\/\/hotmelts.eu\/wp-content\/uploads\/2021\/08\/cropped-logo-intercol-blank-TRANSP22-white.png\",\"contentUrl\":\"https:\/\/hotmelts.eu\/wp-content\/uploads\/2021\/08\/cropped-logo-intercol-blank-TRANSP22-white.png\",\"width\":200,\"height\":100,\"caption\":\"Hot melt, Adhesives & Glues\"},\"image\":{\"@id\":\"https:\/\/hotmelts.eu\/nn\/#\/schema\/logo\/image\/\"}}]}<\/script>\n<!-- \/ Yoast SEO plugin. -->","yoast_head_json":{"title":"Packaging - Hotmelt adhesives","robots":{"index":"index","follow":"follow","max-snippet":"max-snippet:-1","max-image-preview":"max-image-preview:large","max-video-preview":"max-video-preview:-1"},"canonical":"https:\/\/hotmelts.eu\/hu\/packaging\/","og_locale":"hu_HU","og_type":"article","og_title":"Packaging - Hotmelt adhesives","og_description":"Closing a pizza carton, tray or assemble a display stand; in each of these packaging areas, [&hellip;]","og_url":"https:\/\/hotmelts.eu\/hu\/packaging\/","og_site_name":"Hotmelt adhesives","article_modified_time":"2021-08-23T11:38:43+00:00","twitter_card":"summary_large_image","twitter_misc":{"Becs\u00fclt olvas\u00e1si id\u0151":"1 perc"},"schema":{"@context":"https:\/\/schema.org","@graph":[{"@type":"WebPage","@id":"https:\/\/hotmelts.eu\/fr\/packaging\/","url":"https:\/\/hotmelts.eu\/fr\/packaging\/","name":"Packaging - Hotmelt adhesives","isPartOf":{"@id":"https:\/\/hotmelts.eu\/nn\/#website"},"datePublished":"2020-05-28T14:37:45+00:00","dateModified":"2021-08-23T11:38:43+00:00","breadcrumb":{"@id":"https:\/\/hotmelts.eu\/fr\/packaging\/#breadcrumb"},"inLanguage":"hu","potentialAction":[{"@type":"ReadAction","target":["https:\/\/hotmelts.eu\/fr\/packaging\/"]}]},{"@type":"BreadcrumbList","@id":"https:\/\/hotmelts.eu\/fr\/packaging\/#breadcrumb","itemListElement":[{"@type":"ListItem","position":1,"name":"Home","item":"https:\/\/hotmelts.eu\/nn\/"},{"@type":"ListItem","position":2,"name":"Packaging"}]},{"@type":"WebSite","@id":"https:\/\/hotmelts.eu\/nn\/#website","url":"https:\/\/hotmelts.eu\/nn\/","name":"Hotmelts, Adhesives & Glues","description":"Csomagol\u00e1s, EVA, PO, PUR \u00e9s PSA gy\u00e1rt\u00e1s","publisher":{"@id":"https:\/\/hotmelts.eu\/nn\/#organization"},"potentialAction":[{"@type":"SearchAction","target":{"@type":"EntryPoint","urlTemplate":"https:\/\/hotmelts.eu\/nn\/?s={search_term_string}"},"query-input":{"@type":"PropertyValueSpecification","valueRequired":true,"valueName":"search_term_string"}}],"inLanguage":"hu"},{"@type":"Organization","@id":"https:\/\/hotmelts.eu\/nn\/#organization","name":"Hot melt, Adhesives & Glues","url":"https:\/\/hotmelts.eu\/nn\/","logo":{"@type":"ImageObject","inLanguage":"hu","@id":"https:\/\/hotmelts.eu\/nn\/#\/schema\/logo\/image\/","url":"https:\/\/hotmelts.eu\/wp-content\/uploads\/2021\/08\/cropped-logo-intercol-blank-TRANSP22-white.png","contentUrl":"https:\/\/hotmelts.eu\/wp-content\/uploads\/2021\/08\/cropped-logo-intercol-blank-TRANSP22-white.png","width":200,"height":100,"caption":"Hot melt, Adhesives & Glues"},"image":{"@id":"https:\/\/hotmelts.eu\/nn\/#\/schema\/logo\/image\/"}}]}},"_links":{"self":[{"href":"https:\/\/hotmelts.eu\/hu\/wp-json\/wp\/v2\/pages\/25","targetHints":{"allow":["GET"]}}],"collection":[{"href":"https:\/\/hotmelts.eu\/hu\/wp-json\/wp\/v2\/pages"}],"about":[{"href":"https:\/\/hotmelts.eu\/hu\/wp-json\/wp\/v2\/types\/page"}],"author":[{"embeddable":true,"href":"https:\/\/hotmelts.eu\/hu\/wp-json\/wp\/v2\/users\/1"}],"replies":[{"embeddable":true,"href":"https:\/\/hotmelts.eu\/hu\/wp-json\/wp\/v2\/comments?post=25"}],"version-history":[{"count":2,"href":"https:\/\/hotmelts.eu\/hu\/wp-json\/wp\/v2\/pages\/25\/revisions"}],"predecessor-version":[{"id":105,"href":"https:\/\/hotmelts.eu\/hu\/wp-json\/wp\/v2\/pages\/25\/revisions\/105"}],"wp:attachment":[{"href":"https:\/\/hotmelts.eu\/hu\/wp-json\/wp\/v2\/media?parent=25"}],"curies":[{"name":"wp","href":"https:\/\/api.w.org\/{rel}","templated":true}]}}