{"id":24,"date":"2020-05-28T15:08:16","date_gmt":"2020-05-28T15:08:16","guid":{"rendered":"https:\/\/hotmelts.eu\/?page_id=24"},"modified":"2020-05-28T20:32:57","modified_gmt":"2020-05-28T20:32:57","slug":"psa-hot-melt-adhesives","status":"publish","type":"page","link":"https:\/\/hotmelts.eu\/hu\/psa-hot-melt-adhesives\/","title":{"rendered":"PSA forr\u00f3 olvad\u00e9k ragaszt\u00f3k"},"content":{"rendered":"<p>A nyom\u00e1s\u00e9rz\u00e9keny ragaszt\u00f3k fizikailag k\u00f6t\u0151 rendszerek, amelyeket \u00e1lland\u00f3 tapad\u00e1suk jellemez. A ragaszt\u00f3k a k\u00f6tend\u0151 anyagokhoz val\u00f3 tapad\u00e1sukat egy kifejtett \u00e9rintkez\u00e9si nyom\u00e1s r\u00e9v\u00e9n \u00e9rik el - n\u00f6vekv\u0151 \u00e9rintkez\u00e9si nyom\u00e1ssal jobb tapad\u00e1s alakul ki. Mivel a nyom\u00e1s\u00e9rz\u00e9keny ragaszt\u00f3k \u00f6sszekapcsol\u00e1sa a k\u00f6t\u00e9si folyamat el\u0151tt \u00e9s ut\u00e1n is megt\u00f6rt\u00e9nhet, a tart\u00f3s tapad\u00e1s er\u0151ss\u00e9g\u00e9t\u0151l f\u00fcgg\u0151en, gyakran haszn\u00e1lj\u00e1k \u0151ket el\u0151zetes bevon\u00e1sra. Ez azt jelenti, hogy a felhord\u00e1si folyamat a k\u00f6t\u00e9st\u0151l f\u00fcggetlen\u00fcl v\u00e9grehajthat\u00f3 id\u0151ben \u00e9s t\u00e9rben.<br>Az Intercol Hotmelt nyom\u00e1s\u00e9rz\u00e9keny ragaszt\u00f3inak jellemz\u0151je a k\u00fcl\u00f6nb\u00f6z\u0151 anyagokhoz val\u00f3 nagy tapad\u00e1s, valamint a nagy szil\u00e1rds\u00e1g \u00e9s rugalmass\u00e1g. A feldolgoz\u00e1s sor\u00e1n ezek a modern ragaszt\u00f3k \u00e1tlagot meghalad\u00f3 kezdeti tapad\u00e1suk \u00e9s kiemelked\u0151 viszkozit\u00e1si stabilit\u00e1suk miatt pontokat szereznek.<\/p>\n\n\n\n<h2 class=\"wp-block-heading\">Ragad\u00f3s<\/h2>\n\n\n\n<p>A nyom\u00e1s\u00e9rz\u00e9keny ragaszt\u00f3kat \u00e1lland\u00f3 tapad\u00e1suk jellemzi. Csak \u00e9rintkez\u00e9si nyom\u00e1s eset\u00e9n gyors tapad\u00e1s j\u00f6n l\u00e9tre, min\u00e9l nagyobb a nyom\u00e1s, ann\u00e1l nagyobb a tapad\u00e1si szil\u00e1rds\u00e1g. Mivel az aljzatok nyom\u00e1s\u00e9rz\u00e9keny ragaszt\u00f3kkal t\u00f6rt\u00e9n\u0151 \u00f6sszekapcsol\u00e1sa a forr\u00f3 k\u00f6t\u00e9si folyamat el\u0151tt \u00e9s ut\u00e1n is megt\u00f6rt\u00e9nhet, inline alkalmaz\u00e1sokhoz is alkalmazhat\u00f3, de gyakrabban haszn\u00e1lj\u00e1k el\u0151bevon\u00e1sra. <\/p>\n\n\n\n<p>A Hotmelt nyom\u00e1s\u00e9rz\u00e9keny ragaszt\u00f3k gyakran nagy tapad\u00e1st biztos\u00edtanak a k\u00fcl\u00f6nb\u00f6z\u0151 anyagokhoz, nagy szil\u00e1rds\u00e1got \u00e9s rugalmass\u00e1got biztos\u00edtanak.<\/p>\n\n\n\n<h2 class=\"wp-block-heading\">Tulajdons\u00e1gok <\/h2>\n\n\n\n<p>A Hotmelt nyom\u00e1s\u00e9rz\u00e9keny ragaszt\u00f3k a k\u00f6vetkez\u0151 el\u0151ny\u00f6ket k\u00edn\u00e1lj\u00e1k:<\/p>\n\n\n\n<ul class=\"wp-block-list\"><li>Nagy soros gy\u00e1rt\u00e1si sebess\u00e9g, nincs szakaszos meg\u00e1ll\u00e1s.<\/li><li>Old\u00f3szermentes, 100 % szil\u00e1rd anyag tartalom<\/li><li>Sz\u00e9les tapad\u00e1si spektrum k\u00fcl\u00f6nb\u00f6z\u0151 anyagokkal<\/li><li>T\u00f6lt\u00e9si tulajdons\u00e1gok, a fel\u00fclet szintez\u00e9se<\/li><li>A ragaszt\u00f3vonal rugalmass\u00e1ga<\/li><li>Szalagok \u00e9s \u00f6ntapad\u00f3 c\u00edmk\u00e9k el\u0151zetes bevon\u00e1sa lehets\u00e9ges<\/li><li>A ragaszt\u00f3csukl\u00f3 h\u0151bevitel \u00fatj\u00e1n szabadulhat fel.<\/li><li>Alk\u00e1li diszperg\u00e1lhat\u00f3 oszt\u00e1lyok \u00e1llnak rendelkez\u00e9sre a m\u0171anyag \u00fajrahasznos\u00edt\u00e1s\u00e1hoz.<\/li><\/ul>\n\n\n\n<p><\/p>\n\n\n\n<p><\/p>\n\n\n\n<figure class=\"wp-block-image size-large\"><img loading=\"lazy\" decoding=\"async\" width=\"907\" height=\"619\" src=\"https:\/\/hotmelts.eu\/wp-content\/uploads\/2020\/05\/psa-hot-melt-parcelboxes.png\" alt=\"\" class=\"wp-image-35\" srcset=\"https:\/\/hotmelts.eu\/wp-content\/uploads\/2020\/05\/psa-hot-melt-parcelboxes.png 907w, https:\/\/hotmelts.eu\/wp-content\/uploads\/2020\/05\/psa-hot-melt-parcelboxes-300x205.png 300w, https:\/\/hotmelts.eu\/wp-content\/uploads\/2020\/05\/psa-hot-melt-parcelboxes-768x524.png 768w\" sizes=\"auto, (max-width: 907px) 100vw, 907px\" \/><figcaption>PSA forr\u00f3 olvad\u00e9k csomag doboz gy\u00e1rt\u00e1s\u00e1hoz<\/figcaption><\/figure>\n\n\n\n<h2 class=\"wp-block-heading\">Csomag dobozok<\/h2>\n\n\n\n<p>A csomagl\u00e1d\u00e1kat, bor\u00edt\u00e9kokat \u00e9s egy\u00e9b csomagol\u00f3anyagokat gyakran \u00f6ntapad\u00f3 z\u00e1r\u00f3kkal k\u00e9sz\u00edtik.<\/p>\n\n\n\n<p><\/p>\n\n\n\n<p>.<\/p>\n\n\n\n<p><\/p>\n\n\n\n<p><\/p>","protected":false},"excerpt":{"rendered":"<p>Pressure-sensitive adhesives are physically setting systems that are characterised by their permanent tack. The adhesives achieve [&hellip;]<\/p>","protected":false},"author":1,"featured_media":0,"parent":0,"menu_order":0,"comment_status":"closed","ping_status":"closed","template":"","meta":{"footnotes":""},"class_list":["post-24","page","type-page","status-publish","hentry"],"yoast_head":"<!-- This site is optimized with the Yoast SEO plugin v24.9 - https:\/\/yoast.com\/wordpress\/plugins\/seo\/ -->\n<title>PSA hot melt adhesives - Hotmelt adhesives<\/title>\n<meta name=\"robots\" content=\"index, follow, max-snippet:-1, max-image-preview:large, max-video-preview:-1\" \/>\n<link rel=\"canonical\" href=\"https:\/\/hotmelts.eu\/hu\/psa-hot-melt-adhesives\/\" \/>\n<meta property=\"og:locale\" content=\"hu_HU\" \/>\n<meta property=\"og:type\" content=\"article\" \/>\n<meta property=\"og:title\" content=\"PSA hot melt adhesives - Hotmelt adhesives\" \/>\n<meta property=\"og:description\" content=\"Pressure-sensitive adhesives are physically setting systems that are characterised by their permanent tack. The adhesives achieve [&hellip;]\" \/>\n<meta property=\"og:url\" content=\"https:\/\/hotmelts.eu\/hu\/psa-hot-melt-adhesives\/\" \/>\n<meta property=\"og:site_name\" content=\"Hotmelt adhesives\" \/>\n<meta property=\"article:modified_time\" content=\"2020-05-28T20:32:57+00:00\" \/>\n<meta property=\"og:image\" content=\"https:\/\/hotmelts.eu\/wp-content\/uploads\/2020\/05\/psa-hot-melt-parcelboxes.png\" \/>\n<meta name=\"twitter:card\" content=\"summary_large_image\" \/>\n<meta name=\"twitter:label1\" content=\"Becs\u00fclt olvas\u00e1si id\u0151\" \/>\n\t<meta name=\"twitter:data1\" content=\"1 perc\" \/>\n<script type=\"application\/ld+json\" class=\"yoast-schema-graph\">{\"@context\":\"https:\/\/schema.org\",\"@graph\":[{\"@type\":\"WebPage\",\"@id\":\"https:\/\/hotmelts.eu\/psa-hot-melt-adhesives\/\",\"url\":\"https:\/\/hotmelts.eu\/psa-hot-melt-adhesives\/\",\"name\":\"PSA hot melt adhesives - Hotmelt adhesives\",\"isPartOf\":{\"@id\":\"https:\/\/hotmelts.eu\/nn\/#website\"},\"primaryImageOfPage\":{\"@id\":\"https:\/\/hotmelts.eu\/psa-hot-melt-adhesives\/#primaryimage\"},\"image\":{\"@id\":\"https:\/\/hotmelts.eu\/psa-hot-melt-adhesives\/#primaryimage\"},\"thumbnailUrl\":\"https:\/\/hotmelts.eu\/wp-content\/uploads\/2020\/05\/psa-hot-melt-parcelboxes.png\",\"datePublished\":\"2020-05-28T15:08:16+00:00\",\"dateModified\":\"2020-05-28T20:32:57+00:00\",\"breadcrumb\":{\"@id\":\"https:\/\/hotmelts.eu\/psa-hot-melt-adhesives\/#breadcrumb\"},\"inLanguage\":\"hu\",\"potentialAction\":[{\"@type\":\"ReadAction\",\"target\":[\"https:\/\/hotmelts.eu\/psa-hot-melt-adhesives\/\"]}]},{\"@type\":\"ImageObject\",\"inLanguage\":\"hu\",\"@id\":\"https:\/\/hotmelts.eu\/psa-hot-melt-adhesives\/#primaryimage\",\"url\":\"https:\/\/hotmelts.eu\/wp-content\/uploads\/2020\/05\/psa-hot-melt-parcelboxes.png\",\"contentUrl\":\"https:\/\/hotmelts.eu\/wp-content\/uploads\/2020\/05\/psa-hot-melt-parcelboxes.png\"},{\"@type\":\"BreadcrumbList\",\"@id\":\"https:\/\/hotmelts.eu\/psa-hot-melt-adhesives\/#breadcrumb\",\"itemListElement\":[{\"@type\":\"ListItem\",\"position\":1,\"name\":\"Home\",\"item\":\"https:\/\/hotmelts.eu\/nn\/\"},{\"@type\":\"ListItem\",\"position\":2,\"name\":\"PSA hot melt adhesives\"}]},{\"@type\":\"WebSite\",\"@id\":\"https:\/\/hotmelts.eu\/nn\/#website\",\"url\":\"https:\/\/hotmelts.eu\/nn\/\",\"name\":\"Hotmelts, Adhesives & Glues\",\"description\":\"Packaging, EVA, PO, PUR and PSA manufacturing\",\"publisher\":{\"@id\":\"https:\/\/hotmelts.eu\/nn\/#organization\"},\"potentialAction\":[{\"@type\":\"SearchAction\",\"target\":{\"@type\":\"EntryPoint\",\"urlTemplate\":\"https:\/\/hotmelts.eu\/nn\/?s={search_term_string}\"},\"query-input\":{\"@type\":\"PropertyValueSpecification\",\"valueRequired\":true,\"valueName\":\"search_term_string\"}}],\"inLanguage\":\"hu\"},{\"@type\":\"Organization\",\"@id\":\"https:\/\/hotmelts.eu\/nn\/#organization\",\"name\":\"Hot melt, Adhesives & Glues\",\"url\":\"https:\/\/hotmelts.eu\/nn\/\",\"logo\":{\"@type\":\"ImageObject\",\"inLanguage\":\"hu\",\"@id\":\"https:\/\/hotmelts.eu\/nn\/#\/schema\/logo\/image\/\",\"url\":\"https:\/\/hotmelts.eu\/wp-content\/uploads\/2021\/08\/cropped-logo-intercol-blank-TRANSP22-white.png\",\"contentUrl\":\"https:\/\/hotmelts.eu\/wp-content\/uploads\/2021\/08\/cropped-logo-intercol-blank-TRANSP22-white.png\",\"width\":200,\"height\":100,\"caption\":\"Hot melt, Adhesives & Glues\"},\"image\":{\"@id\":\"https:\/\/hotmelts.eu\/nn\/#\/schema\/logo\/image\/\"}}]}<\/script>\n<!-- \/ Yoast SEO plugin. -->","yoast_head_json":{"title":"PSA hot melt adhesives - Hotmelt adhesives","robots":{"index":"index","follow":"follow","max-snippet":"max-snippet:-1","max-image-preview":"max-image-preview:large","max-video-preview":"max-video-preview:-1"},"canonical":"https:\/\/hotmelts.eu\/hu\/psa-hot-melt-adhesives\/","og_locale":"hu_HU","og_type":"article","og_title":"PSA hot melt adhesives - Hotmelt adhesives","og_description":"Pressure-sensitive adhesives are physically setting systems that are characterised by their permanent tack. The adhesives achieve [&hellip;]","og_url":"https:\/\/hotmelts.eu\/hu\/psa-hot-melt-adhesives\/","og_site_name":"Hotmelt adhesives","article_modified_time":"2020-05-28T20:32:57+00:00","og_image":[{"url":"https:\/\/hotmelts.eu\/wp-content\/uploads\/2020\/05\/psa-hot-melt-parcelboxes.png","type":"","width":"","height":""}],"twitter_card":"summary_large_image","twitter_misc":{"Becs\u00fclt olvas\u00e1si id\u0151":"1 perc"},"schema":{"@context":"https:\/\/schema.org","@graph":[{"@type":"WebPage","@id":"https:\/\/hotmelts.eu\/psa-hot-melt-adhesives\/","url":"https:\/\/hotmelts.eu\/psa-hot-melt-adhesives\/","name":"PSA hot melt adhesives - Hotmelt adhesives","isPartOf":{"@id":"https:\/\/hotmelts.eu\/nn\/#website"},"primaryImageOfPage":{"@id":"https:\/\/hotmelts.eu\/psa-hot-melt-adhesives\/#primaryimage"},"image":{"@id":"https:\/\/hotmelts.eu\/psa-hot-melt-adhesives\/#primaryimage"},"thumbnailUrl":"https:\/\/hotmelts.eu\/wp-content\/uploads\/2020\/05\/psa-hot-melt-parcelboxes.png","datePublished":"2020-05-28T15:08:16+00:00","dateModified":"2020-05-28T20:32:57+00:00","breadcrumb":{"@id":"https:\/\/hotmelts.eu\/psa-hot-melt-adhesives\/#breadcrumb"},"inLanguage":"hu","potentialAction":[{"@type":"ReadAction","target":["https:\/\/hotmelts.eu\/psa-hot-melt-adhesives\/"]}]},{"@type":"ImageObject","inLanguage":"hu","@id":"https:\/\/hotmelts.eu\/psa-hot-melt-adhesives\/#primaryimage","url":"https:\/\/hotmelts.eu\/wp-content\/uploads\/2020\/05\/psa-hot-melt-parcelboxes.png","contentUrl":"https:\/\/hotmelts.eu\/wp-content\/uploads\/2020\/05\/psa-hot-melt-parcelboxes.png"},{"@type":"BreadcrumbList","@id":"https:\/\/hotmelts.eu\/psa-hot-melt-adhesives\/#breadcrumb","itemListElement":[{"@type":"ListItem","position":1,"name":"Home","item":"https:\/\/hotmelts.eu\/nn\/"},{"@type":"ListItem","position":2,"name":"PSA hot melt adhesives"}]},{"@type":"WebSite","@id":"https:\/\/hotmelts.eu\/nn\/#website","url":"https:\/\/hotmelts.eu\/nn\/","name":"Hotmelts, Adhesives & Glues","description":"Csomagol\u00e1s, EVA, PO, PUR \u00e9s PSA gy\u00e1rt\u00e1s","publisher":{"@id":"https:\/\/hotmelts.eu\/nn\/#organization"},"potentialAction":[{"@type":"SearchAction","target":{"@type":"EntryPoint","urlTemplate":"https:\/\/hotmelts.eu\/nn\/?s={search_term_string}"},"query-input":{"@type":"PropertyValueSpecification","valueRequired":true,"valueName":"search_term_string"}}],"inLanguage":"hu"},{"@type":"Organization","@id":"https:\/\/hotmelts.eu\/nn\/#organization","name":"Hot melt, Adhesives & Glues","url":"https:\/\/hotmelts.eu\/nn\/","logo":{"@type":"ImageObject","inLanguage":"hu","@id":"https:\/\/hotmelts.eu\/nn\/#\/schema\/logo\/image\/","url":"https:\/\/hotmelts.eu\/wp-content\/uploads\/2021\/08\/cropped-logo-intercol-blank-TRANSP22-white.png","contentUrl":"https:\/\/hotmelts.eu\/wp-content\/uploads\/2021\/08\/cropped-logo-intercol-blank-TRANSP22-white.png","width":200,"height":100,"caption":"Hot melt, Adhesives & Glues"},"image":{"@id":"https:\/\/hotmelts.eu\/nn\/#\/schema\/logo\/image\/"}}]}},"_links":{"self":[{"href":"https:\/\/hotmelts.eu\/hu\/wp-json\/wp\/v2\/pages\/24","targetHints":{"allow":["GET"]}}],"collection":[{"href":"https:\/\/hotmelts.eu\/hu\/wp-json\/wp\/v2\/pages"}],"about":[{"href":"https:\/\/hotmelts.eu\/hu\/wp-json\/wp\/v2\/types\/page"}],"author":[{"embeddable":true,"href":"https:\/\/hotmelts.eu\/hu\/wp-json\/wp\/v2\/users\/1"}],"replies":[{"embeddable":true,"href":"https:\/\/hotmelts.eu\/hu\/wp-json\/wp\/v2\/comments?post=24"}],"version-history":[{"count":3,"href":"https:\/\/hotmelts.eu\/hu\/wp-json\/wp\/v2\/pages\/24\/revisions"}],"predecessor-version":[{"id":40,"href":"https:\/\/hotmelts.eu\/hu\/wp-json\/wp\/v2\/pages\/24\/revisions\/40"}],"wp:attachment":[{"href":"https:\/\/hotmelts.eu\/hu\/wp-json\/wp\/v2\/media?parent=24"}],"curies":[{"name":"wp","href":"https:\/\/api.w.org\/{rel}","templated":true}]}}