{"id":12,"date":"2020-05-27T23:37:24","date_gmt":"2020-05-27T23:37:24","guid":{"rendered":"https:\/\/hotmelts.eu\/?page_id=12"},"modified":"2020-05-27T23:37:24","modified_gmt":"2020-05-27T23:37:24","slug":"eva","status":"publish","type":"page","link":"https:\/\/hotmelts.eu\/hu\/eva\/","title":{"rendered":"EVA"},"content":{"rendered":"<p>Az etil\u00e9n-vinil-acet\u00e1ton (EVA) alapul\u00f3 hotmelt ragaszt\u00f3kat vonz\u00f3 \u00e1r \/ teljes\u00edtm\u00e9ny ar\u00e1nyuk miatt a szok\u00e1sos alkalmaz\u00e1sok sz\u00e9les k\u00f6r\u00e9ben haszn\u00e1lj\u00e1k. K\u00fcl\u00f6n\u00f6sen a r\u00f6vid nyit\u00e1si \u00e9s k\u00f6t\u00e9si id\u0151k jellemzik \u0151ket. Az ilyen t\u00edpus\u00fa olvad\u00e9kragaszt\u00f3t gyakran haszn\u00e1lj\u00e1k gyerty\u00e1k form\u00e1j\u00e1ban, forr\u00f3 ragaszt\u00f3pisztolyok seg\u00edts\u00e9g\u00e9vel, \u00e9s p\u00e9ld\u00e1ul \u00f6sszeszerel\u00e9shez. Az EVA-alap\u00fa olvad\u00f3 ragaszt\u00f3k a csomagol\u00f3ipar sz\u00e1m\u00e1ra is n\u00e9lk\u00fcl\u00f6zhetetlenek, \u00e9s granul\u00e1tum form\u00e1j\u00e1ban is feldolgozhat\u00f3k m\u00e9g a nagy csomagol\u00f3\u00fczemekben is<\/p>","protected":false},"excerpt":{"rendered":"<p>Hotmelt adhesives based on ethylene vinyl acetate (EVA) are used for a wide range of standard [&hellip;]<\/p>","protected":false},"author":1,"featured_media":0,"parent":0,"menu_order":0,"comment_status":"closed","ping_status":"closed","template":"","meta":{"footnotes":""},"class_list":["post-12","page","type-page","status-publish","hentry"],"yoast_head":"<!-- This site is optimized with the Yoast SEO plugin v24.9 - https:\/\/yoast.com\/wordpress\/plugins\/seo\/ -->\n<title>EVA - Hotmelt adhesives<\/title>\n<meta name=\"robots\" content=\"index, follow, max-snippet:-1, max-image-preview:large, max-video-preview:-1\" \/>\n<link rel=\"canonical\" href=\"https:\/\/hotmelts.eu\/hu\/eva\/\" \/>\n<meta property=\"og:locale\" content=\"hu_HU\" \/>\n<meta property=\"og:type\" content=\"article\" \/>\n<meta property=\"og:title\" content=\"EVA - Hotmelt adhesives\" \/>\n<meta property=\"og:description\" content=\"Hotmelt adhesives based on ethylene vinyl acetate (EVA) are used for a wide range of standard [&hellip;]\" \/>\n<meta property=\"og:url\" content=\"https:\/\/hotmelts.eu\/hu\/eva\/\" \/>\n<meta property=\"og:site_name\" content=\"Hotmelt adhesives\" \/>\n<meta name=\"twitter:card\" content=\"summary_large_image\" \/>\n<script type=\"application\/ld+json\" class=\"yoast-schema-graph\">{\"@context\":\"https:\/\/schema.org\",\"@graph\":[{\"@type\":\"WebPage\",\"@id\":\"https:\/\/hotmelts.eu\/da\/eva\/\",\"url\":\"https:\/\/hotmelts.eu\/da\/eva\/\",\"name\":\"EVA - Hotmelt adhesives\",\"isPartOf\":{\"@id\":\"https:\/\/hotmelts.eu\/nn\/#website\"},\"datePublished\":\"2020-05-27T23:37:24+00:00\",\"breadcrumb\":{\"@id\":\"https:\/\/hotmelts.eu\/da\/eva\/#breadcrumb\"},\"inLanguage\":\"hu\",\"potentialAction\":[{\"@type\":\"ReadAction\",\"target\":[\"https:\/\/hotmelts.eu\/da\/eva\/\"]}]},{\"@type\":\"BreadcrumbList\",\"@id\":\"https:\/\/hotmelts.eu\/da\/eva\/#breadcrumb\",\"itemListElement\":[{\"@type\":\"ListItem\",\"position\":1,\"name\":\"Home\",\"item\":\"https:\/\/hotmelts.eu\/nn\/\"},{\"@type\":\"ListItem\",\"position\":2,\"name\":\"EVA\"}]},{\"@type\":\"WebSite\",\"@id\":\"https:\/\/hotmelts.eu\/nn\/#website\",\"url\":\"https:\/\/hotmelts.eu\/nn\/\",\"name\":\"Hotmelts, Adhesives & Glues\",\"description\":\"Packaging, EVA, PO, PUR and PSA manufacturing\",\"publisher\":{\"@id\":\"https:\/\/hotmelts.eu\/nn\/#organization\"},\"potentialAction\":[{\"@type\":\"SearchAction\",\"target\":{\"@type\":\"EntryPoint\",\"urlTemplate\":\"https:\/\/hotmelts.eu\/nn\/?s={search_term_string}\"},\"query-input\":{\"@type\":\"PropertyValueSpecification\",\"valueRequired\":true,\"valueName\":\"search_term_string\"}}],\"inLanguage\":\"hu\"},{\"@type\":\"Organization\",\"@id\":\"https:\/\/hotmelts.eu\/nn\/#organization\",\"name\":\"Hot melt, Adhesives & Glues\",\"url\":\"https:\/\/hotmelts.eu\/nn\/\",\"logo\":{\"@type\":\"ImageObject\",\"inLanguage\":\"hu\",\"@id\":\"https:\/\/hotmelts.eu\/nn\/#\/schema\/logo\/image\/\",\"url\":\"https:\/\/hotmelts.eu\/wp-content\/uploads\/2021\/08\/cropped-logo-intercol-blank-TRANSP22-white.png\",\"contentUrl\":\"https:\/\/hotmelts.eu\/wp-content\/uploads\/2021\/08\/cropped-logo-intercol-blank-TRANSP22-white.png\",\"width\":200,\"height\":100,\"caption\":\"Hot melt, Adhesives & Glues\"},\"image\":{\"@id\":\"https:\/\/hotmelts.eu\/nn\/#\/schema\/logo\/image\/\"}}]}<\/script>\n<!-- \/ Yoast SEO plugin. -->","yoast_head_json":{"title":"EVA - Hotmelt adhesives","robots":{"index":"index","follow":"follow","max-snippet":"max-snippet:-1","max-image-preview":"max-image-preview:large","max-video-preview":"max-video-preview:-1"},"canonical":"https:\/\/hotmelts.eu\/hu\/eva\/","og_locale":"hu_HU","og_type":"article","og_title":"EVA - Hotmelt adhesives","og_description":"Hotmelt adhesives based on ethylene vinyl acetate (EVA) are used for a wide range of standard [&hellip;]","og_url":"https:\/\/hotmelts.eu\/hu\/eva\/","og_site_name":"Hotmelt adhesives","twitter_card":"summary_large_image","schema":{"@context":"https:\/\/schema.org","@graph":[{"@type":"WebPage","@id":"https:\/\/hotmelts.eu\/da\/eva\/","url":"https:\/\/hotmelts.eu\/da\/eva\/","name":"EVA - Hotmelt adhesives","isPartOf":{"@id":"https:\/\/hotmelts.eu\/nn\/#website"},"datePublished":"2020-05-27T23:37:24+00:00","breadcrumb":{"@id":"https:\/\/hotmelts.eu\/da\/eva\/#breadcrumb"},"inLanguage":"hu","potentialAction":[{"@type":"ReadAction","target":["https:\/\/hotmelts.eu\/da\/eva\/"]}]},{"@type":"BreadcrumbList","@id":"https:\/\/hotmelts.eu\/da\/eva\/#breadcrumb","itemListElement":[{"@type":"ListItem","position":1,"name":"Home","item":"https:\/\/hotmelts.eu\/nn\/"},{"@type":"ListItem","position":2,"name":"EVA"}]},{"@type":"WebSite","@id":"https:\/\/hotmelts.eu\/nn\/#website","url":"https:\/\/hotmelts.eu\/nn\/","name":"Hotmelts, Adhesives & Glues","description":"Csomagol\u00e1s, EVA, PO, PUR \u00e9s PSA gy\u00e1rt\u00e1s","publisher":{"@id":"https:\/\/hotmelts.eu\/nn\/#organization"},"potentialAction":[{"@type":"SearchAction","target":{"@type":"EntryPoint","urlTemplate":"https:\/\/hotmelts.eu\/nn\/?s={search_term_string}"},"query-input":{"@type":"PropertyValueSpecification","valueRequired":true,"valueName":"search_term_string"}}],"inLanguage":"hu"},{"@type":"Organization","@id":"https:\/\/hotmelts.eu\/nn\/#organization","name":"Hot melt, Adhesives & Glues","url":"https:\/\/hotmelts.eu\/nn\/","logo":{"@type":"ImageObject","inLanguage":"hu","@id":"https:\/\/hotmelts.eu\/nn\/#\/schema\/logo\/image\/","url":"https:\/\/hotmelts.eu\/wp-content\/uploads\/2021\/08\/cropped-logo-intercol-blank-TRANSP22-white.png","contentUrl":"https:\/\/hotmelts.eu\/wp-content\/uploads\/2021\/08\/cropped-logo-intercol-blank-TRANSP22-white.png","width":200,"height":100,"caption":"Hot melt, Adhesives & Glues"},"image":{"@id":"https:\/\/hotmelts.eu\/nn\/#\/schema\/logo\/image\/"}}]}},"_links":{"self":[{"href":"https:\/\/hotmelts.eu\/hu\/wp-json\/wp\/v2\/pages\/12","targetHints":{"allow":["GET"]}}],"collection":[{"href":"https:\/\/hotmelts.eu\/hu\/wp-json\/wp\/v2\/pages"}],"about":[{"href":"https:\/\/hotmelts.eu\/hu\/wp-json\/wp\/v2\/types\/page"}],"author":[{"embeddable":true,"href":"https:\/\/hotmelts.eu\/hu\/wp-json\/wp\/v2\/users\/1"}],"replies":[{"embeddable":true,"href":"https:\/\/hotmelts.eu\/hu\/wp-json\/wp\/v2\/comments?post=12"}],"version-history":[{"count":1,"href":"https:\/\/hotmelts.eu\/hu\/wp-json\/wp\/v2\/pages\/12\/revisions"}],"predecessor-version":[{"id":14,"href":"https:\/\/hotmelts.eu\/hu\/wp-json\/wp\/v2\/pages\/12\/revisions\/14"}],"wp:attachment":[{"href":"https:\/\/hotmelts.eu\/hu\/wp-json\/wp\/v2\/media?parent=12"}],"curies":[{"name":"wp","href":"https:\/\/api.w.org\/{rel}","templated":true}]}}