{"id":110,"date":"2021-08-23T11:51:23","date_gmt":"2021-08-23T11:51:23","guid":{"rendered":"https:\/\/hotmelts.eu\/?page_id=110"},"modified":"2021-09-20T10:40:59","modified_gmt":"2021-09-20T10:40:59","slug":"hot-melt-2","status":"publish","type":"page","link":"https:\/\/hotmelts.eu\/hu\/hot-melt-2\/","title":{"rendered":"Forr\u00f3 olvad\u00e9k"},"content":{"rendered":"<p>A forr\u00f3 olvad\u00e9k ragaszt\u00f3k alkalmaz\u00e1si h\u0151m\u00e9rs\u00e9klete miatt egyed\u00fcl\u00e1ll\u00f3ak, \u00e9s k\u00e9pesek egyszer\u0171s\u00edteni a gy\u00e1rt\u00e1si folyamatokat. Ide\u00e1lis a korszer\u0171 gy\u00e1rt\u00e1shoz. Gyors k\u00f6t\u00e9si sebess\u00e9g, nagy k\u00f6t\u00e9si szil\u00e1rds\u00e1g, alacsony alkalmaz\u00e1si k\u00f6lts\u00e9gek \u00e9s a feldolgoz\u00e1s biztons\u00e1ga a vil\u00e1gsikere alapja. A gy\u00e1rt\u00e1si folyamatok a k\u00fcl\u00f6nf\u00e9le ipar\u00e1gakban, mint p\u00e9ld\u00e1ul az elektronika, az orvostechnika, az aut\u00f3ipar, a b\u00fatorok vagy az \u00e9lelmiszerek \u00e9s italok, erre a ragaszt\u00e1stechnik\u00e1ra t\u00e1maszkodnak.<\/p>\n\n\n\n<figure class=\"wp-block-image size-large\"><img loading=\"lazy\" decoding=\"async\" width=\"1024\" height=\"768\" src=\"https:\/\/hotmelts.eu\/wp-content\/uploads\/2020\/05\/IMG_7353-kopie-hotmelt-sticks-whitebg-1024x768.png\" alt=\"\" class=\"wp-image-59\" srcset=\"https:\/\/hotmelts.eu\/wp-content\/uploads\/2020\/05\/IMG_7353-kopie-hotmelt-sticks-whitebg-1024x768.png 1024w, https:\/\/hotmelts.eu\/wp-content\/uploads\/2020\/05\/IMG_7353-kopie-hotmelt-sticks-whitebg-300x225.png 300w, https:\/\/hotmelts.eu\/wp-content\/uploads\/2020\/05\/IMG_7353-kopie-hotmelt-sticks-whitebg-768x576.png 768w, https:\/\/hotmelts.eu\/wp-content\/uploads\/2020\/05\/IMG_7353-kopie-hotmelt-sticks-whitebg-1536x1152.png 1536w, https:\/\/hotmelts.eu\/wp-content\/uploads\/2020\/05\/IMG_7353-kopie-hotmelt-sticks-whitebg-2048x1536.png 2048w\" sizes=\"auto, (max-width: 1024px) 100vw, 1024px\" \/><figcaption>Forr\u00f3 olvad\u00f3botok 11mm<\/figcaption><\/figure>\n\n\n\n<h2 class=\"wp-block-heading\">Mik azok a forr\u00f3 olvad\u00e9k ragaszt\u00f3k?<\/h2>\n\n\n\n<p>A forr\u00f3 olvad\u00e9k ragaszt\u00f3k olvaszthat\u00f3 szil\u00e1rd anyagok, mint egy m\u0171anyag. K\u00f6r\u00fclbel\u00fcl 80 \u00b0 C-on olvadni kezd, \u00e9s gyakran 160 \u00b0 C-on alkalmazz\u00e1k. A folyad\u00e9kf\u00e1zisban m\u00e1r van n\u00e9mi forr\u00f3 tapad\u00e1sa, az egyed\u00fcl\u00e1ll\u00f3 gyors be\u00e1ll\u00edt\u00e1st a gyors felh\u0171l\u00e9s ut\u00e1ni gyors leh\u0171l\u00e9s val\u00f3s\u00edtja meg.<\/p>\n\n\n\n<figure class=\"wp-block-image size-large\"><img loading=\"lazy\" decoding=\"async\" width=\"1024\" height=\"643\" src=\"https:\/\/hotmelts.eu\/wp-content\/uploads\/2020\/05\/witte-korrels-hm-tank-1024x643.png\" alt=\"\" class=\"wp-image-57\" srcset=\"https:\/\/hotmelts.eu\/wp-content\/uploads\/2020\/05\/witte-korrels-hm-tank-1024x643.png 1024w, https:\/\/hotmelts.eu\/wp-content\/uploads\/2020\/05\/witte-korrels-hm-tank-300x188.png 300w, https:\/\/hotmelts.eu\/wp-content\/uploads\/2020\/05\/witte-korrels-hm-tank-768x482.png 768w, https:\/\/hotmelts.eu\/wp-content\/uploads\/2020\/05\/witte-korrels-hm-tank.png 1377w\" sizes=\"auto, (max-width: 1024px) 100vw, 1024px\" \/><figcaption>Olvad\u00e9k granul\u00e1tum<\/figcaption><\/figure>\n\n\n\n<h2 class=\"wp-block-heading\">Rendelkez\u00e9sre \u00e1ll\u00f3 alapanyagok forr\u00f3 olvad\u00e9k\u00fa ragaszt\u00f3anyagokhoz<\/h2>\n\n\n\n<ul class=\"wp-block-list\"><li>Etil\u00e9n-vinil-acet\u00e1t (EVA) alap\u00fa forr\u00f3 olvad\u00e9k ragaszt\u00f3k kopolimerjei<\/li><li>Amorf poli-\u03b1-olefin alap\u00fa forr\u00f3 olvad\u00e9k ragaszt\u00f3k<\/li><li>Poliolefin alap\u00fa olvad\u00e9k ragaszt\u00f3k<\/li><li>Szintetikus gumi alap\u00fa, PSA, olvad\u00e9k ragaszt\u00f3k<\/li><li>Poliuret\u00e1n alap\u00fa, PUR, olvad\u00e9k ragaszt\u00f3k<\/li><\/ul>\n\n\n\n<figure class=\"wp-block-image size-large\"><img loading=\"lazy\" decoding=\"async\" width=\"1024\" height=\"699\" src=\"https:\/\/hotmelts.eu\/wp-content\/uploads\/2020\/05\/IMG_7312-psa-hotmelt-amazon-1024x699.png\" alt=\"\" class=\"wp-image-58\" srcset=\"https:\/\/hotmelts.eu\/wp-content\/uploads\/2020\/05\/IMG_7312-psa-hotmelt-amazon-1024x699.png 1024w, https:\/\/hotmelts.eu\/wp-content\/uploads\/2020\/05\/IMG_7312-psa-hotmelt-amazon-300x205.png 300w, https:\/\/hotmelts.eu\/wp-content\/uploads\/2020\/05\/IMG_7312-psa-hotmelt-amazon-768x524.png 768w, https:\/\/hotmelts.eu\/wp-content\/uploads\/2020\/05\/IMG_7312-psa-hotmelt-amazon.png 1169w\" sizes=\"auto, (max-width: 1024px) 100vw, 1024px\" \/><figcaption>PSA forr\u00f3 olvad\u00e9k blokk<\/figcaption><\/figure>\n\n\n\n<h2 class=\"wp-block-heading\">A forr\u00f3 olvad\u00e9k ragaszt\u00f3k felvitele<\/h2>\n\n\n\n<p>A forr\u00f3 olvad\u00e1sokhoz magas, f\u0151leg 160 \u00b0 C h\u0151m\u00e9rs\u00e9kletet kell alkalmazni. A Nordson \u00e1ltal\u00e1nosan haszn\u00e1lt forr\u00f3 olvad\u00f3 berendez\u00e9s, de sokan m\u00e1s speci\u00e1lis berendez\u00e9seket k\u00edn\u00e1lnak a forr\u00f3 olvad\u00e9k ragaszt\u00f3k ipari alkalmaz\u00e1sokhoz t\u00f6rt\u00e9n\u0151 felhord\u00e1s\u00e1ra. <\/p>\n\n\n\n<figure class=\"wp-block-embed is-type-video is-provider-youtube wp-block-embed-youtube wp-embed-aspect-16-9 wp-has-aspect-ratio\"><div class=\"wp-block-embed__wrapper\">\n<iframe loading=\"lazy\" title=\"Nordson forr\u00f3 olvad\u00e9k berendez\u00e9s tesztel\u00e9se laborat\u00f3riumban\" width=\"680\" height=\"383\" src=\"https:\/\/www.youtube.com\/embed\/fKWCSek6rUQ?feature=oembed\" frameborder=\"0\" allow=\"accelerometer; autoplay; clipboard-write; encrypted-media; gyroscope; picture-in-picture\" allowfullscreen><\/iframe>\n<\/div><figcaption>Forr\u00f3 olvad\u00e9k ragaszt\u00f3 alkalmaz\u00e1sok<\/figcaption><\/figure>\n\n\n\n<p><\/p>\n\n\n\n<h2 class=\"wp-block-heading\">Usage of Hot Melt Adhesives <\/h2>\n\n\n\n<p>A forr\u00f3 olvad\u00e9k ragaszt\u00f3k optimaliz\u00e1lj\u00e1k a gy\u00e1rt\u00e1si folyamatokat sz\u00e1mos piacon \u00e9s alkalmaz\u00e1sban.&nbsp;<\/p>\n\n\n\n<ul class=\"wp-block-list\"><li>Forr\u00f3 olvad\u00e9k ragaszt\u00f3 a t\u00f6m\u00edt\u00e9shez<\/li><li>\u00c9lelmiszer csomagol\u00e1s<\/li><li>C\u00edmkeipar<\/li><li>Pap\u00edrgy\u00e1rt\u00e1s<\/li><li>B\u00fatoripar<\/li><li>\u00d6ntapad\u00f3 szalagok<\/li><li>J\u00e1rm\u0171ipar<\/li><li>\u00d6ntapad\u00f3s c\u00edmk\u00e9k<\/li><li>K\u00f6nyvk\u00f6t\u0151 ipar<\/li><li>Term\u00e9k \u00f6sszeszerel\u00e9se<\/li><li>Ruh\u00e1zat speci\u00e1lis anyagok ipar<\/li><li>Feh\u00e9r\u00e1ru assemlby<\/li><li>Az elektronikai ipar<\/li><li>Bolti bemutat\u00f3k gy\u00e1rt\u00e1sa<\/li><li>Aj\u00e1nd\u00e9kdoboz-\u00f6sszeszerel\u0151 ipar<\/li><li>Eldobhat\u00f3 higi\u00e9niai term\u00e9kek<\/li><li>Sz\u0171r\u0151ipar<\/li><li>Cip\u0151<\/li><\/ul>","protected":false},"excerpt":{"rendered":"<p>Hot melt adhesives are unique because of it&#8217;s application temperature and is capable of simplifying production [&hellip;]<\/p>","protected":false},"author":1,"featured_media":0,"parent":0,"menu_order":0,"comment_status":"closed","ping_status":"closed","template":"template-full-width.php","meta":{"footnotes":""},"class_list":["post-110","page","type-page","status-publish","hentry"],"yoast_head":"<!-- This site is optimized with the Yoast SEO plugin v24.9 - https:\/\/yoast.com\/wordpress\/plugins\/seo\/ -->\n<title>Hot-melt - Hotmelt adhesives<\/title>\n<meta name=\"robots\" content=\"index, follow, max-snippet:-1, max-image-preview:large, max-video-preview:-1\" \/>\n<link rel=\"canonical\" href=\"https:\/\/hotmelts.eu\/hu\/hot-melt-2\/\" \/>\n<meta property=\"og:locale\" content=\"hu_HU\" \/>\n<meta property=\"og:type\" content=\"article\" \/>\n<meta property=\"og:title\" content=\"Hot-melt - Hotmelt adhesives\" \/>\n<meta property=\"og:description\" content=\"Hot melt adhesives are unique because of it&#8217;s application temperature and is capable of simplifying production [&hellip;]\" \/>\n<meta property=\"og:url\" content=\"https:\/\/hotmelts.eu\/hu\/hot-melt-2\/\" \/>\n<meta property=\"og:site_name\" content=\"Hotmelt adhesives\" \/>\n<meta property=\"article:modified_time\" content=\"2021-09-20T10:40:59+00:00\" \/>\n<meta property=\"og:image\" content=\"https:\/\/hotmelts.eu\/wp-content\/uploads\/2020\/05\/IMG_7353-kopie-hotmelt-sticks-whitebg-1024x768.png\" \/>\n<meta name=\"twitter:card\" content=\"summary_large_image\" \/>\n<meta name=\"twitter:label1\" content=\"Becs\u00fclt olvas\u00e1si id\u0151\" \/>\n\t<meta name=\"twitter:data1\" content=\"2 perc\" \/>\n<script type=\"application\/ld+json\" class=\"yoast-schema-graph\">{\"@context\":\"https:\/\/schema.org\",\"@graph\":[{\"@type\":\"WebPage\",\"@id\":\"https:\/\/hotmelts.eu\/nn\/hot-melt-2\/\",\"url\":\"https:\/\/hotmelts.eu\/nn\/hot-melt-2\/\",\"name\":\"Hot-melt - Hotmelt adhesives\",\"isPartOf\":{\"@id\":\"https:\/\/hotmelts.eu\/nn\/#website\"},\"primaryImageOfPage\":{\"@id\":\"https:\/\/hotmelts.eu\/nn\/hot-melt-2\/#primaryimage\"},\"image\":{\"@id\":\"https:\/\/hotmelts.eu\/nn\/hot-melt-2\/#primaryimage\"},\"thumbnailUrl\":\"https:\/\/hotmelts.eu\/wp-content\/uploads\/2020\/05\/IMG_7353-kopie-hotmelt-sticks-whitebg-1024x768.png\",\"datePublished\":\"2021-08-23T11:51:23+00:00\",\"dateModified\":\"2021-09-20T10:40:59+00:00\",\"breadcrumb\":{\"@id\":\"https:\/\/hotmelts.eu\/nn\/hot-melt-2\/#breadcrumb\"},\"inLanguage\":\"hu\",\"potentialAction\":[{\"@type\":\"ReadAction\",\"target\":[\"https:\/\/hotmelts.eu\/nn\/hot-melt-2\/\"]}]},{\"@type\":\"ImageObject\",\"inLanguage\":\"hu\",\"@id\":\"https:\/\/hotmelts.eu\/nn\/hot-melt-2\/#primaryimage\",\"url\":\"https:\/\/hotmelts.eu\/wp-content\/uploads\/2020\/05\/IMG_7353-kopie-hotmelt-sticks-whitebg-1024x768.png\",\"contentUrl\":\"https:\/\/hotmelts.eu\/wp-content\/uploads\/2020\/05\/IMG_7353-kopie-hotmelt-sticks-whitebg-1024x768.png\"},{\"@type\":\"BreadcrumbList\",\"@id\":\"https:\/\/hotmelts.eu\/nn\/hot-melt-2\/#breadcrumb\",\"itemListElement\":[{\"@type\":\"ListItem\",\"position\":1,\"name\":\"Home\",\"item\":\"https:\/\/hotmelts.eu\/nn\/\"},{\"@type\":\"ListItem\",\"position\":2,\"name\":\"Hot-melt\"}]},{\"@type\":\"WebSite\",\"@id\":\"https:\/\/hotmelts.eu\/nn\/#website\",\"url\":\"https:\/\/hotmelts.eu\/nn\/\",\"name\":\"Hotmelts, Adhesives & Glues\",\"description\":\"Packaging, EVA, PO, PUR and PSA manufacturing\",\"publisher\":{\"@id\":\"https:\/\/hotmelts.eu\/nn\/#organization\"},\"potentialAction\":[{\"@type\":\"SearchAction\",\"target\":{\"@type\":\"EntryPoint\",\"urlTemplate\":\"https:\/\/hotmelts.eu\/nn\/?s={search_term_string}\"},\"query-input\":{\"@type\":\"PropertyValueSpecification\",\"valueRequired\":true,\"valueName\":\"search_term_string\"}}],\"inLanguage\":\"hu\"},{\"@type\":\"Organization\",\"@id\":\"https:\/\/hotmelts.eu\/nn\/#organization\",\"name\":\"Hot melt, Adhesives & Glues\",\"url\":\"https:\/\/hotmelts.eu\/nn\/\",\"logo\":{\"@type\":\"ImageObject\",\"inLanguage\":\"hu\",\"@id\":\"https:\/\/hotmelts.eu\/nn\/#\/schema\/logo\/image\/\",\"url\":\"https:\/\/hotmelts.eu\/wp-content\/uploads\/2021\/08\/cropped-logo-intercol-blank-TRANSP22-white.png\",\"contentUrl\":\"https:\/\/hotmelts.eu\/wp-content\/uploads\/2021\/08\/cropped-logo-intercol-blank-TRANSP22-white.png\",\"width\":200,\"height\":100,\"caption\":\"Hot melt, Adhesives & Glues\"},\"image\":{\"@id\":\"https:\/\/hotmelts.eu\/nn\/#\/schema\/logo\/image\/\"}}]}<\/script>\n<!-- \/ Yoast SEO plugin. -->","yoast_head_json":{"title":"Hot-melt - Hotmelt adhesives","robots":{"index":"index","follow":"follow","max-snippet":"max-snippet:-1","max-image-preview":"max-image-preview:large","max-video-preview":"max-video-preview:-1"},"canonical":"https:\/\/hotmelts.eu\/hu\/hot-melt-2\/","og_locale":"hu_HU","og_type":"article","og_title":"Hot-melt - Hotmelt adhesives","og_description":"Hot melt adhesives are unique because of it&#8217;s application temperature and is capable of simplifying production [&hellip;]","og_url":"https:\/\/hotmelts.eu\/hu\/hot-melt-2\/","og_site_name":"Hotmelt adhesives","article_modified_time":"2021-09-20T10:40:59+00:00","og_image":[{"url":"https:\/\/hotmelts.eu\/wp-content\/uploads\/2020\/05\/IMG_7353-kopie-hotmelt-sticks-whitebg-1024x768.png","type":"","width":"","height":""}],"twitter_card":"summary_large_image","twitter_misc":{"Becs\u00fclt olvas\u00e1si id\u0151":"2 perc"},"schema":{"@context":"https:\/\/schema.org","@graph":[{"@type":"WebPage","@id":"https:\/\/hotmelts.eu\/nn\/hot-melt-2\/","url":"https:\/\/hotmelts.eu\/nn\/hot-melt-2\/","name":"Hot-melt - Hotmelt adhesives","isPartOf":{"@id":"https:\/\/hotmelts.eu\/nn\/#website"},"primaryImageOfPage":{"@id":"https:\/\/hotmelts.eu\/nn\/hot-melt-2\/#primaryimage"},"image":{"@id":"https:\/\/hotmelts.eu\/nn\/hot-melt-2\/#primaryimage"},"thumbnailUrl":"https:\/\/hotmelts.eu\/wp-content\/uploads\/2020\/05\/IMG_7353-kopie-hotmelt-sticks-whitebg-1024x768.png","datePublished":"2021-08-23T11:51:23+00:00","dateModified":"2021-09-20T10:40:59+00:00","breadcrumb":{"@id":"https:\/\/hotmelts.eu\/nn\/hot-melt-2\/#breadcrumb"},"inLanguage":"hu","potentialAction":[{"@type":"ReadAction","target":["https:\/\/hotmelts.eu\/nn\/hot-melt-2\/"]}]},{"@type":"ImageObject","inLanguage":"hu","@id":"https:\/\/hotmelts.eu\/nn\/hot-melt-2\/#primaryimage","url":"https:\/\/hotmelts.eu\/wp-content\/uploads\/2020\/05\/IMG_7353-kopie-hotmelt-sticks-whitebg-1024x768.png","contentUrl":"https:\/\/hotmelts.eu\/wp-content\/uploads\/2020\/05\/IMG_7353-kopie-hotmelt-sticks-whitebg-1024x768.png"},{"@type":"BreadcrumbList","@id":"https:\/\/hotmelts.eu\/nn\/hot-melt-2\/#breadcrumb","itemListElement":[{"@type":"ListItem","position":1,"name":"Home","item":"https:\/\/hotmelts.eu\/nn\/"},{"@type":"ListItem","position":2,"name":"Hot-melt"}]},{"@type":"WebSite","@id":"https:\/\/hotmelts.eu\/nn\/#website","url":"https:\/\/hotmelts.eu\/nn\/","name":"Hotmelts, Adhesives & Glues","description":"Csomagol\u00e1s, EVA, PO, PUR \u00e9s PSA gy\u00e1rt\u00e1s","publisher":{"@id":"https:\/\/hotmelts.eu\/nn\/#organization"},"potentialAction":[{"@type":"SearchAction","target":{"@type":"EntryPoint","urlTemplate":"https:\/\/hotmelts.eu\/nn\/?s={search_term_string}"},"query-input":{"@type":"PropertyValueSpecification","valueRequired":true,"valueName":"search_term_string"}}],"inLanguage":"hu"},{"@type":"Organization","@id":"https:\/\/hotmelts.eu\/nn\/#organization","name":"Hot melt, Adhesives & Glues","url":"https:\/\/hotmelts.eu\/nn\/","logo":{"@type":"ImageObject","inLanguage":"hu","@id":"https:\/\/hotmelts.eu\/nn\/#\/schema\/logo\/image\/","url":"https:\/\/hotmelts.eu\/wp-content\/uploads\/2021\/08\/cropped-logo-intercol-blank-TRANSP22-white.png","contentUrl":"https:\/\/hotmelts.eu\/wp-content\/uploads\/2021\/08\/cropped-logo-intercol-blank-TRANSP22-white.png","width":200,"height":100,"caption":"Hot melt, Adhesives & Glues"},"image":{"@id":"https:\/\/hotmelts.eu\/nn\/#\/schema\/logo\/image\/"}}]}},"_links":{"self":[{"href":"https:\/\/hotmelts.eu\/hu\/wp-json\/wp\/v2\/pages\/110","targetHints":{"allow":["GET"]}}],"collection":[{"href":"https:\/\/hotmelts.eu\/hu\/wp-json\/wp\/v2\/pages"}],"about":[{"href":"https:\/\/hotmelts.eu\/hu\/wp-json\/wp\/v2\/types\/page"}],"author":[{"embeddable":true,"href":"https:\/\/hotmelts.eu\/hu\/wp-json\/wp\/v2\/users\/1"}],"replies":[{"embeddable":true,"href":"https:\/\/hotmelts.eu\/hu\/wp-json\/wp\/v2\/comments?post=110"}],"version-history":[{"count":2,"href":"https:\/\/hotmelts.eu\/hu\/wp-json\/wp\/v2\/pages\/110\/revisions"}],"predecessor-version":[{"id":113,"href":"https:\/\/hotmelts.eu\/hu\/wp-json\/wp\/v2\/pages\/110\/revisions\/113"}],"wp:attachment":[{"href":"https:\/\/hotmelts.eu\/hu\/wp-json\/wp\/v2\/media?parent=110"}],"curies":[{"name":"wp","href":"https:\/\/api.w.org\/{rel}","templated":true}]}}