{"id":62,"date":"2020-06-03T10:07:32","date_gmt":"2020-06-03T10:07:32","guid":{"rendered":"https:\/\/hotmelts.eu\/?page_id=62"},"modified":"2020-06-03T15:53:54","modified_gmt":"2020-06-03T15:53:54","slug":"sacmi-inpak-imola-hot-melt-adhesives","status":"publish","type":"page","link":"https:\/\/hotmelts.eu\/fr\/sacmi-inpak-imola-hot-melt-adhesives\/","title":{"rendered":"Adh\u00e9sifs thermofusibles Sacmi Inpak Imola"},"content":{"rendered":"<p>Intercol a fait une s\u00e9lection d&#039;adh\u00e9sifs thermofusibles disponibles pour les machines de montage de plateaux Sacmi Inpak Imola.<\/p>\n\n\n\n<figure class=\"wp-block-image size-large\"><img loading=\"lazy\" decoding=\"async\" width=\"653\" height=\"633\" src=\"https:\/\/hotmelts.eu\/wp-content\/uploads\/2020\/06\/hot-melt-sacmi-tray-erector.png\" alt=\"\" class=\"wp-image-63\" srcset=\"https:\/\/hotmelts.eu\/wp-content\/uploads\/2020\/06\/hot-melt-sacmi-tray-erector.png 653w, https:\/\/hotmelts.eu\/wp-content\/uploads\/2020\/06\/hot-melt-sacmi-tray-erector-300x291.png 300w\" sizes=\"auto, (max-width: 653px) 100vw, 653px\" \/><figcaption>adh\u00e9sifs thermofusibles pour machines de formage de plateaux<\/figcaption><\/figure>\n\n\n\n<p>Une gamme d&#039;adh\u00e9sifs thermofusibles est disponible pour les machines de formage de barquettes. Ces adh\u00e9sifs thermofusibles d&#039;emballage ont les caract\u00e9ristiques suivantes<\/p>\n\n\n\n<ul class=\"wp-block-list\"><li>Technologie polyol\u00e9fine ou EVA disponible<\/li><li>Adh\u00e9sifs thermofusibles \u00e0 l&#039;eau blanche de haute qualit\u00e9<\/li><li>Adh\u00e9sion sup\u00e9rieure<\/li><li>Excellentes performances d&#039;usinabilit\u00e9<\/li><li>Haute stabilit\u00e9 thermique<\/li><li>Faible fusion disponible pour les basses temp\u00e9ratures de traitement (environ 110 \u00b0 C)<\/li><li>Adh\u00e9sivit\u00e9 \u00e0 chaud \u00e9lev\u00e9e, stabilit\u00e9 \u00e0 la chaleur et bonne flexibilit\u00e9 \u00e0 froid<\/li><\/ul>\n\n\n\n<h2 class=\"wp-block-heading\">Domaines d&#039;application du plateau (montage du plateau)<\/h2>\n\n\n\n<ul class=\"wp-block-list\"><li>Collage de caisses enveloppantes, emballages alimentaires primaires, formage de barquettes, bo\u00eetes pliantes<\/li><li>Collage d&#039;une large gamme de papiers couch\u00e9s et de panneaux stratifi\u00e9s<\/li><li>Vitesses de machine \u00e9lev\u00e9es avec application d&#039;adh\u00e9sif pr\u00e9cise, sans cordage et propre<\/li><\/ul>\n\n\n\n<figure class=\"wp-block-embed-youtube wp-block-embed is-type-video is-provider-youtube wp-embed-aspect-16-9 wp-has-aspect-ratio\"><div class=\"wp-block-embed__wrapper\">\n<iframe loading=\"lazy\" title=\"Monteur de plateaux Schuy - Syst\u00e8me thermofusible B\u00fchnen\" width=\"680\" height=\"383\" src=\"https:\/\/www.youtube.com\/embed\/RQGeWPQSHlA?feature=oembed\" frameborder=\"0\" allow=\"accelerometer; autoplay; clipboard-write; encrypted-media; gyroscope; picture-in-picture\" allowfullscreen><\/iframe>\n<\/div><figcaption>Adh\u00e9sifs thermofusibles pour monteurs de plateaux<\/figcaption><\/figure>\n\n\n\n<p><\/p>","protected":false},"excerpt":{"rendered":"<p>Intercol has made a selection of hot melt adhesives available for Sacmi Inpak Imola tray erecting [&hellip;]<\/p>","protected":false},"author":1,"featured_media":0,"parent":0,"menu_order":0,"comment_status":"closed","ping_status":"closed","template":"","meta":{"footnotes":""},"class_list":["post-62","page","type-page","status-publish","hentry"],"yoast_head":"<!-- This site is optimized with the Yoast SEO plugin v24.9 - https:\/\/yoast.com\/wordpress\/plugins\/seo\/ -->\n<title>Sacmi Inpak Imola hot melt adhesives - Hotmelt adhesives<\/title>\n<meta name=\"robots\" content=\"index, follow, max-snippet:-1, max-image-preview:large, max-video-preview:-1\" \/>\n<link rel=\"canonical\" href=\"https:\/\/hotmelts.eu\/fr\/sacmi-inpak-imola-hot-melt-adhesives\/\" \/>\n<meta property=\"og:locale\" content=\"fr_FR\" \/>\n<meta property=\"og:type\" content=\"article\" \/>\n<meta property=\"og:title\" content=\"Sacmi Inpak Imola hot melt adhesives - Hotmelt adhesives\" \/>\n<meta property=\"og:description\" content=\"Intercol has made a selection of hot melt adhesives available for Sacmi Inpak Imola tray erecting [&hellip;]\" \/>\n<meta property=\"og:url\" content=\"https:\/\/hotmelts.eu\/fr\/sacmi-inpak-imola-hot-melt-adhesives\/\" \/>\n<meta property=\"og:site_name\" content=\"Hotmelt adhesives\" \/>\n<meta property=\"article:modified_time\" content=\"2020-06-03T15:53:54+00:00\" \/>\n<meta property=\"og:image\" content=\"https:\/\/hotmelts.eu\/wp-content\/uploads\/2020\/06\/hot-melt-sacmi-tray-erector.png\" \/>\n<meta name=\"twitter:card\" content=\"summary_large_image\" \/>\n<meta name=\"twitter:label1\" content=\"Dur\u00e9e de lecture est.\" \/>\n\t<meta name=\"twitter:data1\" content=\"1 minute\" \/>\n<script type=\"application\/ld+json\" class=\"yoast-schema-graph\">{\"@context\":\"https:\/\/schema.org\",\"@graph\":[{\"@type\":\"WebPage\",\"@id\":\"https:\/\/hotmelts.eu\/de_at\/sacmi-inpak-imola-hot-melt-adhesives\/\",\"url\":\"https:\/\/hotmelts.eu\/de_at\/sacmi-inpak-imola-hot-melt-adhesives\/\",\"name\":\"Sacmi Inpak Imola hot melt adhesives - Hotmelt adhesives\",\"isPartOf\":{\"@id\":\"https:\/\/hotmelts.eu\/nn\/#website\"},\"primaryImageOfPage\":{\"@id\":\"https:\/\/hotmelts.eu\/de_at\/sacmi-inpak-imola-hot-melt-adhesives\/#primaryimage\"},\"image\":{\"@id\":\"https:\/\/hotmelts.eu\/de_at\/sacmi-inpak-imola-hot-melt-adhesives\/#primaryimage\"},\"thumbnailUrl\":\"https:\/\/hotmelts.eu\/wp-content\/uploads\/2020\/06\/hot-melt-sacmi-tray-erector.png\",\"datePublished\":\"2020-06-03T10:07:32+00:00\",\"dateModified\":\"2020-06-03T15:53:54+00:00\",\"breadcrumb\":{\"@id\":\"https:\/\/hotmelts.eu\/de_at\/sacmi-inpak-imola-hot-melt-adhesives\/#breadcrumb\"},\"inLanguage\":\"fr-BE\",\"potentialAction\":[{\"@type\":\"ReadAction\",\"target\":[\"https:\/\/hotmelts.eu\/de_at\/sacmi-inpak-imola-hot-melt-adhesives\/\"]}]},{\"@type\":\"ImageObject\",\"inLanguage\":\"fr-BE\",\"@id\":\"https:\/\/hotmelts.eu\/de_at\/sacmi-inpak-imola-hot-melt-adhesives\/#primaryimage\",\"url\":\"https:\/\/hotmelts.eu\/wp-content\/uploads\/2020\/06\/hot-melt-sacmi-tray-erector.png\",\"contentUrl\":\"https:\/\/hotmelts.eu\/wp-content\/uploads\/2020\/06\/hot-melt-sacmi-tray-erector.png\"},{\"@type\":\"BreadcrumbList\",\"@id\":\"https:\/\/hotmelts.eu\/de_at\/sacmi-inpak-imola-hot-melt-adhesives\/#breadcrumb\",\"itemListElement\":[{\"@type\":\"ListItem\",\"position\":1,\"name\":\"Home\",\"item\":\"https:\/\/hotmelts.eu\/nn\/\"},{\"@type\":\"ListItem\",\"position\":2,\"name\":\"Sacmi Inpak Imola hot melt adhesives\"}]},{\"@type\":\"WebSite\",\"@id\":\"https:\/\/hotmelts.eu\/nn\/#website\",\"url\":\"https:\/\/hotmelts.eu\/nn\/\",\"name\":\"Hotmelts, Adhesives & Glues\",\"description\":\"Packaging, EVA, PO, PUR and PSA manufacturing\",\"publisher\":{\"@id\":\"https:\/\/hotmelts.eu\/nn\/#organization\"},\"potentialAction\":[{\"@type\":\"SearchAction\",\"target\":{\"@type\":\"EntryPoint\",\"urlTemplate\":\"https:\/\/hotmelts.eu\/nn\/?s={search_term_string}\"},\"query-input\":{\"@type\":\"PropertyValueSpecification\",\"valueRequired\":true,\"valueName\":\"search_term_string\"}}],\"inLanguage\":\"fr-BE\"},{\"@type\":\"Organization\",\"@id\":\"https:\/\/hotmelts.eu\/nn\/#organization\",\"name\":\"Hot melt, Adhesives & Glues\",\"url\":\"https:\/\/hotmelts.eu\/nn\/\",\"logo\":{\"@type\":\"ImageObject\",\"inLanguage\":\"fr-BE\",\"@id\":\"https:\/\/hotmelts.eu\/nn\/#\/schema\/logo\/image\/\",\"url\":\"https:\/\/hotmelts.eu\/wp-content\/uploads\/2021\/08\/cropped-logo-intercol-blank-TRANSP22-white.png\",\"contentUrl\":\"https:\/\/hotmelts.eu\/wp-content\/uploads\/2021\/08\/cropped-logo-intercol-blank-TRANSP22-white.png\",\"width\":200,\"height\":100,\"caption\":\"Hot melt, Adhesives & Glues\"},\"image\":{\"@id\":\"https:\/\/hotmelts.eu\/nn\/#\/schema\/logo\/image\/\"}}]}<\/script>\n<!-- \/ Yoast SEO plugin. -->","yoast_head_json":{"title":"Sacmi Inpak Imola hot melt adhesives - Hotmelt adhesives","robots":{"index":"index","follow":"follow","max-snippet":"max-snippet:-1","max-image-preview":"max-image-preview:large","max-video-preview":"max-video-preview:-1"},"canonical":"https:\/\/hotmelts.eu\/fr\/sacmi-inpak-imola-hot-melt-adhesives\/","og_locale":"fr_FR","og_type":"article","og_title":"Sacmi Inpak Imola hot melt adhesives - Hotmelt adhesives","og_description":"Intercol has made a selection of hot melt adhesives available for Sacmi Inpak Imola tray erecting [&hellip;]","og_url":"https:\/\/hotmelts.eu\/fr\/sacmi-inpak-imola-hot-melt-adhesives\/","og_site_name":"Hotmelt adhesives","article_modified_time":"2020-06-03T15:53:54+00:00","og_image":[{"url":"https:\/\/hotmelts.eu\/wp-content\/uploads\/2020\/06\/hot-melt-sacmi-tray-erector.png","type":"","width":"","height":""}],"twitter_card":"summary_large_image","twitter_misc":{"Dur\u00e9e de lecture est.":"1 minute"},"schema":{"@context":"https:\/\/schema.org","@graph":[{"@type":"WebPage","@id":"https:\/\/hotmelts.eu\/de_at\/sacmi-inpak-imola-hot-melt-adhesives\/","url":"https:\/\/hotmelts.eu\/de_at\/sacmi-inpak-imola-hot-melt-adhesives\/","name":"Sacmi Inpak Imola hot melt adhesives - Hotmelt adhesives","isPartOf":{"@id":"https:\/\/hotmelts.eu\/nn\/#website"},"primaryImageOfPage":{"@id":"https:\/\/hotmelts.eu\/de_at\/sacmi-inpak-imola-hot-melt-adhesives\/#primaryimage"},"image":{"@id":"https:\/\/hotmelts.eu\/de_at\/sacmi-inpak-imola-hot-melt-adhesives\/#primaryimage"},"thumbnailUrl":"https:\/\/hotmelts.eu\/wp-content\/uploads\/2020\/06\/hot-melt-sacmi-tray-erector.png","datePublished":"2020-06-03T10:07:32+00:00","dateModified":"2020-06-03T15:53:54+00:00","breadcrumb":{"@id":"https:\/\/hotmelts.eu\/de_at\/sacmi-inpak-imola-hot-melt-adhesives\/#breadcrumb"},"inLanguage":"fr-BE","potentialAction":[{"@type":"ReadAction","target":["https:\/\/hotmelts.eu\/de_at\/sacmi-inpak-imola-hot-melt-adhesives\/"]}]},{"@type":"ImageObject","inLanguage":"fr-BE","@id":"https:\/\/hotmelts.eu\/de_at\/sacmi-inpak-imola-hot-melt-adhesives\/#primaryimage","url":"https:\/\/hotmelts.eu\/wp-content\/uploads\/2020\/06\/hot-melt-sacmi-tray-erector.png","contentUrl":"https:\/\/hotmelts.eu\/wp-content\/uploads\/2020\/06\/hot-melt-sacmi-tray-erector.png"},{"@type":"BreadcrumbList","@id":"https:\/\/hotmelts.eu\/de_at\/sacmi-inpak-imola-hot-melt-adhesives\/#breadcrumb","itemListElement":[{"@type":"ListItem","position":1,"name":"Home","item":"https:\/\/hotmelts.eu\/nn\/"},{"@type":"ListItem","position":2,"name":"Sacmi Inpak Imola hot melt adhesives"}]},{"@type":"WebSite","@id":"https:\/\/hotmelts.eu\/nn\/#website","url":"https:\/\/hotmelts.eu\/nn\/","name":"Hotmelts, Adhesives & Glues","description":"Fabrication d&#039;emballages, EVA, PO, PUR et PSA","publisher":{"@id":"https:\/\/hotmelts.eu\/nn\/#organization"},"potentialAction":[{"@type":"SearchAction","target":{"@type":"EntryPoint","urlTemplate":"https:\/\/hotmelts.eu\/nn\/?s={search_term_string}"},"query-input":{"@type":"PropertyValueSpecification","valueRequired":true,"valueName":"search_term_string"}}],"inLanguage":"fr-BE"},{"@type":"Organization","@id":"https:\/\/hotmelts.eu\/nn\/#organization","name":"Hot melt, Adhesives & Glues","url":"https:\/\/hotmelts.eu\/nn\/","logo":{"@type":"ImageObject","inLanguage":"fr-BE","@id":"https:\/\/hotmelts.eu\/nn\/#\/schema\/logo\/image\/","url":"https:\/\/hotmelts.eu\/wp-content\/uploads\/2021\/08\/cropped-logo-intercol-blank-TRANSP22-white.png","contentUrl":"https:\/\/hotmelts.eu\/wp-content\/uploads\/2021\/08\/cropped-logo-intercol-blank-TRANSP22-white.png","width":200,"height":100,"caption":"Hot melt, Adhesives & Glues"},"image":{"@id":"https:\/\/hotmelts.eu\/nn\/#\/schema\/logo\/image\/"}}]}},"_links":{"self":[{"href":"https:\/\/hotmelts.eu\/fr\/wp-json\/wp\/v2\/pages\/62","targetHints":{"allow":["GET"]}}],"collection":[{"href":"https:\/\/hotmelts.eu\/fr\/wp-json\/wp\/v2\/pages"}],"about":[{"href":"https:\/\/hotmelts.eu\/fr\/wp-json\/wp\/v2\/types\/page"}],"author":[{"embeddable":true,"href":"https:\/\/hotmelts.eu\/fr\/wp-json\/wp\/v2\/users\/1"}],"replies":[{"embeddable":true,"href":"https:\/\/hotmelts.eu\/fr\/wp-json\/wp\/v2\/comments?post=62"}],"version-history":[{"count":2,"href":"https:\/\/hotmelts.eu\/fr\/wp-json\/wp\/v2\/pages\/62\/revisions"}],"predecessor-version":[{"id":66,"href":"https:\/\/hotmelts.eu\/fr\/wp-json\/wp\/v2\/pages\/62\/revisions\/66"}],"wp:attachment":[{"href":"https:\/\/hotmelts.eu\/fr\/wp-json\/wp\/v2\/media?parent=62"}],"curies":[{"name":"wp","href":"https:\/\/api.w.org\/{rel}","templated":true}]}}