{"id":52,"date":"2020-05-28T21:36:24","date_gmt":"2020-05-28T21:36:24","guid":{"rendered":"https:\/\/hotmelts.eu\/?page_id=52"},"modified":"2021-09-20T10:08:20","modified_gmt":"2021-09-20T10:08:20","slug":"polyolefin","status":"publish","type":"page","link":"https:\/\/hotmelts.eu\/fr\/polyolefin\/","title":{"rendered":"Polyol\u00e9fine"},"content":{"rendered":"<p>Les adh\u00e9sifs thermofusibles polyol\u00e9fines sont le successeur technique des hotmelts EVA. La polyol\u00e9fine offre souvent une adh\u00e9rence plus forte, une r\u00e9sistance accrue \u00e0 la chaleur et aux produits chimiques et une stabilit\u00e9 thermique am\u00e9lior\u00e9e. Bien que les thermofusibles EVA se d\u00e9veloppent toujours dans ce domaine \u00e9galement. <\/p>\n\n\n\n<figure class=\"wp-block-image size-large\"><img loading=\"lazy\" decoding=\"async\" width=\"768\" height=\"1024\" src=\"https:\/\/hotmelts.eu\/wp-content\/uploads\/2020\/05\/3-768x1024.png\" alt=\"\" class=\"wp-image-53\" srcset=\"https:\/\/hotmelts.eu\/wp-content\/uploads\/2020\/05\/3-768x1024.png 768w, https:\/\/hotmelts.eu\/wp-content\/uploads\/2020\/05\/3-225x300.png 225w, https:\/\/hotmelts.eu\/wp-content\/uploads\/2020\/05\/3-1152x1536.png 1152w, https:\/\/hotmelts.eu\/wp-content\/uploads\/2020\/05\/3-1536x2048.png 1536w\" sizes=\"auto, (max-width: 768px) 100vw, 768px\" \/><figcaption>Adh\u00e9sif thermofusible thermiquement stable (PO)<\/figcaption><\/figure>","protected":false},"excerpt":{"rendered":"<p>Polyolefin hot melt adhesives are the technical successor of EVA hotmelts. Polyolefin often provides stronger adhesion, [&hellip;]<\/p>","protected":false},"author":1,"featured_media":0,"parent":0,"menu_order":0,"comment_status":"closed","ping_status":"closed","template":"template-full-width.php","meta":{"footnotes":""},"class_list":["post-52","page","type-page","status-publish","hentry"],"yoast_head":"<!-- This site is optimized with the Yoast SEO plugin v24.9 - https:\/\/yoast.com\/wordpress\/plugins\/seo\/ -->\n<title>Polyolefin - Hotmelt adhesives<\/title>\n<meta name=\"robots\" content=\"index, follow, max-snippet:-1, max-image-preview:large, max-video-preview:-1\" \/>\n<link rel=\"canonical\" href=\"https:\/\/hotmelts.eu\/fr\/polyolefin\/\" \/>\n<meta property=\"og:locale\" content=\"fr_FR\" \/>\n<meta property=\"og:type\" content=\"article\" \/>\n<meta property=\"og:title\" content=\"Polyolefin - Hotmelt adhesives\" \/>\n<meta property=\"og:description\" content=\"Polyolefin hot melt adhesives are the technical successor of EVA hotmelts. Polyolefin often provides stronger adhesion, [&hellip;]\" \/>\n<meta property=\"og:url\" content=\"https:\/\/hotmelts.eu\/fr\/polyolefin\/\" \/>\n<meta property=\"og:site_name\" content=\"Hotmelt adhesives\" \/>\n<meta property=\"article:modified_time\" content=\"2021-09-20T10:08:20+00:00\" \/>\n<meta property=\"og:image\" content=\"https:\/\/hotmelts.eu\/wp-content\/uploads\/2020\/05\/3-768x1024.png\" \/>\n<meta name=\"twitter:card\" content=\"summary_large_image\" \/>\n<meta name=\"twitter:label1\" content=\"Dur\u00e9e de lecture est.\" \/>\n\t<meta name=\"twitter:data1\" content=\"1 minute\" \/>\n<script type=\"application\/ld+json\" class=\"yoast-schema-graph\">{\"@context\":\"https:\/\/schema.org\",\"@graph\":[{\"@type\":\"WebPage\",\"@id\":\"https:\/\/hotmelts.eu\/fr\/polyolefin\/\",\"url\":\"https:\/\/hotmelts.eu\/fr\/polyolefin\/\",\"name\":\"Polyolefin - Hotmelt adhesives\",\"isPartOf\":{\"@id\":\"https:\/\/hotmelts.eu\/nn\/#website\"},\"primaryImageOfPage\":{\"@id\":\"https:\/\/hotmelts.eu\/fr\/polyolefin\/#primaryimage\"},\"image\":{\"@id\":\"https:\/\/hotmelts.eu\/fr\/polyolefin\/#primaryimage\"},\"thumbnailUrl\":\"https:\/\/hotmelts.eu\/wp-content\/uploads\/2020\/05\/3-768x1024.png\",\"datePublished\":\"2020-05-28T21:36:24+00:00\",\"dateModified\":\"2021-09-20T10:08:20+00:00\",\"breadcrumb\":{\"@id\":\"https:\/\/hotmelts.eu\/fr\/polyolefin\/#breadcrumb\"},\"inLanguage\":\"fr-BE\",\"potentialAction\":[{\"@type\":\"ReadAction\",\"target\":[\"https:\/\/hotmelts.eu\/fr\/polyolefin\/\"]}]},{\"@type\":\"ImageObject\",\"inLanguage\":\"fr-BE\",\"@id\":\"https:\/\/hotmelts.eu\/fr\/polyolefin\/#primaryimage\",\"url\":\"https:\/\/hotmelts.eu\/wp-content\/uploads\/2020\/05\/3-768x1024.png\",\"contentUrl\":\"https:\/\/hotmelts.eu\/wp-content\/uploads\/2020\/05\/3-768x1024.png\"},{\"@type\":\"BreadcrumbList\",\"@id\":\"https:\/\/hotmelts.eu\/fr\/polyolefin\/#breadcrumb\",\"itemListElement\":[{\"@type\":\"ListItem\",\"position\":1,\"name\":\"Home\",\"item\":\"https:\/\/hotmelts.eu\/nn\/\"},{\"@type\":\"ListItem\",\"position\":2,\"name\":\"Polyolefin\"}]},{\"@type\":\"WebSite\",\"@id\":\"https:\/\/hotmelts.eu\/nn\/#website\",\"url\":\"https:\/\/hotmelts.eu\/nn\/\",\"name\":\"Hotmelts, Adhesives & Glues\",\"description\":\"Packaging, EVA, PO, PUR and PSA manufacturing\",\"publisher\":{\"@id\":\"https:\/\/hotmelts.eu\/nn\/#organization\"},\"potentialAction\":[{\"@type\":\"SearchAction\",\"target\":{\"@type\":\"EntryPoint\",\"urlTemplate\":\"https:\/\/hotmelts.eu\/nn\/?s={search_term_string}\"},\"query-input\":{\"@type\":\"PropertyValueSpecification\",\"valueRequired\":true,\"valueName\":\"search_term_string\"}}],\"inLanguage\":\"fr-BE\"},{\"@type\":\"Organization\",\"@id\":\"https:\/\/hotmelts.eu\/nn\/#organization\",\"name\":\"Hot melt, Adhesives & Glues\",\"url\":\"https:\/\/hotmelts.eu\/nn\/\",\"logo\":{\"@type\":\"ImageObject\",\"inLanguage\":\"fr-BE\",\"@id\":\"https:\/\/hotmelts.eu\/nn\/#\/schema\/logo\/image\/\",\"url\":\"https:\/\/hotmelts.eu\/wp-content\/uploads\/2021\/08\/cropped-logo-intercol-blank-TRANSP22-white.png\",\"contentUrl\":\"https:\/\/hotmelts.eu\/wp-content\/uploads\/2021\/08\/cropped-logo-intercol-blank-TRANSP22-white.png\",\"width\":200,\"height\":100,\"caption\":\"Hot melt, Adhesives & Glues\"},\"image\":{\"@id\":\"https:\/\/hotmelts.eu\/nn\/#\/schema\/logo\/image\/\"}}]}<\/script>\n<!-- \/ Yoast SEO plugin. -->","yoast_head_json":{"title":"Polyolefin - Hotmelt adhesives","robots":{"index":"index","follow":"follow","max-snippet":"max-snippet:-1","max-image-preview":"max-image-preview:large","max-video-preview":"max-video-preview:-1"},"canonical":"https:\/\/hotmelts.eu\/fr\/polyolefin\/","og_locale":"fr_FR","og_type":"article","og_title":"Polyolefin - Hotmelt adhesives","og_description":"Polyolefin hot melt adhesives are the technical successor of EVA hotmelts. Polyolefin often provides stronger adhesion, [&hellip;]","og_url":"https:\/\/hotmelts.eu\/fr\/polyolefin\/","og_site_name":"Hotmelt adhesives","article_modified_time":"2021-09-20T10:08:20+00:00","og_image":[{"url":"https:\/\/hotmelts.eu\/wp-content\/uploads\/2020\/05\/3-768x1024.png","type":"","width":"","height":""}],"twitter_card":"summary_large_image","twitter_misc":{"Dur\u00e9e de lecture est.":"1 minute"},"schema":{"@context":"https:\/\/schema.org","@graph":[{"@type":"WebPage","@id":"https:\/\/hotmelts.eu\/fr\/polyolefin\/","url":"https:\/\/hotmelts.eu\/fr\/polyolefin\/","name":"Polyolefin - Hotmelt adhesives","isPartOf":{"@id":"https:\/\/hotmelts.eu\/nn\/#website"},"primaryImageOfPage":{"@id":"https:\/\/hotmelts.eu\/fr\/polyolefin\/#primaryimage"},"image":{"@id":"https:\/\/hotmelts.eu\/fr\/polyolefin\/#primaryimage"},"thumbnailUrl":"https:\/\/hotmelts.eu\/wp-content\/uploads\/2020\/05\/3-768x1024.png","datePublished":"2020-05-28T21:36:24+00:00","dateModified":"2021-09-20T10:08:20+00:00","breadcrumb":{"@id":"https:\/\/hotmelts.eu\/fr\/polyolefin\/#breadcrumb"},"inLanguage":"fr-BE","potentialAction":[{"@type":"ReadAction","target":["https:\/\/hotmelts.eu\/fr\/polyolefin\/"]}]},{"@type":"ImageObject","inLanguage":"fr-BE","@id":"https:\/\/hotmelts.eu\/fr\/polyolefin\/#primaryimage","url":"https:\/\/hotmelts.eu\/wp-content\/uploads\/2020\/05\/3-768x1024.png","contentUrl":"https:\/\/hotmelts.eu\/wp-content\/uploads\/2020\/05\/3-768x1024.png"},{"@type":"BreadcrumbList","@id":"https:\/\/hotmelts.eu\/fr\/polyolefin\/#breadcrumb","itemListElement":[{"@type":"ListItem","position":1,"name":"Home","item":"https:\/\/hotmelts.eu\/nn\/"},{"@type":"ListItem","position":2,"name":"Polyolefin"}]},{"@type":"WebSite","@id":"https:\/\/hotmelts.eu\/nn\/#website","url":"https:\/\/hotmelts.eu\/nn\/","name":"Hotmelts, Adhesives & Glues","description":"Fabrication d&#039;emballages, EVA, PO, PUR et PSA","publisher":{"@id":"https:\/\/hotmelts.eu\/nn\/#organization"},"potentialAction":[{"@type":"SearchAction","target":{"@type":"EntryPoint","urlTemplate":"https:\/\/hotmelts.eu\/nn\/?s={search_term_string}"},"query-input":{"@type":"PropertyValueSpecification","valueRequired":true,"valueName":"search_term_string"}}],"inLanguage":"fr-BE"},{"@type":"Organization","@id":"https:\/\/hotmelts.eu\/nn\/#organization","name":"Hot melt, Adhesives & Glues","url":"https:\/\/hotmelts.eu\/nn\/","logo":{"@type":"ImageObject","inLanguage":"fr-BE","@id":"https:\/\/hotmelts.eu\/nn\/#\/schema\/logo\/image\/","url":"https:\/\/hotmelts.eu\/wp-content\/uploads\/2021\/08\/cropped-logo-intercol-blank-TRANSP22-white.png","contentUrl":"https:\/\/hotmelts.eu\/wp-content\/uploads\/2021\/08\/cropped-logo-intercol-blank-TRANSP22-white.png","width":200,"height":100,"caption":"Hot melt, Adhesives & Glues"},"image":{"@id":"https:\/\/hotmelts.eu\/nn\/#\/schema\/logo\/image\/"}}]}},"_links":{"self":[{"href":"https:\/\/hotmelts.eu\/fr\/wp-json\/wp\/v2\/pages\/52","targetHints":{"allow":["GET"]}}],"collection":[{"href":"https:\/\/hotmelts.eu\/fr\/wp-json\/wp\/v2\/pages"}],"about":[{"href":"https:\/\/hotmelts.eu\/fr\/wp-json\/wp\/v2\/types\/page"}],"author":[{"embeddable":true,"href":"https:\/\/hotmelts.eu\/fr\/wp-json\/wp\/v2\/users\/1"}],"replies":[{"embeddable":true,"href":"https:\/\/hotmelts.eu\/fr\/wp-json\/wp\/v2\/comments?post=52"}],"version-history":[{"count":1,"href":"https:\/\/hotmelts.eu\/fr\/wp-json\/wp\/v2\/pages\/52\/revisions"}],"predecessor-version":[{"id":55,"href":"https:\/\/hotmelts.eu\/fr\/wp-json\/wp\/v2\/pages\/52\/revisions\/55"}],"wp:attachment":[{"href":"https:\/\/hotmelts.eu\/fr\/wp-json\/wp\/v2\/media?parent=52"}],"curies":[{"name":"wp","href":"https:\/\/api.w.org\/{rel}","templated":true}]}}