{"id":41,"date":"2020-05-28T21:29:48","date_gmt":"2020-05-28T21:29:48","guid":{"rendered":"https:\/\/hotmelts.eu\/?page_id=41"},"modified":"2020-05-28T21:32:03","modified_gmt":"2020-05-28T21:32:03","slug":"bulk-hot-melt","status":"publish","type":"page","link":"https:\/\/hotmelts.eu\/fr\/bulk-hot-melt\/","title":{"rendered":"Thermofusible en vrac"},"content":{"rendered":"<p>Les adh\u00e9sifs thermofusibles en vrac sont souvent fournis en barils ou granul\u00e9s de 200 litres. Ces granul\u00e9s peuvent \u00eatre emball\u00e9s dans des petits sacs ou des bigbags de 1.000Kg.<\/p>\n\n\n\n<figure class=\"wp-block-gallery columns-1 is-cropped wp-block-gallery-1 is-layout-flex wp-block-gallery-is-layout-flex\"><ul class=\"blocks-gallery-grid\"><li class=\"blocks-gallery-item\"><figure><img loading=\"lazy\" decoding=\"async\" width=\"865\" height=\"1024\" src=\"https:\/\/hotmelts.eu\/wp-content\/uploads\/2020\/05\/1-865x1024.png\" alt=\"\" data-id=\"42\" data-full-url=\"https:\/\/hotmelts.eu\/wp-content\/uploads\/2020\/05\/1.png\" data-link=\"https:\/\/hotmelts.eu\/?attachment_id=42\" class=\"wp-image-42\" srcset=\"https:\/\/hotmelts.eu\/wp-content\/uploads\/2020\/05\/1-865x1024.png 865w, https:\/\/hotmelts.eu\/wp-content\/uploads\/2020\/05\/1-253x300.png 253w, https:\/\/hotmelts.eu\/wp-content\/uploads\/2020\/05\/1-768x909.png 768w, https:\/\/hotmelts.eu\/wp-content\/uploads\/2020\/05\/1-1297x1536.png 1297w, https:\/\/hotmelts.eu\/wp-content\/uploads\/2020\/05\/1.png 1493w\" sizes=\"auto, (max-width: 865px) 100vw, 865px\" \/><\/figure><\/li><\/ul><figcaption class=\"blocks-gallery-caption\">Thermofusible en vrac de polyol\u00e9fine<br><\/figcaption><\/figure>\n\n\n\n<p>Les adh\u00e9sifs thermofusibles en vrac en granul\u00e9s ou granul\u00e9s peuvent \u00eatre facilement transport\u00e9s dans des syst\u00e8mes d&#039;alimentation automatique, comme les syst\u00e8mes Nordson Autofill ou Nordson Freedom.<\/p>\n\n\n\n<figure class=\"wp-block-embed-youtube wp-block-embed is-type-video is-provider-youtube wp-embed-aspect-16-9 wp-has-aspect-ratio\"><div class=\"wp-block-embed__wrapper\">\n<iframe loading=\"lazy\" title=\"Adh\u00e9sifs Intercol Hotmelt\" width=\"680\" height=\"383\" src=\"https:\/\/www.youtube.com\/embed\/Ypzhe41eUCU?feature=oembed\" frameborder=\"0\" allow=\"accelerometer; autoplay; clipboard-write; encrypted-media; gyroscope; picture-in-picture\" allowfullscreen><\/iframe>\n<\/div><figcaption>Fabrication Hotmelt<\/figcaption><\/figure>\n\n\n\n<p>Les adh\u00e9sifs thermofusibles en vrac sont utilis\u00e9s dans de nombreux processus de production, tels que les emballages alimentaires, les emballages g\u00e9n\u00e9raux, la fabrication de cartons, la fabrication de filtres, la fabrication de produits auto-adh\u00e9sifs, les meubles, le bois et la construction.<\/p>\n\n\n\n<figure class=\"wp-block-image size-large\"><img loading=\"lazy\" decoding=\"async\" width=\"1024\" height=\"699\" src=\"https:\/\/hotmelts.eu\/wp-content\/uploads\/2020\/05\/1-1-1024x699.png\" alt=\"\" class=\"wp-image-43\" srcset=\"https:\/\/hotmelts.eu\/wp-content\/uploads\/2020\/05\/1-1-1024x699.png 1024w, https:\/\/hotmelts.eu\/wp-content\/uploads\/2020\/05\/1-1-300x205.png 300w, https:\/\/hotmelts.eu\/wp-content\/uploads\/2020\/05\/1-1-768x524.png 768w, https:\/\/hotmelts.eu\/wp-content\/uploads\/2020\/05\/1-1.png 1169w\" sizes=\"auto, (max-width: 1024px) 100vw, 1024px\" \/><figcaption>Bloc thermofusible PSA<\/figcaption><\/figure>","protected":false},"excerpt":{"rendered":"<p>Bulk hot melt adhesives are often supplied in 200L barrels or prills. These prills can be [&hellip;]<\/p>","protected":false},"author":1,"featured_media":0,"parent":0,"menu_order":0,"comment_status":"closed","ping_status":"closed","template":"","meta":{"footnotes":""},"class_list":["post-41","page","type-page","status-publish","hentry"],"yoast_head":"<!-- This site is optimized with the Yoast SEO plugin v24.9 - https:\/\/yoast.com\/wordpress\/plugins\/seo\/ -->\n<title>Bulk hot melt - Hotmelt adhesives<\/title>\n<meta name=\"robots\" content=\"index, follow, max-snippet:-1, max-image-preview:large, max-video-preview:-1\" \/>\n<link rel=\"canonical\" href=\"https:\/\/hotmelts.eu\/fr\/bulk-hot-melt\/\" \/>\n<meta property=\"og:locale\" content=\"fr_FR\" \/>\n<meta property=\"og:type\" content=\"article\" \/>\n<meta property=\"og:title\" content=\"Bulk hot melt - Hotmelt adhesives\" \/>\n<meta property=\"og:description\" content=\"Bulk hot melt adhesives are often supplied in 200L barrels or prills. These prills can be [&hellip;]\" \/>\n<meta property=\"og:url\" content=\"https:\/\/hotmelts.eu\/fr\/bulk-hot-melt\/\" \/>\n<meta property=\"og:site_name\" content=\"Hotmelt adhesives\" \/>\n<meta property=\"article:modified_time\" content=\"2020-05-28T21:32:03+00:00\" \/>\n<meta property=\"og:image\" content=\"https:\/\/hotmelts.eu\/wp-content\/uploads\/2020\/05\/1-865x1024.png\" \/>\n<meta name=\"twitter:card\" content=\"summary_large_image\" \/>\n<script type=\"application\/ld+json\" class=\"yoast-schema-graph\">{\"@context\":\"https:\/\/schema.org\",\"@graph\":[{\"@type\":\"WebPage\",\"@id\":\"https:\/\/hotmelts.eu\/nn\/bulk-hot-melt\/\",\"url\":\"https:\/\/hotmelts.eu\/nn\/bulk-hot-melt\/\",\"name\":\"Bulk hot melt - Hotmelt adhesives\",\"isPartOf\":{\"@id\":\"https:\/\/hotmelts.eu\/nn\/#website\"},\"primaryImageOfPage\":{\"@id\":\"https:\/\/hotmelts.eu\/nn\/bulk-hot-melt\/#primaryimage\"},\"image\":{\"@id\":\"https:\/\/hotmelts.eu\/nn\/bulk-hot-melt\/#primaryimage\"},\"thumbnailUrl\":\"https:\/\/hotmelts.eu\/wp-content\/uploads\/2020\/05\/1-865x1024.png\",\"datePublished\":\"2020-05-28T21:29:48+00:00\",\"dateModified\":\"2020-05-28T21:32:03+00:00\",\"breadcrumb\":{\"@id\":\"https:\/\/hotmelts.eu\/nn\/bulk-hot-melt\/#breadcrumb\"},\"inLanguage\":\"fr-BE\",\"potentialAction\":[{\"@type\":\"ReadAction\",\"target\":[\"https:\/\/hotmelts.eu\/nn\/bulk-hot-melt\/\"]}]},{\"@type\":\"ImageObject\",\"inLanguage\":\"fr-BE\",\"@id\":\"https:\/\/hotmelts.eu\/nn\/bulk-hot-melt\/#primaryimage\",\"url\":\"https:\/\/hotmelts.eu\/wp-content\/uploads\/2020\/05\/1-865x1024.png\",\"contentUrl\":\"https:\/\/hotmelts.eu\/wp-content\/uploads\/2020\/05\/1-865x1024.png\"},{\"@type\":\"BreadcrumbList\",\"@id\":\"https:\/\/hotmelts.eu\/nn\/bulk-hot-melt\/#breadcrumb\",\"itemListElement\":[{\"@type\":\"ListItem\",\"position\":1,\"name\":\"Home\",\"item\":\"https:\/\/hotmelts.eu\/nn\/\"},{\"@type\":\"ListItem\",\"position\":2,\"name\":\"Bulk hot melt\"}]},{\"@type\":\"WebSite\",\"@id\":\"https:\/\/hotmelts.eu\/nn\/#website\",\"url\":\"https:\/\/hotmelts.eu\/nn\/\",\"name\":\"Hotmelts, Adhesives & Glues\",\"description\":\"Packaging, EVA, PO, PUR and PSA manufacturing\",\"publisher\":{\"@id\":\"https:\/\/hotmelts.eu\/nn\/#organization\"},\"potentialAction\":[{\"@type\":\"SearchAction\",\"target\":{\"@type\":\"EntryPoint\",\"urlTemplate\":\"https:\/\/hotmelts.eu\/nn\/?s={search_term_string}\"},\"query-input\":{\"@type\":\"PropertyValueSpecification\",\"valueRequired\":true,\"valueName\":\"search_term_string\"}}],\"inLanguage\":\"fr-BE\"},{\"@type\":\"Organization\",\"@id\":\"https:\/\/hotmelts.eu\/nn\/#organization\",\"name\":\"Hot melt, Adhesives & Glues\",\"url\":\"https:\/\/hotmelts.eu\/nn\/\",\"logo\":{\"@type\":\"ImageObject\",\"inLanguage\":\"fr-BE\",\"@id\":\"https:\/\/hotmelts.eu\/nn\/#\/schema\/logo\/image\/\",\"url\":\"https:\/\/hotmelts.eu\/wp-content\/uploads\/2021\/08\/cropped-logo-intercol-blank-TRANSP22-white.png\",\"contentUrl\":\"https:\/\/hotmelts.eu\/wp-content\/uploads\/2021\/08\/cropped-logo-intercol-blank-TRANSP22-white.png\",\"width\":200,\"height\":100,\"caption\":\"Hot melt, Adhesives & Glues\"},\"image\":{\"@id\":\"https:\/\/hotmelts.eu\/nn\/#\/schema\/logo\/image\/\"}}]}<\/script>\n<!-- \/ Yoast SEO plugin. -->","yoast_head_json":{"title":"Bulk hot melt - Hotmelt adhesives","robots":{"index":"index","follow":"follow","max-snippet":"max-snippet:-1","max-image-preview":"max-image-preview:large","max-video-preview":"max-video-preview:-1"},"canonical":"https:\/\/hotmelts.eu\/fr\/bulk-hot-melt\/","og_locale":"fr_FR","og_type":"article","og_title":"Bulk hot melt - Hotmelt adhesives","og_description":"Bulk hot melt adhesives are often supplied in 200L barrels or prills. These prills can be [&hellip;]","og_url":"https:\/\/hotmelts.eu\/fr\/bulk-hot-melt\/","og_site_name":"Hotmelt adhesives","article_modified_time":"2020-05-28T21:32:03+00:00","og_image":[{"url":"https:\/\/hotmelts.eu\/wp-content\/uploads\/2020\/05\/1-865x1024.png","type":"","width":"","height":""}],"twitter_card":"summary_large_image","schema":{"@context":"https:\/\/schema.org","@graph":[{"@type":"WebPage","@id":"https:\/\/hotmelts.eu\/nn\/bulk-hot-melt\/","url":"https:\/\/hotmelts.eu\/nn\/bulk-hot-melt\/","name":"Bulk hot melt - Hotmelt adhesives","isPartOf":{"@id":"https:\/\/hotmelts.eu\/nn\/#website"},"primaryImageOfPage":{"@id":"https:\/\/hotmelts.eu\/nn\/bulk-hot-melt\/#primaryimage"},"image":{"@id":"https:\/\/hotmelts.eu\/nn\/bulk-hot-melt\/#primaryimage"},"thumbnailUrl":"https:\/\/hotmelts.eu\/wp-content\/uploads\/2020\/05\/1-865x1024.png","datePublished":"2020-05-28T21:29:48+00:00","dateModified":"2020-05-28T21:32:03+00:00","breadcrumb":{"@id":"https:\/\/hotmelts.eu\/nn\/bulk-hot-melt\/#breadcrumb"},"inLanguage":"fr-BE","potentialAction":[{"@type":"ReadAction","target":["https:\/\/hotmelts.eu\/nn\/bulk-hot-melt\/"]}]},{"@type":"ImageObject","inLanguage":"fr-BE","@id":"https:\/\/hotmelts.eu\/nn\/bulk-hot-melt\/#primaryimage","url":"https:\/\/hotmelts.eu\/wp-content\/uploads\/2020\/05\/1-865x1024.png","contentUrl":"https:\/\/hotmelts.eu\/wp-content\/uploads\/2020\/05\/1-865x1024.png"},{"@type":"BreadcrumbList","@id":"https:\/\/hotmelts.eu\/nn\/bulk-hot-melt\/#breadcrumb","itemListElement":[{"@type":"ListItem","position":1,"name":"Home","item":"https:\/\/hotmelts.eu\/nn\/"},{"@type":"ListItem","position":2,"name":"Bulk hot melt"}]},{"@type":"WebSite","@id":"https:\/\/hotmelts.eu\/nn\/#website","url":"https:\/\/hotmelts.eu\/nn\/","name":"Hotmelts, Adhesives & Glues","description":"Fabrication d&#039;emballages, EVA, PO, PUR et PSA","publisher":{"@id":"https:\/\/hotmelts.eu\/nn\/#organization"},"potentialAction":[{"@type":"SearchAction","target":{"@type":"EntryPoint","urlTemplate":"https:\/\/hotmelts.eu\/nn\/?s={search_term_string}"},"query-input":{"@type":"PropertyValueSpecification","valueRequired":true,"valueName":"search_term_string"}}],"inLanguage":"fr-BE"},{"@type":"Organization","@id":"https:\/\/hotmelts.eu\/nn\/#organization","name":"Hot melt, Adhesives & Glues","url":"https:\/\/hotmelts.eu\/nn\/","logo":{"@type":"ImageObject","inLanguage":"fr-BE","@id":"https:\/\/hotmelts.eu\/nn\/#\/schema\/logo\/image\/","url":"https:\/\/hotmelts.eu\/wp-content\/uploads\/2021\/08\/cropped-logo-intercol-blank-TRANSP22-white.png","contentUrl":"https:\/\/hotmelts.eu\/wp-content\/uploads\/2021\/08\/cropped-logo-intercol-blank-TRANSP22-white.png","width":200,"height":100,"caption":"Hot melt, Adhesives & Glues"},"image":{"@id":"https:\/\/hotmelts.eu\/nn\/#\/schema\/logo\/image\/"}}]}},"_links":{"self":[{"href":"https:\/\/hotmelts.eu\/fr\/wp-json\/wp\/v2\/pages\/41","targetHints":{"allow":["GET"]}}],"collection":[{"href":"https:\/\/hotmelts.eu\/fr\/wp-json\/wp\/v2\/pages"}],"about":[{"href":"https:\/\/hotmelts.eu\/fr\/wp-json\/wp\/v2\/types\/page"}],"author":[{"embeddable":true,"href":"https:\/\/hotmelts.eu\/fr\/wp-json\/wp\/v2\/users\/1"}],"replies":[{"embeddable":true,"href":"https:\/\/hotmelts.eu\/fr\/wp-json\/wp\/v2\/comments?post=41"}],"version-history":[{"count":2,"href":"https:\/\/hotmelts.eu\/fr\/wp-json\/wp\/v2\/pages\/41\/revisions"}],"predecessor-version":[{"id":47,"href":"https:\/\/hotmelts.eu\/fr\/wp-json\/wp\/v2\/pages\/41\/revisions\/47"}],"wp:attachment":[{"href":"https:\/\/hotmelts.eu\/fr\/wp-json\/wp\/v2\/media?parent=41"}],"curies":[{"name":"wp","href":"https:\/\/api.w.org\/{rel}","templated":true}]}}