{"id":31,"date":"2020-05-28T14:56:36","date_gmt":"2020-05-28T14:56:36","guid":{"rendered":"https:\/\/hotmelts.eu\/?page_id=31"},"modified":"2021-09-20T18:33:10","modified_gmt":"2021-09-20T18:33:10","slug":"filter-industry","status":"publish","type":"page","link":"https:\/\/hotmelts.eu\/fr\/filter-industry\/","title":{"rendered":"Industrie du filtre"},"content":{"rendered":"<p>Dans le domaine de la production de m\u00e9dias filtrants, il existe un large \u00e9ventail d&#039;applications possibles pour les adh\u00e9sifs thermofusibles. Ils sont utilis\u00e9s, par exemple, comme entretoises dans les filtres pliss\u00e9s ou pour coller des cadres. Selon le type de filtre et le processus de production, diff\u00e9rentes solutions de produit d&#039;\u00e9tape peuvent \u00eatre utilis\u00e9es ici.<\/p>\n\n\n\n<figure class=\"wp-block-image size-large\"><img loading=\"lazy\" decoding=\"async\" width=\"654\" height=\"454\" src=\"https:\/\/hotmelts.eu\/wp-content\/uploads\/2020\/05\/Filter-hot-melt-adhesives.png\" alt=\"\" class=\"wp-image-32\" srcset=\"https:\/\/hotmelts.eu\/wp-content\/uploads\/2020\/05\/Filter-hot-melt-adhesives.png 654w, https:\/\/hotmelts.eu\/wp-content\/uploads\/2020\/05\/Filter-hot-melt-adhesives-300x208.png 300w\" sizes=\"auto, (max-width: 654px) 100vw, 654px\" \/><figcaption>Adh\u00e9sifs thermofusibles Fitler<\/figcaption><\/figure>","protected":false},"excerpt":{"rendered":"<p>In the field of filter media production, there are a wide range of possible applications for [&hellip;]<\/p>","protected":false},"author":1,"featured_media":0,"parent":0,"menu_order":0,"comment_status":"closed","ping_status":"closed","template":"template-full-width.php","meta":{"footnotes":""},"class_list":["post-31","page","type-page","status-publish","hentry"],"yoast_head":"<!-- This site is optimized with the Yoast SEO plugin v24.9 - https:\/\/yoast.com\/wordpress\/plugins\/seo\/ -->\n<title>Filter industry - Hotmelt adhesives<\/title>\n<meta name=\"robots\" content=\"index, follow, max-snippet:-1, max-image-preview:large, max-video-preview:-1\" \/>\n<link rel=\"canonical\" href=\"https:\/\/hotmelts.eu\/fr\/filter-industry\/\" \/>\n<meta property=\"og:locale\" content=\"fr_FR\" \/>\n<meta property=\"og:type\" content=\"article\" \/>\n<meta property=\"og:title\" content=\"Filter industry - Hotmelt adhesives\" \/>\n<meta property=\"og:description\" content=\"In the field of filter media production, there are a wide range of possible applications for [&hellip;]\" \/>\n<meta property=\"og:url\" content=\"https:\/\/hotmelts.eu\/fr\/filter-industry\/\" \/>\n<meta property=\"og:site_name\" content=\"Hotmelt adhesives\" \/>\n<meta property=\"article:modified_time\" content=\"2021-09-20T18:33:10+00:00\" \/>\n<meta property=\"og:image\" content=\"https:\/\/hotmelts.eu\/wp-content\/uploads\/2020\/05\/Filter-hot-melt-adhesives.png\" \/>\n<meta name=\"twitter:card\" content=\"summary_large_image\" \/>\n<meta name=\"twitter:label1\" content=\"Dur\u00e9e de lecture est.\" \/>\n\t<meta name=\"twitter:data1\" content=\"1 minute\" \/>\n<script type=\"application\/ld+json\" class=\"yoast-schema-graph\">{\"@context\":\"https:\/\/schema.org\",\"@graph\":[{\"@type\":\"WebPage\",\"@id\":\"https:\/\/hotmelts.eu\/filter-industry\/\",\"url\":\"https:\/\/hotmelts.eu\/filter-industry\/\",\"name\":\"Filter industry - Hotmelt adhesives\",\"isPartOf\":{\"@id\":\"https:\/\/hotmelts.eu\/nn\/#website\"},\"primaryImageOfPage\":{\"@id\":\"https:\/\/hotmelts.eu\/filter-industry\/#primaryimage\"},\"image\":{\"@id\":\"https:\/\/hotmelts.eu\/filter-industry\/#primaryimage\"},\"thumbnailUrl\":\"https:\/\/hotmelts.eu\/wp-content\/uploads\/2020\/05\/Filter-hot-melt-adhesives.png\",\"datePublished\":\"2020-05-28T14:56:36+00:00\",\"dateModified\":\"2021-09-20T18:33:10+00:00\",\"breadcrumb\":{\"@id\":\"https:\/\/hotmelts.eu\/filter-industry\/#breadcrumb\"},\"inLanguage\":\"fr-BE\",\"potentialAction\":[{\"@type\":\"ReadAction\",\"target\":[\"https:\/\/hotmelts.eu\/filter-industry\/\"]}]},{\"@type\":\"ImageObject\",\"inLanguage\":\"fr-BE\",\"@id\":\"https:\/\/hotmelts.eu\/filter-industry\/#primaryimage\",\"url\":\"https:\/\/hotmelts.eu\/wp-content\/uploads\/2020\/05\/Filter-hot-melt-adhesives.png\",\"contentUrl\":\"https:\/\/hotmelts.eu\/wp-content\/uploads\/2020\/05\/Filter-hot-melt-adhesives.png\"},{\"@type\":\"BreadcrumbList\",\"@id\":\"https:\/\/hotmelts.eu\/filter-industry\/#breadcrumb\",\"itemListElement\":[{\"@type\":\"ListItem\",\"position\":1,\"name\":\"Home\",\"item\":\"https:\/\/hotmelts.eu\/nn\/\"},{\"@type\":\"ListItem\",\"position\":2,\"name\":\"Filter industry\"}]},{\"@type\":\"WebSite\",\"@id\":\"https:\/\/hotmelts.eu\/nn\/#website\",\"url\":\"https:\/\/hotmelts.eu\/nn\/\",\"name\":\"Hotmelts, Adhesives & Glues\",\"description\":\"Packaging, EVA, PO, PUR and PSA manufacturing\",\"publisher\":{\"@id\":\"https:\/\/hotmelts.eu\/nn\/#organization\"},\"potentialAction\":[{\"@type\":\"SearchAction\",\"target\":{\"@type\":\"EntryPoint\",\"urlTemplate\":\"https:\/\/hotmelts.eu\/nn\/?s={search_term_string}\"},\"query-input\":{\"@type\":\"PropertyValueSpecification\",\"valueRequired\":true,\"valueName\":\"search_term_string\"}}],\"inLanguage\":\"fr-BE\"},{\"@type\":\"Organization\",\"@id\":\"https:\/\/hotmelts.eu\/nn\/#organization\",\"name\":\"Hot melt, Adhesives & Glues\",\"url\":\"https:\/\/hotmelts.eu\/nn\/\",\"logo\":{\"@type\":\"ImageObject\",\"inLanguage\":\"fr-BE\",\"@id\":\"https:\/\/hotmelts.eu\/nn\/#\/schema\/logo\/image\/\",\"url\":\"https:\/\/hotmelts.eu\/wp-content\/uploads\/2021\/08\/cropped-logo-intercol-blank-TRANSP22-white.png\",\"contentUrl\":\"https:\/\/hotmelts.eu\/wp-content\/uploads\/2021\/08\/cropped-logo-intercol-blank-TRANSP22-white.png\",\"width\":200,\"height\":100,\"caption\":\"Hot melt, Adhesives & Glues\"},\"image\":{\"@id\":\"https:\/\/hotmelts.eu\/nn\/#\/schema\/logo\/image\/\"}}]}<\/script>\n<!-- \/ Yoast SEO plugin. -->","yoast_head_json":{"title":"Filter industry - Hotmelt adhesives","robots":{"index":"index","follow":"follow","max-snippet":"max-snippet:-1","max-image-preview":"max-image-preview:large","max-video-preview":"max-video-preview:-1"},"canonical":"https:\/\/hotmelts.eu\/fr\/filter-industry\/","og_locale":"fr_FR","og_type":"article","og_title":"Filter industry - Hotmelt adhesives","og_description":"In the field of filter media production, there are a wide range of possible applications for [&hellip;]","og_url":"https:\/\/hotmelts.eu\/fr\/filter-industry\/","og_site_name":"Hotmelt adhesives","article_modified_time":"2021-09-20T18:33:10+00:00","og_image":[{"url":"https:\/\/hotmelts.eu\/wp-content\/uploads\/2020\/05\/Filter-hot-melt-adhesives.png","type":"","width":"","height":""}],"twitter_card":"summary_large_image","twitter_misc":{"Dur\u00e9e de lecture est.":"1 minute"},"schema":{"@context":"https:\/\/schema.org","@graph":[{"@type":"WebPage","@id":"https:\/\/hotmelts.eu\/filter-industry\/","url":"https:\/\/hotmelts.eu\/filter-industry\/","name":"Filter industry - Hotmelt adhesives","isPartOf":{"@id":"https:\/\/hotmelts.eu\/nn\/#website"},"primaryImageOfPage":{"@id":"https:\/\/hotmelts.eu\/filter-industry\/#primaryimage"},"image":{"@id":"https:\/\/hotmelts.eu\/filter-industry\/#primaryimage"},"thumbnailUrl":"https:\/\/hotmelts.eu\/wp-content\/uploads\/2020\/05\/Filter-hot-melt-adhesives.png","datePublished":"2020-05-28T14:56:36+00:00","dateModified":"2021-09-20T18:33:10+00:00","breadcrumb":{"@id":"https:\/\/hotmelts.eu\/filter-industry\/#breadcrumb"},"inLanguage":"fr-BE","potentialAction":[{"@type":"ReadAction","target":["https:\/\/hotmelts.eu\/filter-industry\/"]}]},{"@type":"ImageObject","inLanguage":"fr-BE","@id":"https:\/\/hotmelts.eu\/filter-industry\/#primaryimage","url":"https:\/\/hotmelts.eu\/wp-content\/uploads\/2020\/05\/Filter-hot-melt-adhesives.png","contentUrl":"https:\/\/hotmelts.eu\/wp-content\/uploads\/2020\/05\/Filter-hot-melt-adhesives.png"},{"@type":"BreadcrumbList","@id":"https:\/\/hotmelts.eu\/filter-industry\/#breadcrumb","itemListElement":[{"@type":"ListItem","position":1,"name":"Home","item":"https:\/\/hotmelts.eu\/nn\/"},{"@type":"ListItem","position":2,"name":"Filter industry"}]},{"@type":"WebSite","@id":"https:\/\/hotmelts.eu\/nn\/#website","url":"https:\/\/hotmelts.eu\/nn\/","name":"Hotmelts, Adhesives & Glues","description":"Fabrication d&#039;emballages, EVA, PO, PUR et PSA","publisher":{"@id":"https:\/\/hotmelts.eu\/nn\/#organization"},"potentialAction":[{"@type":"SearchAction","target":{"@type":"EntryPoint","urlTemplate":"https:\/\/hotmelts.eu\/nn\/?s={search_term_string}"},"query-input":{"@type":"PropertyValueSpecification","valueRequired":true,"valueName":"search_term_string"}}],"inLanguage":"fr-BE"},{"@type":"Organization","@id":"https:\/\/hotmelts.eu\/nn\/#organization","name":"Hot melt, Adhesives & Glues","url":"https:\/\/hotmelts.eu\/nn\/","logo":{"@type":"ImageObject","inLanguage":"fr-BE","@id":"https:\/\/hotmelts.eu\/nn\/#\/schema\/logo\/image\/","url":"https:\/\/hotmelts.eu\/wp-content\/uploads\/2021\/08\/cropped-logo-intercol-blank-TRANSP22-white.png","contentUrl":"https:\/\/hotmelts.eu\/wp-content\/uploads\/2021\/08\/cropped-logo-intercol-blank-TRANSP22-white.png","width":200,"height":100,"caption":"Hot melt, Adhesives & Glues"},"image":{"@id":"https:\/\/hotmelts.eu\/nn\/#\/schema\/logo\/image\/"}}]}},"_links":{"self":[{"href":"https:\/\/hotmelts.eu\/fr\/wp-json\/wp\/v2\/pages\/31","targetHints":{"allow":["GET"]}}],"collection":[{"href":"https:\/\/hotmelts.eu\/fr\/wp-json\/wp\/v2\/pages"}],"about":[{"href":"https:\/\/hotmelts.eu\/fr\/wp-json\/wp\/v2\/types\/page"}],"author":[{"embeddable":true,"href":"https:\/\/hotmelts.eu\/fr\/wp-json\/wp\/v2\/users\/1"}],"replies":[{"embeddable":true,"href":"https:\/\/hotmelts.eu\/fr\/wp-json\/wp\/v2\/comments?post=31"}],"version-history":[{"count":1,"href":"https:\/\/hotmelts.eu\/fr\/wp-json\/wp\/v2\/pages\/31\/revisions"}],"predecessor-version":[{"id":34,"href":"https:\/\/hotmelts.eu\/fr\/wp-json\/wp\/v2\/pages\/31\/revisions\/34"}],"wp:attachment":[{"href":"https:\/\/hotmelts.eu\/fr\/wp-json\/wp\/v2\/media?parent=31"}],"curies":[{"name":"wp","href":"https:\/\/api.w.org\/{rel}","templated":true}]}}