{"id":24,"date":"2020-05-28T15:08:16","date_gmt":"2020-05-28T15:08:16","guid":{"rendered":"https:\/\/hotmelts.eu\/?page_id=24"},"modified":"2020-05-28T20:32:57","modified_gmt":"2020-05-28T20:32:57","slug":"psa-hot-melt-adhesives","status":"publish","type":"page","link":"https:\/\/hotmelts.eu\/fr\/psa-hot-melt-adhesives\/","title":{"rendered":"Adh\u00e9sifs thermofusibles PSA"},"content":{"rendered":"<p>Les adh\u00e9sifs sensibles \u00e0 la pression sont des syst\u00e8mes \u00e0 prise physique qui se caract\u00e9risent par leur adh\u00e9rence permanente. Les adh\u00e9sifs atteignent leur adh\u00e9rence aux mat\u00e9riaux \u00e0 coller au moyen d&#039;une pression de contact \u00e0 exercer - avec l&#039;augmentation de la pression de contact, une meilleure adh\u00e9rence est produite. Comme l&#039;assemblage d&#039;adh\u00e9sifs sensibles \u00e0 la pression peut avoir lieu \u00e0 la fois avant et apr\u00e8s le processus de prise, en fonction de la force de l&#039;adh\u00e9sif permanent, ils sont souvent utilis\u00e9s pour le pr\u00e9-rev\u00eatement. Cela signifie que le processus de candidature peut \u00eatre effectu\u00e9 ind\u00e9pendamment du collage en termes de temps et d&#039;espace.<br>Les adh\u00e9sifs sensibles \u00e0 la pression Hotmelt d&#039;Intercol se caract\u00e9risent par une forte adh\u00e9rence \u00e0 diff\u00e9rents mat\u00e9riaux, ainsi que par une r\u00e9sistance et une flexibilit\u00e9 \u00e9lev\u00e9es. Lors du traitement, ces adh\u00e9sifs modernes marquent des points en raison de leur adh\u00e9rence initiale sup\u00e9rieure \u00e0 la moyenne et de leur stabilit\u00e9 de viscosit\u00e9 exceptionnelle.<\/p>\n\n\n\n<h2 class=\"wp-block-heading\">Collant<\/h2>\n\n\n\n<p>Les adh\u00e9sifs sensibles \u00e0 la pression se caract\u00e9risent par leur adh\u00e9rence permanente. Avec seulement la pression de contact, une adh\u00e9rence rapide est produite, plus la pression appliqu\u00e9e est \u00e9lev\u00e9e, plus la force d&#039;adh\u00e9rence est \u00e9lev\u00e9e. Comme l&#039;assemblage de substrats avec des adh\u00e9sifs sensibles \u00e0 la pression peut avoir lieu avant et apr\u00e8s le processus de prise \u00e0 chaud, il peut \u00eatre utilis\u00e9 avec des applications en ligne, mais il est plus souvent utilis\u00e9 pour le pr\u00e9-rev\u00eatement. <\/p>\n\n\n\n<p>Les adh\u00e9sifs sensibles \u00e0 la pression thermofusibles peuvent souvent fournir une adh\u00e9rence initiale \u00e9lev\u00e9e \u00e0 diff\u00e9rents mat\u00e9riaux et une r\u00e9sistance et une flexibilit\u00e9 \u00e9lev\u00e9es.<\/p>\n\n\n\n<h2 class=\"wp-block-heading\">Propri\u00e9t\u00e9s <\/h2>\n\n\n\n<p>Les adh\u00e9sifs sensibles \u00e0 la pression Hotmelt offrent les avantages suivants:<\/p>\n\n\n\n<ul class=\"wp-block-list\"><li>Vitesses de production en ligne \u00e9lev\u00e9es, pas d&#039;arr\u00eats intermittents.<\/li><li>Sans solvant, teneur en solides de 100 %<\/li><li>Large spectre d&#039;adh\u00e9sion \u00e0 diff\u00e9rents mat\u00e9riaux<\/li><li>Propri\u00e9t\u00e9s de remplissage, nivellement de la surface<\/li><li>\u00c9lasticit\u00e9 de la ligne de colle<\/li><li>Pr\u00e9-rev\u00eatement possible pour les rubans et \u00e9tiquettes auto-adh\u00e9sives<\/li><li>Le joint adh\u00e9sif peut \u00eatre lib\u00e9r\u00e9 par apport de chaleur.<\/li><li>Des grades alcalins dispersables sont disponibles pour le recyclage du plastique.<\/li><\/ul>\n\n\n\n<p><\/p>\n\n\n\n<p><\/p>\n\n\n\n<figure class=\"wp-block-image size-large\"><img loading=\"lazy\" decoding=\"async\" width=\"907\" height=\"619\" src=\"https:\/\/hotmelts.eu\/wp-content\/uploads\/2020\/05\/psa-hot-melt-parcelboxes.png\" alt=\"\" class=\"wp-image-35\" srcset=\"https:\/\/hotmelts.eu\/wp-content\/uploads\/2020\/05\/psa-hot-melt-parcelboxes.png 907w, https:\/\/hotmelts.eu\/wp-content\/uploads\/2020\/05\/psa-hot-melt-parcelboxes-300x205.png 300w, https:\/\/hotmelts.eu\/wp-content\/uploads\/2020\/05\/psa-hot-melt-parcelboxes-768x524.png 768w\" sizes=\"auto, (max-width: 907px) 100vw, 907px\" \/><figcaption>PSA thermofusible pour la fabrication de bo\u00eetes \u00e0 colis<\/figcaption><\/figure>\n\n\n\n<h2 class=\"wp-block-heading\">Bo\u00eetes \u00e0 colis<\/h2>\n\n\n\n<p>Les bo\u00eetes \u00e0 colis, enveloppes et autres mat\u00e9riaux d&#039;emballage sont souvent produits avec des fermetures auto-adh\u00e9sives.<\/p>\n\n\n\n<p><\/p>\n\n\n\n<p>.<\/p>\n\n\n\n<p><\/p>\n\n\n\n<p><\/p>","protected":false},"excerpt":{"rendered":"<p>Pressure-sensitive adhesives are physically setting systems that are characterised by their permanent tack. The adhesives achieve [&hellip;]<\/p>","protected":false},"author":1,"featured_media":0,"parent":0,"menu_order":0,"comment_status":"closed","ping_status":"closed","template":"","meta":{"footnotes":""},"class_list":["post-24","page","type-page","status-publish","hentry"],"yoast_head":"<!-- This site is optimized with the Yoast SEO plugin v24.9 - https:\/\/yoast.com\/wordpress\/plugins\/seo\/ -->\n<title>PSA hot melt adhesives - Hotmelt adhesives<\/title>\n<meta name=\"robots\" content=\"index, follow, max-snippet:-1, max-image-preview:large, max-video-preview:-1\" \/>\n<link rel=\"canonical\" href=\"https:\/\/hotmelts.eu\/fr\/psa-hot-melt-adhesives\/\" \/>\n<meta property=\"og:locale\" content=\"fr_FR\" \/>\n<meta property=\"og:type\" content=\"article\" \/>\n<meta property=\"og:title\" content=\"PSA hot melt adhesives - Hotmelt adhesives\" \/>\n<meta property=\"og:description\" content=\"Pressure-sensitive adhesives are physically setting systems that are characterised by their permanent tack. The adhesives achieve [&hellip;]\" \/>\n<meta property=\"og:url\" content=\"https:\/\/hotmelts.eu\/fr\/psa-hot-melt-adhesives\/\" \/>\n<meta property=\"og:site_name\" content=\"Hotmelt adhesives\" \/>\n<meta property=\"article:modified_time\" content=\"2020-05-28T20:32:57+00:00\" \/>\n<meta property=\"og:image\" content=\"https:\/\/hotmelts.eu\/wp-content\/uploads\/2020\/05\/psa-hot-melt-parcelboxes.png\" \/>\n<meta name=\"twitter:card\" content=\"summary_large_image\" \/>\n<meta name=\"twitter:label1\" content=\"Dur\u00e9e de lecture est.\" \/>\n\t<meta name=\"twitter:data1\" content=\"1 minute\" \/>\n<script type=\"application\/ld+json\" class=\"yoast-schema-graph\">{\"@context\":\"https:\/\/schema.org\",\"@graph\":[{\"@type\":\"WebPage\",\"@id\":\"https:\/\/hotmelts.eu\/psa-hot-melt-adhesives\/\",\"url\":\"https:\/\/hotmelts.eu\/psa-hot-melt-adhesives\/\",\"name\":\"PSA hot melt adhesives - Hotmelt adhesives\",\"isPartOf\":{\"@id\":\"https:\/\/hotmelts.eu\/nn\/#website\"},\"primaryImageOfPage\":{\"@id\":\"https:\/\/hotmelts.eu\/psa-hot-melt-adhesives\/#primaryimage\"},\"image\":{\"@id\":\"https:\/\/hotmelts.eu\/psa-hot-melt-adhesives\/#primaryimage\"},\"thumbnailUrl\":\"https:\/\/hotmelts.eu\/wp-content\/uploads\/2020\/05\/psa-hot-melt-parcelboxes.png\",\"datePublished\":\"2020-05-28T15:08:16+00:00\",\"dateModified\":\"2020-05-28T20:32:57+00:00\",\"breadcrumb\":{\"@id\":\"https:\/\/hotmelts.eu\/psa-hot-melt-adhesives\/#breadcrumb\"},\"inLanguage\":\"fr-BE\",\"potentialAction\":[{\"@type\":\"ReadAction\",\"target\":[\"https:\/\/hotmelts.eu\/psa-hot-melt-adhesives\/\"]}]},{\"@type\":\"ImageObject\",\"inLanguage\":\"fr-BE\",\"@id\":\"https:\/\/hotmelts.eu\/psa-hot-melt-adhesives\/#primaryimage\",\"url\":\"https:\/\/hotmelts.eu\/wp-content\/uploads\/2020\/05\/psa-hot-melt-parcelboxes.png\",\"contentUrl\":\"https:\/\/hotmelts.eu\/wp-content\/uploads\/2020\/05\/psa-hot-melt-parcelboxes.png\"},{\"@type\":\"BreadcrumbList\",\"@id\":\"https:\/\/hotmelts.eu\/psa-hot-melt-adhesives\/#breadcrumb\",\"itemListElement\":[{\"@type\":\"ListItem\",\"position\":1,\"name\":\"Home\",\"item\":\"https:\/\/hotmelts.eu\/nn\/\"},{\"@type\":\"ListItem\",\"position\":2,\"name\":\"PSA hot melt adhesives\"}]},{\"@type\":\"WebSite\",\"@id\":\"https:\/\/hotmelts.eu\/nn\/#website\",\"url\":\"https:\/\/hotmelts.eu\/nn\/\",\"name\":\"Hotmelts, Adhesives & Glues\",\"description\":\"Packaging, EVA, PO, PUR and PSA manufacturing\",\"publisher\":{\"@id\":\"https:\/\/hotmelts.eu\/nn\/#organization\"},\"potentialAction\":[{\"@type\":\"SearchAction\",\"target\":{\"@type\":\"EntryPoint\",\"urlTemplate\":\"https:\/\/hotmelts.eu\/nn\/?s={search_term_string}\"},\"query-input\":{\"@type\":\"PropertyValueSpecification\",\"valueRequired\":true,\"valueName\":\"search_term_string\"}}],\"inLanguage\":\"fr-BE\"},{\"@type\":\"Organization\",\"@id\":\"https:\/\/hotmelts.eu\/nn\/#organization\",\"name\":\"Hot melt, Adhesives & Glues\",\"url\":\"https:\/\/hotmelts.eu\/nn\/\",\"logo\":{\"@type\":\"ImageObject\",\"inLanguage\":\"fr-BE\",\"@id\":\"https:\/\/hotmelts.eu\/nn\/#\/schema\/logo\/image\/\",\"url\":\"https:\/\/hotmelts.eu\/wp-content\/uploads\/2021\/08\/cropped-logo-intercol-blank-TRANSP22-white.png\",\"contentUrl\":\"https:\/\/hotmelts.eu\/wp-content\/uploads\/2021\/08\/cropped-logo-intercol-blank-TRANSP22-white.png\",\"width\":200,\"height\":100,\"caption\":\"Hot melt, Adhesives & Glues\"},\"image\":{\"@id\":\"https:\/\/hotmelts.eu\/nn\/#\/schema\/logo\/image\/\"}}]}<\/script>\n<!-- \/ Yoast SEO plugin. -->","yoast_head_json":{"title":"PSA hot melt adhesives - Hotmelt adhesives","robots":{"index":"index","follow":"follow","max-snippet":"max-snippet:-1","max-image-preview":"max-image-preview:large","max-video-preview":"max-video-preview:-1"},"canonical":"https:\/\/hotmelts.eu\/fr\/psa-hot-melt-adhesives\/","og_locale":"fr_FR","og_type":"article","og_title":"PSA hot melt adhesives - Hotmelt adhesives","og_description":"Pressure-sensitive adhesives are physically setting systems that are characterised by their permanent tack. The adhesives achieve [&hellip;]","og_url":"https:\/\/hotmelts.eu\/fr\/psa-hot-melt-adhesives\/","og_site_name":"Hotmelt adhesives","article_modified_time":"2020-05-28T20:32:57+00:00","og_image":[{"url":"https:\/\/hotmelts.eu\/wp-content\/uploads\/2020\/05\/psa-hot-melt-parcelboxes.png","type":"","width":"","height":""}],"twitter_card":"summary_large_image","twitter_misc":{"Dur\u00e9e de lecture est.":"1 minute"},"schema":{"@context":"https:\/\/schema.org","@graph":[{"@type":"WebPage","@id":"https:\/\/hotmelts.eu\/psa-hot-melt-adhesives\/","url":"https:\/\/hotmelts.eu\/psa-hot-melt-adhesives\/","name":"PSA hot melt adhesives - Hotmelt adhesives","isPartOf":{"@id":"https:\/\/hotmelts.eu\/nn\/#website"},"primaryImageOfPage":{"@id":"https:\/\/hotmelts.eu\/psa-hot-melt-adhesives\/#primaryimage"},"image":{"@id":"https:\/\/hotmelts.eu\/psa-hot-melt-adhesives\/#primaryimage"},"thumbnailUrl":"https:\/\/hotmelts.eu\/wp-content\/uploads\/2020\/05\/psa-hot-melt-parcelboxes.png","datePublished":"2020-05-28T15:08:16+00:00","dateModified":"2020-05-28T20:32:57+00:00","breadcrumb":{"@id":"https:\/\/hotmelts.eu\/psa-hot-melt-adhesives\/#breadcrumb"},"inLanguage":"fr-BE","potentialAction":[{"@type":"ReadAction","target":["https:\/\/hotmelts.eu\/psa-hot-melt-adhesives\/"]}]},{"@type":"ImageObject","inLanguage":"fr-BE","@id":"https:\/\/hotmelts.eu\/psa-hot-melt-adhesives\/#primaryimage","url":"https:\/\/hotmelts.eu\/wp-content\/uploads\/2020\/05\/psa-hot-melt-parcelboxes.png","contentUrl":"https:\/\/hotmelts.eu\/wp-content\/uploads\/2020\/05\/psa-hot-melt-parcelboxes.png"},{"@type":"BreadcrumbList","@id":"https:\/\/hotmelts.eu\/psa-hot-melt-adhesives\/#breadcrumb","itemListElement":[{"@type":"ListItem","position":1,"name":"Home","item":"https:\/\/hotmelts.eu\/nn\/"},{"@type":"ListItem","position":2,"name":"PSA hot melt adhesives"}]},{"@type":"WebSite","@id":"https:\/\/hotmelts.eu\/nn\/#website","url":"https:\/\/hotmelts.eu\/nn\/","name":"Hotmelts, Adhesives & Glues","description":"Fabrication d&#039;emballages, EVA, PO, PUR et PSA","publisher":{"@id":"https:\/\/hotmelts.eu\/nn\/#organization"},"potentialAction":[{"@type":"SearchAction","target":{"@type":"EntryPoint","urlTemplate":"https:\/\/hotmelts.eu\/nn\/?s={search_term_string}"},"query-input":{"@type":"PropertyValueSpecification","valueRequired":true,"valueName":"search_term_string"}}],"inLanguage":"fr-BE"},{"@type":"Organization","@id":"https:\/\/hotmelts.eu\/nn\/#organization","name":"Hot melt, Adhesives & Glues","url":"https:\/\/hotmelts.eu\/nn\/","logo":{"@type":"ImageObject","inLanguage":"fr-BE","@id":"https:\/\/hotmelts.eu\/nn\/#\/schema\/logo\/image\/","url":"https:\/\/hotmelts.eu\/wp-content\/uploads\/2021\/08\/cropped-logo-intercol-blank-TRANSP22-white.png","contentUrl":"https:\/\/hotmelts.eu\/wp-content\/uploads\/2021\/08\/cropped-logo-intercol-blank-TRANSP22-white.png","width":200,"height":100,"caption":"Hot melt, Adhesives & Glues"},"image":{"@id":"https:\/\/hotmelts.eu\/nn\/#\/schema\/logo\/image\/"}}]}},"_links":{"self":[{"href":"https:\/\/hotmelts.eu\/fr\/wp-json\/wp\/v2\/pages\/24","targetHints":{"allow":["GET"]}}],"collection":[{"href":"https:\/\/hotmelts.eu\/fr\/wp-json\/wp\/v2\/pages"}],"about":[{"href":"https:\/\/hotmelts.eu\/fr\/wp-json\/wp\/v2\/types\/page"}],"author":[{"embeddable":true,"href":"https:\/\/hotmelts.eu\/fr\/wp-json\/wp\/v2\/users\/1"}],"replies":[{"embeddable":true,"href":"https:\/\/hotmelts.eu\/fr\/wp-json\/wp\/v2\/comments?post=24"}],"version-history":[{"count":3,"href":"https:\/\/hotmelts.eu\/fr\/wp-json\/wp\/v2\/pages\/24\/revisions"}],"predecessor-version":[{"id":40,"href":"https:\/\/hotmelts.eu\/fr\/wp-json\/wp\/v2\/pages\/24\/revisions\/40"}],"wp:attachment":[{"href":"https:\/\/hotmelts.eu\/fr\/wp-json\/wp\/v2\/media?parent=24"}],"curies":[{"name":"wp","href":"https:\/\/api.w.org\/{rel}","templated":true}]}}