{"id":15,"date":"2020-05-27T23:38:42","date_gmt":"2020-05-27T23:38:42","guid":{"rendered":"https:\/\/hotmelts.eu\/?page_id=15"},"modified":"2020-05-27T23:38:42","modified_gmt":"2020-05-27T23:38:42","slug":"po-hot-melt","status":"publish","type":"page","link":"https:\/\/hotmelts.eu\/fr\/po-hot-melt\/","title":{"rendered":"PO thermofusible"},"content":{"rendered":"<p>Les thermofusibles PO offrent une gamme de performances plus large que les thermofusibles EVA conventionnels, comme une r\u00e9sistance \u00e0 la chaleur plus \u00e9lev\u00e9e, un spectre d&#039;adh\u00e9rence am\u00e9lior\u00e9 ou une bonne flexibilit\u00e9 \u00e0 froid. En fonction de la formulation, le temps ouvert peut varier de tr\u00e8s court \u00e0 tr\u00e8s long. Le groupe des thermofusibles \u00e0 base de PO est \u00e9galement le type le plus fr\u00e9quemment utilis\u00e9 pour le collage par application par pulv\u00e9risation.<\/p>\n\n\n\n<p>Dans l&#039;industrie de l&#039;emballage, des adh\u00e9sifs thermofusibles produits \u00e0 l&#039;aide de la technologie m\u00e9talloc\u00e8ne sont utilis\u00e9s, qui pr\u00e9sentent un spectre de performances consid\u00e9rablement am\u00e9lior\u00e9 par rapport aux thermofusibles EVA.<\/p>","protected":false},"excerpt":{"rendered":"<p>PO hot melts offer a wider range of performance compared to conventional EVA hot melts, such [&hellip;]<\/p>","protected":false},"author":1,"featured_media":0,"parent":0,"menu_order":0,"comment_status":"closed","ping_status":"closed","template":"","meta":{"footnotes":""},"class_list":["post-15","page","type-page","status-publish","hentry"],"yoast_head":"<!-- This site is optimized with the Yoast SEO plugin v24.9 - https:\/\/yoast.com\/wordpress\/plugins\/seo\/ -->\n<title>PO hot melt - Hotmelt adhesives<\/title>\n<meta name=\"robots\" content=\"index, follow, max-snippet:-1, max-image-preview:large, max-video-preview:-1\" \/>\n<link rel=\"canonical\" href=\"https:\/\/hotmelts.eu\/fr\/po-hot-melt\/\" \/>\n<meta property=\"og:locale\" content=\"fr_FR\" \/>\n<meta property=\"og:type\" content=\"article\" \/>\n<meta property=\"og:title\" content=\"PO hot melt - Hotmelt adhesives\" \/>\n<meta property=\"og:description\" content=\"PO hot melts offer a wider range of performance compared to conventional EVA hot melts, such [&hellip;]\" \/>\n<meta property=\"og:url\" content=\"https:\/\/hotmelts.eu\/fr\/po-hot-melt\/\" \/>\n<meta property=\"og:site_name\" content=\"Hotmelt adhesives\" \/>\n<meta name=\"twitter:card\" content=\"summary_large_image\" \/>\n<script type=\"application\/ld+json\" class=\"yoast-schema-graph\">{\"@context\":\"https:\/\/schema.org\",\"@graph\":[{\"@type\":\"WebPage\",\"@id\":\"https:\/\/hotmelts.eu\/po-hot-melt\/\",\"url\":\"https:\/\/hotmelts.eu\/po-hot-melt\/\",\"name\":\"PO hot melt - Hotmelt adhesives\",\"isPartOf\":{\"@id\":\"https:\/\/hotmelts.eu\/nn\/#website\"},\"datePublished\":\"2020-05-27T23:38:42+00:00\",\"breadcrumb\":{\"@id\":\"https:\/\/hotmelts.eu\/po-hot-melt\/#breadcrumb\"},\"inLanguage\":\"fr-BE\",\"potentialAction\":[{\"@type\":\"ReadAction\",\"target\":[\"https:\/\/hotmelts.eu\/po-hot-melt\/\"]}]},{\"@type\":\"BreadcrumbList\",\"@id\":\"https:\/\/hotmelts.eu\/po-hot-melt\/#breadcrumb\",\"itemListElement\":[{\"@type\":\"ListItem\",\"position\":1,\"name\":\"Home\",\"item\":\"https:\/\/hotmelts.eu\/nn\/\"},{\"@type\":\"ListItem\",\"position\":2,\"name\":\"PO hot melt\"}]},{\"@type\":\"WebSite\",\"@id\":\"https:\/\/hotmelts.eu\/nn\/#website\",\"url\":\"https:\/\/hotmelts.eu\/nn\/\",\"name\":\"Hotmelts, Adhesives & Glues\",\"description\":\"Packaging, EVA, PO, PUR and PSA manufacturing\",\"publisher\":{\"@id\":\"https:\/\/hotmelts.eu\/nn\/#organization\"},\"potentialAction\":[{\"@type\":\"SearchAction\",\"target\":{\"@type\":\"EntryPoint\",\"urlTemplate\":\"https:\/\/hotmelts.eu\/nn\/?s={search_term_string}\"},\"query-input\":{\"@type\":\"PropertyValueSpecification\",\"valueRequired\":true,\"valueName\":\"search_term_string\"}}],\"inLanguage\":\"fr-BE\"},{\"@type\":\"Organization\",\"@id\":\"https:\/\/hotmelts.eu\/nn\/#organization\",\"name\":\"Hot melt, Adhesives & Glues\",\"url\":\"https:\/\/hotmelts.eu\/nn\/\",\"logo\":{\"@type\":\"ImageObject\",\"inLanguage\":\"fr-BE\",\"@id\":\"https:\/\/hotmelts.eu\/nn\/#\/schema\/logo\/image\/\",\"url\":\"https:\/\/hotmelts.eu\/wp-content\/uploads\/2021\/08\/cropped-logo-intercol-blank-TRANSP22-white.png\",\"contentUrl\":\"https:\/\/hotmelts.eu\/wp-content\/uploads\/2021\/08\/cropped-logo-intercol-blank-TRANSP22-white.png\",\"width\":200,\"height\":100,\"caption\":\"Hot melt, Adhesives & Glues\"},\"image\":{\"@id\":\"https:\/\/hotmelts.eu\/nn\/#\/schema\/logo\/image\/\"}}]}<\/script>\n<!-- \/ Yoast SEO plugin. -->","yoast_head_json":{"title":"PO hot melt - Hotmelt adhesives","robots":{"index":"index","follow":"follow","max-snippet":"max-snippet:-1","max-image-preview":"max-image-preview:large","max-video-preview":"max-video-preview:-1"},"canonical":"https:\/\/hotmelts.eu\/fr\/po-hot-melt\/","og_locale":"fr_FR","og_type":"article","og_title":"PO hot melt - Hotmelt adhesives","og_description":"PO hot melts offer a wider range of performance compared to conventional EVA hot melts, such [&hellip;]","og_url":"https:\/\/hotmelts.eu\/fr\/po-hot-melt\/","og_site_name":"Hotmelt adhesives","twitter_card":"summary_large_image","schema":{"@context":"https:\/\/schema.org","@graph":[{"@type":"WebPage","@id":"https:\/\/hotmelts.eu\/po-hot-melt\/","url":"https:\/\/hotmelts.eu\/po-hot-melt\/","name":"PO hot melt - Hotmelt adhesives","isPartOf":{"@id":"https:\/\/hotmelts.eu\/nn\/#website"},"datePublished":"2020-05-27T23:38:42+00:00","breadcrumb":{"@id":"https:\/\/hotmelts.eu\/po-hot-melt\/#breadcrumb"},"inLanguage":"fr-BE","potentialAction":[{"@type":"ReadAction","target":["https:\/\/hotmelts.eu\/po-hot-melt\/"]}]},{"@type":"BreadcrumbList","@id":"https:\/\/hotmelts.eu\/po-hot-melt\/#breadcrumb","itemListElement":[{"@type":"ListItem","position":1,"name":"Home","item":"https:\/\/hotmelts.eu\/nn\/"},{"@type":"ListItem","position":2,"name":"PO hot melt"}]},{"@type":"WebSite","@id":"https:\/\/hotmelts.eu\/nn\/#website","url":"https:\/\/hotmelts.eu\/nn\/","name":"Hotmelts, Adhesives & Glues","description":"Fabrication d&#039;emballages, EVA, PO, PUR et PSA","publisher":{"@id":"https:\/\/hotmelts.eu\/nn\/#organization"},"potentialAction":[{"@type":"SearchAction","target":{"@type":"EntryPoint","urlTemplate":"https:\/\/hotmelts.eu\/nn\/?s={search_term_string}"},"query-input":{"@type":"PropertyValueSpecification","valueRequired":true,"valueName":"search_term_string"}}],"inLanguage":"fr-BE"},{"@type":"Organization","@id":"https:\/\/hotmelts.eu\/nn\/#organization","name":"Hot melt, Adhesives & Glues","url":"https:\/\/hotmelts.eu\/nn\/","logo":{"@type":"ImageObject","inLanguage":"fr-BE","@id":"https:\/\/hotmelts.eu\/nn\/#\/schema\/logo\/image\/","url":"https:\/\/hotmelts.eu\/wp-content\/uploads\/2021\/08\/cropped-logo-intercol-blank-TRANSP22-white.png","contentUrl":"https:\/\/hotmelts.eu\/wp-content\/uploads\/2021\/08\/cropped-logo-intercol-blank-TRANSP22-white.png","width":200,"height":100,"caption":"Hot melt, Adhesives & Glues"},"image":{"@id":"https:\/\/hotmelts.eu\/nn\/#\/schema\/logo\/image\/"}}]}},"_links":{"self":[{"href":"https:\/\/hotmelts.eu\/fr\/wp-json\/wp\/v2\/pages\/15","targetHints":{"allow":["GET"]}}],"collection":[{"href":"https:\/\/hotmelts.eu\/fr\/wp-json\/wp\/v2\/pages"}],"about":[{"href":"https:\/\/hotmelts.eu\/fr\/wp-json\/wp\/v2\/types\/page"}],"author":[{"embeddable":true,"href":"https:\/\/hotmelts.eu\/fr\/wp-json\/wp\/v2\/users\/1"}],"replies":[{"embeddable":true,"href":"https:\/\/hotmelts.eu\/fr\/wp-json\/wp\/v2\/comments?post=15"}],"version-history":[{"count":1,"href":"https:\/\/hotmelts.eu\/fr\/wp-json\/wp\/v2\/pages\/15\/revisions"}],"predecessor-version":[{"id":17,"href":"https:\/\/hotmelts.eu\/fr\/wp-json\/wp\/v2\/pages\/15\/revisions\/17"}],"wp:attachment":[{"href":"https:\/\/hotmelts.eu\/fr\/wp-json\/wp\/v2\/media?parent=15"}],"curies":[{"name":"wp","href":"https:\/\/api.w.org\/{rel}","templated":true}]}}