{"id":110,"date":"2021-08-23T11:51:23","date_gmt":"2021-08-23T11:51:23","guid":{"rendered":"https:\/\/hotmelts.eu\/?page_id=110"},"modified":"2021-09-20T10:40:59","modified_gmt":"2021-09-20T10:40:59","slug":"hot-melt-2","status":"publish","type":"page","link":"https:\/\/hotmelts.eu\/fr\/hot-melt-2\/","title":{"rendered":"Thermofusible"},"content":{"rendered":"<p>Les adh\u00e9sifs thermofusibles sont uniques en raison de leur temp\u00e9rature d&#039;application et sont capables de simplifier les processus de production. Il est id\u00e9al \u00e0 mettre en \u0153uvre dans une fabrication rationalis\u00e9e. Sa vitesse de prise rapide, sa force d&#039;adh\u00e9rence \u00e9lev\u00e9e, ses faibles co\u00fbts d&#039;application et sa s\u00e9curit\u00e9 de traitement sont \u00e0 la base de son succ\u00e8s mondial. Les processus de fabrication dans diverses industries telles que l&#039;\u00e9lectronique, le m\u00e9dical, l&#039;automobile, le meuble ou l&#039;alimentation et les boissons reposent sur cette technique adh\u00e9sive.<\/p>\n\n\n\n<figure class=\"wp-block-image size-large\"><img loading=\"lazy\" decoding=\"async\" width=\"1024\" height=\"768\" src=\"https:\/\/hotmelts.eu\/wp-content\/uploads\/2020\/05\/IMG_7353-kopie-hotmelt-sticks-whitebg-1024x768.png\" alt=\"\" class=\"wp-image-59\" srcset=\"https:\/\/hotmelts.eu\/wp-content\/uploads\/2020\/05\/IMG_7353-kopie-hotmelt-sticks-whitebg-1024x768.png 1024w, https:\/\/hotmelts.eu\/wp-content\/uploads\/2020\/05\/IMG_7353-kopie-hotmelt-sticks-whitebg-300x225.png 300w, https:\/\/hotmelts.eu\/wp-content\/uploads\/2020\/05\/IMG_7353-kopie-hotmelt-sticks-whitebg-768x576.png 768w, https:\/\/hotmelts.eu\/wp-content\/uploads\/2020\/05\/IMG_7353-kopie-hotmelt-sticks-whitebg-1536x1152.png 1536w, https:\/\/hotmelts.eu\/wp-content\/uploads\/2020\/05\/IMG_7353-kopie-hotmelt-sticks-whitebg-2048x1536.png 2048w\" sizes=\"auto, (max-width: 1024px) 100vw, 1024px\" \/><figcaption>B\u00e2tonnets thermofusibles 11mm<\/figcaption><\/figure>\n\n\n\n<h2 class=\"wp-block-heading\">Que sont les adh\u00e9sifs thermofusibles?<\/h2>\n\n\n\n<p>Les adh\u00e9sifs thermofusibles sont des mat\u00e9riaux solides fusibles, comme un plastique. Il commence \u00e0 fondre \u00e0 environ 80 \u00b0 C et est souvent appliqu\u00e9 \u00e0 160 \u00b0 C. Dans la phase fluide, il a d\u00e9j\u00e0 une certaine adh\u00e9rence \u00e0 chaud, le r\u00e9glage rapide unique est r\u00e9alis\u00e9 par son refroidissement rapide apr\u00e8s l&#039;application \u00e0 chaud.<\/p>\n\n\n\n<figure class=\"wp-block-image size-large\"><img loading=\"lazy\" decoding=\"async\" width=\"1024\" height=\"643\" src=\"https:\/\/hotmelts.eu\/wp-content\/uploads\/2020\/05\/witte-korrels-hm-tank-1024x643.png\" alt=\"\" class=\"wp-image-57\" srcset=\"https:\/\/hotmelts.eu\/wp-content\/uploads\/2020\/05\/witte-korrels-hm-tank-1024x643.png 1024w, https:\/\/hotmelts.eu\/wp-content\/uploads\/2020\/05\/witte-korrels-hm-tank-300x188.png 300w, https:\/\/hotmelts.eu\/wp-content\/uploads\/2020\/05\/witte-korrels-hm-tank-768x482.png 768w, https:\/\/hotmelts.eu\/wp-content\/uploads\/2020\/05\/witte-korrels-hm-tank.png 1377w\" sizes=\"auto, (max-width: 1024px) 100vw, 1024px\" \/><figcaption>Granul\u00e9s thermofusibles<\/figcaption><\/figure>\n\n\n\n<h2 class=\"wp-block-heading\">Mat\u00e9riaux de base disponibles pour les mat\u00e9riaux adh\u00e9sifs thermofusibles<\/h2>\n\n\n\n<ul class=\"wp-block-list\"><li>Copolym\u00e8res d&#039;adh\u00e9sifs thermofusibles \u00e0 base d&#039;\u00e9thyl\u00e8ne-ac\u00e9tate de vinyle (EVA)<\/li><li>Adh\u00e9sifs thermofusibles \u00e0 base de poly-\u03b1-ol\u00e9fine amorphe<\/li><li>Adh\u00e9sifs thermofusibles \u00e0 base de polyol\u00e9fine<\/li><li>Adh\u00e9sifs thermofusibles \u00e0 base de caoutchouc synth\u00e9tique, PSA<\/li><li>Adh\u00e9sifs thermofusibles \u00e0 base de polyur\u00e9thane, PUR<\/li><\/ul>\n\n\n\n<figure class=\"wp-block-image size-large\"><img loading=\"lazy\" decoding=\"async\" width=\"1024\" height=\"699\" src=\"https:\/\/hotmelts.eu\/wp-content\/uploads\/2020\/05\/IMG_7312-psa-hotmelt-amazon-1024x699.png\" alt=\"\" class=\"wp-image-58\" srcset=\"https:\/\/hotmelts.eu\/wp-content\/uploads\/2020\/05\/IMG_7312-psa-hotmelt-amazon-1024x699.png 1024w, https:\/\/hotmelts.eu\/wp-content\/uploads\/2020\/05\/IMG_7312-psa-hotmelt-amazon-300x205.png 300w, https:\/\/hotmelts.eu\/wp-content\/uploads\/2020\/05\/IMG_7312-psa-hotmelt-amazon-768x524.png 768w, https:\/\/hotmelts.eu\/wp-content\/uploads\/2020\/05\/IMG_7312-psa-hotmelt-amazon.png 1169w\" sizes=\"auto, (max-width: 1024px) 100vw, 1024px\" \/><figcaption>Bloc thermofusible PSA<\/figcaption><\/figure>\n\n\n\n<h2 class=\"wp-block-heading\">Comment les adh\u00e9sifs thermofusibles sont appliqu\u00e9s<\/h2>\n\n\n\n<p>Les thermofusibles n\u00e9cessitent des temp\u00e9ratures \u00e9lev\u00e9es pour \u00eatre appliqu\u00e9es, la plupart du temps 160 \u00b0 C. L&#039;\u00e9quipement thermofusible couramment utilis\u00e9 est Nordson, mais de nombreux autres offrent un \u00e9quipement sp\u00e9cifique pour appliquer des adh\u00e9sifs thermofusibles dans des applications industrielles. <\/p>\n\n\n\n<figure class=\"wp-block-embed is-type-video is-provider-youtube wp-block-embed-youtube wp-embed-aspect-16-9 wp-has-aspect-ratio\"><div class=\"wp-block-embed__wrapper\">\n<iframe loading=\"lazy\" title=\"Essais d&#039;\u00e9quipement thermofusible Nordson en laboratoire\" width=\"680\" height=\"383\" src=\"https:\/\/www.youtube.com\/embed\/fKWCSek6rUQ?feature=oembed\" frameborder=\"0\" allow=\"accelerometer; autoplay; clipboard-write; encrypted-media; gyroscope; picture-in-picture\" allowfullscreen><\/iframe>\n<\/div><figcaption>Applications d&#039;adh\u00e9sif thermofusible<\/figcaption><\/figure>\n\n\n\n<p><\/p>\n\n\n\n<h2 class=\"wp-block-heading\">Usage of Hot Melt Adhesives <\/h2>\n\n\n\n<p>Les adh\u00e9sifs thermofusibles optimisent les processus de fabrication dans de nombreux march\u00e9s et applications.&nbsp;<\/p>\n\n\n\n<ul class=\"wp-block-list\"><li>Adh\u00e9sif thermofusible pour l&#039;\u00e9tanch\u00e9it\u00e9<\/li><li>Emballages alimentaires<\/li><li>L&#039;industrie de l&#039;\u00e9tiquette<\/li><li>Fabrication de papier<\/li><li>Industrie du meuble<\/li><li>Rubans auto-adh\u00e9sifs<\/li><li>Industrie automobile<\/li><li>\u00c9tiquettes auto-adh\u00e9sives<\/li><li>Industrie de la reliure de livres<\/li><li>Assemblage de produits<\/li><li>Industrie des mat\u00e9riaux sp\u00e9ciaux pour l&#039;habillement<\/li><li>Assemblage de produits blancs<\/li><li>L&#039;industrie \u00e9lectronique<\/li><li>Fabrication de pr\u00e9sentoirs en magasin<\/li><li>Industrie de l&#039;assemblage de bo\u00eetes-cadeaux<\/li><li>Industrie des produits d&#039;hygi\u00e8ne jetables<\/li><li>Industrie du filtre<\/li><li>Chaussure<\/li><\/ul>","protected":false},"excerpt":{"rendered":"<p>Hot melt adhesives are unique because of it&#8217;s application temperature and is capable of simplifying production [&hellip;]<\/p>","protected":false},"author":1,"featured_media":0,"parent":0,"menu_order":0,"comment_status":"closed","ping_status":"closed","template":"template-full-width.php","meta":{"footnotes":""},"class_list":["post-110","page","type-page","status-publish","hentry"],"yoast_head":"<!-- This site is optimized with the Yoast SEO plugin v24.9 - https:\/\/yoast.com\/wordpress\/plugins\/seo\/ -->\n<title>Hot-melt - Hotmelt adhesives<\/title>\n<meta name=\"robots\" content=\"index, follow, max-snippet:-1, max-image-preview:large, max-video-preview:-1\" \/>\n<link rel=\"canonical\" href=\"https:\/\/hotmelts.eu\/fr\/hot-melt-2\/\" \/>\n<meta property=\"og:locale\" content=\"fr_FR\" \/>\n<meta property=\"og:type\" content=\"article\" \/>\n<meta property=\"og:title\" content=\"Hot-melt - Hotmelt adhesives\" \/>\n<meta property=\"og:description\" content=\"Hot melt adhesives are unique because of it&#8217;s application temperature and is capable of simplifying production [&hellip;]\" \/>\n<meta property=\"og:url\" content=\"https:\/\/hotmelts.eu\/fr\/hot-melt-2\/\" \/>\n<meta property=\"og:site_name\" content=\"Hotmelt adhesives\" \/>\n<meta property=\"article:modified_time\" content=\"2021-09-20T10:40:59+00:00\" \/>\n<meta property=\"og:image\" content=\"https:\/\/hotmelts.eu\/wp-content\/uploads\/2020\/05\/IMG_7353-kopie-hotmelt-sticks-whitebg-1024x768.png\" \/>\n<meta name=\"twitter:card\" content=\"summary_large_image\" \/>\n<meta name=\"twitter:label1\" content=\"Dur\u00e9e de lecture est.\" \/>\n\t<meta name=\"twitter:data1\" content=\"2 minutes\" \/>\n<script type=\"application\/ld+json\" class=\"yoast-schema-graph\">{\"@context\":\"https:\/\/schema.org\",\"@graph\":[{\"@type\":\"WebPage\",\"@id\":\"https:\/\/hotmelts.eu\/nn\/hot-melt-2\/\",\"url\":\"https:\/\/hotmelts.eu\/nn\/hot-melt-2\/\",\"name\":\"Hot-melt - Hotmelt adhesives\",\"isPartOf\":{\"@id\":\"https:\/\/hotmelts.eu\/nn\/#website\"},\"primaryImageOfPage\":{\"@id\":\"https:\/\/hotmelts.eu\/nn\/hot-melt-2\/#primaryimage\"},\"image\":{\"@id\":\"https:\/\/hotmelts.eu\/nn\/hot-melt-2\/#primaryimage\"},\"thumbnailUrl\":\"https:\/\/hotmelts.eu\/wp-content\/uploads\/2020\/05\/IMG_7353-kopie-hotmelt-sticks-whitebg-1024x768.png\",\"datePublished\":\"2021-08-23T11:51:23+00:00\",\"dateModified\":\"2021-09-20T10:40:59+00:00\",\"breadcrumb\":{\"@id\":\"https:\/\/hotmelts.eu\/nn\/hot-melt-2\/#breadcrumb\"},\"inLanguage\":\"fr-BE\",\"potentialAction\":[{\"@type\":\"ReadAction\",\"target\":[\"https:\/\/hotmelts.eu\/nn\/hot-melt-2\/\"]}]},{\"@type\":\"ImageObject\",\"inLanguage\":\"fr-BE\",\"@id\":\"https:\/\/hotmelts.eu\/nn\/hot-melt-2\/#primaryimage\",\"url\":\"https:\/\/hotmelts.eu\/wp-content\/uploads\/2020\/05\/IMG_7353-kopie-hotmelt-sticks-whitebg-1024x768.png\",\"contentUrl\":\"https:\/\/hotmelts.eu\/wp-content\/uploads\/2020\/05\/IMG_7353-kopie-hotmelt-sticks-whitebg-1024x768.png\"},{\"@type\":\"BreadcrumbList\",\"@id\":\"https:\/\/hotmelts.eu\/nn\/hot-melt-2\/#breadcrumb\",\"itemListElement\":[{\"@type\":\"ListItem\",\"position\":1,\"name\":\"Home\",\"item\":\"https:\/\/hotmelts.eu\/nn\/\"},{\"@type\":\"ListItem\",\"position\":2,\"name\":\"Hot-melt\"}]},{\"@type\":\"WebSite\",\"@id\":\"https:\/\/hotmelts.eu\/nn\/#website\",\"url\":\"https:\/\/hotmelts.eu\/nn\/\",\"name\":\"Hotmelts, Adhesives & Glues\",\"description\":\"Packaging, EVA, PO, PUR and PSA manufacturing\",\"publisher\":{\"@id\":\"https:\/\/hotmelts.eu\/nn\/#organization\"},\"potentialAction\":[{\"@type\":\"SearchAction\",\"target\":{\"@type\":\"EntryPoint\",\"urlTemplate\":\"https:\/\/hotmelts.eu\/nn\/?s={search_term_string}\"},\"query-input\":{\"@type\":\"PropertyValueSpecification\",\"valueRequired\":true,\"valueName\":\"search_term_string\"}}],\"inLanguage\":\"fr-BE\"},{\"@type\":\"Organization\",\"@id\":\"https:\/\/hotmelts.eu\/nn\/#organization\",\"name\":\"Hot melt, Adhesives & Glues\",\"url\":\"https:\/\/hotmelts.eu\/nn\/\",\"logo\":{\"@type\":\"ImageObject\",\"inLanguage\":\"fr-BE\",\"@id\":\"https:\/\/hotmelts.eu\/nn\/#\/schema\/logo\/image\/\",\"url\":\"https:\/\/hotmelts.eu\/wp-content\/uploads\/2021\/08\/cropped-logo-intercol-blank-TRANSP22-white.png\",\"contentUrl\":\"https:\/\/hotmelts.eu\/wp-content\/uploads\/2021\/08\/cropped-logo-intercol-blank-TRANSP22-white.png\",\"width\":200,\"height\":100,\"caption\":\"Hot melt, Adhesives & Glues\"},\"image\":{\"@id\":\"https:\/\/hotmelts.eu\/nn\/#\/schema\/logo\/image\/\"}}]}<\/script>\n<!-- \/ Yoast SEO plugin. -->","yoast_head_json":{"title":"Hot-melt - Hotmelt adhesives","robots":{"index":"index","follow":"follow","max-snippet":"max-snippet:-1","max-image-preview":"max-image-preview:large","max-video-preview":"max-video-preview:-1"},"canonical":"https:\/\/hotmelts.eu\/fr\/hot-melt-2\/","og_locale":"fr_FR","og_type":"article","og_title":"Hot-melt - Hotmelt adhesives","og_description":"Hot melt adhesives are unique because of it&#8217;s application temperature and is capable of simplifying production [&hellip;]","og_url":"https:\/\/hotmelts.eu\/fr\/hot-melt-2\/","og_site_name":"Hotmelt adhesives","article_modified_time":"2021-09-20T10:40:59+00:00","og_image":[{"url":"https:\/\/hotmelts.eu\/wp-content\/uploads\/2020\/05\/IMG_7353-kopie-hotmelt-sticks-whitebg-1024x768.png","type":"","width":"","height":""}],"twitter_card":"summary_large_image","twitter_misc":{"Dur\u00e9e de lecture est.":"2 minutes"},"schema":{"@context":"https:\/\/schema.org","@graph":[{"@type":"WebPage","@id":"https:\/\/hotmelts.eu\/nn\/hot-melt-2\/","url":"https:\/\/hotmelts.eu\/nn\/hot-melt-2\/","name":"Hot-melt - Hotmelt adhesives","isPartOf":{"@id":"https:\/\/hotmelts.eu\/nn\/#website"},"primaryImageOfPage":{"@id":"https:\/\/hotmelts.eu\/nn\/hot-melt-2\/#primaryimage"},"image":{"@id":"https:\/\/hotmelts.eu\/nn\/hot-melt-2\/#primaryimage"},"thumbnailUrl":"https:\/\/hotmelts.eu\/wp-content\/uploads\/2020\/05\/IMG_7353-kopie-hotmelt-sticks-whitebg-1024x768.png","datePublished":"2021-08-23T11:51:23+00:00","dateModified":"2021-09-20T10:40:59+00:00","breadcrumb":{"@id":"https:\/\/hotmelts.eu\/nn\/hot-melt-2\/#breadcrumb"},"inLanguage":"fr-BE","potentialAction":[{"@type":"ReadAction","target":["https:\/\/hotmelts.eu\/nn\/hot-melt-2\/"]}]},{"@type":"ImageObject","inLanguage":"fr-BE","@id":"https:\/\/hotmelts.eu\/nn\/hot-melt-2\/#primaryimage","url":"https:\/\/hotmelts.eu\/wp-content\/uploads\/2020\/05\/IMG_7353-kopie-hotmelt-sticks-whitebg-1024x768.png","contentUrl":"https:\/\/hotmelts.eu\/wp-content\/uploads\/2020\/05\/IMG_7353-kopie-hotmelt-sticks-whitebg-1024x768.png"},{"@type":"BreadcrumbList","@id":"https:\/\/hotmelts.eu\/nn\/hot-melt-2\/#breadcrumb","itemListElement":[{"@type":"ListItem","position":1,"name":"Home","item":"https:\/\/hotmelts.eu\/nn\/"},{"@type":"ListItem","position":2,"name":"Hot-melt"}]},{"@type":"WebSite","@id":"https:\/\/hotmelts.eu\/nn\/#website","url":"https:\/\/hotmelts.eu\/nn\/","name":"Hotmelts, Adhesives & Glues","description":"Fabrication d&#039;emballages, EVA, PO, PUR et PSA","publisher":{"@id":"https:\/\/hotmelts.eu\/nn\/#organization"},"potentialAction":[{"@type":"SearchAction","target":{"@type":"EntryPoint","urlTemplate":"https:\/\/hotmelts.eu\/nn\/?s={search_term_string}"},"query-input":{"@type":"PropertyValueSpecification","valueRequired":true,"valueName":"search_term_string"}}],"inLanguage":"fr-BE"},{"@type":"Organization","@id":"https:\/\/hotmelts.eu\/nn\/#organization","name":"Hot melt, Adhesives & Glues","url":"https:\/\/hotmelts.eu\/nn\/","logo":{"@type":"ImageObject","inLanguage":"fr-BE","@id":"https:\/\/hotmelts.eu\/nn\/#\/schema\/logo\/image\/","url":"https:\/\/hotmelts.eu\/wp-content\/uploads\/2021\/08\/cropped-logo-intercol-blank-TRANSP22-white.png","contentUrl":"https:\/\/hotmelts.eu\/wp-content\/uploads\/2021\/08\/cropped-logo-intercol-blank-TRANSP22-white.png","width":200,"height":100,"caption":"Hot melt, Adhesives & Glues"},"image":{"@id":"https:\/\/hotmelts.eu\/nn\/#\/schema\/logo\/image\/"}}]}},"_links":{"self":[{"href":"https:\/\/hotmelts.eu\/fr\/wp-json\/wp\/v2\/pages\/110","targetHints":{"allow":["GET"]}}],"collection":[{"href":"https:\/\/hotmelts.eu\/fr\/wp-json\/wp\/v2\/pages"}],"about":[{"href":"https:\/\/hotmelts.eu\/fr\/wp-json\/wp\/v2\/types\/page"}],"author":[{"embeddable":true,"href":"https:\/\/hotmelts.eu\/fr\/wp-json\/wp\/v2\/users\/1"}],"replies":[{"embeddable":true,"href":"https:\/\/hotmelts.eu\/fr\/wp-json\/wp\/v2\/comments?post=110"}],"version-history":[{"count":2,"href":"https:\/\/hotmelts.eu\/fr\/wp-json\/wp\/v2\/pages\/110\/revisions"}],"predecessor-version":[{"id":113,"href":"https:\/\/hotmelts.eu\/fr\/wp-json\/wp\/v2\/pages\/110\/revisions\/113"}],"wp:attachment":[{"href":"https:\/\/hotmelts.eu\/fr\/wp-json\/wp\/v2\/media?parent=110"}],"curies":[{"name":"wp","href":"https:\/\/api.w.org\/{rel}","templated":true}]}}