{"id":41,"date":"2020-05-28T21:29:48","date_gmt":"2020-05-28T21:29:48","guid":{"rendered":"https:\/\/hotmelts.eu\/?page_id=41"},"modified":"2020-05-28T21:32:03","modified_gmt":"2020-05-28T21:32:03","slug":"bulk-hot-melt","status":"publish","type":"page","link":"https:\/\/hotmelts.eu\/es\/bulk-hot-melt\/","title":{"rendered":"Hot melt a granel"},"content":{"rendered":"<p>Los adhesivos termofusibles a granel a menudo se suministran en barriles o gr\u00e1nulos de 200 litros. Estos gr\u00e1nulos se pueden envasar en sacos peque\u00f1os o grandes de 1.000Kg.<\/p>\n\n\n\n<figure class=\"wp-block-gallery columns-1 is-cropped wp-block-gallery-1 is-layout-flex wp-block-gallery-is-layout-flex\"><ul class=\"blocks-gallery-grid\"><li class=\"blocks-gallery-item\"><figure><img loading=\"lazy\" decoding=\"async\" width=\"865\" height=\"1024\" src=\"https:\/\/hotmelts.eu\/wp-content\/uploads\/2020\/05\/1-865x1024.png\" alt=\"\" data-id=\"42\" data-full-url=\"https:\/\/hotmelts.eu\/wp-content\/uploads\/2020\/05\/1.png\" data-link=\"https:\/\/hotmelts.eu\/?attachment_id=42\" class=\"wp-image-42\" srcset=\"https:\/\/hotmelts.eu\/wp-content\/uploads\/2020\/05\/1-865x1024.png 865w, https:\/\/hotmelts.eu\/wp-content\/uploads\/2020\/05\/1-253x300.png 253w, https:\/\/hotmelts.eu\/wp-content\/uploads\/2020\/05\/1-768x909.png 768w, https:\/\/hotmelts.eu\/wp-content\/uploads\/2020\/05\/1-1297x1536.png 1297w, https:\/\/hotmelts.eu\/wp-content\/uploads\/2020\/05\/1.png 1493w\" sizes=\"auto, (max-width: 865px) 100vw, 865px\" \/><\/figure><\/li><\/ul><figcaption class=\"blocks-gallery-caption\">Poliolefina termofusible a granel<br><\/figcaption><\/figure>\n\n\n\n<p>Los adhesivos termofusibles a granel en gr\u00e1nulos o gr\u00e1nulos se pueden transportar f\u00e1cilmente en sistemas de alimentaci\u00f3n autom\u00e1tica, como los sistemas Nordson Autofill o Nordson Freedom.<\/p>\n\n\n\n<figure class=\"wp-block-embed-youtube wp-block-embed is-type-video is-provider-youtube wp-embed-aspect-16-9 wp-has-aspect-ratio\"><div class=\"wp-block-embed__wrapper\">\n<iframe loading=\"lazy\" title=\"Adhesivos termofusibles Intercol\" width=\"680\" height=\"383\" src=\"https:\/\/www.youtube.com\/embed\/Ypzhe41eUCU?feature=oembed\" frameborder=\"0\" allow=\"accelerometer; autoplay; clipboard-write; encrypted-media; gyroscope; picture-in-picture\" allowfullscreen><\/iframe>\n<\/div><figcaption>Fabricaci\u00f3n de hotmelt<\/figcaption><\/figure>\n\n\n\n<p>Los adhesivos termofusibles a granel se utilizan en muchos procesos de producci\u00f3n, como el envasado de alimentos, el envasado general, la fabricaci\u00f3n de cajas de cart\u00f3n, la fabricaci\u00f3n de filtros, la fabricaci\u00f3n de productos autoadhesivos, muebles, madera y con fines de construcci\u00f3n.<\/p>\n\n\n\n<figure class=\"wp-block-image size-large\"><img loading=\"lazy\" decoding=\"async\" width=\"1024\" height=\"699\" src=\"https:\/\/hotmelts.eu\/wp-content\/uploads\/2020\/05\/1-1-1024x699.png\" alt=\"\" class=\"wp-image-43\" srcset=\"https:\/\/hotmelts.eu\/wp-content\/uploads\/2020\/05\/1-1-1024x699.png 1024w, https:\/\/hotmelts.eu\/wp-content\/uploads\/2020\/05\/1-1-300x205.png 300w, https:\/\/hotmelts.eu\/wp-content\/uploads\/2020\/05\/1-1-768x524.png 768w, https:\/\/hotmelts.eu\/wp-content\/uploads\/2020\/05\/1-1.png 1169w\" sizes=\"auto, (max-width: 1024px) 100vw, 1024px\" \/><figcaption>Bloque termofusible PSA<\/figcaption><\/figure>","protected":false},"excerpt":{"rendered":"<p>Bulk hot melt adhesives are often supplied in 200L barrels or prills. These prills can be [&hellip;]<\/p>","protected":false},"author":1,"featured_media":0,"parent":0,"menu_order":0,"comment_status":"closed","ping_status":"closed","template":"","meta":{"footnotes":""},"class_list":["post-41","page","type-page","status-publish","hentry"],"yoast_head":"<!-- This site is optimized with the Yoast SEO plugin v24.9 - https:\/\/yoast.com\/wordpress\/plugins\/seo\/ -->\n<title>Bulk hot melt - Hotmelt adhesives<\/title>\n<meta name=\"robots\" content=\"index, follow, max-snippet:-1, max-image-preview:large, max-video-preview:-1\" \/>\n<link rel=\"canonical\" href=\"https:\/\/hotmelts.eu\/es\/bulk-hot-melt\/\" \/>\n<meta property=\"og:locale\" content=\"es_ES\" \/>\n<meta property=\"og:type\" content=\"article\" \/>\n<meta property=\"og:title\" content=\"Bulk hot melt - Hotmelt adhesives\" \/>\n<meta property=\"og:description\" content=\"Bulk hot melt adhesives are often supplied in 200L barrels or prills. These prills can be [&hellip;]\" \/>\n<meta property=\"og:url\" content=\"https:\/\/hotmelts.eu\/es\/bulk-hot-melt\/\" \/>\n<meta property=\"og:site_name\" content=\"Hotmelt adhesives\" \/>\n<meta property=\"article:modified_time\" content=\"2020-05-28T21:32:03+00:00\" \/>\n<meta property=\"og:image\" content=\"https:\/\/hotmelts.eu\/wp-content\/uploads\/2020\/05\/1-865x1024.png\" \/>\n<meta name=\"twitter:card\" content=\"summary_large_image\" \/>\n<script type=\"application\/ld+json\" class=\"yoast-schema-graph\">{\"@context\":\"https:\/\/schema.org\",\"@graph\":[{\"@type\":\"WebPage\",\"@id\":\"https:\/\/hotmelts.eu\/nn\/bulk-hot-melt\/\",\"url\":\"https:\/\/hotmelts.eu\/nn\/bulk-hot-melt\/\",\"name\":\"Bulk hot melt - Hotmelt adhesives\",\"isPartOf\":{\"@id\":\"https:\/\/hotmelts.eu\/nn\/#website\"},\"primaryImageOfPage\":{\"@id\":\"https:\/\/hotmelts.eu\/nn\/bulk-hot-melt\/#primaryimage\"},\"image\":{\"@id\":\"https:\/\/hotmelts.eu\/nn\/bulk-hot-melt\/#primaryimage\"},\"thumbnailUrl\":\"https:\/\/hotmelts.eu\/wp-content\/uploads\/2020\/05\/1-865x1024.png\",\"datePublished\":\"2020-05-28T21:29:48+00:00\",\"dateModified\":\"2020-05-28T21:32:03+00:00\",\"breadcrumb\":{\"@id\":\"https:\/\/hotmelts.eu\/nn\/bulk-hot-melt\/#breadcrumb\"},\"inLanguage\":\"es\",\"potentialAction\":[{\"@type\":\"ReadAction\",\"target\":[\"https:\/\/hotmelts.eu\/nn\/bulk-hot-melt\/\"]}]},{\"@type\":\"ImageObject\",\"inLanguage\":\"es\",\"@id\":\"https:\/\/hotmelts.eu\/nn\/bulk-hot-melt\/#primaryimage\",\"url\":\"https:\/\/hotmelts.eu\/wp-content\/uploads\/2020\/05\/1-865x1024.png\",\"contentUrl\":\"https:\/\/hotmelts.eu\/wp-content\/uploads\/2020\/05\/1-865x1024.png\"},{\"@type\":\"BreadcrumbList\",\"@id\":\"https:\/\/hotmelts.eu\/nn\/bulk-hot-melt\/#breadcrumb\",\"itemListElement\":[{\"@type\":\"ListItem\",\"position\":1,\"name\":\"Home\",\"item\":\"https:\/\/hotmelts.eu\/nn\/\"},{\"@type\":\"ListItem\",\"position\":2,\"name\":\"Bulk hot melt\"}]},{\"@type\":\"WebSite\",\"@id\":\"https:\/\/hotmelts.eu\/nn\/#website\",\"url\":\"https:\/\/hotmelts.eu\/nn\/\",\"name\":\"Hotmelts, Adhesives & Glues\",\"description\":\"Packaging, EVA, PO, PUR and PSA manufacturing\",\"publisher\":{\"@id\":\"https:\/\/hotmelts.eu\/nn\/#organization\"},\"potentialAction\":[{\"@type\":\"SearchAction\",\"target\":{\"@type\":\"EntryPoint\",\"urlTemplate\":\"https:\/\/hotmelts.eu\/nn\/?s={search_term_string}\"},\"query-input\":{\"@type\":\"PropertyValueSpecification\",\"valueRequired\":true,\"valueName\":\"search_term_string\"}}],\"inLanguage\":\"es\"},{\"@type\":\"Organization\",\"@id\":\"https:\/\/hotmelts.eu\/nn\/#organization\",\"name\":\"Hot melt, Adhesives & Glues\",\"url\":\"https:\/\/hotmelts.eu\/nn\/\",\"logo\":{\"@type\":\"ImageObject\",\"inLanguage\":\"es\",\"@id\":\"https:\/\/hotmelts.eu\/nn\/#\/schema\/logo\/image\/\",\"url\":\"https:\/\/hotmelts.eu\/wp-content\/uploads\/2021\/08\/cropped-logo-intercol-blank-TRANSP22-white.png\",\"contentUrl\":\"https:\/\/hotmelts.eu\/wp-content\/uploads\/2021\/08\/cropped-logo-intercol-blank-TRANSP22-white.png\",\"width\":200,\"height\":100,\"caption\":\"Hot melt, Adhesives & Glues\"},\"image\":{\"@id\":\"https:\/\/hotmelts.eu\/nn\/#\/schema\/logo\/image\/\"}}]}<\/script>\n<!-- \/ Yoast SEO plugin. -->","yoast_head_json":{"title":"Bulk hot melt - Hotmelt adhesives","robots":{"index":"index","follow":"follow","max-snippet":"max-snippet:-1","max-image-preview":"max-image-preview:large","max-video-preview":"max-video-preview:-1"},"canonical":"https:\/\/hotmelts.eu\/es\/bulk-hot-melt\/","og_locale":"es_ES","og_type":"article","og_title":"Bulk hot melt - Hotmelt adhesives","og_description":"Bulk hot melt adhesives are often supplied in 200L barrels or prills. These prills can be [&hellip;]","og_url":"https:\/\/hotmelts.eu\/es\/bulk-hot-melt\/","og_site_name":"Hotmelt adhesives","article_modified_time":"2020-05-28T21:32:03+00:00","og_image":[{"url":"https:\/\/hotmelts.eu\/wp-content\/uploads\/2020\/05\/1-865x1024.png","type":"","width":"","height":""}],"twitter_card":"summary_large_image","schema":{"@context":"https:\/\/schema.org","@graph":[{"@type":"WebPage","@id":"https:\/\/hotmelts.eu\/nn\/bulk-hot-melt\/","url":"https:\/\/hotmelts.eu\/nn\/bulk-hot-melt\/","name":"Bulk hot melt - Hotmelt adhesives","isPartOf":{"@id":"https:\/\/hotmelts.eu\/nn\/#website"},"primaryImageOfPage":{"@id":"https:\/\/hotmelts.eu\/nn\/bulk-hot-melt\/#primaryimage"},"image":{"@id":"https:\/\/hotmelts.eu\/nn\/bulk-hot-melt\/#primaryimage"},"thumbnailUrl":"https:\/\/hotmelts.eu\/wp-content\/uploads\/2020\/05\/1-865x1024.png","datePublished":"2020-05-28T21:29:48+00:00","dateModified":"2020-05-28T21:32:03+00:00","breadcrumb":{"@id":"https:\/\/hotmelts.eu\/nn\/bulk-hot-melt\/#breadcrumb"},"inLanguage":"es","potentialAction":[{"@type":"ReadAction","target":["https:\/\/hotmelts.eu\/nn\/bulk-hot-melt\/"]}]},{"@type":"ImageObject","inLanguage":"es","@id":"https:\/\/hotmelts.eu\/nn\/bulk-hot-melt\/#primaryimage","url":"https:\/\/hotmelts.eu\/wp-content\/uploads\/2020\/05\/1-865x1024.png","contentUrl":"https:\/\/hotmelts.eu\/wp-content\/uploads\/2020\/05\/1-865x1024.png"},{"@type":"BreadcrumbList","@id":"https:\/\/hotmelts.eu\/nn\/bulk-hot-melt\/#breadcrumb","itemListElement":[{"@type":"ListItem","position":1,"name":"Home","item":"https:\/\/hotmelts.eu\/nn\/"},{"@type":"ListItem","position":2,"name":"Bulk hot melt"}]},{"@type":"WebSite","@id":"https:\/\/hotmelts.eu\/nn\/#website","url":"https:\/\/hotmelts.eu\/nn\/","name":"Hotmelts, Adhesives & Glues","description":"Fabricaci\u00f3n de envases, EVA, PO, PUR y PSA","publisher":{"@id":"https:\/\/hotmelts.eu\/nn\/#organization"},"potentialAction":[{"@type":"SearchAction","target":{"@type":"EntryPoint","urlTemplate":"https:\/\/hotmelts.eu\/nn\/?s={search_term_string}"},"query-input":{"@type":"PropertyValueSpecification","valueRequired":true,"valueName":"search_term_string"}}],"inLanguage":"es"},{"@type":"Organization","@id":"https:\/\/hotmelts.eu\/nn\/#organization","name":"Hot melt, Adhesives & Glues","url":"https:\/\/hotmelts.eu\/nn\/","logo":{"@type":"ImageObject","inLanguage":"es","@id":"https:\/\/hotmelts.eu\/nn\/#\/schema\/logo\/image\/","url":"https:\/\/hotmelts.eu\/wp-content\/uploads\/2021\/08\/cropped-logo-intercol-blank-TRANSP22-white.png","contentUrl":"https:\/\/hotmelts.eu\/wp-content\/uploads\/2021\/08\/cropped-logo-intercol-blank-TRANSP22-white.png","width":200,"height":100,"caption":"Hot melt, Adhesives & Glues"},"image":{"@id":"https:\/\/hotmelts.eu\/nn\/#\/schema\/logo\/image\/"}}]}},"_links":{"self":[{"href":"https:\/\/hotmelts.eu\/es\/wp-json\/wp\/v2\/pages\/41","targetHints":{"allow":["GET"]}}],"collection":[{"href":"https:\/\/hotmelts.eu\/es\/wp-json\/wp\/v2\/pages"}],"about":[{"href":"https:\/\/hotmelts.eu\/es\/wp-json\/wp\/v2\/types\/page"}],"author":[{"embeddable":true,"href":"https:\/\/hotmelts.eu\/es\/wp-json\/wp\/v2\/users\/1"}],"replies":[{"embeddable":true,"href":"https:\/\/hotmelts.eu\/es\/wp-json\/wp\/v2\/comments?post=41"}],"version-history":[{"count":2,"href":"https:\/\/hotmelts.eu\/es\/wp-json\/wp\/v2\/pages\/41\/revisions"}],"predecessor-version":[{"id":47,"href":"https:\/\/hotmelts.eu\/es\/wp-json\/wp\/v2\/pages\/41\/revisions\/47"}],"wp:attachment":[{"href":"https:\/\/hotmelts.eu\/es\/wp-json\/wp\/v2\/media?parent=41"}],"curies":[{"name":"wp","href":"https:\/\/api.w.org\/{rel}","templated":true}]}}