{"id":24,"date":"2020-05-28T15:08:16","date_gmt":"2020-05-28T15:08:16","guid":{"rendered":"https:\/\/hotmelts.eu\/?page_id=24"},"modified":"2020-05-28T20:32:57","modified_gmt":"2020-05-28T20:32:57","slug":"psa-hot-melt-adhesives","status":"publish","type":"page","link":"https:\/\/hotmelts.eu\/es\/psa-hot-melt-adhesives\/","title":{"rendered":"Adhesivos termofusibles PSA"},"content":{"rendered":"<p>Los adhesivos sensibles a la presi\u00f3n son sistemas de fraguado f\u00edsico que se caracterizan por su pegajosidad permanente. Los adhesivos logran su adhesi\u00f3n a los materiales a unir mediante una presi\u00f3n de contacto a ejercer - al aumentar la presi\u00f3n de contacto se produce una mejor adhesi\u00f3n. Como la uni\u00f3n de adhesivos sensibles a la presi\u00f3n puede tener lugar tanto antes como despu\u00e9s del proceso de fraguado, dependiendo de la fuerza de la pegajosidad permanente, a menudo se utilizan para el prerrevestimiento. Esto significa que el proceso de solicitud se puede realizar independientemente del enlace en t\u00e9rminos de tiempo y espacio.<br>Los adhesivos sensibles a la presi\u00f3n de fusi\u00f3n en caliente de Intercol se caracterizan por una alta adherencia a diferentes materiales y por su alta resistencia y flexibilidad. En el procesamiento, estos adhesivos modernos obtienen puntos debido a su pegajosidad inicial superior a la media y su excelente estabilidad de viscosidad.<\/p>\n\n\n\n<h2 class=\"wp-block-heading\">Pegajoso<\/h2>\n\n\n\n<p>Los adhesivos sensibles a la presi\u00f3n se caracterizan por su pegajosidad permanente. Con solo la presi\u00f3n de contacto se produce una adhesi\u00f3n r\u00e1pida, cuanto m\u00e1s presi\u00f3n aplicada, mayor es la fuerza de adhesi\u00f3n. Como la uni\u00f3n de sustratos con adhesivos sensibles a la presi\u00f3n puede tener lugar tanto antes como despu\u00e9s del proceso de fraguado en caliente, se puede utilizar con aplicaciones en l\u00ednea, pero se utilizan con mayor frecuencia para el prerrevestimiento. <\/p>\n\n\n\n<p>Los adhesivos sensibles a la presi\u00f3n de fusi\u00f3n en caliente a menudo pueden proporcionar una alta adherencia inicial a diferentes materiales y una alta resistencia y flexibilidad.<\/p>\n\n\n\n<h2 class=\"wp-block-heading\">Propiedades <\/h2>\n\n\n\n<p>Los adhesivos sensibles a la presi\u00f3n de fusi\u00f3n en caliente ofrecen las siguientes ventajas:<\/p>\n\n\n\n<ul class=\"wp-block-list\"><li>Altas velocidades de producci\u00f3n en l\u00ednea, sin paradas intermitentes.<\/li><li>Sin disolventes, 100 contenidos de s\u00f3lidos %<\/li><li>Amplio espectro de adherencia a diferentes materiales.<\/li><li>Propiedades de relleno, nivelaci\u00f3n de la superficie.<\/li><li>Elasticidad de la l\u00ednea de cola<\/li><li>Posibilidad de recubrimiento previo para cintas y etiquetas autoadhesivas<\/li><li>La junta adhesiva puede desprenderse por entrada de calor.<\/li><li>Los grados alcalinos dispersables est\u00e1n disponibles para el reciclaje de pl\u00e1sticos.<\/li><\/ul>\n\n\n\n<p><\/p>\n\n\n\n<p><\/p>\n\n\n\n<figure class=\"wp-block-image size-large\"><img loading=\"lazy\" decoding=\"async\" width=\"907\" height=\"619\" src=\"https:\/\/hotmelts.eu\/wp-content\/uploads\/2020\/05\/psa-hot-melt-parcelboxes.png\" alt=\"\" class=\"wp-image-35\" srcset=\"https:\/\/hotmelts.eu\/wp-content\/uploads\/2020\/05\/psa-hot-melt-parcelboxes.png 907w, https:\/\/hotmelts.eu\/wp-content\/uploads\/2020\/05\/psa-hot-melt-parcelboxes-300x205.png 300w, https:\/\/hotmelts.eu\/wp-content\/uploads\/2020\/05\/psa-hot-melt-parcelboxes-768x524.png 768w\" sizes=\"auto, (max-width: 907px) 100vw, 907px\" \/><figcaption>Adhesivo termofusible PSA para la fabricaci\u00f3n de cajas de paqueter\u00eda<\/figcaption><\/figure>\n\n\n\n<h2 class=\"wp-block-heading\">Cajas de paqueter\u00eda<\/h2>\n\n\n\n<p>Las cajas de paquetes, los sobres y otros materiales de embalaje a menudo se producen con cierres autoadhesivos.<\/p>\n\n\n\n<p><\/p>\n\n\n\n<p>.<\/p>\n\n\n\n<p><\/p>\n\n\n\n<p><\/p>","protected":false},"excerpt":{"rendered":"<p>Pressure-sensitive adhesives are physically setting systems that are characterised by their permanent tack. The adhesives achieve [&hellip;]<\/p>","protected":false},"author":1,"featured_media":0,"parent":0,"menu_order":0,"comment_status":"closed","ping_status":"closed","template":"","meta":{"footnotes":""},"class_list":["post-24","page","type-page","status-publish","hentry"],"yoast_head":"<!-- This site is optimized with the Yoast SEO plugin v24.9 - https:\/\/yoast.com\/wordpress\/plugins\/seo\/ -->\n<title>PSA hot melt adhesives - Hotmelt adhesives<\/title>\n<meta name=\"robots\" content=\"index, follow, max-snippet:-1, max-image-preview:large, max-video-preview:-1\" \/>\n<link rel=\"canonical\" href=\"https:\/\/hotmelts.eu\/es\/psa-hot-melt-adhesives\/\" \/>\n<meta property=\"og:locale\" content=\"es_ES\" \/>\n<meta property=\"og:type\" content=\"article\" \/>\n<meta property=\"og:title\" content=\"PSA hot melt adhesives - Hotmelt adhesives\" \/>\n<meta property=\"og:description\" content=\"Pressure-sensitive adhesives are physically setting systems that are characterised by their permanent tack. The adhesives achieve [&hellip;]\" \/>\n<meta property=\"og:url\" content=\"https:\/\/hotmelts.eu\/es\/psa-hot-melt-adhesives\/\" \/>\n<meta property=\"og:site_name\" content=\"Hotmelt adhesives\" \/>\n<meta property=\"article:modified_time\" content=\"2020-05-28T20:32:57+00:00\" \/>\n<meta property=\"og:image\" content=\"https:\/\/hotmelts.eu\/wp-content\/uploads\/2020\/05\/psa-hot-melt-parcelboxes.png\" \/>\n<meta name=\"twitter:card\" content=\"summary_large_image\" \/>\n<meta name=\"twitter:label1\" content=\"Tiempo de lectura\" \/>\n\t<meta name=\"twitter:data1\" content=\"1 minuto\" \/>\n<script type=\"application\/ld+json\" class=\"yoast-schema-graph\">{\"@context\":\"https:\/\/schema.org\",\"@graph\":[{\"@type\":\"WebPage\",\"@id\":\"https:\/\/hotmelts.eu\/psa-hot-melt-adhesives\/\",\"url\":\"https:\/\/hotmelts.eu\/psa-hot-melt-adhesives\/\",\"name\":\"PSA hot melt adhesives - Hotmelt adhesives\",\"isPartOf\":{\"@id\":\"https:\/\/hotmelts.eu\/nn\/#website\"},\"primaryImageOfPage\":{\"@id\":\"https:\/\/hotmelts.eu\/psa-hot-melt-adhesives\/#primaryimage\"},\"image\":{\"@id\":\"https:\/\/hotmelts.eu\/psa-hot-melt-adhesives\/#primaryimage\"},\"thumbnailUrl\":\"https:\/\/hotmelts.eu\/wp-content\/uploads\/2020\/05\/psa-hot-melt-parcelboxes.png\",\"datePublished\":\"2020-05-28T15:08:16+00:00\",\"dateModified\":\"2020-05-28T20:32:57+00:00\",\"breadcrumb\":{\"@id\":\"https:\/\/hotmelts.eu\/psa-hot-melt-adhesives\/#breadcrumb\"},\"inLanguage\":\"es\",\"potentialAction\":[{\"@type\":\"ReadAction\",\"target\":[\"https:\/\/hotmelts.eu\/psa-hot-melt-adhesives\/\"]}]},{\"@type\":\"ImageObject\",\"inLanguage\":\"es\",\"@id\":\"https:\/\/hotmelts.eu\/psa-hot-melt-adhesives\/#primaryimage\",\"url\":\"https:\/\/hotmelts.eu\/wp-content\/uploads\/2020\/05\/psa-hot-melt-parcelboxes.png\",\"contentUrl\":\"https:\/\/hotmelts.eu\/wp-content\/uploads\/2020\/05\/psa-hot-melt-parcelboxes.png\"},{\"@type\":\"BreadcrumbList\",\"@id\":\"https:\/\/hotmelts.eu\/psa-hot-melt-adhesives\/#breadcrumb\",\"itemListElement\":[{\"@type\":\"ListItem\",\"position\":1,\"name\":\"Home\",\"item\":\"https:\/\/hotmelts.eu\/nn\/\"},{\"@type\":\"ListItem\",\"position\":2,\"name\":\"PSA hot melt adhesives\"}]},{\"@type\":\"WebSite\",\"@id\":\"https:\/\/hotmelts.eu\/nn\/#website\",\"url\":\"https:\/\/hotmelts.eu\/nn\/\",\"name\":\"Hotmelts, Adhesives & Glues\",\"description\":\"Packaging, EVA, PO, PUR and PSA manufacturing\",\"publisher\":{\"@id\":\"https:\/\/hotmelts.eu\/nn\/#organization\"},\"potentialAction\":[{\"@type\":\"SearchAction\",\"target\":{\"@type\":\"EntryPoint\",\"urlTemplate\":\"https:\/\/hotmelts.eu\/nn\/?s={search_term_string}\"},\"query-input\":{\"@type\":\"PropertyValueSpecification\",\"valueRequired\":true,\"valueName\":\"search_term_string\"}}],\"inLanguage\":\"es\"},{\"@type\":\"Organization\",\"@id\":\"https:\/\/hotmelts.eu\/nn\/#organization\",\"name\":\"Hot melt, Adhesives & Glues\",\"url\":\"https:\/\/hotmelts.eu\/nn\/\",\"logo\":{\"@type\":\"ImageObject\",\"inLanguage\":\"es\",\"@id\":\"https:\/\/hotmelts.eu\/nn\/#\/schema\/logo\/image\/\",\"url\":\"https:\/\/hotmelts.eu\/wp-content\/uploads\/2021\/08\/cropped-logo-intercol-blank-TRANSP22-white.png\",\"contentUrl\":\"https:\/\/hotmelts.eu\/wp-content\/uploads\/2021\/08\/cropped-logo-intercol-blank-TRANSP22-white.png\",\"width\":200,\"height\":100,\"caption\":\"Hot melt, Adhesives & Glues\"},\"image\":{\"@id\":\"https:\/\/hotmelts.eu\/nn\/#\/schema\/logo\/image\/\"}}]}<\/script>\n<!-- \/ Yoast SEO plugin. -->","yoast_head_json":{"title":"PSA hot melt adhesives - Hotmelt adhesives","robots":{"index":"index","follow":"follow","max-snippet":"max-snippet:-1","max-image-preview":"max-image-preview:large","max-video-preview":"max-video-preview:-1"},"canonical":"https:\/\/hotmelts.eu\/es\/psa-hot-melt-adhesives\/","og_locale":"es_ES","og_type":"article","og_title":"PSA hot melt adhesives - Hotmelt adhesives","og_description":"Pressure-sensitive adhesives are physically setting systems that are characterised by their permanent tack. The adhesives achieve [&hellip;]","og_url":"https:\/\/hotmelts.eu\/es\/psa-hot-melt-adhesives\/","og_site_name":"Hotmelt adhesives","article_modified_time":"2020-05-28T20:32:57+00:00","og_image":[{"url":"https:\/\/hotmelts.eu\/wp-content\/uploads\/2020\/05\/psa-hot-melt-parcelboxes.png","type":"","width":"","height":""}],"twitter_card":"summary_large_image","twitter_misc":{"Tiempo de lectura":"1 minuto"},"schema":{"@context":"https:\/\/schema.org","@graph":[{"@type":"WebPage","@id":"https:\/\/hotmelts.eu\/psa-hot-melt-adhesives\/","url":"https:\/\/hotmelts.eu\/psa-hot-melt-adhesives\/","name":"PSA hot melt adhesives - Hotmelt adhesives","isPartOf":{"@id":"https:\/\/hotmelts.eu\/nn\/#website"},"primaryImageOfPage":{"@id":"https:\/\/hotmelts.eu\/psa-hot-melt-adhesives\/#primaryimage"},"image":{"@id":"https:\/\/hotmelts.eu\/psa-hot-melt-adhesives\/#primaryimage"},"thumbnailUrl":"https:\/\/hotmelts.eu\/wp-content\/uploads\/2020\/05\/psa-hot-melt-parcelboxes.png","datePublished":"2020-05-28T15:08:16+00:00","dateModified":"2020-05-28T20:32:57+00:00","breadcrumb":{"@id":"https:\/\/hotmelts.eu\/psa-hot-melt-adhesives\/#breadcrumb"},"inLanguage":"es","potentialAction":[{"@type":"ReadAction","target":["https:\/\/hotmelts.eu\/psa-hot-melt-adhesives\/"]}]},{"@type":"ImageObject","inLanguage":"es","@id":"https:\/\/hotmelts.eu\/psa-hot-melt-adhesives\/#primaryimage","url":"https:\/\/hotmelts.eu\/wp-content\/uploads\/2020\/05\/psa-hot-melt-parcelboxes.png","contentUrl":"https:\/\/hotmelts.eu\/wp-content\/uploads\/2020\/05\/psa-hot-melt-parcelboxes.png"},{"@type":"BreadcrumbList","@id":"https:\/\/hotmelts.eu\/psa-hot-melt-adhesives\/#breadcrumb","itemListElement":[{"@type":"ListItem","position":1,"name":"Home","item":"https:\/\/hotmelts.eu\/nn\/"},{"@type":"ListItem","position":2,"name":"PSA hot melt adhesives"}]},{"@type":"WebSite","@id":"https:\/\/hotmelts.eu\/nn\/#website","url":"https:\/\/hotmelts.eu\/nn\/","name":"Hotmelts, Adhesives & Glues","description":"Fabricaci\u00f3n de envases, EVA, PO, PUR y PSA","publisher":{"@id":"https:\/\/hotmelts.eu\/nn\/#organization"},"potentialAction":[{"@type":"SearchAction","target":{"@type":"EntryPoint","urlTemplate":"https:\/\/hotmelts.eu\/nn\/?s={search_term_string}"},"query-input":{"@type":"PropertyValueSpecification","valueRequired":true,"valueName":"search_term_string"}}],"inLanguage":"es"},{"@type":"Organization","@id":"https:\/\/hotmelts.eu\/nn\/#organization","name":"Hot melt, Adhesives & Glues","url":"https:\/\/hotmelts.eu\/nn\/","logo":{"@type":"ImageObject","inLanguage":"es","@id":"https:\/\/hotmelts.eu\/nn\/#\/schema\/logo\/image\/","url":"https:\/\/hotmelts.eu\/wp-content\/uploads\/2021\/08\/cropped-logo-intercol-blank-TRANSP22-white.png","contentUrl":"https:\/\/hotmelts.eu\/wp-content\/uploads\/2021\/08\/cropped-logo-intercol-blank-TRANSP22-white.png","width":200,"height":100,"caption":"Hot melt, Adhesives & Glues"},"image":{"@id":"https:\/\/hotmelts.eu\/nn\/#\/schema\/logo\/image\/"}}]}},"_links":{"self":[{"href":"https:\/\/hotmelts.eu\/es\/wp-json\/wp\/v2\/pages\/24","targetHints":{"allow":["GET"]}}],"collection":[{"href":"https:\/\/hotmelts.eu\/es\/wp-json\/wp\/v2\/pages"}],"about":[{"href":"https:\/\/hotmelts.eu\/es\/wp-json\/wp\/v2\/types\/page"}],"author":[{"embeddable":true,"href":"https:\/\/hotmelts.eu\/es\/wp-json\/wp\/v2\/users\/1"}],"replies":[{"embeddable":true,"href":"https:\/\/hotmelts.eu\/es\/wp-json\/wp\/v2\/comments?post=24"}],"version-history":[{"count":3,"href":"https:\/\/hotmelts.eu\/es\/wp-json\/wp\/v2\/pages\/24\/revisions"}],"predecessor-version":[{"id":40,"href":"https:\/\/hotmelts.eu\/es\/wp-json\/wp\/v2\/pages\/24\/revisions\/40"}],"wp:attachment":[{"href":"https:\/\/hotmelts.eu\/es\/wp-json\/wp\/v2\/media?parent=24"}],"curies":[{"name":"wp","href":"https:\/\/api.w.org\/{rel}","templated":true}]}}