{"id":110,"date":"2021-08-23T11:51:23","date_gmt":"2021-08-23T11:51:23","guid":{"rendered":"https:\/\/hotmelts.eu\/?page_id=110"},"modified":"2021-09-20T10:40:59","modified_gmt":"2021-09-20T10:40:59","slug":"hot-melt-2","status":"publish","type":"page","link":"https:\/\/hotmelts.eu\/es\/hot-melt-2\/","title":{"rendered":"Fusi\u00f3n en caliente"},"content":{"rendered":"<p>Los adhesivos termofusibles son \u00fanicos debido a su temperatura de aplicaci\u00f3n y son capaces de simplificar los procesos de producci\u00f3n. Es ideal para implementar en la fabricaci\u00f3n optimizada. La alta velocidad de fraguado, la alta fuerza de uni\u00f3n, los bajos costos de aplicaci\u00f3n y la seguridad del procesamiento son la base de su \u00e9xito mundial. Los procesos de fabricaci\u00f3n en diversas industrias como electr\u00f3nica, m\u00e9dica, automotriz, muebles o alimentos y bebidas se basan en esta t\u00e9cnica adhesiva.<\/p>\n\n\n\n<figure class=\"wp-block-image size-large\"><img loading=\"lazy\" decoding=\"async\" width=\"1024\" height=\"768\" src=\"https:\/\/hotmelts.eu\/wp-content\/uploads\/2020\/05\/IMG_7353-kopie-hotmelt-sticks-whitebg-1024x768.png\" alt=\"\" class=\"wp-image-59\" srcset=\"https:\/\/hotmelts.eu\/wp-content\/uploads\/2020\/05\/IMG_7353-kopie-hotmelt-sticks-whitebg-1024x768.png 1024w, https:\/\/hotmelts.eu\/wp-content\/uploads\/2020\/05\/IMG_7353-kopie-hotmelt-sticks-whitebg-300x225.png 300w, https:\/\/hotmelts.eu\/wp-content\/uploads\/2020\/05\/IMG_7353-kopie-hotmelt-sticks-whitebg-768x576.png 768w, https:\/\/hotmelts.eu\/wp-content\/uploads\/2020\/05\/IMG_7353-kopie-hotmelt-sticks-whitebg-1536x1152.png 1536w, https:\/\/hotmelts.eu\/wp-content\/uploads\/2020\/05\/IMG_7353-kopie-hotmelt-sticks-whitebg-2048x1536.png 2048w\" sizes=\"auto, (max-width: 1024px) 100vw, 1024px\" \/><figcaption>Varillas termofusibles de 11 mm<\/figcaption><\/figure>\n\n\n\n<h2 class=\"wp-block-heading\">\u00bfQu\u00e9 son los adhesivos termofusibles?<\/h2>\n\n\n\n<p>Los adhesivos termofusibles son materiales s\u00f3lidos fundibles, como un pl\u00e1stico. Comienza a fundirse aproximadamente a 80 \u00b0 C y, a menudo, se aplica a 160 \u00b0 C. En la etapa de fluido ya tiene algo de adherencia en caliente, el fraguado r\u00e1pido \u00fanico se realiza mediante su enfriamiento r\u00e1pido despu\u00e9s de la aplicaci\u00f3n en caliente.<\/p>\n\n\n\n<figure class=\"wp-block-image size-large\"><img loading=\"lazy\" decoding=\"async\" width=\"1024\" height=\"643\" src=\"https:\/\/hotmelts.eu\/wp-content\/uploads\/2020\/05\/witte-korrels-hm-tank-1024x643.png\" alt=\"\" class=\"wp-image-57\" srcset=\"https:\/\/hotmelts.eu\/wp-content\/uploads\/2020\/05\/witte-korrels-hm-tank-1024x643.png 1024w, https:\/\/hotmelts.eu\/wp-content\/uploads\/2020\/05\/witte-korrels-hm-tank-300x188.png 300w, https:\/\/hotmelts.eu\/wp-content\/uploads\/2020\/05\/witte-korrels-hm-tank-768x482.png 768w, https:\/\/hotmelts.eu\/wp-content\/uploads\/2020\/05\/witte-korrels-hm-tank.png 1377w\" sizes=\"auto, (max-width: 1024px) 100vw, 1024px\" \/><figcaption>Gr\u00e1nulos termofusibles<\/figcaption><\/figure>\n\n\n\n<h2 class=\"wp-block-heading\">Materiales b\u00e1sicos disponibles para materiales adhesivos termofusibles<\/h2>\n\n\n\n<ul class=\"wp-block-list\"><li>Copol\u00edmeros de adhesivos termofusibles a base de etileno acetato de vinilo (EVA)<\/li><li>Adhesivos termofusibles amorfos a base de poli-\u03b1-olefinas<\/li><li>Adhesivos termofusibles a base de poliolefinas<\/li><li>Adhesivos termofusibles a base de caucho sint\u00e9tico, PSA<\/li><li>Adhesivos termofusibles a base de poliuretano, PUR<\/li><\/ul>\n\n\n\n<figure class=\"wp-block-image size-large\"><img loading=\"lazy\" decoding=\"async\" width=\"1024\" height=\"699\" src=\"https:\/\/hotmelts.eu\/wp-content\/uploads\/2020\/05\/IMG_7312-psa-hotmelt-amazon-1024x699.png\" alt=\"\" class=\"wp-image-58\" srcset=\"https:\/\/hotmelts.eu\/wp-content\/uploads\/2020\/05\/IMG_7312-psa-hotmelt-amazon-1024x699.png 1024w, https:\/\/hotmelts.eu\/wp-content\/uploads\/2020\/05\/IMG_7312-psa-hotmelt-amazon-300x205.png 300w, https:\/\/hotmelts.eu\/wp-content\/uploads\/2020\/05\/IMG_7312-psa-hotmelt-amazon-768x524.png 768w, https:\/\/hotmelts.eu\/wp-content\/uploads\/2020\/05\/IMG_7312-psa-hotmelt-amazon.png 1169w\" sizes=\"auto, (max-width: 1024px) 100vw, 1024px\" \/><figcaption>Bloque termofusible PSA<\/figcaption><\/figure>\n\n\n\n<h2 class=\"wp-block-heading\">C\u00f3mo se aplican los adhesivos termofusibles<\/h2>\n\n\n\n<p>Los termofusibles requieren la aplicaci\u00f3n de altas temperaturas, principalmente 160 \u00b0 C. El equipo termofusible de uso com\u00fan es Nordson, pero muchos otros ofrecen equipos espec\u00edficos para aplicar adhesivos termofusibles en aplicaciones industriales. <\/p>\n\n\n\n<figure class=\"wp-block-embed is-type-video is-provider-youtube wp-block-embed-youtube wp-embed-aspect-16-9 wp-has-aspect-ratio\"><div class=\"wp-block-embed__wrapper\">\n<iframe loading=\"lazy\" title=\"Pruebas de equipos termofusibles de Nordson en laboratorio\" width=\"680\" height=\"383\" src=\"https:\/\/www.youtube.com\/embed\/fKWCSek6rUQ?feature=oembed\" frameborder=\"0\" allow=\"accelerometer; autoplay; clipboard-write; encrypted-media; gyroscope; picture-in-picture\" allowfullscreen><\/iframe>\n<\/div><figcaption>Aplicaciones de adhesivo termofusible<\/figcaption><\/figure>\n\n\n\n<p><\/p>\n\n\n\n<h2 class=\"wp-block-heading\">Usage of Hot Melt Adhesives <\/h2>\n\n\n\n<p>Los adhesivos termofusibles optimizan los procesos de fabricaci\u00f3n en muchos mercados y aplicaciones.&nbsp;<\/p>\n\n\n\n<ul class=\"wp-block-list\"><li>Adhesivo termofusible para sellar<\/li><li>Envasado de alimentos<\/li><li>Industria de etiquetas<\/li><li>Fabricaci\u00f3n de papel<\/li><li>Industria del mueble<\/li><li>Cintas autoadhesivas<\/li><li>Industria del autom\u00f3vil<\/li><li>Etiquetas autoadhesivas<\/li><li>Industria de encuadernaci\u00f3n de libros<\/li><li>Ensamblaje del producto<\/li><li>Industria de materiales especiales de confecci\u00f3n<\/li><li>Montaje de electrodom\u00e9sticos<\/li><li>La industria electronica<\/li><li>Fabricaci\u00f3n de pantallas de tiendas<\/li><li>Industria de ensamblaje de cajas de regalo<\/li><li>Industria de productos de higiene desechables<\/li><li>Industria de filtros<\/li><li>Calzado<\/li><\/ul>","protected":false},"excerpt":{"rendered":"<p>Hot melt adhesives are unique because of it&#8217;s application temperature and is capable of simplifying production [&hellip;]<\/p>","protected":false},"author":1,"featured_media":0,"parent":0,"menu_order":0,"comment_status":"closed","ping_status":"closed","template":"template-full-width.php","meta":{"footnotes":""},"class_list":["post-110","page","type-page","status-publish","hentry"],"yoast_head":"<!-- This site is optimized with the Yoast SEO plugin v24.9 - https:\/\/yoast.com\/wordpress\/plugins\/seo\/ -->\n<title>Hot-melt - Hotmelt adhesives<\/title>\n<meta name=\"robots\" content=\"index, follow, max-snippet:-1, max-image-preview:large, max-video-preview:-1\" \/>\n<link rel=\"canonical\" href=\"https:\/\/hotmelts.eu\/es\/hot-melt-2\/\" \/>\n<meta property=\"og:locale\" content=\"es_ES\" \/>\n<meta property=\"og:type\" content=\"article\" \/>\n<meta property=\"og:title\" content=\"Hot-melt - Hotmelt adhesives\" \/>\n<meta property=\"og:description\" content=\"Hot melt adhesives are unique because of it&#8217;s application temperature and is capable of simplifying production [&hellip;]\" \/>\n<meta property=\"og:url\" content=\"https:\/\/hotmelts.eu\/es\/hot-melt-2\/\" \/>\n<meta property=\"og:site_name\" content=\"Hotmelt adhesives\" \/>\n<meta property=\"article:modified_time\" content=\"2021-09-20T10:40:59+00:00\" \/>\n<meta property=\"og:image\" content=\"https:\/\/hotmelts.eu\/wp-content\/uploads\/2020\/05\/IMG_7353-kopie-hotmelt-sticks-whitebg-1024x768.png\" \/>\n<meta name=\"twitter:card\" content=\"summary_large_image\" \/>\n<meta name=\"twitter:label1\" content=\"Tiempo de lectura\" \/>\n\t<meta name=\"twitter:data1\" content=\"2 minutos\" \/>\n<script type=\"application\/ld+json\" class=\"yoast-schema-graph\">{\"@context\":\"https:\/\/schema.org\",\"@graph\":[{\"@type\":\"WebPage\",\"@id\":\"https:\/\/hotmelts.eu\/nn\/hot-melt-2\/\",\"url\":\"https:\/\/hotmelts.eu\/nn\/hot-melt-2\/\",\"name\":\"Hot-melt - Hotmelt adhesives\",\"isPartOf\":{\"@id\":\"https:\/\/hotmelts.eu\/nn\/#website\"},\"primaryImageOfPage\":{\"@id\":\"https:\/\/hotmelts.eu\/nn\/hot-melt-2\/#primaryimage\"},\"image\":{\"@id\":\"https:\/\/hotmelts.eu\/nn\/hot-melt-2\/#primaryimage\"},\"thumbnailUrl\":\"https:\/\/hotmelts.eu\/wp-content\/uploads\/2020\/05\/IMG_7353-kopie-hotmelt-sticks-whitebg-1024x768.png\",\"datePublished\":\"2021-08-23T11:51:23+00:00\",\"dateModified\":\"2021-09-20T10:40:59+00:00\",\"breadcrumb\":{\"@id\":\"https:\/\/hotmelts.eu\/nn\/hot-melt-2\/#breadcrumb\"},\"inLanguage\":\"es\",\"potentialAction\":[{\"@type\":\"ReadAction\",\"target\":[\"https:\/\/hotmelts.eu\/nn\/hot-melt-2\/\"]}]},{\"@type\":\"ImageObject\",\"inLanguage\":\"es\",\"@id\":\"https:\/\/hotmelts.eu\/nn\/hot-melt-2\/#primaryimage\",\"url\":\"https:\/\/hotmelts.eu\/wp-content\/uploads\/2020\/05\/IMG_7353-kopie-hotmelt-sticks-whitebg-1024x768.png\",\"contentUrl\":\"https:\/\/hotmelts.eu\/wp-content\/uploads\/2020\/05\/IMG_7353-kopie-hotmelt-sticks-whitebg-1024x768.png\"},{\"@type\":\"BreadcrumbList\",\"@id\":\"https:\/\/hotmelts.eu\/nn\/hot-melt-2\/#breadcrumb\",\"itemListElement\":[{\"@type\":\"ListItem\",\"position\":1,\"name\":\"Home\",\"item\":\"https:\/\/hotmelts.eu\/nn\/\"},{\"@type\":\"ListItem\",\"position\":2,\"name\":\"Hot-melt\"}]},{\"@type\":\"WebSite\",\"@id\":\"https:\/\/hotmelts.eu\/nn\/#website\",\"url\":\"https:\/\/hotmelts.eu\/nn\/\",\"name\":\"Hotmelts, Adhesives & Glues\",\"description\":\"Packaging, EVA, PO, PUR and PSA manufacturing\",\"publisher\":{\"@id\":\"https:\/\/hotmelts.eu\/nn\/#organization\"},\"potentialAction\":[{\"@type\":\"SearchAction\",\"target\":{\"@type\":\"EntryPoint\",\"urlTemplate\":\"https:\/\/hotmelts.eu\/nn\/?s={search_term_string}\"},\"query-input\":{\"@type\":\"PropertyValueSpecification\",\"valueRequired\":true,\"valueName\":\"search_term_string\"}}],\"inLanguage\":\"es\"},{\"@type\":\"Organization\",\"@id\":\"https:\/\/hotmelts.eu\/nn\/#organization\",\"name\":\"Hot melt, Adhesives & Glues\",\"url\":\"https:\/\/hotmelts.eu\/nn\/\",\"logo\":{\"@type\":\"ImageObject\",\"inLanguage\":\"es\",\"@id\":\"https:\/\/hotmelts.eu\/nn\/#\/schema\/logo\/image\/\",\"url\":\"https:\/\/hotmelts.eu\/wp-content\/uploads\/2021\/08\/cropped-logo-intercol-blank-TRANSP22-white.png\",\"contentUrl\":\"https:\/\/hotmelts.eu\/wp-content\/uploads\/2021\/08\/cropped-logo-intercol-blank-TRANSP22-white.png\",\"width\":200,\"height\":100,\"caption\":\"Hot melt, Adhesives & Glues\"},\"image\":{\"@id\":\"https:\/\/hotmelts.eu\/nn\/#\/schema\/logo\/image\/\"}}]}<\/script>\n<!-- \/ Yoast SEO plugin. -->","yoast_head_json":{"title":"Hot-melt - Hotmelt adhesives","robots":{"index":"index","follow":"follow","max-snippet":"max-snippet:-1","max-image-preview":"max-image-preview:large","max-video-preview":"max-video-preview:-1"},"canonical":"https:\/\/hotmelts.eu\/es\/hot-melt-2\/","og_locale":"es_ES","og_type":"article","og_title":"Hot-melt - Hotmelt adhesives","og_description":"Hot melt adhesives are unique because of it&#8217;s application temperature and is capable of simplifying production [&hellip;]","og_url":"https:\/\/hotmelts.eu\/es\/hot-melt-2\/","og_site_name":"Hotmelt adhesives","article_modified_time":"2021-09-20T10:40:59+00:00","og_image":[{"url":"https:\/\/hotmelts.eu\/wp-content\/uploads\/2020\/05\/IMG_7353-kopie-hotmelt-sticks-whitebg-1024x768.png","type":"","width":"","height":""}],"twitter_card":"summary_large_image","twitter_misc":{"Tiempo de lectura":"2 minutos"},"schema":{"@context":"https:\/\/schema.org","@graph":[{"@type":"WebPage","@id":"https:\/\/hotmelts.eu\/nn\/hot-melt-2\/","url":"https:\/\/hotmelts.eu\/nn\/hot-melt-2\/","name":"Hot-melt - Hotmelt adhesives","isPartOf":{"@id":"https:\/\/hotmelts.eu\/nn\/#website"},"primaryImageOfPage":{"@id":"https:\/\/hotmelts.eu\/nn\/hot-melt-2\/#primaryimage"},"image":{"@id":"https:\/\/hotmelts.eu\/nn\/hot-melt-2\/#primaryimage"},"thumbnailUrl":"https:\/\/hotmelts.eu\/wp-content\/uploads\/2020\/05\/IMG_7353-kopie-hotmelt-sticks-whitebg-1024x768.png","datePublished":"2021-08-23T11:51:23+00:00","dateModified":"2021-09-20T10:40:59+00:00","breadcrumb":{"@id":"https:\/\/hotmelts.eu\/nn\/hot-melt-2\/#breadcrumb"},"inLanguage":"es","potentialAction":[{"@type":"ReadAction","target":["https:\/\/hotmelts.eu\/nn\/hot-melt-2\/"]}]},{"@type":"ImageObject","inLanguage":"es","@id":"https:\/\/hotmelts.eu\/nn\/hot-melt-2\/#primaryimage","url":"https:\/\/hotmelts.eu\/wp-content\/uploads\/2020\/05\/IMG_7353-kopie-hotmelt-sticks-whitebg-1024x768.png","contentUrl":"https:\/\/hotmelts.eu\/wp-content\/uploads\/2020\/05\/IMG_7353-kopie-hotmelt-sticks-whitebg-1024x768.png"},{"@type":"BreadcrumbList","@id":"https:\/\/hotmelts.eu\/nn\/hot-melt-2\/#breadcrumb","itemListElement":[{"@type":"ListItem","position":1,"name":"Home","item":"https:\/\/hotmelts.eu\/nn\/"},{"@type":"ListItem","position":2,"name":"Hot-melt"}]},{"@type":"WebSite","@id":"https:\/\/hotmelts.eu\/nn\/#website","url":"https:\/\/hotmelts.eu\/nn\/","name":"Hotmelts, Adhesives & Glues","description":"Fabricaci\u00f3n de envases, EVA, PO, PUR y PSA","publisher":{"@id":"https:\/\/hotmelts.eu\/nn\/#organization"},"potentialAction":[{"@type":"SearchAction","target":{"@type":"EntryPoint","urlTemplate":"https:\/\/hotmelts.eu\/nn\/?s={search_term_string}"},"query-input":{"@type":"PropertyValueSpecification","valueRequired":true,"valueName":"search_term_string"}}],"inLanguage":"es"},{"@type":"Organization","@id":"https:\/\/hotmelts.eu\/nn\/#organization","name":"Hot melt, Adhesives & Glues","url":"https:\/\/hotmelts.eu\/nn\/","logo":{"@type":"ImageObject","inLanguage":"es","@id":"https:\/\/hotmelts.eu\/nn\/#\/schema\/logo\/image\/","url":"https:\/\/hotmelts.eu\/wp-content\/uploads\/2021\/08\/cropped-logo-intercol-blank-TRANSP22-white.png","contentUrl":"https:\/\/hotmelts.eu\/wp-content\/uploads\/2021\/08\/cropped-logo-intercol-blank-TRANSP22-white.png","width":200,"height":100,"caption":"Hot melt, Adhesives & Glues"},"image":{"@id":"https:\/\/hotmelts.eu\/nn\/#\/schema\/logo\/image\/"}}]}},"_links":{"self":[{"href":"https:\/\/hotmelts.eu\/es\/wp-json\/wp\/v2\/pages\/110","targetHints":{"allow":["GET"]}}],"collection":[{"href":"https:\/\/hotmelts.eu\/es\/wp-json\/wp\/v2\/pages"}],"about":[{"href":"https:\/\/hotmelts.eu\/es\/wp-json\/wp\/v2\/types\/page"}],"author":[{"embeddable":true,"href":"https:\/\/hotmelts.eu\/es\/wp-json\/wp\/v2\/users\/1"}],"replies":[{"embeddable":true,"href":"https:\/\/hotmelts.eu\/es\/wp-json\/wp\/v2\/comments?post=110"}],"version-history":[{"count":2,"href":"https:\/\/hotmelts.eu\/es\/wp-json\/wp\/v2\/pages\/110\/revisions"}],"predecessor-version":[{"id":113,"href":"https:\/\/hotmelts.eu\/es\/wp-json\/wp\/v2\/pages\/110\/revisions\/113"}],"wp:attachment":[{"href":"https:\/\/hotmelts.eu\/es\/wp-json\/wp\/v2\/media?parent=110"}],"curies":[{"name":"wp","href":"https:\/\/api.w.org\/{rel}","templated":true}]}}