{"id":24,"date":"2020-05-28T15:08:16","date_gmt":"2020-05-28T15:08:16","guid":{"rendered":"https:\/\/hotmelts.eu\/?page_id=24"},"modified":"2020-05-28T20:32:57","modified_gmt":"2020-05-28T20:32:57","slug":"psa-hot-melt-adhesives","status":"publish","type":"page","link":"https:\/\/hotmelts.eu\/de_at\/psa-hot-melt-adhesives\/","title":{"rendered":"PSA-Schmelzklebstoffe"},"content":{"rendered":"<p>Haftklebstoffe sind physikalisch abbindende Systeme, die sich durch ihre dauerhafte Klebrigkeit auszeichnen. Die Klebstoffe erreichen ihre Haftung an den zu verklebenden Materialien durch einen auszu\u00fcbenden Kontaktdruck - mit zunehmendem Kontaktdruck wird eine bessere Haftung hergestellt. Da das F\u00fcgen von Haftklebstoffen je nach St\u00e4rke des Permanent Tack sowohl vor als auch nach dem Abbindevorgang erfolgen kann, werden diese h\u00e4ufig zur Vorbeschichtung eingesetzt. Dies bedeutet, dass der Auftragungsprozess zeitlich und r\u00e4umlich unabh\u00e4ngig von der Verklebung durchgef\u00fchrt werden kann.<br>Hotmelt-Haftklebstoffe von Intercol zeichnen sich durch eine hohe Haftung auf verschiedenen Materialien sowie durch hohe Festigkeit und Flexibilit\u00e4t aus. Bei der Verarbeitung erzielen diese modernen Klebstoffe aufgrund ihrer \u00fcberdurchschnittlichen Anfangsklebrigkeit und hervorragenden Viskosit\u00e4tsstabilit\u00e4t Punkte.<\/p>\n\n\n\n<h2 class=\"wp-block-heading\">Klebrig<\/h2>\n\n\n\n<p>Haftklebstoffe zeichnen sich durch ihre dauerhafte Klebrigkeit aus. Mit nur Kontaktdruck wird eine schnelle Haftung erzeugt, je mehr Druck ausge\u00fcbt wird, desto h\u00f6her ist die Haftfestigkeit. Da das F\u00fcgen von Substraten mit Haftklebstoffen sowohl vor als auch nach dem Hei\u00dfh\u00e4rtungsprozess erfolgen kann, kann es bei Inline-Anwendungen verwendet werden, wird jedoch h\u00e4ufiger zum Vorbeschichten verwendet. <\/p>\n\n\n\n<p>Druckempfindliche Schmelzklebstoffe k\u00f6nnen h\u00e4ufig eine hohe Anfangshaftung f\u00fcr verschiedene Materialien sowie eine hohe Festigkeit und Flexibilit\u00e4t bieten.<\/p>\n\n\n\n<h2 class=\"wp-block-heading\">Eigenschaften <\/h2>\n\n\n\n<p>Hei\u00dfschmelzende Haftklebstoffe bieten folgende Vorteile:<\/p>\n\n\n\n<ul class=\"wp-block-list\"><li>Hohe Inline-Produktionsgeschwindigkeiten, keine intermittierenden Stopps.<\/li><li>L\u00f6sungsmittelfreier, 100 % Feststoffgehalt<\/li><li>Breites Haftspektrum an verschiedenen Materialien<\/li><li>F\u00fclleigenschaften, Nivellierung der Oberfl\u00e4che<\/li><li>Elastizit\u00e4t der Klebelinie<\/li><li>Vorbeschichtung f\u00fcr B\u00e4nder und selbstklebende Etiketten m\u00f6glich<\/li><li>Die Klebeverbindung kann durch W\u00e4rmeeintrag gel\u00f6st werden.<\/li><li>F\u00fcr das Kunststoffrecycling stehen dispergierbare Alkalisorten zur Verf\u00fcgung.<\/li><\/ul>\n\n\n\n<p><\/p>\n\n\n\n<p><\/p>\n\n\n\n<figure class=\"wp-block-image size-large\"><img loading=\"lazy\" decoding=\"async\" width=\"907\" height=\"619\" src=\"https:\/\/hotmelts.eu\/wp-content\/uploads\/2020\/05\/psa-hot-melt-parcelboxes.png\" alt=\"\" class=\"wp-image-35\" srcset=\"https:\/\/hotmelts.eu\/wp-content\/uploads\/2020\/05\/psa-hot-melt-parcelboxes.png 907w, https:\/\/hotmelts.eu\/wp-content\/uploads\/2020\/05\/psa-hot-melt-parcelboxes-300x205.png 300w, https:\/\/hotmelts.eu\/wp-content\/uploads\/2020\/05\/psa-hot-melt-parcelboxes-768x524.png 768w\" sizes=\"auto, (max-width: 907px) 100vw, 907px\" \/><figcaption>PSA-Schmelzklebstoff f\u00fcr die Herstellung von Paketboxen<\/figcaption><\/figure>\n\n\n\n<h2 class=\"wp-block-heading\">Paketboxen<\/h2>\n\n\n\n<p>Paketboxen, Umschl\u00e4ge und andere Verpackungsmaterialien werden h\u00e4ufig mit selbstklebenden Verschl\u00fcssen hergestellt.<\/p>\n\n\n\n<p><\/p>\n\n\n\n<p>.<\/p>\n\n\n\n<p><\/p>\n\n\n\n<p><\/p>","protected":false},"excerpt":{"rendered":"<p>Pressure-sensitive adhesives are physically setting systems that are characterised by their permanent tack. The adhesives achieve [&hellip;]<\/p>","protected":false},"author":1,"featured_media":0,"parent":0,"menu_order":0,"comment_status":"closed","ping_status":"closed","template":"","meta":{"footnotes":""},"class_list":["post-24","page","type-page","status-publish","hentry"],"yoast_head":"<!-- This site is optimized with the Yoast SEO plugin v24.9 - https:\/\/yoast.com\/wordpress\/plugins\/seo\/ -->\n<title>PSA hot melt adhesives - Hotmelt adhesives<\/title>\n<meta name=\"robots\" content=\"index, follow, max-snippet:-1, max-image-preview:large, max-video-preview:-1\" \/>\n<link rel=\"canonical\" href=\"https:\/\/hotmelts.eu\/de_at\/psa-hot-melt-adhesives\/\" \/>\n<meta property=\"og:locale\" content=\"de_DE\" \/>\n<meta property=\"og:type\" content=\"article\" \/>\n<meta property=\"og:title\" content=\"PSA hot melt adhesives - Hotmelt adhesives\" \/>\n<meta property=\"og:description\" content=\"Pressure-sensitive adhesives are physically setting systems that are characterised by their permanent tack. The adhesives achieve [&hellip;]\" \/>\n<meta property=\"og:url\" content=\"https:\/\/hotmelts.eu\/de_at\/psa-hot-melt-adhesives\/\" \/>\n<meta property=\"og:site_name\" content=\"Hotmelt adhesives\" \/>\n<meta property=\"article:modified_time\" content=\"2020-05-28T20:32:57+00:00\" \/>\n<meta property=\"og:image\" content=\"https:\/\/hotmelts.eu\/wp-content\/uploads\/2020\/05\/psa-hot-melt-parcelboxes.png\" \/>\n<meta name=\"twitter:card\" content=\"summary_large_image\" \/>\n<meta name=\"twitter:label1\" content=\"Gesch\u00e4tzte Lesezeit\" \/>\n\t<meta name=\"twitter:data1\" content=\"1 Minute\" \/>\n<script type=\"application\/ld+json\" class=\"yoast-schema-graph\">{\"@context\":\"https:\/\/schema.org\",\"@graph\":[{\"@type\":\"WebPage\",\"@id\":\"https:\/\/hotmelts.eu\/psa-hot-melt-adhesives\/\",\"url\":\"https:\/\/hotmelts.eu\/psa-hot-melt-adhesives\/\",\"name\":\"PSA hot melt adhesives - Hotmelt adhesives\",\"isPartOf\":{\"@id\":\"https:\/\/hotmelts.eu\/nn\/#website\"},\"primaryImageOfPage\":{\"@id\":\"https:\/\/hotmelts.eu\/psa-hot-melt-adhesives\/#primaryimage\"},\"image\":{\"@id\":\"https:\/\/hotmelts.eu\/psa-hot-melt-adhesives\/#primaryimage\"},\"thumbnailUrl\":\"https:\/\/hotmelts.eu\/wp-content\/uploads\/2020\/05\/psa-hot-melt-parcelboxes.png\",\"datePublished\":\"2020-05-28T15:08:16+00:00\",\"dateModified\":\"2020-05-28T20:32:57+00:00\",\"breadcrumb\":{\"@id\":\"https:\/\/hotmelts.eu\/psa-hot-melt-adhesives\/#breadcrumb\"},\"inLanguage\":\"de-AT\",\"potentialAction\":[{\"@type\":\"ReadAction\",\"target\":[\"https:\/\/hotmelts.eu\/psa-hot-melt-adhesives\/\"]}]},{\"@type\":\"ImageObject\",\"inLanguage\":\"de-AT\",\"@id\":\"https:\/\/hotmelts.eu\/psa-hot-melt-adhesives\/#primaryimage\",\"url\":\"https:\/\/hotmelts.eu\/wp-content\/uploads\/2020\/05\/psa-hot-melt-parcelboxes.png\",\"contentUrl\":\"https:\/\/hotmelts.eu\/wp-content\/uploads\/2020\/05\/psa-hot-melt-parcelboxes.png\"},{\"@type\":\"BreadcrumbList\",\"@id\":\"https:\/\/hotmelts.eu\/psa-hot-melt-adhesives\/#breadcrumb\",\"itemListElement\":[{\"@type\":\"ListItem\",\"position\":1,\"name\":\"Home\",\"item\":\"https:\/\/hotmelts.eu\/nn\/\"},{\"@type\":\"ListItem\",\"position\":2,\"name\":\"PSA hot melt adhesives\"}]},{\"@type\":\"WebSite\",\"@id\":\"https:\/\/hotmelts.eu\/nn\/#website\",\"url\":\"https:\/\/hotmelts.eu\/nn\/\",\"name\":\"Hotmelts, Adhesives & Glues\",\"description\":\"Packaging, EVA, PO, PUR and PSA manufacturing\",\"publisher\":{\"@id\":\"https:\/\/hotmelts.eu\/nn\/#organization\"},\"potentialAction\":[{\"@type\":\"SearchAction\",\"target\":{\"@type\":\"EntryPoint\",\"urlTemplate\":\"https:\/\/hotmelts.eu\/nn\/?s={search_term_string}\"},\"query-input\":{\"@type\":\"PropertyValueSpecification\",\"valueRequired\":true,\"valueName\":\"search_term_string\"}}],\"inLanguage\":\"de-AT\"},{\"@type\":\"Organization\",\"@id\":\"https:\/\/hotmelts.eu\/nn\/#organization\",\"name\":\"Hot melt, Adhesives & Glues\",\"url\":\"https:\/\/hotmelts.eu\/nn\/\",\"logo\":{\"@type\":\"ImageObject\",\"inLanguage\":\"de-AT\",\"@id\":\"https:\/\/hotmelts.eu\/nn\/#\/schema\/logo\/image\/\",\"url\":\"https:\/\/hotmelts.eu\/wp-content\/uploads\/2021\/08\/cropped-logo-intercol-blank-TRANSP22-white.png\",\"contentUrl\":\"https:\/\/hotmelts.eu\/wp-content\/uploads\/2021\/08\/cropped-logo-intercol-blank-TRANSP22-white.png\",\"width\":200,\"height\":100,\"caption\":\"Hot melt, Adhesives & Glues\"},\"image\":{\"@id\":\"https:\/\/hotmelts.eu\/nn\/#\/schema\/logo\/image\/\"}}]}<\/script>\n<!-- \/ Yoast SEO plugin. -->","yoast_head_json":{"title":"PSA Schmelzklebstoffe - Schmelzklebstoffe","robots":{"index":"index","follow":"follow","max-snippet":"max-snippet:-1","max-image-preview":"max-image-preview:large","max-video-preview":"max-video-preview:-1"},"canonical":"https:\/\/hotmelts.eu\/de_at\/psa-hot-melt-adhesives\/","og_locale":"de_DE","og_type":"article","og_title":"PSA hot melt adhesives - Hotmelt adhesives","og_description":"Pressure-sensitive adhesives are physically setting systems that are characterised by their permanent tack. The adhesives achieve [&hellip;]","og_url":"https:\/\/hotmelts.eu\/de_at\/psa-hot-melt-adhesives\/","og_site_name":"Hotmelt adhesives","article_modified_time":"2020-05-28T20:32:57+00:00","og_image":[{"url":"https:\/\/hotmelts.eu\/wp-content\/uploads\/2020\/05\/psa-hot-melt-parcelboxes.png","type":"","width":"","height":""}],"twitter_card":"summary_large_image","twitter_misc":{"Gesch\u00e4tzte Lesezeit":"1 Minute"},"schema":{"@context":"https:\/\/schema.org","@graph":[{"@type":"WebPage","@id":"https:\/\/hotmelts.eu\/psa-hot-melt-adhesives\/","url":"https:\/\/hotmelts.eu\/psa-hot-melt-adhesives\/","name":"PSA Schmelzklebstoffe - Schmelzklebstoffe","isPartOf":{"@id":"https:\/\/hotmelts.eu\/nn\/#website"},"primaryImageOfPage":{"@id":"https:\/\/hotmelts.eu\/psa-hot-melt-adhesives\/#primaryimage"},"image":{"@id":"https:\/\/hotmelts.eu\/psa-hot-melt-adhesives\/#primaryimage"},"thumbnailUrl":"https:\/\/hotmelts.eu\/wp-content\/uploads\/2020\/05\/psa-hot-melt-parcelboxes.png","datePublished":"2020-05-28T15:08:16+00:00","dateModified":"2020-05-28T20:32:57+00:00","breadcrumb":{"@id":"https:\/\/hotmelts.eu\/psa-hot-melt-adhesives\/#breadcrumb"},"inLanguage":"de-AT","potentialAction":[{"@type":"ReadAction","target":["https:\/\/hotmelts.eu\/psa-hot-melt-adhesives\/"]}]},{"@type":"ImageObject","inLanguage":"de-AT","@id":"https:\/\/hotmelts.eu\/psa-hot-melt-adhesives\/#primaryimage","url":"https:\/\/hotmelts.eu\/wp-content\/uploads\/2020\/05\/psa-hot-melt-parcelboxes.png","contentUrl":"https:\/\/hotmelts.eu\/wp-content\/uploads\/2020\/05\/psa-hot-melt-parcelboxes.png"},{"@type":"BreadcrumbList","@id":"https:\/\/hotmelts.eu\/psa-hot-melt-adhesives\/#breadcrumb","itemListElement":[{"@type":"ListItem","position":1,"name":"Home","item":"https:\/\/hotmelts.eu\/nn\/"},{"@type":"ListItem","position":2,"name":"PSA hot melt adhesives"}]},{"@type":"WebSite","@id":"https:\/\/hotmelts.eu\/nn\/#website","url":"https:\/\/hotmelts.eu\/nn\/","name":"Hotmelts, Adhesives & Glues","description":"Herstellung von Verpackungen, EVA, PO, PUR und PSA","publisher":{"@id":"https:\/\/hotmelts.eu\/nn\/#organization"},"potentialAction":[{"@type":"SearchAction","target":{"@type":"EntryPoint","urlTemplate":"https:\/\/hotmelts.eu\/nn\/?s={search_term_string}"},"query-input":{"@type":"PropertyValueSpecification","valueRequired":true,"valueName":"search_term_string"}}],"inLanguage":"de-AT"},{"@type":"Organization","@id":"https:\/\/hotmelts.eu\/nn\/#organization","name":"Hot melt, Adhesives & Glues","url":"https:\/\/hotmelts.eu\/nn\/","logo":{"@type":"ImageObject","inLanguage":"de-AT","@id":"https:\/\/hotmelts.eu\/nn\/#\/schema\/logo\/image\/","url":"https:\/\/hotmelts.eu\/wp-content\/uploads\/2021\/08\/cropped-logo-intercol-blank-TRANSP22-white.png","contentUrl":"https:\/\/hotmelts.eu\/wp-content\/uploads\/2021\/08\/cropped-logo-intercol-blank-TRANSP22-white.png","width":200,"height":100,"caption":"Hot melt, Adhesives & Glues"},"image":{"@id":"https:\/\/hotmelts.eu\/nn\/#\/schema\/logo\/image\/"}}]}},"_links":{"self":[{"href":"https:\/\/hotmelts.eu\/de_at\/wp-json\/wp\/v2\/pages\/24","targetHints":{"allow":["GET"]}}],"collection":[{"href":"https:\/\/hotmelts.eu\/de_at\/wp-json\/wp\/v2\/pages"}],"about":[{"href":"https:\/\/hotmelts.eu\/de_at\/wp-json\/wp\/v2\/types\/page"}],"author":[{"embeddable":true,"href":"https:\/\/hotmelts.eu\/de_at\/wp-json\/wp\/v2\/users\/1"}],"replies":[{"embeddable":true,"href":"https:\/\/hotmelts.eu\/de_at\/wp-json\/wp\/v2\/comments?post=24"}],"version-history":[{"count":3,"href":"https:\/\/hotmelts.eu\/de_at\/wp-json\/wp\/v2\/pages\/24\/revisions"}],"predecessor-version":[{"id":40,"href":"https:\/\/hotmelts.eu\/de_at\/wp-json\/wp\/v2\/pages\/24\/revisions\/40"}],"wp:attachment":[{"href":"https:\/\/hotmelts.eu\/de_at\/wp-json\/wp\/v2\/media?parent=24"}],"curies":[{"name":"wp","href":"https:\/\/api.w.org\/{rel}","templated":true}]}}