{"id":15,"date":"2020-05-27T23:38:42","date_gmt":"2020-05-27T23:38:42","guid":{"rendered":"https:\/\/hotmelts.eu\/?page_id=15"},"modified":"2020-05-27T23:38:42","modified_gmt":"2020-05-27T23:38:42","slug":"po-hot-melt","status":"publish","type":"page","link":"https:\/\/hotmelts.eu\/de_at\/po-hot-melt\/","title":{"rendered":"PO Hei\u00dfschmelze"},"content":{"rendered":"<p>PO-Hei\u00dfschmelzen bieten im Vergleich zu herk\u00f6mmlichen EVA-Hei\u00dfschmelzen einen breiteren Leistungsbereich, z. B. eine h\u00f6here W\u00e4rmebest\u00e4ndigkeit, ein verbessertes Haftungsspektrum oder eine gute Kaltflexibilit\u00e4t. Je nach Formulierung kann die \u00d6ffnungszeit von sehr kurz bis sehr lang variiert werden. Die Gruppe der PO-basierten Schmelzklebstoffe ist auch der am h\u00e4ufigsten verwendete Typ zum Verkleben durch Spr\u00fchapplikation.<\/p>\n\n\n\n<p>In der Verpackungsindustrie werden mit Hilfe der Metallocentechnologie hergestellte Schmelzklebstoffe verwendet, die im Vergleich zu EVA-Schmelzklebstoffen ein deutlich verbessertes Leistungsspektrum aufweisen.<\/p>","protected":false},"excerpt":{"rendered":"<p>PO hot melts offer a wider range of performance compared to conventional EVA hot melts, such [&hellip;]<\/p>","protected":false},"author":1,"featured_media":0,"parent":0,"menu_order":0,"comment_status":"closed","ping_status":"closed","template":"","meta":{"footnotes":""},"class_list":["post-15","page","type-page","status-publish","hentry"],"yoast_head":"<!-- This site is optimized with the Yoast SEO plugin v24.9 - https:\/\/yoast.com\/wordpress\/plugins\/seo\/ -->\n<title>PO hot melt - Hotmelt adhesives<\/title>\n<meta name=\"robots\" content=\"index, follow, max-snippet:-1, max-image-preview:large, max-video-preview:-1\" \/>\n<link rel=\"canonical\" href=\"https:\/\/hotmelts.eu\/de_at\/po-hot-melt\/\" \/>\n<meta property=\"og:locale\" content=\"de_DE\" \/>\n<meta property=\"og:type\" content=\"article\" \/>\n<meta property=\"og:title\" content=\"PO hot melt - Hotmelt adhesives\" \/>\n<meta property=\"og:description\" content=\"PO hot melts offer a wider range of performance compared to conventional EVA hot melts, such [&hellip;]\" \/>\n<meta property=\"og:url\" content=\"https:\/\/hotmelts.eu\/de_at\/po-hot-melt\/\" \/>\n<meta property=\"og:site_name\" content=\"Hotmelt adhesives\" \/>\n<meta name=\"twitter:card\" content=\"summary_large_image\" \/>\n<script type=\"application\/ld+json\" class=\"yoast-schema-graph\">{\"@context\":\"https:\/\/schema.org\",\"@graph\":[{\"@type\":\"WebPage\",\"@id\":\"https:\/\/hotmelts.eu\/po-hot-melt\/\",\"url\":\"https:\/\/hotmelts.eu\/po-hot-melt\/\",\"name\":\"PO hot melt - Hotmelt adhesives\",\"isPartOf\":{\"@id\":\"https:\/\/hotmelts.eu\/nn\/#website\"},\"datePublished\":\"2020-05-27T23:38:42+00:00\",\"breadcrumb\":{\"@id\":\"https:\/\/hotmelts.eu\/po-hot-melt\/#breadcrumb\"},\"inLanguage\":\"de-AT\",\"potentialAction\":[{\"@type\":\"ReadAction\",\"target\":[\"https:\/\/hotmelts.eu\/po-hot-melt\/\"]}]},{\"@type\":\"BreadcrumbList\",\"@id\":\"https:\/\/hotmelts.eu\/po-hot-melt\/#breadcrumb\",\"itemListElement\":[{\"@type\":\"ListItem\",\"position\":1,\"name\":\"Home\",\"item\":\"https:\/\/hotmelts.eu\/nn\/\"},{\"@type\":\"ListItem\",\"position\":2,\"name\":\"PO hot melt\"}]},{\"@type\":\"WebSite\",\"@id\":\"https:\/\/hotmelts.eu\/nn\/#website\",\"url\":\"https:\/\/hotmelts.eu\/nn\/\",\"name\":\"Hotmelts, Adhesives & Glues\",\"description\":\"Packaging, EVA, PO, PUR and PSA manufacturing\",\"publisher\":{\"@id\":\"https:\/\/hotmelts.eu\/nn\/#organization\"},\"potentialAction\":[{\"@type\":\"SearchAction\",\"target\":{\"@type\":\"EntryPoint\",\"urlTemplate\":\"https:\/\/hotmelts.eu\/nn\/?s={search_term_string}\"},\"query-input\":{\"@type\":\"PropertyValueSpecification\",\"valueRequired\":true,\"valueName\":\"search_term_string\"}}],\"inLanguage\":\"de-AT\"},{\"@type\":\"Organization\",\"@id\":\"https:\/\/hotmelts.eu\/nn\/#organization\",\"name\":\"Hot melt, Adhesives & Glues\",\"url\":\"https:\/\/hotmelts.eu\/nn\/\",\"logo\":{\"@type\":\"ImageObject\",\"inLanguage\":\"de-AT\",\"@id\":\"https:\/\/hotmelts.eu\/nn\/#\/schema\/logo\/image\/\",\"url\":\"https:\/\/hotmelts.eu\/wp-content\/uploads\/2021\/08\/cropped-logo-intercol-blank-TRANSP22-white.png\",\"contentUrl\":\"https:\/\/hotmelts.eu\/wp-content\/uploads\/2021\/08\/cropped-logo-intercol-blank-TRANSP22-white.png\",\"width\":200,\"height\":100,\"caption\":\"Hot melt, Adhesives & Glues\"},\"image\":{\"@id\":\"https:\/\/hotmelts.eu\/nn\/#\/schema\/logo\/image\/\"}}]}<\/script>\n<!-- \/ Yoast SEO plugin. -->","yoast_head_json":{"title":"PO Hotmelt - Schmelzklebstoffe","robots":{"index":"index","follow":"follow","max-snippet":"max-snippet:-1","max-image-preview":"max-image-preview:large","max-video-preview":"max-video-preview:-1"},"canonical":"https:\/\/hotmelts.eu\/de_at\/po-hot-melt\/","og_locale":"de_DE","og_type":"article","og_title":"PO hot melt - Hotmelt adhesives","og_description":"PO hot melts offer a wider range of performance compared to conventional EVA hot melts, such [&hellip;]","og_url":"https:\/\/hotmelts.eu\/de_at\/po-hot-melt\/","og_site_name":"Hotmelt adhesives","twitter_card":"summary_large_image","schema":{"@context":"https:\/\/schema.org","@graph":[{"@type":"WebPage","@id":"https:\/\/hotmelts.eu\/po-hot-melt\/","url":"https:\/\/hotmelts.eu\/po-hot-melt\/","name":"PO Hotmelt - Schmelzklebstoffe","isPartOf":{"@id":"https:\/\/hotmelts.eu\/nn\/#website"},"datePublished":"2020-05-27T23:38:42+00:00","breadcrumb":{"@id":"https:\/\/hotmelts.eu\/po-hot-melt\/#breadcrumb"},"inLanguage":"de-AT","potentialAction":[{"@type":"ReadAction","target":["https:\/\/hotmelts.eu\/po-hot-melt\/"]}]},{"@type":"BreadcrumbList","@id":"https:\/\/hotmelts.eu\/po-hot-melt\/#breadcrumb","itemListElement":[{"@type":"ListItem","position":1,"name":"Home","item":"https:\/\/hotmelts.eu\/nn\/"},{"@type":"ListItem","position":2,"name":"PO hot melt"}]},{"@type":"WebSite","@id":"https:\/\/hotmelts.eu\/nn\/#website","url":"https:\/\/hotmelts.eu\/nn\/","name":"Hotmelts, Adhesives & Glues","description":"Herstellung von Verpackungen, EVA, PO, PUR und PSA","publisher":{"@id":"https:\/\/hotmelts.eu\/nn\/#organization"},"potentialAction":[{"@type":"SearchAction","target":{"@type":"EntryPoint","urlTemplate":"https:\/\/hotmelts.eu\/nn\/?s={search_term_string}"},"query-input":{"@type":"PropertyValueSpecification","valueRequired":true,"valueName":"search_term_string"}}],"inLanguage":"de-AT"},{"@type":"Organization","@id":"https:\/\/hotmelts.eu\/nn\/#organization","name":"Hot melt, Adhesives & Glues","url":"https:\/\/hotmelts.eu\/nn\/","logo":{"@type":"ImageObject","inLanguage":"de-AT","@id":"https:\/\/hotmelts.eu\/nn\/#\/schema\/logo\/image\/","url":"https:\/\/hotmelts.eu\/wp-content\/uploads\/2021\/08\/cropped-logo-intercol-blank-TRANSP22-white.png","contentUrl":"https:\/\/hotmelts.eu\/wp-content\/uploads\/2021\/08\/cropped-logo-intercol-blank-TRANSP22-white.png","width":200,"height":100,"caption":"Hot melt, Adhesives & Glues"},"image":{"@id":"https:\/\/hotmelts.eu\/nn\/#\/schema\/logo\/image\/"}}]}},"_links":{"self":[{"href":"https:\/\/hotmelts.eu\/de_at\/wp-json\/wp\/v2\/pages\/15","targetHints":{"allow":["GET"]}}],"collection":[{"href":"https:\/\/hotmelts.eu\/de_at\/wp-json\/wp\/v2\/pages"}],"about":[{"href":"https:\/\/hotmelts.eu\/de_at\/wp-json\/wp\/v2\/types\/page"}],"author":[{"embeddable":true,"href":"https:\/\/hotmelts.eu\/de_at\/wp-json\/wp\/v2\/users\/1"}],"replies":[{"embeddable":true,"href":"https:\/\/hotmelts.eu\/de_at\/wp-json\/wp\/v2\/comments?post=15"}],"version-history":[{"count":1,"href":"https:\/\/hotmelts.eu\/de_at\/wp-json\/wp\/v2\/pages\/15\/revisions"}],"predecessor-version":[{"id":17,"href":"https:\/\/hotmelts.eu\/de_at\/wp-json\/wp\/v2\/pages\/15\/revisions\/17"}],"wp:attachment":[{"href":"https:\/\/hotmelts.eu\/de_at\/wp-json\/wp\/v2\/media?parent=15"}],"curies":[{"name":"wp","href":"https:\/\/api.w.org\/{rel}","templated":true}]}}