{"id":114,"date":"2021-08-23T15:29:30","date_gmt":"2021-08-23T15:29:30","guid":{"rendered":"https:\/\/hotmelts.eu\/?page_id=114"},"modified":"2021-09-08T06:35:34","modified_gmt":"2021-09-08T06:35:34","slug":"parcel-box-manufacturing","status":"publish","type":"page","link":"https:\/\/hotmelts.eu\/de_at\/parcel-box-manufacturing\/","title":{"rendered":"Herstellung von Paketboxen"},"content":{"rendered":"<p>F\u00fcr die Herstellung von Paketkartons werden eine Inline-Falz- und PSA-Beschichtung zur Herstellung von einbaufertigen Wellpappenkartons durchgef\u00fchrt.<\/p>\n\n\n\n<figure class=\"wp-block-embed is-type-video is-provider-youtube wp-block-embed-youtube wp-embed-aspect-16-9 wp-has-aspect-ratio\"><div class=\"wp-block-embed__wrapper\">\n<iframe loading=\"lazy\" title=\"Paketboxenordner-Klebemaschine mit selbstklebendem Hei\u00dfschmelzstreifenapplikator\" width=\"680\" height=\"383\" src=\"https:\/\/www.youtube.com\/embed\/hV6UttyMSug?feature=oembed\" frameborder=\"0\" allow=\"accelerometer; autoplay; clipboard-write; encrypted-media; gyroscope; picture-in-picture\" allowfullscreen><\/iframe>\n<\/div><figcaption>Herstellung von Paketboxen<\/figcaption><\/figure>\n\n\n\n<h2 class=\"wp-block-heading\">E-Commerce-Verpackung PSA-Verschlussstreifen<\/h2>\n\n\n\n<p>Das Klebstoffsortiment von Intercol f\u00fcr Verpackungen ist standardm\u00e4\u00dfig in unserem Lager in Ede erh\u00e4ltlich. Wir haben Hochleistungsklebstoffe f\u00fcr viele Anwendungen in den Verpackungssektoren wie Agrarkartons, Kaffeetassen, aseptische Verpackungen, Karton- und Kartonversiegelung und -verschluss sowie E-Commerce-Paketkartonklebstoffe formuliert. <\/p>\n\n\n\n<h2 class=\"wp-block-heading\">Schachtelversiegelung<\/h2>\n\n\n\n<p>Das Verschlie\u00dfen und Versiegeln von E-Commerce-Verpackungsanwendungen ist heutzutage stark nachgefragt. Online-Shopping wird von einer wachsenden Gruppe von Verbrauchern bevorzugt. Dies hat zur Folge, dass mehr Verpackungen angeliefert werden m\u00fcssen. Um diese Eink\u00e4ufe und ihre Verpackung w\u00e4hrend des Transports vom Lager bis nach Hause sicher zu halten, verlangen die Hersteller effiziente und vertrauensw\u00fcrdige Haftklebstoffe.<\/p>\n\n\n\n<figure class=\"wp-block-image size-full\"><img loading=\"lazy\" decoding=\"async\" width=\"735\" height=\"874\" src=\"https:\/\/hotmelts.eu\/wp-content\/uploads\/2021\/08\/parcel-box-adhesive-psa-hot-melt.jpg\" alt=\"\" class=\"wp-image-115\" srcset=\"https:\/\/hotmelts.eu\/wp-content\/uploads\/2021\/08\/parcel-box-adhesive-psa-hot-melt.jpg 735w, https:\/\/hotmelts.eu\/wp-content\/uploads\/2021\/08\/parcel-box-adhesive-psa-hot-melt-252x300.jpg 252w, https:\/\/hotmelts.eu\/wp-content\/uploads\/2021\/08\/parcel-box-adhesive-psa-hot-melt-10x12.jpg 10w, https:\/\/hotmelts.eu\/wp-content\/uploads\/2021\/08\/parcel-box-adhesive-psa-hot-melt-500x595.jpg 500w\" sizes=\"auto, (max-width: 735px) 100vw, 735px\" \/><\/figure>\n\n\n\n<h2 class=\"wp-block-heading\">PSA-Hotmelt<\/h2>\n\n\n\n<p>Unser Hotmelt-PSA-Sortiment ist ideal zum Verkleben von E-Commerce-Verpackungen. Die Klebstoffe eignen sich f\u00fcr Klebeb\u00e4nder, Etiketten, Verschl\u00fcsse und selbstklebende Beschichtungen mit sowohl dauerhaften als auch entfernbaren Optionen. Pressen Schmelzklebstoffe sind ma\u00dfgeschneidert und anwendungsspezifisch, um hohe Zugfestigkeit, au\u00dfergew\u00f6hnliche Klebrigkeit und hohe und niedrige Sch\u00e4lhaftung zu bieten und gleichzeitig einen breiten Temperaturbereich zu bew\u00e4ltigen.<\/p>\n\n\n\n<h2 class=\"wp-block-heading\">Hohe Sch\u00e4l- und Haftfestigkeiten<\/h2>\n\n\n\n<p>EHM 9724 ist unser Haftklebstoff mit hoher Haftung und hoher Sch\u00e4lfestigkeit sowohl f\u00fcr starre als auch f\u00fcr flexible Verpackungen geeignet. Die Sorte wurde f\u00fcr Klebeb\u00e4nder und Anwendungen wie den selbstklebenden Verschlussstreifen auf Multimedia-Kartonverpackungen entwickelt. EHM 9724 ist ideal f\u00fcr Online-Verpackungsanwendungen und bietet hohe Temperaturbest\u00e4ndigkeit und starke Haftung auf verschiedenen Kartons wie Kraftliner und Testliner.<\/p>\n\n\n\n<p><\/p>\n\n\n\n<p><\/p>","protected":false},"excerpt":{"rendered":"<p>For the manufacturing of parcel boxes, an inline folding and PSA coating application are made for [&hellip;]<\/p>","protected":false},"author":1,"featured_media":0,"parent":0,"menu_order":0,"comment_status":"closed","ping_status":"closed","template":"template-full-width.php","meta":{"footnotes":""},"class_list":["post-114","page","type-page","status-publish","hentry"],"yoast_head":"<!-- This site is optimized with the Yoast SEO plugin v24.9 - https:\/\/yoast.com\/wordpress\/plugins\/seo\/ -->\n<title>Parcel box manufacturing - Hotmelt adhesives<\/title>\n<meta name=\"robots\" content=\"index, follow, max-snippet:-1, max-image-preview:large, max-video-preview:-1\" \/>\n<link rel=\"canonical\" href=\"https:\/\/hotmelts.eu\/de_at\/parcel-box-manufacturing\/\" \/>\n<meta property=\"og:locale\" content=\"de_DE\" \/>\n<meta property=\"og:type\" content=\"article\" \/>\n<meta property=\"og:title\" content=\"Parcel box manufacturing - Hotmelt adhesives\" \/>\n<meta property=\"og:description\" content=\"For the manufacturing of parcel boxes, an inline folding and PSA coating application are made for [&hellip;]\" \/>\n<meta property=\"og:url\" content=\"https:\/\/hotmelts.eu\/de_at\/parcel-box-manufacturing\/\" \/>\n<meta property=\"og:site_name\" content=\"Hotmelt adhesives\" \/>\n<meta property=\"article:modified_time\" content=\"2021-09-08T06:35:34+00:00\" \/>\n<meta property=\"og:image\" content=\"https:\/\/hotmelts.eu\/wp-content\/uploads\/2021\/08\/parcel-box-adhesive-psa-hot-melt.jpg\" \/>\n<meta name=\"twitter:card\" content=\"summary_large_image\" \/>\n<meta name=\"twitter:label1\" content=\"Gesch\u00e4tzte Lesezeit\" \/>\n\t<meta name=\"twitter:data1\" content=\"2 Minuten\" \/>\n<script type=\"application\/ld+json\" class=\"yoast-schema-graph\">{\"@context\":\"https:\/\/schema.org\",\"@graph\":[{\"@type\":\"WebPage\",\"@id\":\"https:\/\/hotmelts.eu\/hu\/parcel-box-manufacturing\/\",\"url\":\"https:\/\/hotmelts.eu\/hu\/parcel-box-manufacturing\/\",\"name\":\"Parcel box manufacturing - Hotmelt adhesives\",\"isPartOf\":{\"@id\":\"https:\/\/hotmelts.eu\/nn\/#website\"},\"primaryImageOfPage\":{\"@id\":\"https:\/\/hotmelts.eu\/hu\/parcel-box-manufacturing\/#primaryimage\"},\"image\":{\"@id\":\"https:\/\/hotmelts.eu\/hu\/parcel-box-manufacturing\/#primaryimage\"},\"thumbnailUrl\":\"https:\/\/hotmelts.eu\/wp-content\/uploads\/2021\/08\/parcel-box-adhesive-psa-hot-melt.jpg\",\"datePublished\":\"2021-08-23T15:29:30+00:00\",\"dateModified\":\"2021-09-08T06:35:34+00:00\",\"breadcrumb\":{\"@id\":\"https:\/\/hotmelts.eu\/hu\/parcel-box-manufacturing\/#breadcrumb\"},\"inLanguage\":\"de-AT\",\"potentialAction\":[{\"@type\":\"ReadAction\",\"target\":[\"https:\/\/hotmelts.eu\/hu\/parcel-box-manufacturing\/\"]}]},{\"@type\":\"ImageObject\",\"inLanguage\":\"de-AT\",\"@id\":\"https:\/\/hotmelts.eu\/hu\/parcel-box-manufacturing\/#primaryimage\",\"url\":\"https:\/\/hotmelts.eu\/wp-content\/uploads\/2021\/08\/parcel-box-adhesive-psa-hot-melt.jpg\",\"contentUrl\":\"https:\/\/hotmelts.eu\/wp-content\/uploads\/2021\/08\/parcel-box-adhesive-psa-hot-melt.jpg\"},{\"@type\":\"BreadcrumbList\",\"@id\":\"https:\/\/hotmelts.eu\/hu\/parcel-box-manufacturing\/#breadcrumb\",\"itemListElement\":[{\"@type\":\"ListItem\",\"position\":1,\"name\":\"Home\",\"item\":\"https:\/\/hotmelts.eu\/nn\/\"},{\"@type\":\"ListItem\",\"position\":2,\"name\":\"Parcel box manufacturing\"}]},{\"@type\":\"WebSite\",\"@id\":\"https:\/\/hotmelts.eu\/nn\/#website\",\"url\":\"https:\/\/hotmelts.eu\/nn\/\",\"name\":\"Hotmelts, Adhesives & Glues\",\"description\":\"Packaging, EVA, PO, PUR and PSA manufacturing\",\"publisher\":{\"@id\":\"https:\/\/hotmelts.eu\/nn\/#organization\"},\"potentialAction\":[{\"@type\":\"SearchAction\",\"target\":{\"@type\":\"EntryPoint\",\"urlTemplate\":\"https:\/\/hotmelts.eu\/nn\/?s={search_term_string}\"},\"query-input\":{\"@type\":\"PropertyValueSpecification\",\"valueRequired\":true,\"valueName\":\"search_term_string\"}}],\"inLanguage\":\"de-AT\"},{\"@type\":\"Organization\",\"@id\":\"https:\/\/hotmelts.eu\/nn\/#organization\",\"name\":\"Hot melt, Adhesives & Glues\",\"url\":\"https:\/\/hotmelts.eu\/nn\/\",\"logo\":{\"@type\":\"ImageObject\",\"inLanguage\":\"de-AT\",\"@id\":\"https:\/\/hotmelts.eu\/nn\/#\/schema\/logo\/image\/\",\"url\":\"https:\/\/hotmelts.eu\/wp-content\/uploads\/2021\/08\/cropped-logo-intercol-blank-TRANSP22-white.png\",\"contentUrl\":\"https:\/\/hotmelts.eu\/wp-content\/uploads\/2021\/08\/cropped-logo-intercol-blank-TRANSP22-white.png\",\"width\":200,\"height\":100,\"caption\":\"Hot melt, Adhesives & Glues\"},\"image\":{\"@id\":\"https:\/\/hotmelts.eu\/nn\/#\/schema\/logo\/image\/\"}}]}<\/script>\n<!-- \/ Yoast SEO plugin. -->","yoast_head_json":{"title":"Paketkastenherstellung - Schmelzklebstoffe","robots":{"index":"index","follow":"follow","max-snippet":"max-snippet:-1","max-image-preview":"max-image-preview:large","max-video-preview":"max-video-preview:-1"},"canonical":"https:\/\/hotmelts.eu\/de_at\/parcel-box-manufacturing\/","og_locale":"de_DE","og_type":"article","og_title":"Parcel box manufacturing - Hotmelt adhesives","og_description":"For the manufacturing of parcel boxes, an inline folding and PSA coating application are made for [&hellip;]","og_url":"https:\/\/hotmelts.eu\/de_at\/parcel-box-manufacturing\/","og_site_name":"Hotmelt adhesives","article_modified_time":"2021-09-08T06:35:34+00:00","og_image":[{"url":"https:\/\/hotmelts.eu\/wp-content\/uploads\/2021\/08\/parcel-box-adhesive-psa-hot-melt.jpg","type":"","width":"","height":""}],"twitter_card":"summary_large_image","twitter_misc":{"Gesch\u00e4tzte Lesezeit":"2 Minuten"},"schema":{"@context":"https:\/\/schema.org","@graph":[{"@type":"WebPage","@id":"https:\/\/hotmelts.eu\/hu\/parcel-box-manufacturing\/","url":"https:\/\/hotmelts.eu\/hu\/parcel-box-manufacturing\/","name":"Paketkastenherstellung - Schmelzklebstoffe","isPartOf":{"@id":"https:\/\/hotmelts.eu\/nn\/#website"},"primaryImageOfPage":{"@id":"https:\/\/hotmelts.eu\/hu\/parcel-box-manufacturing\/#primaryimage"},"image":{"@id":"https:\/\/hotmelts.eu\/hu\/parcel-box-manufacturing\/#primaryimage"},"thumbnailUrl":"https:\/\/hotmelts.eu\/wp-content\/uploads\/2021\/08\/parcel-box-adhesive-psa-hot-melt.jpg","datePublished":"2021-08-23T15:29:30+00:00","dateModified":"2021-09-08T06:35:34+00:00","breadcrumb":{"@id":"https:\/\/hotmelts.eu\/hu\/parcel-box-manufacturing\/#breadcrumb"},"inLanguage":"de-AT","potentialAction":[{"@type":"ReadAction","target":["https:\/\/hotmelts.eu\/hu\/parcel-box-manufacturing\/"]}]},{"@type":"ImageObject","inLanguage":"de-AT","@id":"https:\/\/hotmelts.eu\/hu\/parcel-box-manufacturing\/#primaryimage","url":"https:\/\/hotmelts.eu\/wp-content\/uploads\/2021\/08\/parcel-box-adhesive-psa-hot-melt.jpg","contentUrl":"https:\/\/hotmelts.eu\/wp-content\/uploads\/2021\/08\/parcel-box-adhesive-psa-hot-melt.jpg"},{"@type":"BreadcrumbList","@id":"https:\/\/hotmelts.eu\/hu\/parcel-box-manufacturing\/#breadcrumb","itemListElement":[{"@type":"ListItem","position":1,"name":"Home","item":"https:\/\/hotmelts.eu\/nn\/"},{"@type":"ListItem","position":2,"name":"Parcel box manufacturing"}]},{"@type":"WebSite","@id":"https:\/\/hotmelts.eu\/nn\/#website","url":"https:\/\/hotmelts.eu\/nn\/","name":"Hotmelts, Adhesives & Glues","description":"Herstellung von Verpackungen, EVA, PO, PUR und PSA","publisher":{"@id":"https:\/\/hotmelts.eu\/nn\/#organization"},"potentialAction":[{"@type":"SearchAction","target":{"@type":"EntryPoint","urlTemplate":"https:\/\/hotmelts.eu\/nn\/?s={search_term_string}"},"query-input":{"@type":"PropertyValueSpecification","valueRequired":true,"valueName":"search_term_string"}}],"inLanguage":"de-AT"},{"@type":"Organization","@id":"https:\/\/hotmelts.eu\/nn\/#organization","name":"Hot melt, Adhesives & Glues","url":"https:\/\/hotmelts.eu\/nn\/","logo":{"@type":"ImageObject","inLanguage":"de-AT","@id":"https:\/\/hotmelts.eu\/nn\/#\/schema\/logo\/image\/","url":"https:\/\/hotmelts.eu\/wp-content\/uploads\/2021\/08\/cropped-logo-intercol-blank-TRANSP22-white.png","contentUrl":"https:\/\/hotmelts.eu\/wp-content\/uploads\/2021\/08\/cropped-logo-intercol-blank-TRANSP22-white.png","width":200,"height":100,"caption":"Hot melt, Adhesives & Glues"},"image":{"@id":"https:\/\/hotmelts.eu\/nn\/#\/schema\/logo\/image\/"}}]}},"_links":{"self":[{"href":"https:\/\/hotmelts.eu\/de_at\/wp-json\/wp\/v2\/pages\/114","targetHints":{"allow":["GET"]}}],"collection":[{"href":"https:\/\/hotmelts.eu\/de_at\/wp-json\/wp\/v2\/pages"}],"about":[{"href":"https:\/\/hotmelts.eu\/de_at\/wp-json\/wp\/v2\/types\/page"}],"author":[{"embeddable":true,"href":"https:\/\/hotmelts.eu\/de_at\/wp-json\/wp\/v2\/users\/1"}],"replies":[{"embeddable":true,"href":"https:\/\/hotmelts.eu\/de_at\/wp-json\/wp\/v2\/comments?post=114"}],"version-history":[{"count":1,"href":"https:\/\/hotmelts.eu\/de_at\/wp-json\/wp\/v2\/pages\/114\/revisions"}],"predecessor-version":[{"id":117,"href":"https:\/\/hotmelts.eu\/de_at\/wp-json\/wp\/v2\/pages\/114\/revisions\/117"}],"wp:attachment":[{"href":"https:\/\/hotmelts.eu\/de_at\/wp-json\/wp\/v2\/media?parent=114"}],"curies":[{"name":"wp","href":"https:\/\/api.w.org\/{rel}","templated":true}]}}