{"id":110,"date":"2021-08-23T11:51:23","date_gmt":"2021-08-23T11:51:23","guid":{"rendered":"https:\/\/hotmelts.eu\/?page_id=110"},"modified":"2021-09-20T10:40:59","modified_gmt":"2021-09-20T10:40:59","slug":"hot-melt-2","status":"publish","type":"page","link":"https:\/\/hotmelts.eu\/de_at\/hot-melt-2\/","title":{"rendered":"Hei\u00dfe Schmelze"},"content":{"rendered":"<p>Schmelzklebstoffe sind aufgrund ihrer Anwendungstemperatur einzigartig und k\u00f6nnen Produktionsprozesse vereinfachen. Es ist ideal f\u00fcr eine optimierte Fertigung. Die schnelle Abbindegeschwindigkeit, die hohe Klebkraft, die niedrigen Anwendungskosten und die Verarbeitungssicherheit bilden die Grundlage f\u00fcr den weltweiten Erfolg. Herstellungsprozesse in verschiedenen Branchen wie Elektronik, Medizin, Automobil, M\u00f6bel oder Lebensmittel und Getr\u00e4nke setzen auf diese Klebetechnik.<\/p>\n\n\n\n<figure class=\"wp-block-image size-large\"><img loading=\"lazy\" decoding=\"async\" width=\"1024\" height=\"768\" src=\"https:\/\/hotmelts.eu\/wp-content\/uploads\/2020\/05\/IMG_7353-kopie-hotmelt-sticks-whitebg-1024x768.png\" alt=\"\" class=\"wp-image-59\" srcset=\"https:\/\/hotmelts.eu\/wp-content\/uploads\/2020\/05\/IMG_7353-kopie-hotmelt-sticks-whitebg-1024x768.png 1024w, https:\/\/hotmelts.eu\/wp-content\/uploads\/2020\/05\/IMG_7353-kopie-hotmelt-sticks-whitebg-300x225.png 300w, https:\/\/hotmelts.eu\/wp-content\/uploads\/2020\/05\/IMG_7353-kopie-hotmelt-sticks-whitebg-768x576.png 768w, https:\/\/hotmelts.eu\/wp-content\/uploads\/2020\/05\/IMG_7353-kopie-hotmelt-sticks-whitebg-1536x1152.png 1536w, https:\/\/hotmelts.eu\/wp-content\/uploads\/2020\/05\/IMG_7353-kopie-hotmelt-sticks-whitebg-2048x1536.png 2048w\" sizes=\"auto, (max-width: 1024px) 100vw, 1024px\" \/><figcaption>Hot Melt Sticks 11mm<\/figcaption><\/figure>\n\n\n\n<h2 class=\"wp-block-heading\">Was sind Schmelzklebstoffe?<\/h2>\n\n\n\n<p>Schmelzklebstoffe sind schmelzbare feste Materialien wie ein Kunststoff. Es beginnt bei ungef\u00e4hr 80 \u00b0 C zu schmelzen und wird oft bei 160 \u00b0 C angewendet. In der fl\u00fcssigen Phase hat es bereits einige Hei\u00dfklebrigkeit, die einzigartige schnelle Einstellung wird durch schnelles Abk\u00fchlen nach der Hei\u00dfanwendung realisiert.<\/p>\n\n\n\n<figure class=\"wp-block-image size-large\"><img loading=\"lazy\" decoding=\"async\" width=\"1024\" height=\"643\" src=\"https:\/\/hotmelts.eu\/wp-content\/uploads\/2020\/05\/witte-korrels-hm-tank-1024x643.png\" alt=\"\" class=\"wp-image-57\" srcset=\"https:\/\/hotmelts.eu\/wp-content\/uploads\/2020\/05\/witte-korrels-hm-tank-1024x643.png 1024w, https:\/\/hotmelts.eu\/wp-content\/uploads\/2020\/05\/witte-korrels-hm-tank-300x188.png 300w, https:\/\/hotmelts.eu\/wp-content\/uploads\/2020\/05\/witte-korrels-hm-tank-768x482.png 768w, https:\/\/hotmelts.eu\/wp-content\/uploads\/2020\/05\/witte-korrels-hm-tank.png 1377w\" sizes=\"auto, (max-width: 1024px) 100vw, 1024px\" \/><figcaption>Schmelzgranulat<\/figcaption><\/figure>\n\n\n\n<h2 class=\"wp-block-heading\">Verf\u00fcgbare Grundmaterialien f\u00fcr Schmelzklebstoffe<\/h2>\n\n\n\n<ul class=\"wp-block-list\"><li>Copolymere von Hei\u00dfschmelzklebstoffen auf Ethylenvinylacetat (EVA) -Basis<\/li><li>Amorphe Schmelzklebstoffe auf Poly-\u03b1-Olefin-Basis<\/li><li>Schmelzklebstoffe auf Polyolefinbasis<\/li><li>PSA-Schmelzklebstoffe auf Basis von synthetischem Kautschuk<\/li><li>PUR-Schmelzklebstoffe auf Polyurethanbasis<\/li><\/ul>\n\n\n\n<figure class=\"wp-block-image size-large\"><img loading=\"lazy\" decoding=\"async\" width=\"1024\" height=\"699\" src=\"https:\/\/hotmelts.eu\/wp-content\/uploads\/2020\/05\/IMG_7312-psa-hotmelt-amazon-1024x699.png\" alt=\"\" class=\"wp-image-58\" srcset=\"https:\/\/hotmelts.eu\/wp-content\/uploads\/2020\/05\/IMG_7312-psa-hotmelt-amazon-1024x699.png 1024w, https:\/\/hotmelts.eu\/wp-content\/uploads\/2020\/05\/IMG_7312-psa-hotmelt-amazon-300x205.png 300w, https:\/\/hotmelts.eu\/wp-content\/uploads\/2020\/05\/IMG_7312-psa-hotmelt-amazon-768x524.png 768w, https:\/\/hotmelts.eu\/wp-content\/uploads\/2020\/05\/IMG_7312-psa-hotmelt-amazon.png 1169w\" sizes=\"auto, (max-width: 1024px) 100vw, 1024px\" \/><figcaption>PSA-Schmelzblock<\/figcaption><\/figure>\n\n\n\n<h2 class=\"wp-block-heading\">Wie Schmelzklebstoffe aufgetragen werden<\/h2>\n\n\n\n<p>Hei\u00dfe Schmelzen erfordern hohe Temperaturen, meist 160 \u00b0 C. \u00dcblicherweise verwendete Schmelzger\u00e4te sind Nordson, aber viele andere bieten spezielle Ger\u00e4te zum Aufbringen von Schmelzklebstoffen in industriellen Anwendungen an. <\/p>\n\n\n\n<figure class=\"wp-block-embed is-type-video is-provider-youtube wp-block-embed-youtube wp-embed-aspect-16-9 wp-has-aspect-ratio\"><div class=\"wp-block-embed__wrapper\">\n<iframe loading=\"lazy\" title=\"Nordson-Schmelzger\u00e4tetests im Labor\" width=\"680\" height=\"383\" src=\"https:\/\/www.youtube.com\/embed\/fKWCSek6rUQ?feature=oembed\" frameborder=\"0\" allow=\"accelerometer; autoplay; clipboard-write; encrypted-media; gyroscope; picture-in-picture\" allowfullscreen><\/iframe>\n<\/div><figcaption>Hei\u00dfschmelzklebstoffanwendungen<\/figcaption><\/figure>\n\n\n\n<p><\/p>\n\n\n\n<h2 class=\"wp-block-heading\">Verwendung von Schmelzklebstoffen <\/h2>\n\n\n\n<p>Schmelzklebstoffe optimieren Herstellungsprozesse in vielen M\u00e4rkten und Anwendungen.&nbsp;<\/p>\n\n\n\n<ul class=\"wp-block-list\"><li>Schmelzklebstoff zum Versiegeln<\/li><li>Lebensmittelverpackung<\/li><li>Etikettenindustrie<\/li><li>Papierherstellung<\/li><li>M\u00f6belindustrie<\/li><li>Selbstklebende B\u00e4nder<\/li><li>Automobilindustrie<\/li><li>Selbstklebende Etiketten<\/li><li>Buchbinderei<\/li><li>Produktmontage<\/li><li>Bekleidungs-Spezialwerkstoffindustrie<\/li><li>Wei\u00dfe Ware montiert<\/li><li>Die Elektronikindustrie<\/li><li>Herstellung von Shop-Displays<\/li><li>Geschenkbox-Montageindustrie<\/li><li>Industrie f\u00fcr Einweghygieneprodukte<\/li><li>Filterindustrie<\/li><li>Schuhwerk<\/li><\/ul>","protected":false},"excerpt":{"rendered":"<p>Hot melt adhesives are unique because of it&#8217;s application temperature and is capable of simplifying production [&hellip;]<\/p>","protected":false},"author":1,"featured_media":0,"parent":0,"menu_order":0,"comment_status":"closed","ping_status":"closed","template":"template-full-width.php","meta":{"footnotes":""},"class_list":["post-110","page","type-page","status-publish","hentry"],"yoast_head":"<!-- This site is optimized with the Yoast SEO plugin v24.9 - https:\/\/yoast.com\/wordpress\/plugins\/seo\/ -->\n<title>Hot-melt - Hotmelt adhesives<\/title>\n<meta name=\"robots\" content=\"index, follow, max-snippet:-1, max-image-preview:large, max-video-preview:-1\" \/>\n<link rel=\"canonical\" href=\"https:\/\/hotmelts.eu\/de_at\/hot-melt-2\/\" \/>\n<meta property=\"og:locale\" content=\"de_DE\" \/>\n<meta property=\"og:type\" content=\"article\" \/>\n<meta property=\"og:title\" content=\"Hot-melt - Hotmelt adhesives\" \/>\n<meta property=\"og:description\" content=\"Hot melt adhesives are unique because of it&#8217;s application temperature and is capable of simplifying production [&hellip;]\" \/>\n<meta property=\"og:url\" content=\"https:\/\/hotmelts.eu\/de_at\/hot-melt-2\/\" \/>\n<meta property=\"og:site_name\" content=\"Hotmelt adhesives\" \/>\n<meta property=\"article:modified_time\" content=\"2021-09-20T10:40:59+00:00\" \/>\n<meta property=\"og:image\" content=\"https:\/\/hotmelts.eu\/wp-content\/uploads\/2020\/05\/IMG_7353-kopie-hotmelt-sticks-whitebg-1024x768.png\" \/>\n<meta name=\"twitter:card\" content=\"summary_large_image\" \/>\n<meta name=\"twitter:label1\" content=\"Gesch\u00e4tzte Lesezeit\" \/>\n\t<meta name=\"twitter:data1\" content=\"2 Minuten\" \/>\n<script type=\"application\/ld+json\" class=\"yoast-schema-graph\">{\"@context\":\"https:\/\/schema.org\",\"@graph\":[{\"@type\":\"WebPage\",\"@id\":\"https:\/\/hotmelts.eu\/nn\/hot-melt-2\/\",\"url\":\"https:\/\/hotmelts.eu\/nn\/hot-melt-2\/\",\"name\":\"Hot-melt - Hotmelt adhesives\",\"isPartOf\":{\"@id\":\"https:\/\/hotmelts.eu\/nn\/#website\"},\"primaryImageOfPage\":{\"@id\":\"https:\/\/hotmelts.eu\/nn\/hot-melt-2\/#primaryimage\"},\"image\":{\"@id\":\"https:\/\/hotmelts.eu\/nn\/hot-melt-2\/#primaryimage\"},\"thumbnailUrl\":\"https:\/\/hotmelts.eu\/wp-content\/uploads\/2020\/05\/IMG_7353-kopie-hotmelt-sticks-whitebg-1024x768.png\",\"datePublished\":\"2021-08-23T11:51:23+00:00\",\"dateModified\":\"2021-09-20T10:40:59+00:00\",\"breadcrumb\":{\"@id\":\"https:\/\/hotmelts.eu\/nn\/hot-melt-2\/#breadcrumb\"},\"inLanguage\":\"de-AT\",\"potentialAction\":[{\"@type\":\"ReadAction\",\"target\":[\"https:\/\/hotmelts.eu\/nn\/hot-melt-2\/\"]}]},{\"@type\":\"ImageObject\",\"inLanguage\":\"de-AT\",\"@id\":\"https:\/\/hotmelts.eu\/nn\/hot-melt-2\/#primaryimage\",\"url\":\"https:\/\/hotmelts.eu\/wp-content\/uploads\/2020\/05\/IMG_7353-kopie-hotmelt-sticks-whitebg-1024x768.png\",\"contentUrl\":\"https:\/\/hotmelts.eu\/wp-content\/uploads\/2020\/05\/IMG_7353-kopie-hotmelt-sticks-whitebg-1024x768.png\"},{\"@type\":\"BreadcrumbList\",\"@id\":\"https:\/\/hotmelts.eu\/nn\/hot-melt-2\/#breadcrumb\",\"itemListElement\":[{\"@type\":\"ListItem\",\"position\":1,\"name\":\"Home\",\"item\":\"https:\/\/hotmelts.eu\/nn\/\"},{\"@type\":\"ListItem\",\"position\":2,\"name\":\"Hot-melt\"}]},{\"@type\":\"WebSite\",\"@id\":\"https:\/\/hotmelts.eu\/nn\/#website\",\"url\":\"https:\/\/hotmelts.eu\/nn\/\",\"name\":\"Hotmelts, Adhesives & Glues\",\"description\":\"Packaging, EVA, PO, PUR and PSA manufacturing\",\"publisher\":{\"@id\":\"https:\/\/hotmelts.eu\/nn\/#organization\"},\"potentialAction\":[{\"@type\":\"SearchAction\",\"target\":{\"@type\":\"EntryPoint\",\"urlTemplate\":\"https:\/\/hotmelts.eu\/nn\/?s={search_term_string}\"},\"query-input\":{\"@type\":\"PropertyValueSpecification\",\"valueRequired\":true,\"valueName\":\"search_term_string\"}}],\"inLanguage\":\"de-AT\"},{\"@type\":\"Organization\",\"@id\":\"https:\/\/hotmelts.eu\/nn\/#organization\",\"name\":\"Hot melt, Adhesives & Glues\",\"url\":\"https:\/\/hotmelts.eu\/nn\/\",\"logo\":{\"@type\":\"ImageObject\",\"inLanguage\":\"de-AT\",\"@id\":\"https:\/\/hotmelts.eu\/nn\/#\/schema\/logo\/image\/\",\"url\":\"https:\/\/hotmelts.eu\/wp-content\/uploads\/2021\/08\/cropped-logo-intercol-blank-TRANSP22-white.png\",\"contentUrl\":\"https:\/\/hotmelts.eu\/wp-content\/uploads\/2021\/08\/cropped-logo-intercol-blank-TRANSP22-white.png\",\"width\":200,\"height\":100,\"caption\":\"Hot melt, Adhesives & Glues\"},\"image\":{\"@id\":\"https:\/\/hotmelts.eu\/nn\/#\/schema\/logo\/image\/\"}}]}<\/script>\n<!-- \/ Yoast SEO plugin. -->","yoast_head_json":{"title":"Hotmelt - Schmelzklebstoffe","robots":{"index":"index","follow":"follow","max-snippet":"max-snippet:-1","max-image-preview":"max-image-preview:large","max-video-preview":"max-video-preview:-1"},"canonical":"https:\/\/hotmelts.eu\/de_at\/hot-melt-2\/","og_locale":"de_DE","og_type":"article","og_title":"Hot-melt - Hotmelt adhesives","og_description":"Hot melt adhesives are unique because of it&#8217;s application temperature and is capable of simplifying production [&hellip;]","og_url":"https:\/\/hotmelts.eu\/de_at\/hot-melt-2\/","og_site_name":"Hotmelt adhesives","article_modified_time":"2021-09-20T10:40:59+00:00","og_image":[{"url":"https:\/\/hotmelts.eu\/wp-content\/uploads\/2020\/05\/IMG_7353-kopie-hotmelt-sticks-whitebg-1024x768.png","type":"","width":"","height":""}],"twitter_card":"summary_large_image","twitter_misc":{"Gesch\u00e4tzte Lesezeit":"2 Minuten"},"schema":{"@context":"https:\/\/schema.org","@graph":[{"@type":"WebPage","@id":"https:\/\/hotmelts.eu\/nn\/hot-melt-2\/","url":"https:\/\/hotmelts.eu\/nn\/hot-melt-2\/","name":"Hotmelt - Schmelzklebstoffe","isPartOf":{"@id":"https:\/\/hotmelts.eu\/nn\/#website"},"primaryImageOfPage":{"@id":"https:\/\/hotmelts.eu\/nn\/hot-melt-2\/#primaryimage"},"image":{"@id":"https:\/\/hotmelts.eu\/nn\/hot-melt-2\/#primaryimage"},"thumbnailUrl":"https:\/\/hotmelts.eu\/wp-content\/uploads\/2020\/05\/IMG_7353-kopie-hotmelt-sticks-whitebg-1024x768.png","datePublished":"2021-08-23T11:51:23+00:00","dateModified":"2021-09-20T10:40:59+00:00","breadcrumb":{"@id":"https:\/\/hotmelts.eu\/nn\/hot-melt-2\/#breadcrumb"},"inLanguage":"de-AT","potentialAction":[{"@type":"ReadAction","target":["https:\/\/hotmelts.eu\/nn\/hot-melt-2\/"]}]},{"@type":"ImageObject","inLanguage":"de-AT","@id":"https:\/\/hotmelts.eu\/nn\/hot-melt-2\/#primaryimage","url":"https:\/\/hotmelts.eu\/wp-content\/uploads\/2020\/05\/IMG_7353-kopie-hotmelt-sticks-whitebg-1024x768.png","contentUrl":"https:\/\/hotmelts.eu\/wp-content\/uploads\/2020\/05\/IMG_7353-kopie-hotmelt-sticks-whitebg-1024x768.png"},{"@type":"BreadcrumbList","@id":"https:\/\/hotmelts.eu\/nn\/hot-melt-2\/#breadcrumb","itemListElement":[{"@type":"ListItem","position":1,"name":"Home","item":"https:\/\/hotmelts.eu\/nn\/"},{"@type":"ListItem","position":2,"name":"Hot-melt"}]},{"@type":"WebSite","@id":"https:\/\/hotmelts.eu\/nn\/#website","url":"https:\/\/hotmelts.eu\/nn\/","name":"Hotmelts, Adhesives & Glues","description":"Herstellung von Verpackungen, EVA, PO, PUR und PSA","publisher":{"@id":"https:\/\/hotmelts.eu\/nn\/#organization"},"potentialAction":[{"@type":"SearchAction","target":{"@type":"EntryPoint","urlTemplate":"https:\/\/hotmelts.eu\/nn\/?s={search_term_string}"},"query-input":{"@type":"PropertyValueSpecification","valueRequired":true,"valueName":"search_term_string"}}],"inLanguage":"de-AT"},{"@type":"Organization","@id":"https:\/\/hotmelts.eu\/nn\/#organization","name":"Hot melt, Adhesives & Glues","url":"https:\/\/hotmelts.eu\/nn\/","logo":{"@type":"ImageObject","inLanguage":"de-AT","@id":"https:\/\/hotmelts.eu\/nn\/#\/schema\/logo\/image\/","url":"https:\/\/hotmelts.eu\/wp-content\/uploads\/2021\/08\/cropped-logo-intercol-blank-TRANSP22-white.png","contentUrl":"https:\/\/hotmelts.eu\/wp-content\/uploads\/2021\/08\/cropped-logo-intercol-blank-TRANSP22-white.png","width":200,"height":100,"caption":"Hot melt, Adhesives & Glues"},"image":{"@id":"https:\/\/hotmelts.eu\/nn\/#\/schema\/logo\/image\/"}}]}},"_links":{"self":[{"href":"https:\/\/hotmelts.eu\/de_at\/wp-json\/wp\/v2\/pages\/110","targetHints":{"allow":["GET"]}}],"collection":[{"href":"https:\/\/hotmelts.eu\/de_at\/wp-json\/wp\/v2\/pages"}],"about":[{"href":"https:\/\/hotmelts.eu\/de_at\/wp-json\/wp\/v2\/types\/page"}],"author":[{"embeddable":true,"href":"https:\/\/hotmelts.eu\/de_at\/wp-json\/wp\/v2\/users\/1"}],"replies":[{"embeddable":true,"href":"https:\/\/hotmelts.eu\/de_at\/wp-json\/wp\/v2\/comments?post=110"}],"version-history":[{"count":2,"href":"https:\/\/hotmelts.eu\/de_at\/wp-json\/wp\/v2\/pages\/110\/revisions"}],"predecessor-version":[{"id":113,"href":"https:\/\/hotmelts.eu\/de_at\/wp-json\/wp\/v2\/pages\/110\/revisions\/113"}],"wp:attachment":[{"href":"https:\/\/hotmelts.eu\/de_at\/wp-json\/wp\/v2\/media?parent=110"}],"curies":[{"name":"wp","href":"https:\/\/api.w.org\/{rel}","templated":true}]}}