{"id":123,"date":"2021-09-20T10:05:00","date_gmt":"2021-09-20T10:05:00","guid":{"rendered":"https:\/\/hotmelts.eu\/?page_id=123"},"modified":"2021-09-20T10:05:02","modified_gmt":"2021-09-20T10:05:02","slug":"toll-manufacturing","status":"publish","type":"page","link":"https:\/\/hotmelts.eu\/de\/toll-manufacturing\/","title":{"rendered":"Lohnfertigung"},"content":{"rendered":"<p>Durch Wachstum, Innovation, Produktentwicklung, Engineering und Investitionen in Fertigungskapazit\u00e4ten bieten wir einzigartige M\u00f6glichkeiten zur Entwicklung und Herstellung von Produkten f\u00fcr neue Anwendungen. Wir bieten diskrete und vertrauliche Lohnfertigungsdienste mit White-Labeling-Service.<\/p>\n\n\n\n<h2 class=\"wp-block-heading\">Thermoplastische Schmelzklebstoffe und Klebstoffe auf Wasserbasis<\/h2>\n\n\n\n<p>Kunden aus der ganzen Welt haben erhebliche Vorteile durch die Auslagerung ihrer Fertigung durch uns erfahren. Von der Rohstoffversorgung \u00fcber die Qualit\u00e4tskontrolle bis hin zur Erstellung von Dokumenten wie SDB und f\u00fcr den Export und Import weltweit. Mit den Niederlanden als Basis k\u00f6nnen wir die Logistik sehr effizient abwickeln.<\/p>\n\n\n\n<h2 class=\"wp-block-heading\">Die Vorteile der Lohnfertigung<\/h2>\n\n\n\n<p>Lohnfertigung ist eine kosteng\u00fcnstige Dienstleistung, die viel Zeit sparen kann. Da dieser Service es Innovatoren und L\u00f6sungsanbietern erm\u00f6glicht, sich auf ihr Kerngesch\u00e4ft zu konzentrieren, verwenden selbst alteingesessene Unternehmen Lohnfertigung oder White Labeling, da Unternehmen mit geringeren Investitionen einfacher zu verwalten sind.<\/p>\n\n\n\n<h2 class=\"wp-block-heading\">Hoch- und Herunterskalieren<\/h2>\n\n\n\n<p>Lohnfertigung ist ein gro\u00dfartiger Service f\u00fcr Unternehmen, die \u00fcber das technische Wissen, aber nicht die Zeit, die Einrichtungen oder die Flexibilit\u00e4t in ihrer Produktion verf\u00fcgen, um spezifische Klebstoffe, Beschichtungen, Bindemittel oder andere thermoplastische oder wasserbasierte Produkte selbst herzustellen. Mit unserem Service f\u00fcgt es dem Endprodukt immer noch einen erheblichen Mehrwert hinzu.<\/p>\n\n\n\n<p>OMM und OEM<\/p>\n\n\n\n<p>Bei Intercol arbeiten wir sowohl mit OMMs als auch mit OEMs zusammen, die ihre eigene Marke verkaufen m\u00f6chten. <\/p>\n\n\n\n<h2 class=\"wp-block-heading\">Als w\u00e4re es deine eigene Fabrik<\/h2>\n\n\n\n<p>Bei der Lohnfertigung ist das Produkt oft eine Nische und f\u00fcr Start-ups komplex in der Herstellung. Die Produktionskapazit\u00e4t, Flexibilit\u00e4t und das Know-how von Intercol in der Herstellung von Klebstoffen und Beschichtungen erm\u00f6glichen es uns, Klebstoffe effizient herzustellen und in Industrieverpackungen zu verpacken.<\/p>\n\n\n\n<p><\/p>\n\n\n\n<figure class=\"wp-block-image size-large\"><img loading=\"lazy\" decoding=\"async\" width=\"1024\" height=\"515\" src=\"https:\/\/hotmelts.eu\/wp-content\/uploads\/2021\/09\/toll-manufacturing-hot-melt-waterbased-polymer-1024x515.jpg\" alt=\"\" class=\"wp-image-124\" srcset=\"https:\/\/hotmelts.eu\/wp-content\/uploads\/2021\/09\/toll-manufacturing-hot-melt-waterbased-polymer-1024x515.jpg 1024w, https:\/\/hotmelts.eu\/wp-content\/uploads\/2021\/09\/toll-manufacturing-hot-melt-waterbased-polymer-300x151.jpg 300w, https:\/\/hotmelts.eu\/wp-content\/uploads\/2021\/09\/toll-manufacturing-hot-melt-waterbased-polymer-768x387.jpg 768w, https:\/\/hotmelts.eu\/wp-content\/uploads\/2021\/09\/toll-manufacturing-hot-melt-waterbased-polymer-18x9.jpg 18w, https:\/\/hotmelts.eu\/wp-content\/uploads\/2021\/09\/toll-manufacturing-hot-melt-waterbased-polymer-500x252.jpg 500w, https:\/\/hotmelts.eu\/wp-content\/uploads\/2021\/09\/toll-manufacturing-hot-melt-waterbased-polymer-800x403.jpg 800w, https:\/\/hotmelts.eu\/wp-content\/uploads\/2021\/09\/toll-manufacturing-hot-melt-waterbased-polymer.jpg 1174w\" sizes=\"auto, (max-width: 1024px) 100vw, 1024px\" \/><figcaption>Lohnfertigung <\/figcaption><\/figure>\n\n\n\n<h2 class=\"wp-block-heading\">AGRO, Etikettierung, Verpackung, Holzbearbeitung und Produktmontage <\/h2>\n\n\n\n<p>Einer der beliebtesten Klebstoffe f\u00fcr die Lohnfertigung sind wasserbasierte Produkte wie PVOH, PVAC und EVOH. Unsere Dienstleistungen decken das gesamte Sortiment an Klebstoffen ab, die f\u00fcr eine Vielzahl von Branchen wie AGRO, Etikettierung, Verpackung, Holzbearbeitung und Produktmontage hergestellt werden.<\/p>\n\n\n\n<h2 class=\"wp-block-heading\">Kontaktiere uns!<\/h2>\n\n\n\n<p>Intercol liefert ihre qualit\u00e4tsgesicherten Produkte zeitgerecht zusammen mit Dokumenten und Qualit\u00e4tskontrolle.  <\/p>\n\n\n\n<p><\/p>\n\n\n\n<p><\/p>","protected":false},"excerpt":{"rendered":"<p>Through growth, innovation, product development, egineering and investing in manufacturing capacity, we can offer unique possibilities [&hellip;]<\/p>","protected":false},"author":1,"featured_media":0,"parent":0,"menu_order":0,"comment_status":"closed","ping_status":"closed","template":"","meta":{"footnotes":""},"class_list":["post-123","page","type-page","status-publish","hentry"],"yoast_head":"<!-- This site is optimized with the Yoast SEO plugin v24.9 - https:\/\/yoast.com\/wordpress\/plugins\/seo\/ -->\n<title>Toll manufacturing - Hotmelt adhesives<\/title>\n<meta name=\"robots\" content=\"index, follow, max-snippet:-1, max-image-preview:large, max-video-preview:-1\" \/>\n<link rel=\"canonical\" href=\"https:\/\/hotmelts.eu\/de\/toll-manufacturing\/\" \/>\n<meta property=\"og:locale\" content=\"de_DE\" \/>\n<meta property=\"og:type\" content=\"article\" \/>\n<meta property=\"og:title\" content=\"Toll manufacturing - Hotmelt adhesives\" \/>\n<meta property=\"og:description\" content=\"Through growth, innovation, product development, egineering and investing in manufacturing capacity, we can offer unique possibilities [&hellip;]\" \/>\n<meta property=\"og:url\" content=\"https:\/\/hotmelts.eu\/de\/toll-manufacturing\/\" \/>\n<meta property=\"og:site_name\" content=\"Hotmelt adhesives\" \/>\n<meta property=\"article:modified_time\" content=\"2021-09-20T10:05:02+00:00\" \/>\n<meta property=\"og:image\" content=\"https:\/\/hotmelts.eu\/wp-content\/uploads\/2021\/09\/toll-manufacturing-hot-melt-waterbased-polymer-1024x515.jpg\" \/>\n<meta name=\"twitter:card\" content=\"summary_large_image\" \/>\n<meta name=\"twitter:label1\" content=\"Gesch\u00e4tzte Lesezeit\" \/>\n\t<meta name=\"twitter:data1\" content=\"2\u00a0Minuten\" \/>\n<script type=\"application\/ld+json\" class=\"yoast-schema-graph\">{\"@context\":\"https:\/\/schema.org\",\"@graph\":[{\"@type\":\"WebPage\",\"@id\":\"https:\/\/hotmelts.eu\/da\/toll-manufacturing\/\",\"url\":\"https:\/\/hotmelts.eu\/da\/toll-manufacturing\/\",\"name\":\"Toll manufacturing - Hotmelt adhesives\",\"isPartOf\":{\"@id\":\"https:\/\/hotmelts.eu\/nn\/#website\"},\"primaryImageOfPage\":{\"@id\":\"https:\/\/hotmelts.eu\/da\/toll-manufacturing\/#primaryimage\"},\"image\":{\"@id\":\"https:\/\/hotmelts.eu\/da\/toll-manufacturing\/#primaryimage\"},\"thumbnailUrl\":\"https:\/\/hotmelts.eu\/wp-content\/uploads\/2021\/09\/toll-manufacturing-hot-melt-waterbased-polymer-1024x515.jpg\",\"datePublished\":\"2021-09-20T10:05:00+00:00\",\"dateModified\":\"2021-09-20T10:05:02+00:00\",\"breadcrumb\":{\"@id\":\"https:\/\/hotmelts.eu\/da\/toll-manufacturing\/#breadcrumb\"},\"inLanguage\":\"de\",\"potentialAction\":[{\"@type\":\"ReadAction\",\"target\":[\"https:\/\/hotmelts.eu\/da\/toll-manufacturing\/\"]}]},{\"@type\":\"ImageObject\",\"inLanguage\":\"de\",\"@id\":\"https:\/\/hotmelts.eu\/da\/toll-manufacturing\/#primaryimage\",\"url\":\"https:\/\/hotmelts.eu\/wp-content\/uploads\/2021\/09\/toll-manufacturing-hot-melt-waterbased-polymer-1024x515.jpg\",\"contentUrl\":\"https:\/\/hotmelts.eu\/wp-content\/uploads\/2021\/09\/toll-manufacturing-hot-melt-waterbased-polymer-1024x515.jpg\"},{\"@type\":\"BreadcrumbList\",\"@id\":\"https:\/\/hotmelts.eu\/da\/toll-manufacturing\/#breadcrumb\",\"itemListElement\":[{\"@type\":\"ListItem\",\"position\":1,\"name\":\"Home\",\"item\":\"https:\/\/hotmelts.eu\/nn\/\"},{\"@type\":\"ListItem\",\"position\":2,\"name\":\"Toll manufacturing\"}]},{\"@type\":\"WebSite\",\"@id\":\"https:\/\/hotmelts.eu\/nn\/#website\",\"url\":\"https:\/\/hotmelts.eu\/nn\/\",\"name\":\"Hotmelts, Adhesives & Glues\",\"description\":\"Packaging, EVA, PO, PUR and PSA manufacturing\",\"publisher\":{\"@id\":\"https:\/\/hotmelts.eu\/nn\/#organization\"},\"potentialAction\":[{\"@type\":\"SearchAction\",\"target\":{\"@type\":\"EntryPoint\",\"urlTemplate\":\"https:\/\/hotmelts.eu\/nn\/?s={search_term_string}\"},\"query-input\":{\"@type\":\"PropertyValueSpecification\",\"valueRequired\":true,\"valueName\":\"search_term_string\"}}],\"inLanguage\":\"de\"},{\"@type\":\"Organization\",\"@id\":\"https:\/\/hotmelts.eu\/nn\/#organization\",\"name\":\"Hot melt, Adhesives & Glues\",\"url\":\"https:\/\/hotmelts.eu\/nn\/\",\"logo\":{\"@type\":\"ImageObject\",\"inLanguage\":\"de\",\"@id\":\"https:\/\/hotmelts.eu\/nn\/#\/schema\/logo\/image\/\",\"url\":\"https:\/\/hotmelts.eu\/wp-content\/uploads\/2021\/08\/cropped-logo-intercol-blank-TRANSP22-white.png\",\"contentUrl\":\"https:\/\/hotmelts.eu\/wp-content\/uploads\/2021\/08\/cropped-logo-intercol-blank-TRANSP22-white.png\",\"width\":200,\"height\":100,\"caption\":\"Hot melt, Adhesives & Glues\"},\"image\":{\"@id\":\"https:\/\/hotmelts.eu\/nn\/#\/schema\/logo\/image\/\"}}]}<\/script>\n<!-- \/ Yoast SEO plugin. -->","yoast_head_json":{"title":"Lohnfertigung - Schmelzklebstoffe","robots":{"index":"index","follow":"follow","max-snippet":"max-snippet:-1","max-image-preview":"max-image-preview:large","max-video-preview":"max-video-preview:-1"},"canonical":"https:\/\/hotmelts.eu\/de\/toll-manufacturing\/","og_locale":"de_DE","og_type":"article","og_title":"Toll manufacturing - Hotmelt adhesives","og_description":"Through growth, innovation, product development, egineering and investing in manufacturing capacity, we can offer unique possibilities [&hellip;]","og_url":"https:\/\/hotmelts.eu\/de\/toll-manufacturing\/","og_site_name":"Hotmelt adhesives","article_modified_time":"2021-09-20T10:05:02+00:00","og_image":[{"url":"https:\/\/hotmelts.eu\/wp-content\/uploads\/2021\/09\/toll-manufacturing-hot-melt-waterbased-polymer-1024x515.jpg","type":"","width":"","height":""}],"twitter_card":"summary_large_image","twitter_misc":{"Gesch\u00e4tzte Lesezeit":"2\u00a0Minuten"},"schema":{"@context":"https:\/\/schema.org","@graph":[{"@type":"WebPage","@id":"https:\/\/hotmelts.eu\/da\/toll-manufacturing\/","url":"https:\/\/hotmelts.eu\/da\/toll-manufacturing\/","name":"Lohnfertigung - Schmelzklebstoffe","isPartOf":{"@id":"https:\/\/hotmelts.eu\/nn\/#website"},"primaryImageOfPage":{"@id":"https:\/\/hotmelts.eu\/da\/toll-manufacturing\/#primaryimage"},"image":{"@id":"https:\/\/hotmelts.eu\/da\/toll-manufacturing\/#primaryimage"},"thumbnailUrl":"https:\/\/hotmelts.eu\/wp-content\/uploads\/2021\/09\/toll-manufacturing-hot-melt-waterbased-polymer-1024x515.jpg","datePublished":"2021-09-20T10:05:00+00:00","dateModified":"2021-09-20T10:05:02+00:00","breadcrumb":{"@id":"https:\/\/hotmelts.eu\/da\/toll-manufacturing\/#breadcrumb"},"inLanguage":"de","potentialAction":[{"@type":"ReadAction","target":["https:\/\/hotmelts.eu\/da\/toll-manufacturing\/"]}]},{"@type":"ImageObject","inLanguage":"de","@id":"https:\/\/hotmelts.eu\/da\/toll-manufacturing\/#primaryimage","url":"https:\/\/hotmelts.eu\/wp-content\/uploads\/2021\/09\/toll-manufacturing-hot-melt-waterbased-polymer-1024x515.jpg","contentUrl":"https:\/\/hotmelts.eu\/wp-content\/uploads\/2021\/09\/toll-manufacturing-hot-melt-waterbased-polymer-1024x515.jpg"},{"@type":"BreadcrumbList","@id":"https:\/\/hotmelts.eu\/da\/toll-manufacturing\/#breadcrumb","itemListElement":[{"@type":"ListItem","position":1,"name":"Home","item":"https:\/\/hotmelts.eu\/nn\/"},{"@type":"ListItem","position":2,"name":"Toll manufacturing"}]},{"@type":"WebSite","@id":"https:\/\/hotmelts.eu\/nn\/#website","url":"https:\/\/hotmelts.eu\/nn\/","name":"Hotmelts, Adhesives & Glues","description":"Herstellung von Verpackungen, EVA, PO, PUR und PSA","publisher":{"@id":"https:\/\/hotmelts.eu\/nn\/#organization"},"potentialAction":[{"@type":"SearchAction","target":{"@type":"EntryPoint","urlTemplate":"https:\/\/hotmelts.eu\/nn\/?s={search_term_string}"},"query-input":{"@type":"PropertyValueSpecification","valueRequired":true,"valueName":"search_term_string"}}],"inLanguage":"de"},{"@type":"Organization","@id":"https:\/\/hotmelts.eu\/nn\/#organization","name":"Hot melt, Adhesives & Glues","url":"https:\/\/hotmelts.eu\/nn\/","logo":{"@type":"ImageObject","inLanguage":"de","@id":"https:\/\/hotmelts.eu\/nn\/#\/schema\/logo\/image\/","url":"https:\/\/hotmelts.eu\/wp-content\/uploads\/2021\/08\/cropped-logo-intercol-blank-TRANSP22-white.png","contentUrl":"https:\/\/hotmelts.eu\/wp-content\/uploads\/2021\/08\/cropped-logo-intercol-blank-TRANSP22-white.png","width":200,"height":100,"caption":"Hot melt, Adhesives & Glues"},"image":{"@id":"https:\/\/hotmelts.eu\/nn\/#\/schema\/logo\/image\/"}}]}},"_links":{"self":[{"href":"https:\/\/hotmelts.eu\/de\/wp-json\/wp\/v2\/pages\/123","targetHints":{"allow":["GET"]}}],"collection":[{"href":"https:\/\/hotmelts.eu\/de\/wp-json\/wp\/v2\/pages"}],"about":[{"href":"https:\/\/hotmelts.eu\/de\/wp-json\/wp\/v2\/types\/page"}],"author":[{"embeddable":true,"href":"https:\/\/hotmelts.eu\/de\/wp-json\/wp\/v2\/users\/1"}],"replies":[{"embeddable":true,"href":"https:\/\/hotmelts.eu\/de\/wp-json\/wp\/v2\/comments?post=123"}],"version-history":[{"count":1,"href":"https:\/\/hotmelts.eu\/de\/wp-json\/wp\/v2\/pages\/123\/revisions"}],"predecessor-version":[{"id":126,"href":"https:\/\/hotmelts.eu\/de\/wp-json\/wp\/v2\/pages\/123\/revisions\/126"}],"wp:attachment":[{"href":"https:\/\/hotmelts.eu\/de\/wp-json\/wp\/v2\/media?parent=123"}],"curies":[{"name":"wp","href":"https:\/\/api.w.org\/{rel}","templated":true}]}}