{"id":48,"date":"2020-05-28T21:33:38","date_gmt":"2020-05-28T21:33:38","guid":{"rendered":"https:\/\/hotmelts.eu\/?page_id=48"},"modified":"2020-05-28T21:33:38","modified_gmt":"2020-05-28T21:33:38","slug":"eva-hot-melt","status":"publish","type":"page","link":"https:\/\/hotmelts.eu\/da\/eva-hot-melt\/","title":{"rendered":"EVA hot melt"},"content":{"rendered":"<p>EVA hot melt er stadig den st\u00f8rste produktgruppe inden for hot melt lim. P\u00e5 grund af den hurtige pind, det brede vedh\u00e6ftningsomr\u00e5de og den \u00f8konomiske brug. EVA hot melt er en af de \u00e6ldre hot melt teknologier og udvikler sig stadig inden for vedh\u00e6ftningsomr\u00e5det og termisk stabilitet.<\/p>\n\n\n\n<figure class=\"wp-block-image size-large\"><img loading=\"lazy\" decoding=\"async\" width=\"836\" height=\"1024\" src=\"https:\/\/hotmelts.eu\/wp-content\/uploads\/2020\/05\/1-2-836x1024.png\" alt=\"\" class=\"wp-image-49\" srcset=\"https:\/\/hotmelts.eu\/wp-content\/uploads\/2020\/05\/1-2-836x1024.png 836w, https:\/\/hotmelts.eu\/wp-content\/uploads\/2020\/05\/1-2-245x300.png 245w, https:\/\/hotmelts.eu\/wp-content\/uploads\/2020\/05\/1-2-768x941.png 768w, https:\/\/hotmelts.eu\/wp-content\/uploads\/2020\/05\/1-2.png 936w\" sizes=\"auto, (max-width: 836px) 100vw, 836px\" \/><figcaption>Typisk EVA smeltelim<\/figcaption><\/figure>","protected":false},"excerpt":{"rendered":"<p>EVA hot melt is still the largest product group within hot melt adhesives. Because of it&#8217;s [&hellip;]<\/p>","protected":false},"author":1,"featured_media":0,"parent":0,"menu_order":0,"comment_status":"closed","ping_status":"closed","template":"","meta":{"footnotes":""},"class_list":["post-48","page","type-page","status-publish","hentry"],"yoast_head":"<!-- This site is optimized with the Yoast SEO plugin v24.9 - https:\/\/yoast.com\/wordpress\/plugins\/seo\/ -->\n<title>EVA hot melt - Hotmelt adhesives<\/title>\n<meta name=\"robots\" content=\"index, follow, max-snippet:-1, max-image-preview:large, max-video-preview:-1\" \/>\n<link rel=\"canonical\" href=\"https:\/\/hotmelts.eu\/da\/eva-hot-melt\/\" \/>\n<meta property=\"og:locale\" content=\"da_DK\" \/>\n<meta property=\"og:type\" content=\"article\" \/>\n<meta property=\"og:title\" content=\"EVA hot melt - Hotmelt adhesives\" \/>\n<meta property=\"og:description\" content=\"EVA hot melt is still the largest product group within hot melt adhesives. Because of it&#8217;s [&hellip;]\" \/>\n<meta property=\"og:url\" content=\"https:\/\/hotmelts.eu\/da\/eva-hot-melt\/\" \/>\n<meta property=\"og:site_name\" content=\"Hotmelt adhesives\" \/>\n<meta property=\"og:image\" content=\"https:\/\/hotmelts.eu\/wp-content\/uploads\/2020\/05\/1-2-836x1024.png\" \/>\n<meta name=\"twitter:card\" content=\"summary_large_image\" \/>\n<script type=\"application\/ld+json\" class=\"yoast-schema-graph\">{\"@context\":\"https:\/\/schema.org\",\"@graph\":[{\"@type\":\"WebPage\",\"@id\":\"https:\/\/hotmelts.eu\/eva-hot-melt\/\",\"url\":\"https:\/\/hotmelts.eu\/eva-hot-melt\/\",\"name\":\"EVA hot melt - Hotmelt adhesives\",\"isPartOf\":{\"@id\":\"https:\/\/hotmelts.eu\/nn\/#website\"},\"primaryImageOfPage\":{\"@id\":\"https:\/\/hotmelts.eu\/eva-hot-melt\/#primaryimage\"},\"image\":{\"@id\":\"https:\/\/hotmelts.eu\/eva-hot-melt\/#primaryimage\"},\"thumbnailUrl\":\"https:\/\/hotmelts.eu\/wp-content\/uploads\/2020\/05\/1-2-836x1024.png\",\"datePublished\":\"2020-05-28T21:33:38+00:00\",\"breadcrumb\":{\"@id\":\"https:\/\/hotmelts.eu\/eva-hot-melt\/#breadcrumb\"},\"inLanguage\":\"da-DK\",\"potentialAction\":[{\"@type\":\"ReadAction\",\"target\":[\"https:\/\/hotmelts.eu\/eva-hot-melt\/\"]}]},{\"@type\":\"ImageObject\",\"inLanguage\":\"da-DK\",\"@id\":\"https:\/\/hotmelts.eu\/eva-hot-melt\/#primaryimage\",\"url\":\"https:\/\/hotmelts.eu\/wp-content\/uploads\/2020\/05\/1-2-836x1024.png\",\"contentUrl\":\"https:\/\/hotmelts.eu\/wp-content\/uploads\/2020\/05\/1-2-836x1024.png\"},{\"@type\":\"BreadcrumbList\",\"@id\":\"https:\/\/hotmelts.eu\/eva-hot-melt\/#breadcrumb\",\"itemListElement\":[{\"@type\":\"ListItem\",\"position\":1,\"name\":\"Home\",\"item\":\"https:\/\/hotmelts.eu\/nn\/\"},{\"@type\":\"ListItem\",\"position\":2,\"name\":\"EVA hot melt\"}]},{\"@type\":\"WebSite\",\"@id\":\"https:\/\/hotmelts.eu\/nn\/#website\",\"url\":\"https:\/\/hotmelts.eu\/nn\/\",\"name\":\"Hotmelts, Adhesives & Glues\",\"description\":\"Packaging, EVA, PO, PUR and PSA manufacturing\",\"publisher\":{\"@id\":\"https:\/\/hotmelts.eu\/nn\/#organization\"},\"potentialAction\":[{\"@type\":\"SearchAction\",\"target\":{\"@type\":\"EntryPoint\",\"urlTemplate\":\"https:\/\/hotmelts.eu\/nn\/?s={search_term_string}\"},\"query-input\":{\"@type\":\"PropertyValueSpecification\",\"valueRequired\":true,\"valueName\":\"search_term_string\"}}],\"inLanguage\":\"da-DK\"},{\"@type\":\"Organization\",\"@id\":\"https:\/\/hotmelts.eu\/nn\/#organization\",\"name\":\"Hot melt, Adhesives & Glues\",\"url\":\"https:\/\/hotmelts.eu\/nn\/\",\"logo\":{\"@type\":\"ImageObject\",\"inLanguage\":\"da-DK\",\"@id\":\"https:\/\/hotmelts.eu\/nn\/#\/schema\/logo\/image\/\",\"url\":\"https:\/\/hotmelts.eu\/wp-content\/uploads\/2021\/08\/cropped-logo-intercol-blank-TRANSP22-white.png\",\"contentUrl\":\"https:\/\/hotmelts.eu\/wp-content\/uploads\/2021\/08\/cropped-logo-intercol-blank-TRANSP22-white.png\",\"width\":200,\"height\":100,\"caption\":\"Hot melt, Adhesives & Glues\"},\"image\":{\"@id\":\"https:\/\/hotmelts.eu\/nn\/#\/schema\/logo\/image\/\"}}]}<\/script>\n<!-- \/ Yoast SEO plugin. -->","yoast_head_json":{"title":"EVA hot melt - Hotmelt lim","robots":{"index":"index","follow":"follow","max-snippet":"max-snippet:-1","max-image-preview":"max-image-preview:large","max-video-preview":"max-video-preview:-1"},"canonical":"https:\/\/hotmelts.eu\/da\/eva-hot-melt\/","og_locale":"da_DK","og_type":"article","og_title":"EVA hot melt - Hotmelt adhesives","og_description":"EVA hot melt is still the largest product group within hot melt adhesives. Because of it&#8217;s [&hellip;]","og_url":"https:\/\/hotmelts.eu\/da\/eva-hot-melt\/","og_site_name":"Hotmelt adhesives","og_image":[{"url":"https:\/\/hotmelts.eu\/wp-content\/uploads\/2020\/05\/1-2-836x1024.png","type":"","width":"","height":""}],"twitter_card":"summary_large_image","schema":{"@context":"https:\/\/schema.org","@graph":[{"@type":"WebPage","@id":"https:\/\/hotmelts.eu\/eva-hot-melt\/","url":"https:\/\/hotmelts.eu\/eva-hot-melt\/","name":"EVA hot melt - Hotmelt lim","isPartOf":{"@id":"https:\/\/hotmelts.eu\/nn\/#website"},"primaryImageOfPage":{"@id":"https:\/\/hotmelts.eu\/eva-hot-melt\/#primaryimage"},"image":{"@id":"https:\/\/hotmelts.eu\/eva-hot-melt\/#primaryimage"},"thumbnailUrl":"https:\/\/hotmelts.eu\/wp-content\/uploads\/2020\/05\/1-2-836x1024.png","datePublished":"2020-05-28T21:33:38+00:00","breadcrumb":{"@id":"https:\/\/hotmelts.eu\/eva-hot-melt\/#breadcrumb"},"inLanguage":"da-DK","potentialAction":[{"@type":"ReadAction","target":["https:\/\/hotmelts.eu\/eva-hot-melt\/"]}]},{"@type":"ImageObject","inLanguage":"da-DK","@id":"https:\/\/hotmelts.eu\/eva-hot-melt\/#primaryimage","url":"https:\/\/hotmelts.eu\/wp-content\/uploads\/2020\/05\/1-2-836x1024.png","contentUrl":"https:\/\/hotmelts.eu\/wp-content\/uploads\/2020\/05\/1-2-836x1024.png"},{"@type":"BreadcrumbList","@id":"https:\/\/hotmelts.eu\/eva-hot-melt\/#breadcrumb","itemListElement":[{"@type":"ListItem","position":1,"name":"Home","item":"https:\/\/hotmelts.eu\/nn\/"},{"@type":"ListItem","position":2,"name":"EVA hot melt"}]},{"@type":"WebSite","@id":"https:\/\/hotmelts.eu\/nn\/#website","url":"https:\/\/hotmelts.eu\/nn\/","name":"Hotmelts, Adhesives & Glues","description":"Emballage, EVA, PO, PUR og PSA fremstilling","publisher":{"@id":"https:\/\/hotmelts.eu\/nn\/#organization"},"potentialAction":[{"@type":"SearchAction","target":{"@type":"EntryPoint","urlTemplate":"https:\/\/hotmelts.eu\/nn\/?s={search_term_string}"},"query-input":{"@type":"PropertyValueSpecification","valueRequired":true,"valueName":"search_term_string"}}],"inLanguage":"da-DK"},{"@type":"Organization","@id":"https:\/\/hotmelts.eu\/nn\/#organization","name":"Hot melt, Adhesives & Glues","url":"https:\/\/hotmelts.eu\/nn\/","logo":{"@type":"ImageObject","inLanguage":"da-DK","@id":"https:\/\/hotmelts.eu\/nn\/#\/schema\/logo\/image\/","url":"https:\/\/hotmelts.eu\/wp-content\/uploads\/2021\/08\/cropped-logo-intercol-blank-TRANSP22-white.png","contentUrl":"https:\/\/hotmelts.eu\/wp-content\/uploads\/2021\/08\/cropped-logo-intercol-blank-TRANSP22-white.png","width":200,"height":100,"caption":"Hot melt, Adhesives & Glues"},"image":{"@id":"https:\/\/hotmelts.eu\/nn\/#\/schema\/logo\/image\/"}}]}},"_links":{"self":[{"href":"https:\/\/hotmelts.eu\/da\/wp-json\/wp\/v2\/pages\/48","targetHints":{"allow":["GET"]}}],"collection":[{"href":"https:\/\/hotmelts.eu\/da\/wp-json\/wp\/v2\/pages"}],"about":[{"href":"https:\/\/hotmelts.eu\/da\/wp-json\/wp\/v2\/types\/page"}],"author":[{"embeddable":true,"href":"https:\/\/hotmelts.eu\/da\/wp-json\/wp\/v2\/users\/1"}],"replies":[{"embeddable":true,"href":"https:\/\/hotmelts.eu\/da\/wp-json\/wp\/v2\/comments?post=48"}],"version-history":[{"count":1,"href":"https:\/\/hotmelts.eu\/da\/wp-json\/wp\/v2\/pages\/48\/revisions"}],"predecessor-version":[{"id":51,"href":"https:\/\/hotmelts.eu\/da\/wp-json\/wp\/v2\/pages\/48\/revisions\/51"}],"wp:attachment":[{"href":"https:\/\/hotmelts.eu\/da\/wp-json\/wp\/v2\/media?parent=48"}],"curies":[{"name":"wp","href":"https:\/\/api.w.org\/{rel}","templated":true}]}}