{"id":24,"date":"2020-05-28T15:08:16","date_gmt":"2020-05-28T15:08:16","guid":{"rendered":"https:\/\/hotmelts.eu\/?page_id=24"},"modified":"2020-05-28T20:32:57","modified_gmt":"2020-05-28T20:32:57","slug":"psa-hot-melt-adhesives","status":"publish","type":"page","link":"https:\/\/hotmelts.eu\/da\/psa-hot-melt-adhesives\/","title":{"rendered":"PSA smeltelim"},"content":{"rendered":"<p>Trykf\u00f8lsomme kl\u00e6bemidler er fysisk h\u00e6rdende systemer, der er karakteriseret ved deres permanente kl\u00e6bning. Kl\u00e6bemidlerne opn\u00e5r deres vedh\u00e6ftning til de materialer, der skal bindes, ved hj\u00e6lp af et kontakttryk, der skal ud\u00f8ves - med stigende kontakttryk opn\u00e5s en bedre vedh\u00e6ftning. Da sammenf\u00f8jning af trykf\u00f8lsomme kl\u00e6bemidler kan finde sted b\u00e5de f\u00f8r og efter h\u00e6rdningsprocessen, afh\u00e6ngigt af styrken af den permanente kl\u00e6bning, bruges de ofte til pr\u00e6coating. Dette betyder, at ans\u00f8gningsprocessen kan udf\u00f8res uafh\u00e6ngigt af bindingen med hensyn til tid og rum.<br>Hotmelt trykf\u00f8lsomme kl\u00e6bemidler fra Intercol er kendetegnet ved h\u00f8j vedh\u00e6ftning til forskellige materialer og af h\u00f8j styrke og fleksibilitet. Ved behandling scorer disse moderne kl\u00e6bemidler point p\u00e5 grund af deres indledende kl\u00e6bning over gennemsnittet og enest\u00e5ende viskositetsstabilitet.<\/p>\n\n\n\n<h2 class=\"wp-block-heading\">Kl\u00e6brig<\/h2>\n\n\n\n<p>Trykf\u00f8lsomme kl\u00e6bemidler er karakteriseret ved deres permanente kl\u00e6bning. Med kun kontakttryk er der en hurtig vedh\u00e6ftning, jo mere tryk p\u00e5f\u00f8res, jo h\u00f8jere er vedh\u00e6ftningsstyrken. Da sammenf\u00f8jning af substrater med trykf\u00f8lsomme kl\u00e6bemidler kan finde sted b\u00e5de f\u00f8r og efter den varme h\u00e6rdningsproces, kan den bruges med inline-applikationer, men bruges oftere til pr\u00e6coating. <\/p>\n\n\n\n<p>Hotmelt trykf\u00f8lsomme kl\u00e6bemidler kan ofte give h\u00f8j indledende kl\u00e6bning til forskellige materialer og h\u00f8j styrke og fleksibilitet.<\/p>\n\n\n\n<h2 class=\"wp-block-heading\">Ejendomme <\/h2>\n\n\n\n<p>Hotmelt trykf\u00f8lsomme kl\u00e6bemidler tilbyder f\u00f8lgende fordele:<\/p>\n\n\n\n<ul class=\"wp-block-list\"><li>H\u00f8j inline produktionshastighed, ingen intermitterende stop.<\/li><li>Opl\u00f8sningsmiddelfrit, 100 % faststofindhold<\/li><li>Bredt adh\u00e6sionsspektrum til forskellige materialer<\/li><li>P\u00e5fyldningsegenskaber, udj\u00e6vning af overfladen<\/li><li>Limlinjens elasticitet<\/li><li>Mulighed for pr\u00e6coating til b\u00e5nd og selvkl\u00e6bende etiketter<\/li><li>Kl\u00e6beforbindelse kan frig\u00f8res ved hj\u00e6lp af varmeindgang.<\/li><li>Alkali-dispergerbare kvaliteter er tilg\u00e6ngelige til genbrug af plastik.<\/li><\/ul>\n\n\n\n<p><\/p>\n\n\n\n<p><\/p>\n\n\n\n<figure class=\"wp-block-image size-large\"><img loading=\"lazy\" decoding=\"async\" width=\"907\" height=\"619\" src=\"https:\/\/hotmelts.eu\/wp-content\/uploads\/2020\/05\/psa-hot-melt-parcelboxes.png\" alt=\"\" class=\"wp-image-35\" srcset=\"https:\/\/hotmelts.eu\/wp-content\/uploads\/2020\/05\/psa-hot-melt-parcelboxes.png 907w, https:\/\/hotmelts.eu\/wp-content\/uploads\/2020\/05\/psa-hot-melt-parcelboxes-300x205.png 300w, https:\/\/hotmelts.eu\/wp-content\/uploads\/2020\/05\/psa-hot-melt-parcelboxes-768x524.png 768w\" sizes=\"auto, (max-width: 907px) 100vw, 907px\" \/><figcaption>PSA hot melt til fremstilling af pakkekasser<\/figcaption><\/figure>\n\n\n\n<h2 class=\"wp-block-heading\">Pakkebokse<\/h2>\n\n\n\n<p>Pakkebokse, konvolutter og andet emballagemateriale fremstilles ofte med selvkl\u00e6bende lukninger.<\/p>\n\n\n\n<p><\/p>\n\n\n\n<p>.<\/p>\n\n\n\n<p><\/p>\n\n\n\n<p><\/p>","protected":false},"excerpt":{"rendered":"<p>Pressure-sensitive adhesives are physically setting systems that are characterised by their permanent tack. The adhesives achieve [&hellip;]<\/p>","protected":false},"author":1,"featured_media":0,"parent":0,"menu_order":0,"comment_status":"closed","ping_status":"closed","template":"","meta":{"footnotes":""},"class_list":["post-24","page","type-page","status-publish","hentry"],"yoast_head":"<!-- This site is optimized with the Yoast SEO plugin v24.9 - https:\/\/yoast.com\/wordpress\/plugins\/seo\/ -->\n<title>PSA hot melt adhesives - Hotmelt adhesives<\/title>\n<meta name=\"robots\" content=\"index, follow, max-snippet:-1, max-image-preview:large, max-video-preview:-1\" \/>\n<link rel=\"canonical\" href=\"https:\/\/hotmelts.eu\/da\/psa-hot-melt-adhesives\/\" \/>\n<meta property=\"og:locale\" content=\"da_DK\" \/>\n<meta property=\"og:type\" content=\"article\" \/>\n<meta property=\"og:title\" content=\"PSA hot melt adhesives - Hotmelt adhesives\" \/>\n<meta property=\"og:description\" content=\"Pressure-sensitive adhesives are physically setting systems that are characterised by their permanent tack. The adhesives achieve [&hellip;]\" \/>\n<meta property=\"og:url\" content=\"https:\/\/hotmelts.eu\/da\/psa-hot-melt-adhesives\/\" \/>\n<meta property=\"og:site_name\" content=\"Hotmelt adhesives\" \/>\n<meta property=\"article:modified_time\" content=\"2020-05-28T20:32:57+00:00\" \/>\n<meta property=\"og:image\" content=\"https:\/\/hotmelts.eu\/wp-content\/uploads\/2020\/05\/psa-hot-melt-parcelboxes.png\" \/>\n<meta name=\"twitter:card\" content=\"summary_large_image\" \/>\n<meta name=\"twitter:label1\" content=\"Estimeret l\u00e6setid\" \/>\n\t<meta name=\"twitter:data1\" content=\"1 minut\" \/>\n<script type=\"application\/ld+json\" class=\"yoast-schema-graph\">{\"@context\":\"https:\/\/schema.org\",\"@graph\":[{\"@type\":\"WebPage\",\"@id\":\"https:\/\/hotmelts.eu\/psa-hot-melt-adhesives\/\",\"url\":\"https:\/\/hotmelts.eu\/psa-hot-melt-adhesives\/\",\"name\":\"PSA hot melt adhesives - Hotmelt adhesives\",\"isPartOf\":{\"@id\":\"https:\/\/hotmelts.eu\/nn\/#website\"},\"primaryImageOfPage\":{\"@id\":\"https:\/\/hotmelts.eu\/psa-hot-melt-adhesives\/#primaryimage\"},\"image\":{\"@id\":\"https:\/\/hotmelts.eu\/psa-hot-melt-adhesives\/#primaryimage\"},\"thumbnailUrl\":\"https:\/\/hotmelts.eu\/wp-content\/uploads\/2020\/05\/psa-hot-melt-parcelboxes.png\",\"datePublished\":\"2020-05-28T15:08:16+00:00\",\"dateModified\":\"2020-05-28T20:32:57+00:00\",\"breadcrumb\":{\"@id\":\"https:\/\/hotmelts.eu\/psa-hot-melt-adhesives\/#breadcrumb\"},\"inLanguage\":\"da-DK\",\"potentialAction\":[{\"@type\":\"ReadAction\",\"target\":[\"https:\/\/hotmelts.eu\/psa-hot-melt-adhesives\/\"]}]},{\"@type\":\"ImageObject\",\"inLanguage\":\"da-DK\",\"@id\":\"https:\/\/hotmelts.eu\/psa-hot-melt-adhesives\/#primaryimage\",\"url\":\"https:\/\/hotmelts.eu\/wp-content\/uploads\/2020\/05\/psa-hot-melt-parcelboxes.png\",\"contentUrl\":\"https:\/\/hotmelts.eu\/wp-content\/uploads\/2020\/05\/psa-hot-melt-parcelboxes.png\"},{\"@type\":\"BreadcrumbList\",\"@id\":\"https:\/\/hotmelts.eu\/psa-hot-melt-adhesives\/#breadcrumb\",\"itemListElement\":[{\"@type\":\"ListItem\",\"position\":1,\"name\":\"Home\",\"item\":\"https:\/\/hotmelts.eu\/nn\/\"},{\"@type\":\"ListItem\",\"position\":2,\"name\":\"PSA hot melt adhesives\"}]},{\"@type\":\"WebSite\",\"@id\":\"https:\/\/hotmelts.eu\/nn\/#website\",\"url\":\"https:\/\/hotmelts.eu\/nn\/\",\"name\":\"Hotmelts, Adhesives & Glues\",\"description\":\"Packaging, EVA, PO, PUR and PSA manufacturing\",\"publisher\":{\"@id\":\"https:\/\/hotmelts.eu\/nn\/#organization\"},\"potentialAction\":[{\"@type\":\"SearchAction\",\"target\":{\"@type\":\"EntryPoint\",\"urlTemplate\":\"https:\/\/hotmelts.eu\/nn\/?s={search_term_string}\"},\"query-input\":{\"@type\":\"PropertyValueSpecification\",\"valueRequired\":true,\"valueName\":\"search_term_string\"}}],\"inLanguage\":\"da-DK\"},{\"@type\":\"Organization\",\"@id\":\"https:\/\/hotmelts.eu\/nn\/#organization\",\"name\":\"Hot melt, Adhesives & Glues\",\"url\":\"https:\/\/hotmelts.eu\/nn\/\",\"logo\":{\"@type\":\"ImageObject\",\"inLanguage\":\"da-DK\",\"@id\":\"https:\/\/hotmelts.eu\/nn\/#\/schema\/logo\/image\/\",\"url\":\"https:\/\/hotmelts.eu\/wp-content\/uploads\/2021\/08\/cropped-logo-intercol-blank-TRANSP22-white.png\",\"contentUrl\":\"https:\/\/hotmelts.eu\/wp-content\/uploads\/2021\/08\/cropped-logo-intercol-blank-TRANSP22-white.png\",\"width\":200,\"height\":100,\"caption\":\"Hot melt, Adhesives & Glues\"},\"image\":{\"@id\":\"https:\/\/hotmelts.eu\/nn\/#\/schema\/logo\/image\/\"}}]}<\/script>\n<!-- \/ Yoast SEO plugin. -->","yoast_head_json":{"title":"PSA smeltekl\u00e6bemidler - Smeltelim","robots":{"index":"index","follow":"follow","max-snippet":"max-snippet:-1","max-image-preview":"max-image-preview:large","max-video-preview":"max-video-preview:-1"},"canonical":"https:\/\/hotmelts.eu\/da\/psa-hot-melt-adhesives\/","og_locale":"da_DK","og_type":"article","og_title":"PSA hot melt adhesives - Hotmelt adhesives","og_description":"Pressure-sensitive adhesives are physically setting systems that are characterised by their permanent tack. The adhesives achieve [&hellip;]","og_url":"https:\/\/hotmelts.eu\/da\/psa-hot-melt-adhesives\/","og_site_name":"Hotmelt adhesives","article_modified_time":"2020-05-28T20:32:57+00:00","og_image":[{"url":"https:\/\/hotmelts.eu\/wp-content\/uploads\/2020\/05\/psa-hot-melt-parcelboxes.png","type":"","width":"","height":""}],"twitter_card":"summary_large_image","twitter_misc":{"Estimeret l\u00e6setid":"1 minut"},"schema":{"@context":"https:\/\/schema.org","@graph":[{"@type":"WebPage","@id":"https:\/\/hotmelts.eu\/psa-hot-melt-adhesives\/","url":"https:\/\/hotmelts.eu\/psa-hot-melt-adhesives\/","name":"PSA smeltekl\u00e6bemidler - Smeltelim","isPartOf":{"@id":"https:\/\/hotmelts.eu\/nn\/#website"},"primaryImageOfPage":{"@id":"https:\/\/hotmelts.eu\/psa-hot-melt-adhesives\/#primaryimage"},"image":{"@id":"https:\/\/hotmelts.eu\/psa-hot-melt-adhesives\/#primaryimage"},"thumbnailUrl":"https:\/\/hotmelts.eu\/wp-content\/uploads\/2020\/05\/psa-hot-melt-parcelboxes.png","datePublished":"2020-05-28T15:08:16+00:00","dateModified":"2020-05-28T20:32:57+00:00","breadcrumb":{"@id":"https:\/\/hotmelts.eu\/psa-hot-melt-adhesives\/#breadcrumb"},"inLanguage":"da-DK","potentialAction":[{"@type":"ReadAction","target":["https:\/\/hotmelts.eu\/psa-hot-melt-adhesives\/"]}]},{"@type":"ImageObject","inLanguage":"da-DK","@id":"https:\/\/hotmelts.eu\/psa-hot-melt-adhesives\/#primaryimage","url":"https:\/\/hotmelts.eu\/wp-content\/uploads\/2020\/05\/psa-hot-melt-parcelboxes.png","contentUrl":"https:\/\/hotmelts.eu\/wp-content\/uploads\/2020\/05\/psa-hot-melt-parcelboxes.png"},{"@type":"BreadcrumbList","@id":"https:\/\/hotmelts.eu\/psa-hot-melt-adhesives\/#breadcrumb","itemListElement":[{"@type":"ListItem","position":1,"name":"Home","item":"https:\/\/hotmelts.eu\/nn\/"},{"@type":"ListItem","position":2,"name":"PSA hot melt adhesives"}]},{"@type":"WebSite","@id":"https:\/\/hotmelts.eu\/nn\/#website","url":"https:\/\/hotmelts.eu\/nn\/","name":"Hotmelts, Adhesives & Glues","description":"Emballage, EVA, PO, PUR og PSA fremstilling","publisher":{"@id":"https:\/\/hotmelts.eu\/nn\/#organization"},"potentialAction":[{"@type":"SearchAction","target":{"@type":"EntryPoint","urlTemplate":"https:\/\/hotmelts.eu\/nn\/?s={search_term_string}"},"query-input":{"@type":"PropertyValueSpecification","valueRequired":true,"valueName":"search_term_string"}}],"inLanguage":"da-DK"},{"@type":"Organization","@id":"https:\/\/hotmelts.eu\/nn\/#organization","name":"Hot melt, Adhesives & Glues","url":"https:\/\/hotmelts.eu\/nn\/","logo":{"@type":"ImageObject","inLanguage":"da-DK","@id":"https:\/\/hotmelts.eu\/nn\/#\/schema\/logo\/image\/","url":"https:\/\/hotmelts.eu\/wp-content\/uploads\/2021\/08\/cropped-logo-intercol-blank-TRANSP22-white.png","contentUrl":"https:\/\/hotmelts.eu\/wp-content\/uploads\/2021\/08\/cropped-logo-intercol-blank-TRANSP22-white.png","width":200,"height":100,"caption":"Hot melt, Adhesives & Glues"},"image":{"@id":"https:\/\/hotmelts.eu\/nn\/#\/schema\/logo\/image\/"}}]}},"_links":{"self":[{"href":"https:\/\/hotmelts.eu\/da\/wp-json\/wp\/v2\/pages\/24","targetHints":{"allow":["GET"]}}],"collection":[{"href":"https:\/\/hotmelts.eu\/da\/wp-json\/wp\/v2\/pages"}],"about":[{"href":"https:\/\/hotmelts.eu\/da\/wp-json\/wp\/v2\/types\/page"}],"author":[{"embeddable":true,"href":"https:\/\/hotmelts.eu\/da\/wp-json\/wp\/v2\/users\/1"}],"replies":[{"embeddable":true,"href":"https:\/\/hotmelts.eu\/da\/wp-json\/wp\/v2\/comments?post=24"}],"version-history":[{"count":3,"href":"https:\/\/hotmelts.eu\/da\/wp-json\/wp\/v2\/pages\/24\/revisions"}],"predecessor-version":[{"id":40,"href":"https:\/\/hotmelts.eu\/da\/wp-json\/wp\/v2\/pages\/24\/revisions\/40"}],"wp:attachment":[{"href":"https:\/\/hotmelts.eu\/da\/wp-json\/wp\/v2\/media?parent=24"}],"curies":[{"name":"wp","href":"https:\/\/api.w.org\/{rel}","templated":true}]}}