{"id":148,"date":"2021-09-20T18:47:00","date_gmt":"2021-09-20T18:47:00","guid":{"rendered":"https:\/\/hotmelts.eu\/?page_id=148"},"modified":"2021-09-20T18:49:05","modified_gmt":"2021-09-20T18:49:05","slug":"assembly-hmas","status":"publish","type":"page","link":"https:\/\/hotmelts.eu\/da\/assembly-hmas\/","title":{"rendered":"Montering af HMA&#039;er"},"content":{"rendered":"<p>Intercol tilbyder alsidige, h\u00f8jtydende smeltelim-l\u00f8sninger til montage. For nylig er de fleste nye produkter p\u00e5 dette marked baseret p\u00e5 metalloc\u00e6n -teknologi. Dette muligg\u00f8r mere avancerede applikationer og flere muligheder for at tilbyde unikke hot melt -formuleringer.<\/p>\n\n\n\n<p><\/p>\n\n\n\n<p>Basepolymerer som metallocen blandes med flere ingredienser, s\u00e5som kl\u00e6bende harpikser, voks og antioxidant. Nye metallocen -teknologier har \u00f8get kilometertal og lav lugt.<\/p>\n\n\n\n<h3 class=\"wp-block-heading\">Polyolefin HMA fordele<\/h3>\n\n\n\n<ul class=\"wp-block-list\"><li>Lange \u00e5bningstidsformuleringer og kort indstillingshastighed til en lang r\u00e6kke montageapplikationer<\/li><li>Termisk stabil <\/li><li>Lavere applikationstemperaturversioner tilg\u00e6ngelige<\/li><li>H\u00f8j temperatur modstand<\/li><li>St\u00e6rk binding til lavoverfladeenergisubstrater<\/li><li>H\u00f8j sammenh\u00e6ngskraft<\/li><li>Versioner tilg\u00e6ngelige med h\u00f8j elasticitet og forl\u00e6ngelse<\/li><\/ul>\n\n\n\n<h3 class=\"wp-block-heading\">Fordele mod tidligere EVA og APAO smeltelim<\/h3>\n\n\n\n<p>Nye polyolefin hot melt-kl\u00e6bemidler muligg\u00f8r betydelige ydelsesfordele sammenlignet med ethylen-vinyl (EVA)-og amorfe polyalphaolefin (APAO) -baserede formuleringer.<\/p>\n\n\n\n<figure class=\"wp-block-image size-large\"><img loading=\"lazy\" decoding=\"async\" width=\"726\" height=\"1024\" src=\"https:\/\/hotmelts.eu\/wp-content\/uploads\/2021\/09\/hma-assembly-polyolefin-726x1024.png\" alt=\"\" class=\"wp-image-149\" srcset=\"https:\/\/hotmelts.eu\/wp-content\/uploads\/2021\/09\/hma-assembly-polyolefin-726x1024.png 726w, https:\/\/hotmelts.eu\/wp-content\/uploads\/2021\/09\/hma-assembly-polyolefin-213x300.png 213w, https:\/\/hotmelts.eu\/wp-content\/uploads\/2021\/09\/hma-assembly-polyolefin-768x1083.png 768w, https:\/\/hotmelts.eu\/wp-content\/uploads\/2021\/09\/hma-assembly-polyolefin-9x12.png 9w, https:\/\/hotmelts.eu\/wp-content\/uploads\/2021\/09\/hma-assembly-polyolefin-500x705.png 500w, https:\/\/hotmelts.eu\/wp-content\/uploads\/2021\/09\/hma-assembly-polyolefin-800x1128.png 800w, https:\/\/hotmelts.eu\/wp-content\/uploads\/2021\/09\/hma-assembly-polyolefin.png 936w\" sizes=\"auto, (max-width: 726px) 100vw, 726px\" \/><figcaption>Montering HMA kl\u00e6bende Polyolefin -serie<\/figcaption><\/figure>\n\n\n\n<p><\/p>","protected":false},"excerpt":{"rendered":"<p>Intercol offers versatile, high-performance hot melt adhesive solutions for assembly applications.&nbsp;Recently, most new products in this [&hellip;]<\/p>","protected":false},"author":1,"featured_media":0,"parent":0,"menu_order":0,"comment_status":"closed","ping_status":"closed","template":"template-full-width.php","meta":{"footnotes":""},"class_list":["post-148","page","type-page","status-publish","hentry"],"yoast_head":"<!-- This site is optimized with the Yoast SEO plugin v24.9 - https:\/\/yoast.com\/wordpress\/plugins\/seo\/ -->\n<title>Assembly HMA&#039;s - Hotmelt adhesives<\/title>\n<meta name=\"robots\" content=\"index, follow, max-snippet:-1, max-image-preview:large, max-video-preview:-1\" \/>\n<link rel=\"canonical\" href=\"https:\/\/hotmelts.eu\/da\/assembly-hmas\/\" \/>\n<meta property=\"og:locale\" content=\"da_DK\" \/>\n<meta property=\"og:type\" content=\"article\" \/>\n<meta property=\"og:title\" content=\"Assembly HMA&#039;s - Hotmelt adhesives\" \/>\n<meta property=\"og:description\" content=\"Intercol offers versatile, high-performance hot melt adhesive solutions for assembly applications.&nbsp;Recently, most new products in this [&hellip;]\" \/>\n<meta property=\"og:url\" content=\"https:\/\/hotmelts.eu\/da\/assembly-hmas\/\" \/>\n<meta property=\"og:site_name\" content=\"Hotmelt adhesives\" \/>\n<meta property=\"article:modified_time\" content=\"2021-09-20T18:49:05+00:00\" \/>\n<meta property=\"og:image\" content=\"https:\/\/hotmelts.eu\/wp-content\/uploads\/2021\/09\/hma-assembly-polyolefin-726x1024.png\" \/>\n<meta name=\"twitter:card\" content=\"summary_large_image\" \/>\n<meta name=\"twitter:label1\" content=\"Estimeret l\u00e6setid\" \/>\n\t<meta name=\"twitter:data1\" content=\"1 minut\" \/>\n<script type=\"application\/ld+json\" class=\"yoast-schema-graph\">{\"@context\":\"https:\/\/schema.org\",\"@graph\":[{\"@type\":\"WebPage\",\"@id\":\"https:\/\/hotmelts.eu\/cs\/assembly-hmas\/\",\"url\":\"https:\/\/hotmelts.eu\/cs\/assembly-hmas\/\",\"name\":\"Assembly HMA's - Hotmelt adhesives\",\"isPartOf\":{\"@id\":\"https:\/\/hotmelts.eu\/nn\/#website\"},\"primaryImageOfPage\":{\"@id\":\"https:\/\/hotmelts.eu\/cs\/assembly-hmas\/#primaryimage\"},\"image\":{\"@id\":\"https:\/\/hotmelts.eu\/cs\/assembly-hmas\/#primaryimage\"},\"thumbnailUrl\":\"https:\/\/hotmelts.eu\/wp-content\/uploads\/2021\/09\/hma-assembly-polyolefin-726x1024.png\",\"datePublished\":\"2021-09-20T18:47:00+00:00\",\"dateModified\":\"2021-09-20T18:49:05+00:00\",\"breadcrumb\":{\"@id\":\"https:\/\/hotmelts.eu\/cs\/assembly-hmas\/#breadcrumb\"},\"inLanguage\":\"da-DK\",\"potentialAction\":[{\"@type\":\"ReadAction\",\"target\":[\"https:\/\/hotmelts.eu\/cs\/assembly-hmas\/\"]}]},{\"@type\":\"ImageObject\",\"inLanguage\":\"da-DK\",\"@id\":\"https:\/\/hotmelts.eu\/cs\/assembly-hmas\/#primaryimage\",\"url\":\"https:\/\/hotmelts.eu\/wp-content\/uploads\/2021\/09\/hma-assembly-polyolefin-726x1024.png\",\"contentUrl\":\"https:\/\/hotmelts.eu\/wp-content\/uploads\/2021\/09\/hma-assembly-polyolefin-726x1024.png\"},{\"@type\":\"BreadcrumbList\",\"@id\":\"https:\/\/hotmelts.eu\/cs\/assembly-hmas\/#breadcrumb\",\"itemListElement\":[{\"@type\":\"ListItem\",\"position\":1,\"name\":\"Home\",\"item\":\"https:\/\/hotmelts.eu\/nn\/\"},{\"@type\":\"ListItem\",\"position\":2,\"name\":\"Assembly HMA&#8217;s\"}]},{\"@type\":\"WebSite\",\"@id\":\"https:\/\/hotmelts.eu\/nn\/#website\",\"url\":\"https:\/\/hotmelts.eu\/nn\/\",\"name\":\"Hotmelts, Adhesives & Glues\",\"description\":\"Packaging, EVA, PO, PUR and PSA manufacturing\",\"publisher\":{\"@id\":\"https:\/\/hotmelts.eu\/nn\/#organization\"},\"potentialAction\":[{\"@type\":\"SearchAction\",\"target\":{\"@type\":\"EntryPoint\",\"urlTemplate\":\"https:\/\/hotmelts.eu\/nn\/?s={search_term_string}\"},\"query-input\":{\"@type\":\"PropertyValueSpecification\",\"valueRequired\":true,\"valueName\":\"search_term_string\"}}],\"inLanguage\":\"da-DK\"},{\"@type\":\"Organization\",\"@id\":\"https:\/\/hotmelts.eu\/nn\/#organization\",\"name\":\"Hot melt, Adhesives & Glues\",\"url\":\"https:\/\/hotmelts.eu\/nn\/\",\"logo\":{\"@type\":\"ImageObject\",\"inLanguage\":\"da-DK\",\"@id\":\"https:\/\/hotmelts.eu\/nn\/#\/schema\/logo\/image\/\",\"url\":\"https:\/\/hotmelts.eu\/wp-content\/uploads\/2021\/08\/cropped-logo-intercol-blank-TRANSP22-white.png\",\"contentUrl\":\"https:\/\/hotmelts.eu\/wp-content\/uploads\/2021\/08\/cropped-logo-intercol-blank-TRANSP22-white.png\",\"width\":200,\"height\":100,\"caption\":\"Hot melt, Adhesives & Glues\"},\"image\":{\"@id\":\"https:\/\/hotmelts.eu\/nn\/#\/schema\/logo\/image\/\"}}]}<\/script>\n<!-- \/ Yoast SEO plugin. -->","yoast_head_json":{"title":"Montering af HMA&#039;er - Hotmelt -kl\u00e6bemidler","robots":{"index":"index","follow":"follow","max-snippet":"max-snippet:-1","max-image-preview":"max-image-preview:large","max-video-preview":"max-video-preview:-1"},"canonical":"https:\/\/hotmelts.eu\/da\/assembly-hmas\/","og_locale":"da_DK","og_type":"article","og_title":"Assembly HMA's - Hotmelt adhesives","og_description":"Intercol offers versatile, high-performance hot melt adhesive solutions for assembly applications.&nbsp;Recently, most new products in this [&hellip;]","og_url":"https:\/\/hotmelts.eu\/da\/assembly-hmas\/","og_site_name":"Hotmelt adhesives","article_modified_time":"2021-09-20T18:49:05+00:00","og_image":[{"url":"https:\/\/hotmelts.eu\/wp-content\/uploads\/2021\/09\/hma-assembly-polyolefin-726x1024.png","type":"","width":"","height":""}],"twitter_card":"summary_large_image","twitter_misc":{"Estimeret l\u00e6setid":"1 minut"},"schema":{"@context":"https:\/\/schema.org","@graph":[{"@type":"WebPage","@id":"https:\/\/hotmelts.eu\/cs\/assembly-hmas\/","url":"https:\/\/hotmelts.eu\/cs\/assembly-hmas\/","name":"Montering af HMA&#039;er - Hotmelt -kl\u00e6bemidler","isPartOf":{"@id":"https:\/\/hotmelts.eu\/nn\/#website"},"primaryImageOfPage":{"@id":"https:\/\/hotmelts.eu\/cs\/assembly-hmas\/#primaryimage"},"image":{"@id":"https:\/\/hotmelts.eu\/cs\/assembly-hmas\/#primaryimage"},"thumbnailUrl":"https:\/\/hotmelts.eu\/wp-content\/uploads\/2021\/09\/hma-assembly-polyolefin-726x1024.png","datePublished":"2021-09-20T18:47:00+00:00","dateModified":"2021-09-20T18:49:05+00:00","breadcrumb":{"@id":"https:\/\/hotmelts.eu\/cs\/assembly-hmas\/#breadcrumb"},"inLanguage":"da-DK","potentialAction":[{"@type":"ReadAction","target":["https:\/\/hotmelts.eu\/cs\/assembly-hmas\/"]}]},{"@type":"ImageObject","inLanguage":"da-DK","@id":"https:\/\/hotmelts.eu\/cs\/assembly-hmas\/#primaryimage","url":"https:\/\/hotmelts.eu\/wp-content\/uploads\/2021\/09\/hma-assembly-polyolefin-726x1024.png","contentUrl":"https:\/\/hotmelts.eu\/wp-content\/uploads\/2021\/09\/hma-assembly-polyolefin-726x1024.png"},{"@type":"BreadcrumbList","@id":"https:\/\/hotmelts.eu\/cs\/assembly-hmas\/#breadcrumb","itemListElement":[{"@type":"ListItem","position":1,"name":"Home","item":"https:\/\/hotmelts.eu\/nn\/"},{"@type":"ListItem","position":2,"name":"Assembly HMA&#8217;s"}]},{"@type":"WebSite","@id":"https:\/\/hotmelts.eu\/nn\/#website","url":"https:\/\/hotmelts.eu\/nn\/","name":"Hotmelts, Adhesives & Glues","description":"Emballage, EVA, PO, PUR og PSA fremstilling","publisher":{"@id":"https:\/\/hotmelts.eu\/nn\/#organization"},"potentialAction":[{"@type":"SearchAction","target":{"@type":"EntryPoint","urlTemplate":"https:\/\/hotmelts.eu\/nn\/?s={search_term_string}"},"query-input":{"@type":"PropertyValueSpecification","valueRequired":true,"valueName":"search_term_string"}}],"inLanguage":"da-DK"},{"@type":"Organization","@id":"https:\/\/hotmelts.eu\/nn\/#organization","name":"Hot melt, Adhesives & Glues","url":"https:\/\/hotmelts.eu\/nn\/","logo":{"@type":"ImageObject","inLanguage":"da-DK","@id":"https:\/\/hotmelts.eu\/nn\/#\/schema\/logo\/image\/","url":"https:\/\/hotmelts.eu\/wp-content\/uploads\/2021\/08\/cropped-logo-intercol-blank-TRANSP22-white.png","contentUrl":"https:\/\/hotmelts.eu\/wp-content\/uploads\/2021\/08\/cropped-logo-intercol-blank-TRANSP22-white.png","width":200,"height":100,"caption":"Hot melt, Adhesives & Glues"},"image":{"@id":"https:\/\/hotmelts.eu\/nn\/#\/schema\/logo\/image\/"}}]}},"_links":{"self":[{"href":"https:\/\/hotmelts.eu\/da\/wp-json\/wp\/v2\/pages\/148","targetHints":{"allow":["GET"]}}],"collection":[{"href":"https:\/\/hotmelts.eu\/da\/wp-json\/wp\/v2\/pages"}],"about":[{"href":"https:\/\/hotmelts.eu\/da\/wp-json\/wp\/v2\/types\/page"}],"author":[{"embeddable":true,"href":"https:\/\/hotmelts.eu\/da\/wp-json\/wp\/v2\/users\/1"}],"replies":[{"embeddable":true,"href":"https:\/\/hotmelts.eu\/da\/wp-json\/wp\/v2\/comments?post=148"}],"version-history":[{"count":2,"href":"https:\/\/hotmelts.eu\/da\/wp-json\/wp\/v2\/pages\/148\/revisions"}],"predecessor-version":[{"id":152,"href":"https:\/\/hotmelts.eu\/da\/wp-json\/wp\/v2\/pages\/148\/revisions\/152"}],"wp:attachment":[{"href":"https:\/\/hotmelts.eu\/da\/wp-json\/wp\/v2\/media?parent=148"}],"curies":[{"name":"wp","href":"https:\/\/api.w.org\/{rel}","templated":true}]}}