{"id":123,"date":"2021-09-20T10:05:00","date_gmt":"2021-09-20T10:05:00","guid":{"rendered":"https:\/\/hotmelts.eu\/?page_id=123"},"modified":"2021-09-20T10:05:02","modified_gmt":"2021-09-20T10:05:02","slug":"toll-manufacturing","status":"publish","type":"page","link":"https:\/\/hotmelts.eu\/da\/toll-manufacturing\/","title":{"rendered":"Afgiftsfremstilling"},"content":{"rendered":"<p>Gennem v\u00e6kst, innovation, produktudvikling, egineering og investering i produktionskapacitet kan vi tilbyde unikke muligheder for at udvikle og fremstille produkter til nye applikationer. Vi tilbyder diskrete og fortrolige tjenester til vejfremstilling med hvid m\u00e6rkning.<\/p>\n\n\n\n<h2 class=\"wp-block-heading\">Termoplastisk hot melt og vandbaseret kl\u00e6bemiddel<\/h2>\n\n\n\n<p>Kunder fra hele verden har oplevet betydelige fordele ved at f\u00e5 deres produktion outsourcet af os. Fra r\u00e5vareforsyning, kvalitetskontrol til fremstilling af dokumenter som SDS og til eksport og import over hele verden. Med Holland som base kan vi h\u00e5ndtere logistik meget effektivt.<\/p>\n\n\n\n<h2 class=\"wp-block-heading\">Fordelene ved fremstilling af vejafgifter<\/h2>\n\n\n\n<p>Afgiftsfremstilling er en omkostningseffektiv service, der kan spare meget tid. Fordi denne service giver innovat\u00f8rer og l\u00f8sningsudbydere mulighed for at fokusere p\u00e5 deres kerneforretning, bruger selv etablerede virksomheder gebyrfremstilling eller hvid m\u00e6rkning, fordi organisationer kan v\u00e6re lettere at styre med lavere investeringer.<\/p>\n\n\n\n<h2 class=\"wp-block-heading\">Opskalering og nedskalering<\/h2>\n\n\n\n<p>Afgiftsfremstilling er en god service for virksomheder, der har den tekniske viden, men ikke har tid, faciliteter eller fleksibilitet i deres produktion til selv at fremstille specifikke kl\u00e6bemidler, bel\u00e6gninger, bindemidler eller andre termoplastiske eller vandbaserede produkter selv. Med vores service tilf\u00f8jer det stadig en betydelig v\u00e6rdi til slutproduktet.<\/p>\n\n\n\n<p>OMM og OEM<\/p>\n\n\n\n<p>Hos Intercol arbejder vi med b\u00e5de OMM&#039;er og OEM&#039;er, der \u00f8nsker at s\u00e6lge deres eget m\u00e6rke. <\/p>\n\n\n\n<h2 class=\"wp-block-heading\">Som om det er din egen fabrik<\/h2>\n\n\n\n<p>Ofte med vejproduktion har produktet en tendens til at v\u00e6re niche og kompleks at fremstille til opstart. Intercols produktionskapacitet, fleksibilitet og ekspertise inden for fremstilling af kl\u00e6bemidler og bel\u00e6gninger g\u00f8r det muligt for os effektivt at fremstille og pakke kl\u00e6bemidler ind i industriel emballage.<\/p>\n\n\n\n<p><\/p>\n\n\n\n<figure class=\"wp-block-image size-large\"><img loading=\"lazy\" decoding=\"async\" width=\"1024\" height=\"515\" src=\"https:\/\/hotmelts.eu\/wp-content\/uploads\/2021\/09\/toll-manufacturing-hot-melt-waterbased-polymer-1024x515.jpg\" alt=\"\" class=\"wp-image-124\" srcset=\"https:\/\/hotmelts.eu\/wp-content\/uploads\/2021\/09\/toll-manufacturing-hot-melt-waterbased-polymer-1024x515.jpg 1024w, https:\/\/hotmelts.eu\/wp-content\/uploads\/2021\/09\/toll-manufacturing-hot-melt-waterbased-polymer-300x151.jpg 300w, https:\/\/hotmelts.eu\/wp-content\/uploads\/2021\/09\/toll-manufacturing-hot-melt-waterbased-polymer-768x387.jpg 768w, https:\/\/hotmelts.eu\/wp-content\/uploads\/2021\/09\/toll-manufacturing-hot-melt-waterbased-polymer-18x9.jpg 18w, https:\/\/hotmelts.eu\/wp-content\/uploads\/2021\/09\/toll-manufacturing-hot-melt-waterbased-polymer-500x252.jpg 500w, https:\/\/hotmelts.eu\/wp-content\/uploads\/2021\/09\/toll-manufacturing-hot-melt-waterbased-polymer-800x403.jpg 800w, https:\/\/hotmelts.eu\/wp-content\/uploads\/2021\/09\/toll-manufacturing-hot-melt-waterbased-polymer.jpg 1174w\" sizes=\"auto, (max-width: 1024px) 100vw, 1024px\" \/><figcaption>Afgiftsfremstilling <\/figcaption><\/figure>\n\n\n\n<h2 class=\"wp-block-heading\">AGRO, M\u00e6rkning, emballage, tr\u00e6bearbejdning og produktsamling <\/h2>\n\n\n\n<p>Et af de mest popul\u00e6re kl\u00e6bemidler til vejfremstilling er vandbaserede produkter som PVOH, PVAC og EVOH. Vores tjenester d\u00e6kker det samlede sortiment af kl\u00e6bemidler fremstillet til en lang r\u00e6kke industrier s\u00e5som AGRO, m\u00e6rkning, emballering, tr\u00e6bearbejdning og produktsamling.<\/p>\n\n\n\n<h2 class=\"wp-block-heading\">Kontakt os!<\/h2>\n\n\n\n<p>Intercol leverer deres kvalitetssikrede produkter rettidigt sammen med dokumenter og kvalitetskontrol.  <\/p>\n\n\n\n<p><\/p>\n\n\n\n<p><\/p>","protected":false},"excerpt":{"rendered":"<p>Through growth, innovation, product development, egineering and investing in manufacturing capacity, we can offer unique possibilities [&hellip;]<\/p>","protected":false},"author":1,"featured_media":0,"parent":0,"menu_order":0,"comment_status":"closed","ping_status":"closed","template":"","meta":{"footnotes":""},"class_list":["post-123","page","type-page","status-publish","hentry"],"yoast_head":"<!-- This site is optimized with the Yoast SEO plugin v24.9 - https:\/\/yoast.com\/wordpress\/plugins\/seo\/ -->\n<title>Toll manufacturing - Hotmelt adhesives<\/title>\n<meta name=\"robots\" content=\"index, follow, max-snippet:-1, max-image-preview:large, max-video-preview:-1\" \/>\n<link rel=\"canonical\" href=\"https:\/\/hotmelts.eu\/da\/toll-manufacturing\/\" \/>\n<meta property=\"og:locale\" content=\"da_DK\" \/>\n<meta property=\"og:type\" content=\"article\" \/>\n<meta property=\"og:title\" content=\"Toll manufacturing - Hotmelt adhesives\" \/>\n<meta property=\"og:description\" content=\"Through growth, innovation, product development, egineering and investing in manufacturing capacity, we can offer unique possibilities [&hellip;]\" \/>\n<meta property=\"og:url\" content=\"https:\/\/hotmelts.eu\/da\/toll-manufacturing\/\" \/>\n<meta property=\"og:site_name\" content=\"Hotmelt adhesives\" \/>\n<meta property=\"article:modified_time\" content=\"2021-09-20T10:05:02+00:00\" \/>\n<meta property=\"og:image\" content=\"https:\/\/hotmelts.eu\/wp-content\/uploads\/2021\/09\/toll-manufacturing-hot-melt-waterbased-polymer-1024x515.jpg\" \/>\n<meta name=\"twitter:card\" content=\"summary_large_image\" \/>\n<meta name=\"twitter:label1\" content=\"Estimeret l\u00e6setid\" \/>\n\t<meta name=\"twitter:data1\" content=\"2 minutter\" \/>\n<script type=\"application\/ld+json\" class=\"yoast-schema-graph\">{\"@context\":\"https:\/\/schema.org\",\"@graph\":[{\"@type\":\"WebPage\",\"@id\":\"https:\/\/hotmelts.eu\/da\/toll-manufacturing\/\",\"url\":\"https:\/\/hotmelts.eu\/da\/toll-manufacturing\/\",\"name\":\"Toll manufacturing - Hotmelt adhesives\",\"isPartOf\":{\"@id\":\"https:\/\/hotmelts.eu\/nn\/#website\"},\"primaryImageOfPage\":{\"@id\":\"https:\/\/hotmelts.eu\/da\/toll-manufacturing\/#primaryimage\"},\"image\":{\"@id\":\"https:\/\/hotmelts.eu\/da\/toll-manufacturing\/#primaryimage\"},\"thumbnailUrl\":\"https:\/\/hotmelts.eu\/wp-content\/uploads\/2021\/09\/toll-manufacturing-hot-melt-waterbased-polymer-1024x515.jpg\",\"datePublished\":\"2021-09-20T10:05:00+00:00\",\"dateModified\":\"2021-09-20T10:05:02+00:00\",\"breadcrumb\":{\"@id\":\"https:\/\/hotmelts.eu\/da\/toll-manufacturing\/#breadcrumb\"},\"inLanguage\":\"da-DK\",\"potentialAction\":[{\"@type\":\"ReadAction\",\"target\":[\"https:\/\/hotmelts.eu\/da\/toll-manufacturing\/\"]}]},{\"@type\":\"ImageObject\",\"inLanguage\":\"da-DK\",\"@id\":\"https:\/\/hotmelts.eu\/da\/toll-manufacturing\/#primaryimage\",\"url\":\"https:\/\/hotmelts.eu\/wp-content\/uploads\/2021\/09\/toll-manufacturing-hot-melt-waterbased-polymer-1024x515.jpg\",\"contentUrl\":\"https:\/\/hotmelts.eu\/wp-content\/uploads\/2021\/09\/toll-manufacturing-hot-melt-waterbased-polymer-1024x515.jpg\"},{\"@type\":\"BreadcrumbList\",\"@id\":\"https:\/\/hotmelts.eu\/da\/toll-manufacturing\/#breadcrumb\",\"itemListElement\":[{\"@type\":\"ListItem\",\"position\":1,\"name\":\"Home\",\"item\":\"https:\/\/hotmelts.eu\/nn\/\"},{\"@type\":\"ListItem\",\"position\":2,\"name\":\"Toll manufacturing\"}]},{\"@type\":\"WebSite\",\"@id\":\"https:\/\/hotmelts.eu\/nn\/#website\",\"url\":\"https:\/\/hotmelts.eu\/nn\/\",\"name\":\"Hotmelts, Adhesives & Glues\",\"description\":\"Packaging, EVA, PO, PUR and PSA manufacturing\",\"publisher\":{\"@id\":\"https:\/\/hotmelts.eu\/nn\/#organization\"},\"potentialAction\":[{\"@type\":\"SearchAction\",\"target\":{\"@type\":\"EntryPoint\",\"urlTemplate\":\"https:\/\/hotmelts.eu\/nn\/?s={search_term_string}\"},\"query-input\":{\"@type\":\"PropertyValueSpecification\",\"valueRequired\":true,\"valueName\":\"search_term_string\"}}],\"inLanguage\":\"da-DK\"},{\"@type\":\"Organization\",\"@id\":\"https:\/\/hotmelts.eu\/nn\/#organization\",\"name\":\"Hot melt, Adhesives & Glues\",\"url\":\"https:\/\/hotmelts.eu\/nn\/\",\"logo\":{\"@type\":\"ImageObject\",\"inLanguage\":\"da-DK\",\"@id\":\"https:\/\/hotmelts.eu\/nn\/#\/schema\/logo\/image\/\",\"url\":\"https:\/\/hotmelts.eu\/wp-content\/uploads\/2021\/08\/cropped-logo-intercol-blank-TRANSP22-white.png\",\"contentUrl\":\"https:\/\/hotmelts.eu\/wp-content\/uploads\/2021\/08\/cropped-logo-intercol-blank-TRANSP22-white.png\",\"width\":200,\"height\":100,\"caption\":\"Hot melt, Adhesives & Glues\"},\"image\":{\"@id\":\"https:\/\/hotmelts.eu\/nn\/#\/schema\/logo\/image\/\"}}]}<\/script>\n<!-- \/ Yoast SEO plugin. -->","yoast_head_json":{"title":"Afgiftsfremstilling - Hotmelt -kl\u00e6bemidler","robots":{"index":"index","follow":"follow","max-snippet":"max-snippet:-1","max-image-preview":"max-image-preview:large","max-video-preview":"max-video-preview:-1"},"canonical":"https:\/\/hotmelts.eu\/da\/toll-manufacturing\/","og_locale":"da_DK","og_type":"article","og_title":"Toll manufacturing - Hotmelt adhesives","og_description":"Through growth, innovation, product development, egineering and investing in manufacturing capacity, we can offer unique possibilities [&hellip;]","og_url":"https:\/\/hotmelts.eu\/da\/toll-manufacturing\/","og_site_name":"Hotmelt adhesives","article_modified_time":"2021-09-20T10:05:02+00:00","og_image":[{"url":"https:\/\/hotmelts.eu\/wp-content\/uploads\/2021\/09\/toll-manufacturing-hot-melt-waterbased-polymer-1024x515.jpg","type":"","width":"","height":""}],"twitter_card":"summary_large_image","twitter_misc":{"Estimeret l\u00e6setid":"2 minutter"},"schema":{"@context":"https:\/\/schema.org","@graph":[{"@type":"WebPage","@id":"https:\/\/hotmelts.eu\/da\/toll-manufacturing\/","url":"https:\/\/hotmelts.eu\/da\/toll-manufacturing\/","name":"Afgiftsfremstilling - Hotmelt -kl\u00e6bemidler","isPartOf":{"@id":"https:\/\/hotmelts.eu\/nn\/#website"},"primaryImageOfPage":{"@id":"https:\/\/hotmelts.eu\/da\/toll-manufacturing\/#primaryimage"},"image":{"@id":"https:\/\/hotmelts.eu\/da\/toll-manufacturing\/#primaryimage"},"thumbnailUrl":"https:\/\/hotmelts.eu\/wp-content\/uploads\/2021\/09\/toll-manufacturing-hot-melt-waterbased-polymer-1024x515.jpg","datePublished":"2021-09-20T10:05:00+00:00","dateModified":"2021-09-20T10:05:02+00:00","breadcrumb":{"@id":"https:\/\/hotmelts.eu\/da\/toll-manufacturing\/#breadcrumb"},"inLanguage":"da-DK","potentialAction":[{"@type":"ReadAction","target":["https:\/\/hotmelts.eu\/da\/toll-manufacturing\/"]}]},{"@type":"ImageObject","inLanguage":"da-DK","@id":"https:\/\/hotmelts.eu\/da\/toll-manufacturing\/#primaryimage","url":"https:\/\/hotmelts.eu\/wp-content\/uploads\/2021\/09\/toll-manufacturing-hot-melt-waterbased-polymer-1024x515.jpg","contentUrl":"https:\/\/hotmelts.eu\/wp-content\/uploads\/2021\/09\/toll-manufacturing-hot-melt-waterbased-polymer-1024x515.jpg"},{"@type":"BreadcrumbList","@id":"https:\/\/hotmelts.eu\/da\/toll-manufacturing\/#breadcrumb","itemListElement":[{"@type":"ListItem","position":1,"name":"Home","item":"https:\/\/hotmelts.eu\/nn\/"},{"@type":"ListItem","position":2,"name":"Toll manufacturing"}]},{"@type":"WebSite","@id":"https:\/\/hotmelts.eu\/nn\/#website","url":"https:\/\/hotmelts.eu\/nn\/","name":"Hotmelts, Adhesives & Glues","description":"Emballage, EVA, PO, PUR og PSA fremstilling","publisher":{"@id":"https:\/\/hotmelts.eu\/nn\/#organization"},"potentialAction":[{"@type":"SearchAction","target":{"@type":"EntryPoint","urlTemplate":"https:\/\/hotmelts.eu\/nn\/?s={search_term_string}"},"query-input":{"@type":"PropertyValueSpecification","valueRequired":true,"valueName":"search_term_string"}}],"inLanguage":"da-DK"},{"@type":"Organization","@id":"https:\/\/hotmelts.eu\/nn\/#organization","name":"Hot melt, Adhesives & Glues","url":"https:\/\/hotmelts.eu\/nn\/","logo":{"@type":"ImageObject","inLanguage":"da-DK","@id":"https:\/\/hotmelts.eu\/nn\/#\/schema\/logo\/image\/","url":"https:\/\/hotmelts.eu\/wp-content\/uploads\/2021\/08\/cropped-logo-intercol-blank-TRANSP22-white.png","contentUrl":"https:\/\/hotmelts.eu\/wp-content\/uploads\/2021\/08\/cropped-logo-intercol-blank-TRANSP22-white.png","width":200,"height":100,"caption":"Hot melt, Adhesives & Glues"},"image":{"@id":"https:\/\/hotmelts.eu\/nn\/#\/schema\/logo\/image\/"}}]}},"_links":{"self":[{"href":"https:\/\/hotmelts.eu\/da\/wp-json\/wp\/v2\/pages\/123","targetHints":{"allow":["GET"]}}],"collection":[{"href":"https:\/\/hotmelts.eu\/da\/wp-json\/wp\/v2\/pages"}],"about":[{"href":"https:\/\/hotmelts.eu\/da\/wp-json\/wp\/v2\/types\/page"}],"author":[{"embeddable":true,"href":"https:\/\/hotmelts.eu\/da\/wp-json\/wp\/v2\/users\/1"}],"replies":[{"embeddable":true,"href":"https:\/\/hotmelts.eu\/da\/wp-json\/wp\/v2\/comments?post=123"}],"version-history":[{"count":1,"href":"https:\/\/hotmelts.eu\/da\/wp-json\/wp\/v2\/pages\/123\/revisions"}],"predecessor-version":[{"id":126,"href":"https:\/\/hotmelts.eu\/da\/wp-json\/wp\/v2\/pages\/123\/revisions\/126"}],"wp:attachment":[{"href":"https:\/\/hotmelts.eu\/da\/wp-json\/wp\/v2\/media?parent=123"}],"curies":[{"name":"wp","href":"https:\/\/api.w.org\/{rel}","templated":true}]}}