{"id":114,"date":"2021-08-23T15:29:30","date_gmt":"2021-08-23T15:29:30","guid":{"rendered":"https:\/\/hotmelts.eu\/?page_id=114"},"modified":"2021-09-08T06:35:34","modified_gmt":"2021-09-08T06:35:34","slug":"parcel-box-manufacturing","status":"publish","type":"page","link":"https:\/\/hotmelts.eu\/da\/parcel-box-manufacturing\/","title":{"rendered":"Pakkeboksfremstilling"},"content":{"rendered":"<p>Til fremstilling af pakkekasser laves en inline folde- og PSA -bel\u00e6gning til produktion af klar til ops\u00e6tning af b\u00f8lgepapkasser.<\/p>\n\n\n\n<figure class=\"wp-block-embed is-type-video is-provider-youtube wp-block-embed-youtube wp-embed-aspect-16-9 wp-has-aspect-ratio\"><div class=\"wp-block-embed__wrapper\">\n<iframe loading=\"lazy\" title=\"Pakkebokse mappelimeringsmaskine med selvkl\u00e6bende applikator til smeltestrimmel\" width=\"680\" height=\"383\" src=\"https:\/\/www.youtube.com\/embed\/hV6UttyMSug?feature=oembed\" frameborder=\"0\" allow=\"accelerometer; autoplay; clipboard-write; encrypted-media; gyroscope; picture-in-picture\" allowfullscreen><\/iframe>\n<\/div><figcaption>Pakkeboksfremstilling<\/figcaption><\/figure>\n\n\n\n<h2 class=\"wp-block-heading\">E-handel emballage PSA lukningsstrimmel<\/h2>\n\n\n\n<p>Intercols kl\u00e6bemiddelsortiment til emballage er standard tilg\u00e6ngeligt fra vores lager i Ede. Vi formulerede h\u00f8jtydende kl\u00e6bemidler til mange applikationer i emballagesektorer, s\u00e5som landbrugskasser, kaffekopper, aseptisk emballage, forsegling og lukning af kasser og kartoner og pakkebokslim til e-handel. <\/p>\n\n\n\n<h2 class=\"wp-block-heading\">Kasseforsegling<\/h2>\n\n\n\n<p>Lukning og forsegling af e-handelsemballageapplikationer er stort set efterspurgt i dag. Online shopping favoriseres af en voksende gruppe af forbrugere. Som f\u00f8lge heraf skal der leveres mere emballage. For at holde disse indk\u00f8b sikre og deres emballage sikre under transport fra lageret til hjemmet, kr\u00e6ver producenterne effektive og trov\u00e6rdige PSA -smeltelim.<\/p>\n\n\n\n<figure class=\"wp-block-image size-full\"><img loading=\"lazy\" decoding=\"async\" width=\"735\" height=\"874\" src=\"https:\/\/hotmelts.eu\/wp-content\/uploads\/2021\/08\/parcel-box-adhesive-psa-hot-melt.jpg\" alt=\"\" class=\"wp-image-115\" srcset=\"https:\/\/hotmelts.eu\/wp-content\/uploads\/2021\/08\/parcel-box-adhesive-psa-hot-melt.jpg 735w, https:\/\/hotmelts.eu\/wp-content\/uploads\/2021\/08\/parcel-box-adhesive-psa-hot-melt-252x300.jpg 252w, https:\/\/hotmelts.eu\/wp-content\/uploads\/2021\/08\/parcel-box-adhesive-psa-hot-melt-10x12.jpg 10w, https:\/\/hotmelts.eu\/wp-content\/uploads\/2021\/08\/parcel-box-adhesive-psa-hot-melt-500x595.jpg 500w\" sizes=\"auto, (max-width: 735px) 100vw, 735px\" \/><\/figure>\n\n\n\n<h2 class=\"wp-block-heading\">PSA hot melt<\/h2>\n\n\n\n<p>Vores hot melt PSA-serie er ideel til limning af e-handelsemballage. Kl\u00e6bemidlerne er velegnede til b\u00e5nd, etiketter, lukninger og selvkl\u00e6bende bel\u00e6gninger med b\u00e5de permanente og aftagelige muligheder. Pressens smeltekl\u00e6bemidler er skr\u00e6ddersyede og anvendelsesspecifikke til at give h\u00f8j tr\u00e6kstyrke, enest\u00e5ende kl\u00e6beevne og h\u00f8j og lav skr\u00e6ladh\u00e6sion, samtidig med at de h\u00e5ndterer en lang r\u00e6kke temperaturer.<\/p>\n\n\n\n<h2 class=\"wp-block-heading\">H\u00f8j skr\u00e6l- og vedh\u00e6ftningsstyrke<\/h2>\n\n\n\n<p>Egnet til b\u00e5de stiv og fleksibel emballage, EHM 9724 er vores PSA hot melt med h\u00f8j vedh\u00e6ftning og h\u00f8j skr\u00e6lstyrke. Karakteren er udviklet til b\u00e5nd og applikationer, s\u00e5som den selvkl\u00e6bende lukningsstrimmel p\u00e5 pap-multimedieemballage. EHM 9724 er ideel til online emballeringsapplikationer og tilbyder h\u00f8j temperaturbestandighed og st\u00e6rk vedh\u00e6ftning til forskellige kartoner som kraftliner og testliner.<\/p>\n\n\n\n<p><\/p>\n\n\n\n<p><\/p>","protected":false},"excerpt":{"rendered":"<p>For the manufacturing of parcel boxes, an inline folding and PSA coating application are made for [&hellip;]<\/p>","protected":false},"author":1,"featured_media":0,"parent":0,"menu_order":0,"comment_status":"closed","ping_status":"closed","template":"template-full-width.php","meta":{"footnotes":""},"class_list":["post-114","page","type-page","status-publish","hentry"],"yoast_head":"<!-- This site is optimized with the Yoast SEO plugin v24.9 - https:\/\/yoast.com\/wordpress\/plugins\/seo\/ -->\n<title>Parcel box manufacturing - Hotmelt adhesives<\/title>\n<meta name=\"robots\" content=\"index, follow, max-snippet:-1, max-image-preview:large, max-video-preview:-1\" \/>\n<link rel=\"canonical\" href=\"https:\/\/hotmelts.eu\/da\/parcel-box-manufacturing\/\" \/>\n<meta property=\"og:locale\" content=\"da_DK\" \/>\n<meta property=\"og:type\" content=\"article\" \/>\n<meta property=\"og:title\" content=\"Parcel box manufacturing - Hotmelt adhesives\" \/>\n<meta property=\"og:description\" content=\"For the manufacturing of parcel boxes, an inline folding and PSA coating application are made for [&hellip;]\" \/>\n<meta property=\"og:url\" content=\"https:\/\/hotmelts.eu\/da\/parcel-box-manufacturing\/\" \/>\n<meta property=\"og:site_name\" content=\"Hotmelt adhesives\" \/>\n<meta property=\"article:modified_time\" content=\"2021-09-08T06:35:34+00:00\" \/>\n<meta property=\"og:image\" content=\"https:\/\/hotmelts.eu\/wp-content\/uploads\/2021\/08\/parcel-box-adhesive-psa-hot-melt.jpg\" \/>\n<meta name=\"twitter:card\" content=\"summary_large_image\" \/>\n<meta name=\"twitter:label1\" content=\"Estimeret l\u00e6setid\" \/>\n\t<meta name=\"twitter:data1\" content=\"2 minutter\" \/>\n<script type=\"application\/ld+json\" class=\"yoast-schema-graph\">{\"@context\":\"https:\/\/schema.org\",\"@graph\":[{\"@type\":\"WebPage\",\"@id\":\"https:\/\/hotmelts.eu\/hu\/parcel-box-manufacturing\/\",\"url\":\"https:\/\/hotmelts.eu\/hu\/parcel-box-manufacturing\/\",\"name\":\"Parcel box manufacturing - Hotmelt adhesives\",\"isPartOf\":{\"@id\":\"https:\/\/hotmelts.eu\/nn\/#website\"},\"primaryImageOfPage\":{\"@id\":\"https:\/\/hotmelts.eu\/hu\/parcel-box-manufacturing\/#primaryimage\"},\"image\":{\"@id\":\"https:\/\/hotmelts.eu\/hu\/parcel-box-manufacturing\/#primaryimage\"},\"thumbnailUrl\":\"https:\/\/hotmelts.eu\/wp-content\/uploads\/2021\/08\/parcel-box-adhesive-psa-hot-melt.jpg\",\"datePublished\":\"2021-08-23T15:29:30+00:00\",\"dateModified\":\"2021-09-08T06:35:34+00:00\",\"breadcrumb\":{\"@id\":\"https:\/\/hotmelts.eu\/hu\/parcel-box-manufacturing\/#breadcrumb\"},\"inLanguage\":\"da-DK\",\"potentialAction\":[{\"@type\":\"ReadAction\",\"target\":[\"https:\/\/hotmelts.eu\/hu\/parcel-box-manufacturing\/\"]}]},{\"@type\":\"ImageObject\",\"inLanguage\":\"da-DK\",\"@id\":\"https:\/\/hotmelts.eu\/hu\/parcel-box-manufacturing\/#primaryimage\",\"url\":\"https:\/\/hotmelts.eu\/wp-content\/uploads\/2021\/08\/parcel-box-adhesive-psa-hot-melt.jpg\",\"contentUrl\":\"https:\/\/hotmelts.eu\/wp-content\/uploads\/2021\/08\/parcel-box-adhesive-psa-hot-melt.jpg\"},{\"@type\":\"BreadcrumbList\",\"@id\":\"https:\/\/hotmelts.eu\/hu\/parcel-box-manufacturing\/#breadcrumb\",\"itemListElement\":[{\"@type\":\"ListItem\",\"position\":1,\"name\":\"Home\",\"item\":\"https:\/\/hotmelts.eu\/nn\/\"},{\"@type\":\"ListItem\",\"position\":2,\"name\":\"Parcel box manufacturing\"}]},{\"@type\":\"WebSite\",\"@id\":\"https:\/\/hotmelts.eu\/nn\/#website\",\"url\":\"https:\/\/hotmelts.eu\/nn\/\",\"name\":\"Hotmelts, Adhesives & Glues\",\"description\":\"Packaging, EVA, PO, PUR and PSA manufacturing\",\"publisher\":{\"@id\":\"https:\/\/hotmelts.eu\/nn\/#organization\"},\"potentialAction\":[{\"@type\":\"SearchAction\",\"target\":{\"@type\":\"EntryPoint\",\"urlTemplate\":\"https:\/\/hotmelts.eu\/nn\/?s={search_term_string}\"},\"query-input\":{\"@type\":\"PropertyValueSpecification\",\"valueRequired\":true,\"valueName\":\"search_term_string\"}}],\"inLanguage\":\"da-DK\"},{\"@type\":\"Organization\",\"@id\":\"https:\/\/hotmelts.eu\/nn\/#organization\",\"name\":\"Hot melt, Adhesives & Glues\",\"url\":\"https:\/\/hotmelts.eu\/nn\/\",\"logo\":{\"@type\":\"ImageObject\",\"inLanguage\":\"da-DK\",\"@id\":\"https:\/\/hotmelts.eu\/nn\/#\/schema\/logo\/image\/\",\"url\":\"https:\/\/hotmelts.eu\/wp-content\/uploads\/2021\/08\/cropped-logo-intercol-blank-TRANSP22-white.png\",\"contentUrl\":\"https:\/\/hotmelts.eu\/wp-content\/uploads\/2021\/08\/cropped-logo-intercol-blank-TRANSP22-white.png\",\"width\":200,\"height\":100,\"caption\":\"Hot melt, Adhesives & Glues\"},\"image\":{\"@id\":\"https:\/\/hotmelts.eu\/nn\/#\/schema\/logo\/image\/\"}}]}<\/script>\n<!-- \/ Yoast SEO plugin. -->","yoast_head_json":{"title":"Pakkeboksfremstilling - Hotmelt -kl\u00e6bemidler","robots":{"index":"index","follow":"follow","max-snippet":"max-snippet:-1","max-image-preview":"max-image-preview:large","max-video-preview":"max-video-preview:-1"},"canonical":"https:\/\/hotmelts.eu\/da\/parcel-box-manufacturing\/","og_locale":"da_DK","og_type":"article","og_title":"Parcel box manufacturing - Hotmelt adhesives","og_description":"For the manufacturing of parcel boxes, an inline folding and PSA coating application are made for [&hellip;]","og_url":"https:\/\/hotmelts.eu\/da\/parcel-box-manufacturing\/","og_site_name":"Hotmelt adhesives","article_modified_time":"2021-09-08T06:35:34+00:00","og_image":[{"url":"https:\/\/hotmelts.eu\/wp-content\/uploads\/2021\/08\/parcel-box-adhesive-psa-hot-melt.jpg","type":"","width":"","height":""}],"twitter_card":"summary_large_image","twitter_misc":{"Estimeret l\u00e6setid":"2 minutter"},"schema":{"@context":"https:\/\/schema.org","@graph":[{"@type":"WebPage","@id":"https:\/\/hotmelts.eu\/hu\/parcel-box-manufacturing\/","url":"https:\/\/hotmelts.eu\/hu\/parcel-box-manufacturing\/","name":"Pakkeboksfremstilling - Hotmelt -kl\u00e6bemidler","isPartOf":{"@id":"https:\/\/hotmelts.eu\/nn\/#website"},"primaryImageOfPage":{"@id":"https:\/\/hotmelts.eu\/hu\/parcel-box-manufacturing\/#primaryimage"},"image":{"@id":"https:\/\/hotmelts.eu\/hu\/parcel-box-manufacturing\/#primaryimage"},"thumbnailUrl":"https:\/\/hotmelts.eu\/wp-content\/uploads\/2021\/08\/parcel-box-adhesive-psa-hot-melt.jpg","datePublished":"2021-08-23T15:29:30+00:00","dateModified":"2021-09-08T06:35:34+00:00","breadcrumb":{"@id":"https:\/\/hotmelts.eu\/hu\/parcel-box-manufacturing\/#breadcrumb"},"inLanguage":"da-DK","potentialAction":[{"@type":"ReadAction","target":["https:\/\/hotmelts.eu\/hu\/parcel-box-manufacturing\/"]}]},{"@type":"ImageObject","inLanguage":"da-DK","@id":"https:\/\/hotmelts.eu\/hu\/parcel-box-manufacturing\/#primaryimage","url":"https:\/\/hotmelts.eu\/wp-content\/uploads\/2021\/08\/parcel-box-adhesive-psa-hot-melt.jpg","contentUrl":"https:\/\/hotmelts.eu\/wp-content\/uploads\/2021\/08\/parcel-box-adhesive-psa-hot-melt.jpg"},{"@type":"BreadcrumbList","@id":"https:\/\/hotmelts.eu\/hu\/parcel-box-manufacturing\/#breadcrumb","itemListElement":[{"@type":"ListItem","position":1,"name":"Home","item":"https:\/\/hotmelts.eu\/nn\/"},{"@type":"ListItem","position":2,"name":"Parcel box manufacturing"}]},{"@type":"WebSite","@id":"https:\/\/hotmelts.eu\/nn\/#website","url":"https:\/\/hotmelts.eu\/nn\/","name":"Hotmelts, Adhesives & Glues","description":"Emballage, EVA, PO, PUR og PSA fremstilling","publisher":{"@id":"https:\/\/hotmelts.eu\/nn\/#organization"},"potentialAction":[{"@type":"SearchAction","target":{"@type":"EntryPoint","urlTemplate":"https:\/\/hotmelts.eu\/nn\/?s={search_term_string}"},"query-input":{"@type":"PropertyValueSpecification","valueRequired":true,"valueName":"search_term_string"}}],"inLanguage":"da-DK"},{"@type":"Organization","@id":"https:\/\/hotmelts.eu\/nn\/#organization","name":"Hot melt, Adhesives & Glues","url":"https:\/\/hotmelts.eu\/nn\/","logo":{"@type":"ImageObject","inLanguage":"da-DK","@id":"https:\/\/hotmelts.eu\/nn\/#\/schema\/logo\/image\/","url":"https:\/\/hotmelts.eu\/wp-content\/uploads\/2021\/08\/cropped-logo-intercol-blank-TRANSP22-white.png","contentUrl":"https:\/\/hotmelts.eu\/wp-content\/uploads\/2021\/08\/cropped-logo-intercol-blank-TRANSP22-white.png","width":200,"height":100,"caption":"Hot melt, Adhesives & Glues"},"image":{"@id":"https:\/\/hotmelts.eu\/nn\/#\/schema\/logo\/image\/"}}]}},"_links":{"self":[{"href":"https:\/\/hotmelts.eu\/da\/wp-json\/wp\/v2\/pages\/114","targetHints":{"allow":["GET"]}}],"collection":[{"href":"https:\/\/hotmelts.eu\/da\/wp-json\/wp\/v2\/pages"}],"about":[{"href":"https:\/\/hotmelts.eu\/da\/wp-json\/wp\/v2\/types\/page"}],"author":[{"embeddable":true,"href":"https:\/\/hotmelts.eu\/da\/wp-json\/wp\/v2\/users\/1"}],"replies":[{"embeddable":true,"href":"https:\/\/hotmelts.eu\/da\/wp-json\/wp\/v2\/comments?post=114"}],"version-history":[{"count":1,"href":"https:\/\/hotmelts.eu\/da\/wp-json\/wp\/v2\/pages\/114\/revisions"}],"predecessor-version":[{"id":117,"href":"https:\/\/hotmelts.eu\/da\/wp-json\/wp\/v2\/pages\/114\/revisions\/117"}],"wp:attachment":[{"href":"https:\/\/hotmelts.eu\/da\/wp-json\/wp\/v2\/media?parent=114"}],"curies":[{"name":"wp","href":"https:\/\/api.w.org\/{rel}","templated":true}]}}