{"id":110,"date":"2021-08-23T11:51:23","date_gmt":"2021-08-23T11:51:23","guid":{"rendered":"https:\/\/hotmelts.eu\/?page_id=110"},"modified":"2021-09-20T10:40:59","modified_gmt":"2021-09-20T10:40:59","slug":"hot-melt-2","status":"publish","type":"page","link":"https:\/\/hotmelts.eu\/da\/hot-melt-2\/","title":{"rendered":"Hot-melt"},"content":{"rendered":"<p>Smeltelim er unikke p\u00e5 grund af dets p\u00e5f\u00f8ringstemperatur og er i stand til at forenkle produktionsprocesser. Det er ideelt at implementere i str\u00f8mlinet fremstilling. Den hurtige indstillingshastighed, h\u00f8j bindingsstyrke, lave applikationsomkostninger og behandlingssikkerhed er grundlaget for dens verdensomsp\u00e6ndende succes. Fremstillingsprocesser i forskellige brancher som elektronik, medicinsk, bilindustri, m\u00f8bler eller mad og drikke er afh\u00e6ngige af denne kl\u00e6bende teknik.<\/p>\n\n\n\n<figure class=\"wp-block-image size-large\"><img loading=\"lazy\" decoding=\"async\" width=\"1024\" height=\"768\" src=\"https:\/\/hotmelts.eu\/wp-content\/uploads\/2020\/05\/IMG_7353-kopie-hotmelt-sticks-whitebg-1024x768.png\" alt=\"\" class=\"wp-image-59\" srcset=\"https:\/\/hotmelts.eu\/wp-content\/uploads\/2020\/05\/IMG_7353-kopie-hotmelt-sticks-whitebg-1024x768.png 1024w, https:\/\/hotmelts.eu\/wp-content\/uploads\/2020\/05\/IMG_7353-kopie-hotmelt-sticks-whitebg-300x225.png 300w, https:\/\/hotmelts.eu\/wp-content\/uploads\/2020\/05\/IMG_7353-kopie-hotmelt-sticks-whitebg-768x576.png 768w, https:\/\/hotmelts.eu\/wp-content\/uploads\/2020\/05\/IMG_7353-kopie-hotmelt-sticks-whitebg-1536x1152.png 1536w, https:\/\/hotmelts.eu\/wp-content\/uploads\/2020\/05\/IMG_7353-kopie-hotmelt-sticks-whitebg-2048x1536.png 2048w\" sizes=\"auto, (max-width: 1024px) 100vw, 1024px\" \/><figcaption>Hot melt sticks 11mm<\/figcaption><\/figure>\n\n\n\n<h2 class=\"wp-block-heading\">Hvad er smeltelim?<\/h2>\n\n\n\n<p>Smeltelim er smeltelige faste materialer, som en plastik. Det begynder at smelte ved ca. 80 \u00b0 C og p\u00e5f\u00f8res ofte ved 160 \u00b0 C. I v\u00e6skestadiet har den allerede noget varm tack, den unikke hurtige indstilling realiseres ved hurtig afk\u00f8ling efter varm p\u00e5f\u00f8ring.<\/p>\n\n\n\n<figure class=\"wp-block-image size-large\"><img loading=\"lazy\" decoding=\"async\" width=\"1024\" height=\"643\" src=\"https:\/\/hotmelts.eu\/wp-content\/uploads\/2020\/05\/witte-korrels-hm-tank-1024x643.png\" alt=\"\" class=\"wp-image-57\" srcset=\"https:\/\/hotmelts.eu\/wp-content\/uploads\/2020\/05\/witte-korrels-hm-tank-1024x643.png 1024w, https:\/\/hotmelts.eu\/wp-content\/uploads\/2020\/05\/witte-korrels-hm-tank-300x188.png 300w, https:\/\/hotmelts.eu\/wp-content\/uploads\/2020\/05\/witte-korrels-hm-tank-768x482.png 768w, https:\/\/hotmelts.eu\/wp-content\/uploads\/2020\/05\/witte-korrels-hm-tank.png 1377w\" sizes=\"auto, (max-width: 1024px) 100vw, 1024px\" \/><figcaption>Varmesmelte granulater<\/figcaption><\/figure>\n\n\n\n<h2 class=\"wp-block-heading\">Tilg\u00e6ngelige basismaterialer til varmsmeltende kl\u00e6bematerialer<\/h2>\n\n\n\n<ul class=\"wp-block-list\"><li>Copolymerer af ethylenvinylacetat (EVA) -baserede smeltelim<\/li><li>Amorfe poly-\u03b1-olefinbaserede smeltelim<\/li><li>Polyolefinbaserede smeltelim<\/li><li>Syntetisk gummibaseret, PSA, smeltelim<\/li><li>Polyurethanbaseret, PUR, smeltelim<\/li><\/ul>\n\n\n\n<figure class=\"wp-block-image size-large\"><img loading=\"lazy\" decoding=\"async\" width=\"1024\" height=\"699\" src=\"https:\/\/hotmelts.eu\/wp-content\/uploads\/2020\/05\/IMG_7312-psa-hotmelt-amazon-1024x699.png\" alt=\"\" class=\"wp-image-58\" srcset=\"https:\/\/hotmelts.eu\/wp-content\/uploads\/2020\/05\/IMG_7312-psa-hotmelt-amazon-1024x699.png 1024w, https:\/\/hotmelts.eu\/wp-content\/uploads\/2020\/05\/IMG_7312-psa-hotmelt-amazon-300x205.png 300w, https:\/\/hotmelts.eu\/wp-content\/uploads\/2020\/05\/IMG_7312-psa-hotmelt-amazon-768x524.png 768w, https:\/\/hotmelts.eu\/wp-content\/uploads\/2020\/05\/IMG_7312-psa-hotmelt-amazon.png 1169w\" sizes=\"auto, (max-width: 1024px) 100vw, 1024px\" \/><figcaption>PSA hot melt-blok<\/figcaption><\/figure>\n\n\n\n<h2 class=\"wp-block-heading\">S\u00e5dan p\u00e5f\u00f8res smeltelim<\/h2>\n\n\n\n<p>Varme smelter kr\u00e6ver h\u00f8je temperaturer for at blive p\u00e5f\u00f8rt, hovedsagelig 160 \u00b0 C. Almond brugt hot melt-udstyr er Nordson, men mange andre tilbyder specifikt udstyr til p\u00e5f\u00f8ring af hot melt-kl\u00e6bemidler i industrielle applikationer. <\/p>\n\n\n\n<figure class=\"wp-block-embed is-type-video is-provider-youtube wp-block-embed-youtube wp-embed-aspect-16-9 wp-has-aspect-ratio\"><div class=\"wp-block-embed__wrapper\">\n<iframe loading=\"lazy\" title=\"Nordson hot melt udstyr test i laboratorium\" width=\"680\" height=\"383\" src=\"https:\/\/www.youtube.com\/embed\/fKWCSek6rUQ?feature=oembed\" frameborder=\"0\" allow=\"accelerometer; autoplay; clipboard-write; encrypted-media; gyroscope; picture-in-picture\" allowfullscreen><\/iframe>\n<\/div><figcaption>Smeltelim applikationer<\/figcaption><\/figure>\n\n\n\n<p><\/p>\n\n\n\n<h2 class=\"wp-block-heading\">Anvendelse af smeltelim <\/h2>\n\n\n\n<p>Varmesmeltelim optimerer fremstillingsprocesser p\u00e5 mange markeder og applikationer.&nbsp;<\/p>\n\n\n\n<ul class=\"wp-block-list\"><li>Varm smeltelim til forsegling<\/li><li>Mademballage<\/li><li>M\u00e6rkeindustri<\/li><li>Papirfremstilling<\/li><li>M\u00f8belindustrien<\/li><li>Selvkl\u00e6bende b\u00e5nd<\/li><li>Bilindustrien<\/li><li>Selvkl\u00e6bende etiketter<\/li><li>Bogbindende industri<\/li><li>Produktsamling<\/li><li>Bekl\u00e6dningsindustrien for specielle materialer<\/li><li>Hvidevarer samlet<\/li><li>Elektronikindustrien<\/li><li>Butik display fremstilling<\/li><li>Gave\u00e6ske monteringsindustri<\/li><li>Engangshygiejneprodukterindustrien<\/li><li>Filterindustrien<\/li><li>Fodt\u00f8j<\/li><\/ul>","protected":false},"excerpt":{"rendered":"<p>Hot melt adhesives are unique because of it&#8217;s application temperature and is capable of simplifying production [&hellip;]<\/p>","protected":false},"author":1,"featured_media":0,"parent":0,"menu_order":0,"comment_status":"closed","ping_status":"closed","template":"template-full-width.php","meta":{"footnotes":""},"class_list":["post-110","page","type-page","status-publish","hentry"],"yoast_head":"<!-- This site is optimized with the Yoast SEO plugin v24.9 - https:\/\/yoast.com\/wordpress\/plugins\/seo\/ -->\n<title>Hot-melt - Hotmelt adhesives<\/title>\n<meta name=\"robots\" content=\"index, follow, max-snippet:-1, max-image-preview:large, max-video-preview:-1\" \/>\n<link rel=\"canonical\" href=\"https:\/\/hotmelts.eu\/da\/hot-melt-2\/\" \/>\n<meta property=\"og:locale\" content=\"da_DK\" \/>\n<meta property=\"og:type\" content=\"article\" \/>\n<meta property=\"og:title\" content=\"Hot-melt - Hotmelt adhesives\" \/>\n<meta property=\"og:description\" content=\"Hot melt adhesives are unique because of it&#8217;s application temperature and is capable of simplifying production [&hellip;]\" \/>\n<meta property=\"og:url\" content=\"https:\/\/hotmelts.eu\/da\/hot-melt-2\/\" \/>\n<meta property=\"og:site_name\" content=\"Hotmelt adhesives\" \/>\n<meta property=\"article:modified_time\" content=\"2021-09-20T10:40:59+00:00\" \/>\n<meta property=\"og:image\" content=\"https:\/\/hotmelts.eu\/wp-content\/uploads\/2020\/05\/IMG_7353-kopie-hotmelt-sticks-whitebg-1024x768.png\" \/>\n<meta name=\"twitter:card\" content=\"summary_large_image\" \/>\n<meta name=\"twitter:label1\" content=\"Estimeret l\u00e6setid\" \/>\n\t<meta name=\"twitter:data1\" content=\"2 minutter\" \/>\n<script type=\"application\/ld+json\" class=\"yoast-schema-graph\">{\"@context\":\"https:\/\/schema.org\",\"@graph\":[{\"@type\":\"WebPage\",\"@id\":\"https:\/\/hotmelts.eu\/nn\/hot-melt-2\/\",\"url\":\"https:\/\/hotmelts.eu\/nn\/hot-melt-2\/\",\"name\":\"Hot-melt - Hotmelt adhesives\",\"isPartOf\":{\"@id\":\"https:\/\/hotmelts.eu\/nn\/#website\"},\"primaryImageOfPage\":{\"@id\":\"https:\/\/hotmelts.eu\/nn\/hot-melt-2\/#primaryimage\"},\"image\":{\"@id\":\"https:\/\/hotmelts.eu\/nn\/hot-melt-2\/#primaryimage\"},\"thumbnailUrl\":\"https:\/\/hotmelts.eu\/wp-content\/uploads\/2020\/05\/IMG_7353-kopie-hotmelt-sticks-whitebg-1024x768.png\",\"datePublished\":\"2021-08-23T11:51:23+00:00\",\"dateModified\":\"2021-09-20T10:40:59+00:00\",\"breadcrumb\":{\"@id\":\"https:\/\/hotmelts.eu\/nn\/hot-melt-2\/#breadcrumb\"},\"inLanguage\":\"da-DK\",\"potentialAction\":[{\"@type\":\"ReadAction\",\"target\":[\"https:\/\/hotmelts.eu\/nn\/hot-melt-2\/\"]}]},{\"@type\":\"ImageObject\",\"inLanguage\":\"da-DK\",\"@id\":\"https:\/\/hotmelts.eu\/nn\/hot-melt-2\/#primaryimage\",\"url\":\"https:\/\/hotmelts.eu\/wp-content\/uploads\/2020\/05\/IMG_7353-kopie-hotmelt-sticks-whitebg-1024x768.png\",\"contentUrl\":\"https:\/\/hotmelts.eu\/wp-content\/uploads\/2020\/05\/IMG_7353-kopie-hotmelt-sticks-whitebg-1024x768.png\"},{\"@type\":\"BreadcrumbList\",\"@id\":\"https:\/\/hotmelts.eu\/nn\/hot-melt-2\/#breadcrumb\",\"itemListElement\":[{\"@type\":\"ListItem\",\"position\":1,\"name\":\"Home\",\"item\":\"https:\/\/hotmelts.eu\/nn\/\"},{\"@type\":\"ListItem\",\"position\":2,\"name\":\"Hot-melt\"}]},{\"@type\":\"WebSite\",\"@id\":\"https:\/\/hotmelts.eu\/nn\/#website\",\"url\":\"https:\/\/hotmelts.eu\/nn\/\",\"name\":\"Hotmelts, Adhesives & Glues\",\"description\":\"Packaging, EVA, PO, PUR and PSA manufacturing\",\"publisher\":{\"@id\":\"https:\/\/hotmelts.eu\/nn\/#organization\"},\"potentialAction\":[{\"@type\":\"SearchAction\",\"target\":{\"@type\":\"EntryPoint\",\"urlTemplate\":\"https:\/\/hotmelts.eu\/nn\/?s={search_term_string}\"},\"query-input\":{\"@type\":\"PropertyValueSpecification\",\"valueRequired\":true,\"valueName\":\"search_term_string\"}}],\"inLanguage\":\"da-DK\"},{\"@type\":\"Organization\",\"@id\":\"https:\/\/hotmelts.eu\/nn\/#organization\",\"name\":\"Hot melt, Adhesives & Glues\",\"url\":\"https:\/\/hotmelts.eu\/nn\/\",\"logo\":{\"@type\":\"ImageObject\",\"inLanguage\":\"da-DK\",\"@id\":\"https:\/\/hotmelts.eu\/nn\/#\/schema\/logo\/image\/\",\"url\":\"https:\/\/hotmelts.eu\/wp-content\/uploads\/2021\/08\/cropped-logo-intercol-blank-TRANSP22-white.png\",\"contentUrl\":\"https:\/\/hotmelts.eu\/wp-content\/uploads\/2021\/08\/cropped-logo-intercol-blank-TRANSP22-white.png\",\"width\":200,\"height\":100,\"caption\":\"Hot melt, Adhesives & Glues\"},\"image\":{\"@id\":\"https:\/\/hotmelts.eu\/nn\/#\/schema\/logo\/image\/\"}}]}<\/script>\n<!-- \/ Yoast SEO plugin. -->","yoast_head_json":{"title":"Hot -melt - Hotmelt lim","robots":{"index":"index","follow":"follow","max-snippet":"max-snippet:-1","max-image-preview":"max-image-preview:large","max-video-preview":"max-video-preview:-1"},"canonical":"https:\/\/hotmelts.eu\/da\/hot-melt-2\/","og_locale":"da_DK","og_type":"article","og_title":"Hot-melt - Hotmelt adhesives","og_description":"Hot melt adhesives are unique because of it&#8217;s application temperature and is capable of simplifying production [&hellip;]","og_url":"https:\/\/hotmelts.eu\/da\/hot-melt-2\/","og_site_name":"Hotmelt adhesives","article_modified_time":"2021-09-20T10:40:59+00:00","og_image":[{"url":"https:\/\/hotmelts.eu\/wp-content\/uploads\/2020\/05\/IMG_7353-kopie-hotmelt-sticks-whitebg-1024x768.png","type":"","width":"","height":""}],"twitter_card":"summary_large_image","twitter_misc":{"Estimeret l\u00e6setid":"2 minutter"},"schema":{"@context":"https:\/\/schema.org","@graph":[{"@type":"WebPage","@id":"https:\/\/hotmelts.eu\/nn\/hot-melt-2\/","url":"https:\/\/hotmelts.eu\/nn\/hot-melt-2\/","name":"Hot -melt - Hotmelt lim","isPartOf":{"@id":"https:\/\/hotmelts.eu\/nn\/#website"},"primaryImageOfPage":{"@id":"https:\/\/hotmelts.eu\/nn\/hot-melt-2\/#primaryimage"},"image":{"@id":"https:\/\/hotmelts.eu\/nn\/hot-melt-2\/#primaryimage"},"thumbnailUrl":"https:\/\/hotmelts.eu\/wp-content\/uploads\/2020\/05\/IMG_7353-kopie-hotmelt-sticks-whitebg-1024x768.png","datePublished":"2021-08-23T11:51:23+00:00","dateModified":"2021-09-20T10:40:59+00:00","breadcrumb":{"@id":"https:\/\/hotmelts.eu\/nn\/hot-melt-2\/#breadcrumb"},"inLanguage":"da-DK","potentialAction":[{"@type":"ReadAction","target":["https:\/\/hotmelts.eu\/nn\/hot-melt-2\/"]}]},{"@type":"ImageObject","inLanguage":"da-DK","@id":"https:\/\/hotmelts.eu\/nn\/hot-melt-2\/#primaryimage","url":"https:\/\/hotmelts.eu\/wp-content\/uploads\/2020\/05\/IMG_7353-kopie-hotmelt-sticks-whitebg-1024x768.png","contentUrl":"https:\/\/hotmelts.eu\/wp-content\/uploads\/2020\/05\/IMG_7353-kopie-hotmelt-sticks-whitebg-1024x768.png"},{"@type":"BreadcrumbList","@id":"https:\/\/hotmelts.eu\/nn\/hot-melt-2\/#breadcrumb","itemListElement":[{"@type":"ListItem","position":1,"name":"Home","item":"https:\/\/hotmelts.eu\/nn\/"},{"@type":"ListItem","position":2,"name":"Hot-melt"}]},{"@type":"WebSite","@id":"https:\/\/hotmelts.eu\/nn\/#website","url":"https:\/\/hotmelts.eu\/nn\/","name":"Hotmelts, Adhesives & Glues","description":"Emballage, EVA, PO, PUR og PSA fremstilling","publisher":{"@id":"https:\/\/hotmelts.eu\/nn\/#organization"},"potentialAction":[{"@type":"SearchAction","target":{"@type":"EntryPoint","urlTemplate":"https:\/\/hotmelts.eu\/nn\/?s={search_term_string}"},"query-input":{"@type":"PropertyValueSpecification","valueRequired":true,"valueName":"search_term_string"}}],"inLanguage":"da-DK"},{"@type":"Organization","@id":"https:\/\/hotmelts.eu\/nn\/#organization","name":"Hot melt, Adhesives & Glues","url":"https:\/\/hotmelts.eu\/nn\/","logo":{"@type":"ImageObject","inLanguage":"da-DK","@id":"https:\/\/hotmelts.eu\/nn\/#\/schema\/logo\/image\/","url":"https:\/\/hotmelts.eu\/wp-content\/uploads\/2021\/08\/cropped-logo-intercol-blank-TRANSP22-white.png","contentUrl":"https:\/\/hotmelts.eu\/wp-content\/uploads\/2021\/08\/cropped-logo-intercol-blank-TRANSP22-white.png","width":200,"height":100,"caption":"Hot melt, Adhesives & Glues"},"image":{"@id":"https:\/\/hotmelts.eu\/nn\/#\/schema\/logo\/image\/"}}]}},"_links":{"self":[{"href":"https:\/\/hotmelts.eu\/da\/wp-json\/wp\/v2\/pages\/110","targetHints":{"allow":["GET"]}}],"collection":[{"href":"https:\/\/hotmelts.eu\/da\/wp-json\/wp\/v2\/pages"}],"about":[{"href":"https:\/\/hotmelts.eu\/da\/wp-json\/wp\/v2\/types\/page"}],"author":[{"embeddable":true,"href":"https:\/\/hotmelts.eu\/da\/wp-json\/wp\/v2\/users\/1"}],"replies":[{"embeddable":true,"href":"https:\/\/hotmelts.eu\/da\/wp-json\/wp\/v2\/comments?post=110"}],"version-history":[{"count":2,"href":"https:\/\/hotmelts.eu\/da\/wp-json\/wp\/v2\/pages\/110\/revisions"}],"predecessor-version":[{"id":113,"href":"https:\/\/hotmelts.eu\/da\/wp-json\/wp\/v2\/pages\/110\/revisions\/113"}],"wp:attachment":[{"href":"https:\/\/hotmelts.eu\/da\/wp-json\/wp\/v2\/media?parent=110"}],"curies":[{"name":"wp","href":"https:\/\/api.w.org\/{rel}","templated":true}]}}