{"id":28,"date":"2020-05-28T14:53:54","date_gmt":"2020-05-28T14:53:54","guid":{"rendered":"https:\/\/hotmelts.eu\/?page_id=28"},"modified":"2020-05-28T14:53:55","modified_gmt":"2020-05-28T14:53:55","slug":"automotive","status":"publish","type":"page","link":"https:\/\/hotmelts.eu\/cs\/automotive\/","title":{"rendered":"Automobilov\u00fd pr\u016fmysl"},"content":{"rendered":"<p>Tavn\u00e1 lepidla jsou \u0161iroce pou\u017e\u00edv\u00e1na v automobilov\u00e9m pr\u016fmyslu. Od koberc\u016f a\u017e po r\u016fzn\u00e9 embl\u00e9my. A dokonce i d\u016flky v barv\u011b lze odstranit pomoc\u00ed tavn\u00e9ho lepidla. <\/p>\n\n\n\n<p><\/p>\n\n\n\n<h2 class=\"wp-block-heading\"><strong>R\u016fzn\u00e9 aplikace<\/strong><\/h2>\n\n\n\n<p><\/p>\n\n\n\n<p>V automobilov\u00e9m pr\u016fmyslu se pou\u017e\u00edvaj\u00ed r\u016fzn\u00e9 typy tavn\u00fdch lepidel:<\/p>\n\n\n\n<ul class=\"wp-block-list\"><li>Lepidlo citliv\u00e9 na tlak, k lepen\u00ed plast\u016f s vy\u0161\u0161\u00edm povrchov\u00fdm nap\u011bt\u00edm<\/li><li>APAO, obvykle pro lepen\u00ed n\u00edzkonap\u011b\u0165ov\u00fdch plast\u016f, jako je polyethylen<\/li><li>PUR hork\u00e1 tavenina, kter\u00e1 vydr\u017e\u00ed vysok\u00e9 teploty a pou\u017e\u00edv\u00e1 se s konstruk\u010dn\u00edmi po\u017eadavky<\/li><\/ul>\n\n\n\n<p>Tavn\u00e1 lepidla se tak\u00e9 pou\u017e\u00edvaj\u00ed k v\u00fdrob\u011b a p\u0159ipev\u0148ov\u00e1n\u00ed panel\u016f a vydr\u017e\u00ed rozp\u00edn\u00e1n\u00ed mezi vrstvami. Tavn\u00e1 lepidla vytv\u00e1\u0159ej\u00ed siln\u00e9 a spolehliv\u00e9 vazby v automobilov\u00fdch aplikac\u00edch.<\/p>","protected":false},"excerpt":{"rendered":"<p>Hotmelt adhesives are widely used in the automotive industry. From carpets to the various emblems. And [&hellip;]<\/p>","protected":false},"author":1,"featured_media":0,"parent":0,"menu_order":0,"comment_status":"closed","ping_status":"closed","template":"","meta":{"footnotes":""},"class_list":["post-28","page","type-page","status-publish","hentry"],"yoast_head":"<!-- This site is optimized with the Yoast SEO plugin v24.9 - https:\/\/yoast.com\/wordpress\/plugins\/seo\/ -->\n<title>Automotive - Hotmelt adhesives<\/title>\n<meta name=\"robots\" content=\"index, follow, max-snippet:-1, max-image-preview:large, max-video-preview:-1\" \/>\n<link rel=\"canonical\" href=\"https:\/\/hotmelts.eu\/cs\/automotive\/\" \/>\n<meta property=\"og:locale\" content=\"cs_CZ\" \/>\n<meta property=\"og:type\" content=\"article\" \/>\n<meta property=\"og:title\" content=\"Automotive - Hotmelt adhesives\" \/>\n<meta property=\"og:description\" content=\"Hotmelt adhesives are widely used in the automotive industry. From carpets to the various emblems. And [&hellip;]\" \/>\n<meta property=\"og:url\" content=\"https:\/\/hotmelts.eu\/cs\/automotive\/\" \/>\n<meta property=\"og:site_name\" content=\"Hotmelt adhesives\" \/>\n<meta property=\"article:modified_time\" content=\"2020-05-28T14:53:55+00:00\" \/>\n<meta name=\"twitter:card\" content=\"summary_large_image\" \/>\n<meta name=\"twitter:label1\" content=\"Odhadovan\u00e1 doba \u010dten\u00ed\" \/>\n\t<meta name=\"twitter:data1\" content=\"1 minuta\" \/>\n<script type=\"application\/ld+json\" class=\"yoast-schema-graph\">{\"@context\":\"https:\/\/schema.org\",\"@graph\":[{\"@type\":\"WebPage\",\"@id\":\"https:\/\/hotmelts.eu\/fr\/automotive\/\",\"url\":\"https:\/\/hotmelts.eu\/fr\/automotive\/\",\"name\":\"Automotive - Hotmelt adhesives\",\"isPartOf\":{\"@id\":\"https:\/\/hotmelts.eu\/nn\/#website\"},\"datePublished\":\"2020-05-28T14:53:54+00:00\",\"dateModified\":\"2020-05-28T14:53:55+00:00\",\"breadcrumb\":{\"@id\":\"https:\/\/hotmelts.eu\/fr\/automotive\/#breadcrumb\"},\"inLanguage\":\"cs\",\"potentialAction\":[{\"@type\":\"ReadAction\",\"target\":[\"https:\/\/hotmelts.eu\/fr\/automotive\/\"]}]},{\"@type\":\"BreadcrumbList\",\"@id\":\"https:\/\/hotmelts.eu\/fr\/automotive\/#breadcrumb\",\"itemListElement\":[{\"@type\":\"ListItem\",\"position\":1,\"name\":\"Home\",\"item\":\"https:\/\/hotmelts.eu\/nn\/\"},{\"@type\":\"ListItem\",\"position\":2,\"name\":\"Automotive\"}]},{\"@type\":\"WebSite\",\"@id\":\"https:\/\/hotmelts.eu\/nn\/#website\",\"url\":\"https:\/\/hotmelts.eu\/nn\/\",\"name\":\"Hotmelts, Adhesives & Glues\",\"description\":\"Packaging, EVA, PO, PUR and PSA manufacturing\",\"publisher\":{\"@id\":\"https:\/\/hotmelts.eu\/nn\/#organization\"},\"potentialAction\":[{\"@type\":\"SearchAction\",\"target\":{\"@type\":\"EntryPoint\",\"urlTemplate\":\"https:\/\/hotmelts.eu\/nn\/?s={search_term_string}\"},\"query-input\":{\"@type\":\"PropertyValueSpecification\",\"valueRequired\":true,\"valueName\":\"search_term_string\"}}],\"inLanguage\":\"cs\"},{\"@type\":\"Organization\",\"@id\":\"https:\/\/hotmelts.eu\/nn\/#organization\",\"name\":\"Hot melt, Adhesives & Glues\",\"url\":\"https:\/\/hotmelts.eu\/nn\/\",\"logo\":{\"@type\":\"ImageObject\",\"inLanguage\":\"cs\",\"@id\":\"https:\/\/hotmelts.eu\/nn\/#\/schema\/logo\/image\/\",\"url\":\"https:\/\/hotmelts.eu\/wp-content\/uploads\/2021\/08\/cropped-logo-intercol-blank-TRANSP22-white.png\",\"contentUrl\":\"https:\/\/hotmelts.eu\/wp-content\/uploads\/2021\/08\/cropped-logo-intercol-blank-TRANSP22-white.png\",\"width\":200,\"height\":100,\"caption\":\"Hot melt, Adhesives & Glues\"},\"image\":{\"@id\":\"https:\/\/hotmelts.eu\/nn\/#\/schema\/logo\/image\/\"}}]}<\/script>\n<!-- \/ Yoast SEO plugin. -->","yoast_head_json":{"title":"Automobilov\u00fd pr\u016fmysl - tavn\u00e1 lepidla","robots":{"index":"index","follow":"follow","max-snippet":"max-snippet:-1","max-image-preview":"max-image-preview:large","max-video-preview":"max-video-preview:-1"},"canonical":"https:\/\/hotmelts.eu\/cs\/automotive\/","og_locale":"cs_CZ","og_type":"article","og_title":"Automotive - Hotmelt adhesives","og_description":"Hotmelt adhesives are widely used in the automotive industry. From carpets to the various emblems. And [&hellip;]","og_url":"https:\/\/hotmelts.eu\/cs\/automotive\/","og_site_name":"Hotmelt adhesives","article_modified_time":"2020-05-28T14:53:55+00:00","twitter_card":"summary_large_image","twitter_misc":{"Odhadovan\u00e1 doba \u010dten\u00ed":"1 minuta"},"schema":{"@context":"https:\/\/schema.org","@graph":[{"@type":"WebPage","@id":"https:\/\/hotmelts.eu\/fr\/automotive\/","url":"https:\/\/hotmelts.eu\/fr\/automotive\/","name":"Automobilov\u00fd pr\u016fmysl - tavn\u00e1 lepidla","isPartOf":{"@id":"https:\/\/hotmelts.eu\/nn\/#website"},"datePublished":"2020-05-28T14:53:54+00:00","dateModified":"2020-05-28T14:53:55+00:00","breadcrumb":{"@id":"https:\/\/hotmelts.eu\/fr\/automotive\/#breadcrumb"},"inLanguage":"cs","potentialAction":[{"@type":"ReadAction","target":["https:\/\/hotmelts.eu\/fr\/automotive\/"]}]},{"@type":"BreadcrumbList","@id":"https:\/\/hotmelts.eu\/fr\/automotive\/#breadcrumb","itemListElement":[{"@type":"ListItem","position":1,"name":"Home","item":"https:\/\/hotmelts.eu\/nn\/"},{"@type":"ListItem","position":2,"name":"Automotive"}]},{"@type":"WebSite","@id":"https:\/\/hotmelts.eu\/nn\/#website","url":"https:\/\/hotmelts.eu\/nn\/","name":"Hotmelts, Adhesives & Glues","description":"Balen\u00ed, v\u00fdroba EVA, PO, PUR a PSA","publisher":{"@id":"https:\/\/hotmelts.eu\/nn\/#organization"},"potentialAction":[{"@type":"SearchAction","target":{"@type":"EntryPoint","urlTemplate":"https:\/\/hotmelts.eu\/nn\/?s={search_term_string}"},"query-input":{"@type":"PropertyValueSpecification","valueRequired":true,"valueName":"search_term_string"}}],"inLanguage":"cs"},{"@type":"Organization","@id":"https:\/\/hotmelts.eu\/nn\/#organization","name":"Hot melt, Adhesives & Glues","url":"https:\/\/hotmelts.eu\/nn\/","logo":{"@type":"ImageObject","inLanguage":"cs","@id":"https:\/\/hotmelts.eu\/nn\/#\/schema\/logo\/image\/","url":"https:\/\/hotmelts.eu\/wp-content\/uploads\/2021\/08\/cropped-logo-intercol-blank-TRANSP22-white.png","contentUrl":"https:\/\/hotmelts.eu\/wp-content\/uploads\/2021\/08\/cropped-logo-intercol-blank-TRANSP22-white.png","width":200,"height":100,"caption":"Hot melt, Adhesives & Glues"},"image":{"@id":"https:\/\/hotmelts.eu\/nn\/#\/schema\/logo\/image\/"}}]}},"_links":{"self":[{"href":"https:\/\/hotmelts.eu\/cs\/wp-json\/wp\/v2\/pages\/28","targetHints":{"allow":["GET"]}}],"collection":[{"href":"https:\/\/hotmelts.eu\/cs\/wp-json\/wp\/v2\/pages"}],"about":[{"href":"https:\/\/hotmelts.eu\/cs\/wp-json\/wp\/v2\/types\/page"}],"author":[{"embeddable":true,"href":"https:\/\/hotmelts.eu\/cs\/wp-json\/wp\/v2\/users\/1"}],"replies":[{"embeddable":true,"href":"https:\/\/hotmelts.eu\/cs\/wp-json\/wp\/v2\/comments?post=28"}],"version-history":[{"count":1,"href":"https:\/\/hotmelts.eu\/cs\/wp-json\/wp\/v2\/pages\/28\/revisions"}],"predecessor-version":[{"id":30,"href":"https:\/\/hotmelts.eu\/cs\/wp-json\/wp\/v2\/pages\/28\/revisions\/30"}],"wp:attachment":[{"href":"https:\/\/hotmelts.eu\/cs\/wp-json\/wp\/v2\/media?parent=28"}],"curies":[{"name":"wp","href":"https:\/\/api.w.org\/{rel}","templated":true}]}}