{"id":25,"date":"2020-05-28T14:37:45","date_gmt":"2020-05-28T14:37:45","guid":{"rendered":"https:\/\/hotmelts.eu\/?page_id=25"},"modified":"2021-08-23T11:38:43","modified_gmt":"2021-08-23T11:38:43","slug":"packaging","status":"publish","type":"page","link":"https:\/\/hotmelts.eu\/cs\/packaging\/","title":{"rendered":"Obal"},"content":{"rendered":"<p>Zav\u0159en\u00ed krabice na pizzu, t\u00e1cku nebo smontov\u00e1n\u00ed stojanu; v ka\u017ed\u00e9 z t\u011bchto oblast\u00ed balen\u00ed poskytuj\u00ed tavn\u00e1 lepidla rychl\u00e9 a spolehliv\u00e9 lepen\u00ed. V z\u00e1vislosti na typu obalu a pou\u017eit\u00e9m materi\u00e1lu doporu\u010dujeme tavn\u00e9 lepidlo, kter\u00e9 vy\u017eaduje v\u0161echny po\u017eadavky. <\/p>\n\n\n\n<h2 class=\"wp-block-heading\">Samolepic\u00ed uz\u00e1v\u011bry<\/h2>\n\n\n\n<p>Pro samolepic\u00ed povrchovou \u00fapravu vn\u011bj\u0161\u00edch karton\u016f, kter\u00e9 se \u010dasto pou\u017e\u00edvaj\u00ed k p\u0159eprav\u011b bal\u00edk\u016f, nab\u00edz\u00ed \u0159ada tavn\u00fdch lepidel Intercol vysoce kvalitn\u00ed v\u00fdrobky na b\u00e1zi termoplastick\u00e9 gumy. Vyzna\u010duj\u00ed se zejm\u00e9na vysokou lepivost\u00ed povrchu.<\/p>\n\n\n\n<figure class=\"wp-block-embed is-type-video is-provider-youtube wp-block-embed-youtube wp-embed-aspect-16-9 wp-has-aspect-ratio\"><div class=\"wp-block-embed__wrapper\">\n<iframe loading=\"lazy\" title=\"Lepic\u00ed stroj na skl\u00e1dac\u00ed a skl\u00e1dac\u00ed bal\u00ed\u010dky se samolep\u00edc\u00edm aplik\u00e1torem p\u00e1s\u016f za tepla\" width=\"680\" height=\"383\" src=\"https:\/\/www.youtube.com\/embed\/hV6UttyMSug?feature=oembed\" frameborder=\"0\" allow=\"accelerometer; autoplay; clipboard-write; encrypted-media; gyroscope; picture-in-picture\" allowfullscreen><\/iframe>\n<\/div><figcaption>V\u00fdroba bal\u00edkov\u00fdch krabic<\/figcaption><\/figure>\n\n\n\n<h2 class=\"wp-block-heading\">Polyolefinov\u00e1 hork\u00e1 tavenina<\/h2>\n\n\n\n<p>Polyolefin-metalocenov\u00e1 tavn\u00e1 lepidla jsou \u010dasto odoln\u011bj\u0161\u00ed v\u016f\u010di oxidaci. D\u00edky jejich trval\u00e9 viskozitn\u00ed stabilit\u011b zaji\u0161\u0165uje vysokou spolehlivost procesu b\u011bhem v\u00fdroby. <\/p>","protected":false},"excerpt":{"rendered":"<p>Closing a pizza carton, tray or assemble a display stand; in each of these packaging areas, [&hellip;]<\/p>","protected":false},"author":1,"featured_media":0,"parent":0,"menu_order":0,"comment_status":"closed","ping_status":"closed","template":"template-full-width.php","meta":{"footnotes":""},"class_list":["post-25","page","type-page","status-publish","hentry"],"yoast_head":"<!-- This site is optimized with the Yoast SEO plugin v24.9 - https:\/\/yoast.com\/wordpress\/plugins\/seo\/ -->\n<title>Packaging - Hotmelt adhesives<\/title>\n<meta name=\"robots\" content=\"index, follow, max-snippet:-1, max-image-preview:large, max-video-preview:-1\" \/>\n<link rel=\"canonical\" href=\"https:\/\/hotmelts.eu\/cs\/packaging\/\" \/>\n<meta property=\"og:locale\" content=\"cs_CZ\" \/>\n<meta property=\"og:type\" content=\"article\" \/>\n<meta property=\"og:title\" content=\"Packaging - Hotmelt adhesives\" \/>\n<meta property=\"og:description\" content=\"Closing a pizza carton, tray or assemble a display stand; in each of these packaging areas, [&hellip;]\" \/>\n<meta property=\"og:url\" content=\"https:\/\/hotmelts.eu\/cs\/packaging\/\" \/>\n<meta property=\"og:site_name\" content=\"Hotmelt adhesives\" \/>\n<meta property=\"article:modified_time\" content=\"2021-08-23T11:38:43+00:00\" \/>\n<meta name=\"twitter:card\" content=\"summary_large_image\" \/>\n<meta name=\"twitter:label1\" content=\"Odhadovan\u00e1 doba \u010dten\u00ed\" \/>\n\t<meta name=\"twitter:data1\" content=\"1 minuta\" \/>\n<script type=\"application\/ld+json\" class=\"yoast-schema-graph\">{\"@context\":\"https:\/\/schema.org\",\"@graph\":[{\"@type\":\"WebPage\",\"@id\":\"https:\/\/hotmelts.eu\/fr\/packaging\/\",\"url\":\"https:\/\/hotmelts.eu\/fr\/packaging\/\",\"name\":\"Packaging - Hotmelt adhesives\",\"isPartOf\":{\"@id\":\"https:\/\/hotmelts.eu\/nn\/#website\"},\"datePublished\":\"2020-05-28T14:37:45+00:00\",\"dateModified\":\"2021-08-23T11:38:43+00:00\",\"breadcrumb\":{\"@id\":\"https:\/\/hotmelts.eu\/fr\/packaging\/#breadcrumb\"},\"inLanguage\":\"cs\",\"potentialAction\":[{\"@type\":\"ReadAction\",\"target\":[\"https:\/\/hotmelts.eu\/fr\/packaging\/\"]}]},{\"@type\":\"BreadcrumbList\",\"@id\":\"https:\/\/hotmelts.eu\/fr\/packaging\/#breadcrumb\",\"itemListElement\":[{\"@type\":\"ListItem\",\"position\":1,\"name\":\"Home\",\"item\":\"https:\/\/hotmelts.eu\/nn\/\"},{\"@type\":\"ListItem\",\"position\":2,\"name\":\"Packaging\"}]},{\"@type\":\"WebSite\",\"@id\":\"https:\/\/hotmelts.eu\/nn\/#website\",\"url\":\"https:\/\/hotmelts.eu\/nn\/\",\"name\":\"Hotmelts, Adhesives & Glues\",\"description\":\"Packaging, EVA, PO, PUR and PSA manufacturing\",\"publisher\":{\"@id\":\"https:\/\/hotmelts.eu\/nn\/#organization\"},\"potentialAction\":[{\"@type\":\"SearchAction\",\"target\":{\"@type\":\"EntryPoint\",\"urlTemplate\":\"https:\/\/hotmelts.eu\/nn\/?s={search_term_string}\"},\"query-input\":{\"@type\":\"PropertyValueSpecification\",\"valueRequired\":true,\"valueName\":\"search_term_string\"}}],\"inLanguage\":\"cs\"},{\"@type\":\"Organization\",\"@id\":\"https:\/\/hotmelts.eu\/nn\/#organization\",\"name\":\"Hot melt, Adhesives & Glues\",\"url\":\"https:\/\/hotmelts.eu\/nn\/\",\"logo\":{\"@type\":\"ImageObject\",\"inLanguage\":\"cs\",\"@id\":\"https:\/\/hotmelts.eu\/nn\/#\/schema\/logo\/image\/\",\"url\":\"https:\/\/hotmelts.eu\/wp-content\/uploads\/2021\/08\/cropped-logo-intercol-blank-TRANSP22-white.png\",\"contentUrl\":\"https:\/\/hotmelts.eu\/wp-content\/uploads\/2021\/08\/cropped-logo-intercol-blank-TRANSP22-white.png\",\"width\":200,\"height\":100,\"caption\":\"Hot melt, Adhesives & Glues\"},\"image\":{\"@id\":\"https:\/\/hotmelts.eu\/nn\/#\/schema\/logo\/image\/\"}}]}<\/script>\n<!-- \/ Yoast SEO plugin. -->","yoast_head_json":{"title":"Balen\u00ed - tavn\u00e1 lepidla","robots":{"index":"index","follow":"follow","max-snippet":"max-snippet:-1","max-image-preview":"max-image-preview:large","max-video-preview":"max-video-preview:-1"},"canonical":"https:\/\/hotmelts.eu\/cs\/packaging\/","og_locale":"cs_CZ","og_type":"article","og_title":"Packaging - Hotmelt adhesives","og_description":"Closing a pizza carton, tray or assemble a display stand; in each of these packaging areas, [&hellip;]","og_url":"https:\/\/hotmelts.eu\/cs\/packaging\/","og_site_name":"Hotmelt adhesives","article_modified_time":"2021-08-23T11:38:43+00:00","twitter_card":"summary_large_image","twitter_misc":{"Odhadovan\u00e1 doba \u010dten\u00ed":"1 minuta"},"schema":{"@context":"https:\/\/schema.org","@graph":[{"@type":"WebPage","@id":"https:\/\/hotmelts.eu\/fr\/packaging\/","url":"https:\/\/hotmelts.eu\/fr\/packaging\/","name":"Balen\u00ed - tavn\u00e1 lepidla","isPartOf":{"@id":"https:\/\/hotmelts.eu\/nn\/#website"},"datePublished":"2020-05-28T14:37:45+00:00","dateModified":"2021-08-23T11:38:43+00:00","breadcrumb":{"@id":"https:\/\/hotmelts.eu\/fr\/packaging\/#breadcrumb"},"inLanguage":"cs","potentialAction":[{"@type":"ReadAction","target":["https:\/\/hotmelts.eu\/fr\/packaging\/"]}]},{"@type":"BreadcrumbList","@id":"https:\/\/hotmelts.eu\/fr\/packaging\/#breadcrumb","itemListElement":[{"@type":"ListItem","position":1,"name":"Home","item":"https:\/\/hotmelts.eu\/nn\/"},{"@type":"ListItem","position":2,"name":"Packaging"}]},{"@type":"WebSite","@id":"https:\/\/hotmelts.eu\/nn\/#website","url":"https:\/\/hotmelts.eu\/nn\/","name":"Hotmelts, Adhesives & Glues","description":"Balen\u00ed, v\u00fdroba EVA, PO, PUR a PSA","publisher":{"@id":"https:\/\/hotmelts.eu\/nn\/#organization"},"potentialAction":[{"@type":"SearchAction","target":{"@type":"EntryPoint","urlTemplate":"https:\/\/hotmelts.eu\/nn\/?s={search_term_string}"},"query-input":{"@type":"PropertyValueSpecification","valueRequired":true,"valueName":"search_term_string"}}],"inLanguage":"cs"},{"@type":"Organization","@id":"https:\/\/hotmelts.eu\/nn\/#organization","name":"Hot melt, Adhesives & Glues","url":"https:\/\/hotmelts.eu\/nn\/","logo":{"@type":"ImageObject","inLanguage":"cs","@id":"https:\/\/hotmelts.eu\/nn\/#\/schema\/logo\/image\/","url":"https:\/\/hotmelts.eu\/wp-content\/uploads\/2021\/08\/cropped-logo-intercol-blank-TRANSP22-white.png","contentUrl":"https:\/\/hotmelts.eu\/wp-content\/uploads\/2021\/08\/cropped-logo-intercol-blank-TRANSP22-white.png","width":200,"height":100,"caption":"Hot melt, Adhesives & Glues"},"image":{"@id":"https:\/\/hotmelts.eu\/nn\/#\/schema\/logo\/image\/"}}]}},"_links":{"self":[{"href":"https:\/\/hotmelts.eu\/cs\/wp-json\/wp\/v2\/pages\/25","targetHints":{"allow":["GET"]}}],"collection":[{"href":"https:\/\/hotmelts.eu\/cs\/wp-json\/wp\/v2\/pages"}],"about":[{"href":"https:\/\/hotmelts.eu\/cs\/wp-json\/wp\/v2\/types\/page"}],"author":[{"embeddable":true,"href":"https:\/\/hotmelts.eu\/cs\/wp-json\/wp\/v2\/users\/1"}],"replies":[{"embeddable":true,"href":"https:\/\/hotmelts.eu\/cs\/wp-json\/wp\/v2\/comments?post=25"}],"version-history":[{"count":2,"href":"https:\/\/hotmelts.eu\/cs\/wp-json\/wp\/v2\/pages\/25\/revisions"}],"predecessor-version":[{"id":105,"href":"https:\/\/hotmelts.eu\/cs\/wp-json\/wp\/v2\/pages\/25\/revisions\/105"}],"wp:attachment":[{"href":"https:\/\/hotmelts.eu\/cs\/wp-json\/wp\/v2\/media?parent=25"}],"curies":[{"name":"wp","href":"https:\/\/api.w.org\/{rel}","templated":true}]}}