{"id":148,"date":"2021-09-20T18:47:00","date_gmt":"2021-09-20T18:47:00","guid":{"rendered":"https:\/\/hotmelts.eu\/?page_id=148"},"modified":"2021-09-20T18:49:05","modified_gmt":"2021-09-20T18:49:05","slug":"assembly-hmas","status":"publish","type":"page","link":"https:\/\/hotmelts.eu\/cs\/assembly-hmas\/","title":{"rendered":"Mont\u00e1\u017en\u00ed HMA"},"content":{"rendered":"<p>Intercol nab\u00edz\u00ed v\u0161estrann\u00e1, vysoce v\u00fdkonn\u00e1 \u0159e\u0161en\u00ed tavn\u00fdch lepidel pro mont\u00e1\u017en\u00ed aplikace. V posledn\u00ed dob\u011b je v\u011bt\u0161ina nov\u00fdch produkt\u016f na tomto trhu zalo\u017eena na metalocenov\u00e9 technologii. To umo\u017e\u0148uje pokro\u010dilej\u0161\u00ed aplikace a v\u00edce mo\u017enost\u00ed nab\u00eddnout jedine\u010dn\u00e9 formulace za tepla.<\/p>\n\n\n\n<p><\/p>\n\n\n\n<p>Z\u00e1kladn\u00ed polymery, jako je metalocen, se m\u00eds\u00ed s n\u011bkolika p\u0159\u00edsadami, jako jsou lepiv\u00e9 prysky\u0159ice, vosk a antioxidanty. Nov\u00e9 metalocenov\u00e9 technologie zv\u00fd\u0161ily po\u010det najet\u00fdch kilometr\u016f a n\u00edzk\u00fd z\u00e1pach.<\/p>\n\n\n\n<h3 class=\"wp-block-heading\">V\u00fdhody polyolefinov\u00e9ho HMA<\/h3>\n\n\n\n<ul class=\"wp-block-list\"><li>Dlouh\u00e9 formulace a kr\u00e1tk\u00e1 rychlost tuhnut\u00ed pro \u0161irokou \u0161k\u00e1lu mont\u00e1\u017en\u00edch aplikac\u00ed<\/li><li>Tepeln\u011b stabiln\u00ed <\/li><li>K dispozici jsou verze s ni\u017e\u0161\u00ed teplotou aplikace<\/li><li>Odolnost v\u016f\u010di vysok\u00fdm teplot\u00e1m<\/li><li>Siln\u00e1 vazba na substr\u00e1ty s n\u00edzkou povrchovou energi\u00ed<\/li><li>Vysok\u00e1 soudr\u017en\u00e1 s\u00edla<\/li><li>Dostupn\u00e9 verze s vysokou pru\u017enost\u00ed a prodlou\u017een\u00edm<\/li><\/ul>\n\n\n\n<h3 class=\"wp-block-heading\">V\u00fdhody oproti p\u0159edchoz\u00edmu tavn\u00e9mu lepidlu EVA a APAO<\/h3>\n\n\n\n<p>Nov\u00e1 polyolefinov\u00e1 tavn\u00e1 lepidla poskytuj\u00ed v\u00fdznamn\u00e9 v\u00fdkonnostn\u00ed v\u00fdhody ve srovn\u00e1n\u00ed s p\u0159\u00edpravky na b\u00e1zi ethylen-vinyl (EVA)-a amorfn\u00ed polyalfaolefin (APAO).<\/p>\n\n\n\n<figure class=\"wp-block-image size-large\"><img loading=\"lazy\" decoding=\"async\" width=\"726\" height=\"1024\" src=\"https:\/\/hotmelts.eu\/wp-content\/uploads\/2021\/09\/hma-assembly-polyolefin-726x1024.png\" alt=\"\" class=\"wp-image-149\" srcset=\"https:\/\/hotmelts.eu\/wp-content\/uploads\/2021\/09\/hma-assembly-polyolefin-726x1024.png 726w, https:\/\/hotmelts.eu\/wp-content\/uploads\/2021\/09\/hma-assembly-polyolefin-213x300.png 213w, https:\/\/hotmelts.eu\/wp-content\/uploads\/2021\/09\/hma-assembly-polyolefin-768x1083.png 768w, https:\/\/hotmelts.eu\/wp-content\/uploads\/2021\/09\/hma-assembly-polyolefin-9x12.png 9w, https:\/\/hotmelts.eu\/wp-content\/uploads\/2021\/09\/hma-assembly-polyolefin-500x705.png 500w, https:\/\/hotmelts.eu\/wp-content\/uploads\/2021\/09\/hma-assembly-polyolefin-800x1128.png 800w, https:\/\/hotmelts.eu\/wp-content\/uploads\/2021\/09\/hma-assembly-polyolefin.png 936w\" sizes=\"auto, (max-width: 726px) 100vw, 726px\" \/><figcaption>Mont\u00e1\u017en\u00ed lepidlo HMA Polyolefinov\u00e1 \u0159ada<\/figcaption><\/figure>\n\n\n\n<p><\/p>","protected":false},"excerpt":{"rendered":"<p>Intercol offers versatile, high-performance hot melt adhesive solutions for assembly applications.&nbsp;Recently, most new products in this [&hellip;]<\/p>","protected":false},"author":1,"featured_media":0,"parent":0,"menu_order":0,"comment_status":"closed","ping_status":"closed","template":"template-full-width.php","meta":{"footnotes":""},"class_list":["post-148","page","type-page","status-publish","hentry"],"yoast_head":"<!-- This site is optimized with the Yoast SEO plugin v24.9 - https:\/\/yoast.com\/wordpress\/plugins\/seo\/ -->\n<title>Assembly HMA&#039;s - Hotmelt adhesives<\/title>\n<meta name=\"robots\" content=\"index, follow, max-snippet:-1, max-image-preview:large, max-video-preview:-1\" \/>\n<link rel=\"canonical\" href=\"https:\/\/hotmelts.eu\/cs\/assembly-hmas\/\" \/>\n<meta property=\"og:locale\" content=\"cs_CZ\" \/>\n<meta property=\"og:type\" content=\"article\" \/>\n<meta property=\"og:title\" content=\"Assembly HMA&#039;s - Hotmelt adhesives\" \/>\n<meta property=\"og:description\" content=\"Intercol offers versatile, high-performance hot melt adhesive solutions for assembly applications.&nbsp;Recently, most new products in this [&hellip;]\" \/>\n<meta property=\"og:url\" content=\"https:\/\/hotmelts.eu\/cs\/assembly-hmas\/\" \/>\n<meta property=\"og:site_name\" content=\"Hotmelt adhesives\" \/>\n<meta property=\"article:modified_time\" content=\"2021-09-20T18:49:05+00:00\" \/>\n<meta property=\"og:image\" content=\"https:\/\/hotmelts.eu\/wp-content\/uploads\/2021\/09\/hma-assembly-polyolefin-726x1024.png\" \/>\n<meta name=\"twitter:card\" content=\"summary_large_image\" \/>\n<meta name=\"twitter:label1\" content=\"Odhadovan\u00e1 doba \u010dten\u00ed\" \/>\n\t<meta name=\"twitter:data1\" content=\"1 minuta\" \/>\n<script type=\"application\/ld+json\" class=\"yoast-schema-graph\">{\"@context\":\"https:\/\/schema.org\",\"@graph\":[{\"@type\":\"WebPage\",\"@id\":\"https:\/\/hotmelts.eu\/cs\/assembly-hmas\/\",\"url\":\"https:\/\/hotmelts.eu\/cs\/assembly-hmas\/\",\"name\":\"Assembly HMA's - Hotmelt adhesives\",\"isPartOf\":{\"@id\":\"https:\/\/hotmelts.eu\/nn\/#website\"},\"primaryImageOfPage\":{\"@id\":\"https:\/\/hotmelts.eu\/cs\/assembly-hmas\/#primaryimage\"},\"image\":{\"@id\":\"https:\/\/hotmelts.eu\/cs\/assembly-hmas\/#primaryimage\"},\"thumbnailUrl\":\"https:\/\/hotmelts.eu\/wp-content\/uploads\/2021\/09\/hma-assembly-polyolefin-726x1024.png\",\"datePublished\":\"2021-09-20T18:47:00+00:00\",\"dateModified\":\"2021-09-20T18:49:05+00:00\",\"breadcrumb\":{\"@id\":\"https:\/\/hotmelts.eu\/cs\/assembly-hmas\/#breadcrumb\"},\"inLanguage\":\"cs\",\"potentialAction\":[{\"@type\":\"ReadAction\",\"target\":[\"https:\/\/hotmelts.eu\/cs\/assembly-hmas\/\"]}]},{\"@type\":\"ImageObject\",\"inLanguage\":\"cs\",\"@id\":\"https:\/\/hotmelts.eu\/cs\/assembly-hmas\/#primaryimage\",\"url\":\"https:\/\/hotmelts.eu\/wp-content\/uploads\/2021\/09\/hma-assembly-polyolefin-726x1024.png\",\"contentUrl\":\"https:\/\/hotmelts.eu\/wp-content\/uploads\/2021\/09\/hma-assembly-polyolefin-726x1024.png\"},{\"@type\":\"BreadcrumbList\",\"@id\":\"https:\/\/hotmelts.eu\/cs\/assembly-hmas\/#breadcrumb\",\"itemListElement\":[{\"@type\":\"ListItem\",\"position\":1,\"name\":\"Home\",\"item\":\"https:\/\/hotmelts.eu\/nn\/\"},{\"@type\":\"ListItem\",\"position\":2,\"name\":\"Assembly HMA&#8217;s\"}]},{\"@type\":\"WebSite\",\"@id\":\"https:\/\/hotmelts.eu\/nn\/#website\",\"url\":\"https:\/\/hotmelts.eu\/nn\/\",\"name\":\"Hotmelts, Adhesives & Glues\",\"description\":\"Packaging, EVA, PO, PUR and PSA manufacturing\",\"publisher\":{\"@id\":\"https:\/\/hotmelts.eu\/nn\/#organization\"},\"potentialAction\":[{\"@type\":\"SearchAction\",\"target\":{\"@type\":\"EntryPoint\",\"urlTemplate\":\"https:\/\/hotmelts.eu\/nn\/?s={search_term_string}\"},\"query-input\":{\"@type\":\"PropertyValueSpecification\",\"valueRequired\":true,\"valueName\":\"search_term_string\"}}],\"inLanguage\":\"cs\"},{\"@type\":\"Organization\",\"@id\":\"https:\/\/hotmelts.eu\/nn\/#organization\",\"name\":\"Hot melt, Adhesives & Glues\",\"url\":\"https:\/\/hotmelts.eu\/nn\/\",\"logo\":{\"@type\":\"ImageObject\",\"inLanguage\":\"cs\",\"@id\":\"https:\/\/hotmelts.eu\/nn\/#\/schema\/logo\/image\/\",\"url\":\"https:\/\/hotmelts.eu\/wp-content\/uploads\/2021\/08\/cropped-logo-intercol-blank-TRANSP22-white.png\",\"contentUrl\":\"https:\/\/hotmelts.eu\/wp-content\/uploads\/2021\/08\/cropped-logo-intercol-blank-TRANSP22-white.png\",\"width\":200,\"height\":100,\"caption\":\"Hot melt, Adhesives & Glues\"},\"image\":{\"@id\":\"https:\/\/hotmelts.eu\/nn\/#\/schema\/logo\/image\/\"}}]}<\/script>\n<!-- \/ Yoast SEO plugin. -->","yoast_head_json":{"title":"Mont\u00e1\u017en\u00ed HMA - tavn\u00e1 lepidla","robots":{"index":"index","follow":"follow","max-snippet":"max-snippet:-1","max-image-preview":"max-image-preview:large","max-video-preview":"max-video-preview:-1"},"canonical":"https:\/\/hotmelts.eu\/cs\/assembly-hmas\/","og_locale":"cs_CZ","og_type":"article","og_title":"Assembly HMA's - Hotmelt adhesives","og_description":"Intercol offers versatile, high-performance hot melt adhesive solutions for assembly applications.&nbsp;Recently, most new products in this [&hellip;]","og_url":"https:\/\/hotmelts.eu\/cs\/assembly-hmas\/","og_site_name":"Hotmelt adhesives","article_modified_time":"2021-09-20T18:49:05+00:00","og_image":[{"url":"https:\/\/hotmelts.eu\/wp-content\/uploads\/2021\/09\/hma-assembly-polyolefin-726x1024.png","type":"","width":"","height":""}],"twitter_card":"summary_large_image","twitter_misc":{"Odhadovan\u00e1 doba \u010dten\u00ed":"1 minuta"},"schema":{"@context":"https:\/\/schema.org","@graph":[{"@type":"WebPage","@id":"https:\/\/hotmelts.eu\/cs\/assembly-hmas\/","url":"https:\/\/hotmelts.eu\/cs\/assembly-hmas\/","name":"Mont\u00e1\u017en\u00ed HMA - tavn\u00e1 lepidla","isPartOf":{"@id":"https:\/\/hotmelts.eu\/nn\/#website"},"primaryImageOfPage":{"@id":"https:\/\/hotmelts.eu\/cs\/assembly-hmas\/#primaryimage"},"image":{"@id":"https:\/\/hotmelts.eu\/cs\/assembly-hmas\/#primaryimage"},"thumbnailUrl":"https:\/\/hotmelts.eu\/wp-content\/uploads\/2021\/09\/hma-assembly-polyolefin-726x1024.png","datePublished":"2021-09-20T18:47:00+00:00","dateModified":"2021-09-20T18:49:05+00:00","breadcrumb":{"@id":"https:\/\/hotmelts.eu\/cs\/assembly-hmas\/#breadcrumb"},"inLanguage":"cs","potentialAction":[{"@type":"ReadAction","target":["https:\/\/hotmelts.eu\/cs\/assembly-hmas\/"]}]},{"@type":"ImageObject","inLanguage":"cs","@id":"https:\/\/hotmelts.eu\/cs\/assembly-hmas\/#primaryimage","url":"https:\/\/hotmelts.eu\/wp-content\/uploads\/2021\/09\/hma-assembly-polyolefin-726x1024.png","contentUrl":"https:\/\/hotmelts.eu\/wp-content\/uploads\/2021\/09\/hma-assembly-polyolefin-726x1024.png"},{"@type":"BreadcrumbList","@id":"https:\/\/hotmelts.eu\/cs\/assembly-hmas\/#breadcrumb","itemListElement":[{"@type":"ListItem","position":1,"name":"Home","item":"https:\/\/hotmelts.eu\/nn\/"},{"@type":"ListItem","position":2,"name":"Assembly HMA&#8217;s"}]},{"@type":"WebSite","@id":"https:\/\/hotmelts.eu\/nn\/#website","url":"https:\/\/hotmelts.eu\/nn\/","name":"Hotmelts, Adhesives & Glues","description":"Balen\u00ed, v\u00fdroba EVA, PO, PUR a PSA","publisher":{"@id":"https:\/\/hotmelts.eu\/nn\/#organization"},"potentialAction":[{"@type":"SearchAction","target":{"@type":"EntryPoint","urlTemplate":"https:\/\/hotmelts.eu\/nn\/?s={search_term_string}"},"query-input":{"@type":"PropertyValueSpecification","valueRequired":true,"valueName":"search_term_string"}}],"inLanguage":"cs"},{"@type":"Organization","@id":"https:\/\/hotmelts.eu\/nn\/#organization","name":"Hot melt, Adhesives & Glues","url":"https:\/\/hotmelts.eu\/nn\/","logo":{"@type":"ImageObject","inLanguage":"cs","@id":"https:\/\/hotmelts.eu\/nn\/#\/schema\/logo\/image\/","url":"https:\/\/hotmelts.eu\/wp-content\/uploads\/2021\/08\/cropped-logo-intercol-blank-TRANSP22-white.png","contentUrl":"https:\/\/hotmelts.eu\/wp-content\/uploads\/2021\/08\/cropped-logo-intercol-blank-TRANSP22-white.png","width":200,"height":100,"caption":"Hot melt, Adhesives & Glues"},"image":{"@id":"https:\/\/hotmelts.eu\/nn\/#\/schema\/logo\/image\/"}}]}},"_links":{"self":[{"href":"https:\/\/hotmelts.eu\/cs\/wp-json\/wp\/v2\/pages\/148","targetHints":{"allow":["GET"]}}],"collection":[{"href":"https:\/\/hotmelts.eu\/cs\/wp-json\/wp\/v2\/pages"}],"about":[{"href":"https:\/\/hotmelts.eu\/cs\/wp-json\/wp\/v2\/types\/page"}],"author":[{"embeddable":true,"href":"https:\/\/hotmelts.eu\/cs\/wp-json\/wp\/v2\/users\/1"}],"replies":[{"embeddable":true,"href":"https:\/\/hotmelts.eu\/cs\/wp-json\/wp\/v2\/comments?post=148"}],"version-history":[{"count":2,"href":"https:\/\/hotmelts.eu\/cs\/wp-json\/wp\/v2\/pages\/148\/revisions"}],"predecessor-version":[{"id":152,"href":"https:\/\/hotmelts.eu\/cs\/wp-json\/wp\/v2\/pages\/148\/revisions\/152"}],"wp:attachment":[{"href":"https:\/\/hotmelts.eu\/cs\/wp-json\/wp\/v2\/media?parent=148"}],"curies":[{"name":"wp","href":"https:\/\/api.w.org\/{rel}","templated":true}]}}