{"id":123,"date":"2021-09-20T10:05:00","date_gmt":"2021-09-20T10:05:00","guid":{"rendered":"https:\/\/hotmelts.eu\/?page_id=123"},"modified":"2021-09-20T10:05:02","modified_gmt":"2021-09-20T10:05:02","slug":"toll-manufacturing","status":"publish","type":"page","link":"https:\/\/hotmelts.eu\/cs\/toll-manufacturing\/","title":{"rendered":"V\u00fdroba m\u00fdtn\u00e9ho"},"content":{"rendered":"<p>Prost\u0159ednictv\u00edm r\u016fstu, inovac\u00ed, v\u00fdvoje produkt\u016f, egineeringu a investic do v\u00fdrobn\u00ed kapacity m\u016f\u017eeme nab\u00eddnout jedine\u010dn\u00e9 mo\u017enosti pro v\u00fdvoj a v\u00fdrobu produkt\u016f pro nov\u00e9 aplikace. Nab\u00edz\u00edme diskr\u00e9tn\u00ed a d\u016fv\u011brn\u00e9 slu\u017eby v\u00fdroby m\u00fdtn\u00e9ho se slu\u017ebou b\u00edl\u00e9ho ozna\u010dov\u00e1n\u00ed.<\/p>\n\n\n\n<h2 class=\"wp-block-heading\">Termoplastick\u00e1 tavn\u00e1 a vodou \u0159editeln\u00e1 lepidla<\/h2>\n\n\n\n<p>Z\u00e1kazn\u00edci z cel\u00e9ho sv\u011bta zaznamenali zna\u010dn\u00e9 v\u00fdhody plynouc\u00ed z toho, \u017ee jejich v\u00fdrobu zad\u00e1v\u00e1me extern\u011b n\u00e1m. Od dod\u00e1vek surovin, kontroly kvality a\u017e po vytv\u00e1\u0159en\u00ed dokument\u016f jako SDS a pro export a import po cel\u00e9m sv\u011bt\u011b. S Nizozemskem jako z\u00e1kladnou dok\u00e1\u017eeme logistiku zvl\u00e1dnout velmi efektivn\u011b.<\/p>\n\n\n\n<h2 class=\"wp-block-heading\">V\u00fdhody v\u00fdroby m\u00fdtn\u00e9ho<\/h2>\n\n\n\n<p>V\u00fdroba m\u00fdtn\u00e9ho je n\u00e1kladov\u011b efektivn\u00ed slu\u017eba, kter\u00e1 m\u016f\u017ee u\u0161et\u0159it spoustu \u010dasu. Proto\u017ee tato slu\u017eba umo\u017e\u0148uje inov\u00e1tor\u016fm a poskytovatel\u016fm \u0159e\u0161en\u00ed soust\u0159edit se na sv\u00e9 hlavn\u00ed podnik\u00e1n\u00ed, pou\u017e\u00edvaj\u00ed i dlouhodob\u011b zaveden\u00e9 spole\u010dnosti v\u00fdrobu m\u00fdtn\u00e9ho nebo ozna\u010dov\u00e1n\u00ed na b\u00edl\u00e9m \u0161t\u00edtku, proto\u017ee organizace lze sn\u00e1ze spravovat s ni\u017e\u0161\u00edmi investicemi.<\/p>\n\n\n\n<h2 class=\"wp-block-heading\">Upscaling a downscaling<\/h2>\n\n\n\n<p>V\u00fdroba m\u00fdtn\u00e9ho je skv\u011bl\u00e1 slu\u017eba pro podniky, kter\u00e9 maj\u00ed technick\u00e9 znalosti, ale nemaj\u00ed \u010das, vybaven\u00ed ani flexibilitu ve sv\u00e9 v\u00fdrob\u011b, aby si samy vyr\u00e1b\u011bly konkr\u00e9tn\u00ed lepidla, n\u00e1t\u011bry, pojiva nebo jin\u00e9 termoplasty nebo v\u00fdrobky na vodn\u00ed b\u00e1zi. D\u00edky na\u0161\u00ed slu\u017eb\u011b st\u00e1le p\u0159in\u00e1\u0161\u00ed kone\u010dn\u00e9mu produktu zna\u010dnou hodnotu.<\/p>\n\n\n\n<p>OMM a OEM<\/p>\n\n\n\n<p>Ve spole\u010dnosti Intercol spolupracujeme s OMM i OEM, kte\u0159\u00ed cht\u011bj\u00ed prodat svou vlastn\u00ed zna\u010dku. <\/p>\n\n\n\n<h2 class=\"wp-block-heading\">Jako by to byla va\u0161e vlastn\u00ed tov\u00e1rna<\/h2>\n\n\n\n<p>P\u0159i v\u00fdrob\u011b m\u00fdtn\u00e9ho m\u00e1 tento produkt tendenci b\u00fdt \u00fazce specializovan\u00fd a slo\u017eit\u00fd na v\u00fdrobu pro za\u010d\u00ednaj\u00edc\u00ed firmy. V\u00fdrobn\u00ed kapacita, flexibilita a odbornost v\u00fdroby lepidel a n\u00e1t\u011br\u016f spole\u010dnosti Intercol n\u00e1m umo\u017e\u0148uj\u00ed efektivn\u011b vyr\u00e1b\u011bt a balit lepidla do pr\u016fmyslov\u00fdch obal\u016f.<\/p>\n\n\n\n<p><\/p>\n\n\n\n<figure class=\"wp-block-image size-large\"><img loading=\"lazy\" decoding=\"async\" width=\"1024\" height=\"515\" src=\"https:\/\/hotmelts.eu\/wp-content\/uploads\/2021\/09\/toll-manufacturing-hot-melt-waterbased-polymer-1024x515.jpg\" alt=\"\" class=\"wp-image-124\" srcset=\"https:\/\/hotmelts.eu\/wp-content\/uploads\/2021\/09\/toll-manufacturing-hot-melt-waterbased-polymer-1024x515.jpg 1024w, https:\/\/hotmelts.eu\/wp-content\/uploads\/2021\/09\/toll-manufacturing-hot-melt-waterbased-polymer-300x151.jpg 300w, https:\/\/hotmelts.eu\/wp-content\/uploads\/2021\/09\/toll-manufacturing-hot-melt-waterbased-polymer-768x387.jpg 768w, https:\/\/hotmelts.eu\/wp-content\/uploads\/2021\/09\/toll-manufacturing-hot-melt-waterbased-polymer-18x9.jpg 18w, https:\/\/hotmelts.eu\/wp-content\/uploads\/2021\/09\/toll-manufacturing-hot-melt-waterbased-polymer-500x252.jpg 500w, https:\/\/hotmelts.eu\/wp-content\/uploads\/2021\/09\/toll-manufacturing-hot-melt-waterbased-polymer-800x403.jpg 800w, https:\/\/hotmelts.eu\/wp-content\/uploads\/2021\/09\/toll-manufacturing-hot-melt-waterbased-polymer.jpg 1174w\" sizes=\"auto, (max-width: 1024px) 100vw, 1024px\" \/><figcaption>V\u00fdroba m\u00fdtn\u00e9ho <\/figcaption><\/figure>\n\n\n\n<h2 class=\"wp-block-heading\">AGRO, Etiketov\u00e1n\u00ed, balen\u00ed, zpracov\u00e1n\u00ed d\u0159eva a mont\u00e1\u017e v\u00fdrobk\u016f <\/h2>\n\n\n\n<p>Jedn\u00edm z nejpopul\u00e1rn\u011bj\u0161\u00edch lepidel pro v\u00fdrobu m\u00fdtn\u00e9ho jsou v\u00fdrobky na vodn\u00ed b\u00e1zi jako PVOH, PVAC a EVOH. Na\u0161e slu\u017eby pokr\u00fdvaj\u00ed cel\u00fd sortiment lepidel vyr\u00e1b\u011bn\u00fdch pro \u0161irokou \u0161k\u00e1lu pr\u016fmyslov\u00fdch odv\u011btv\u00ed, jako je AGRO, etiketov\u00e1n\u00ed, balen\u00ed, zpracov\u00e1n\u00ed d\u0159eva a mont\u00e1\u017e v\u00fdrobk\u016f.<\/p>\n\n\n\n<h2 class=\"wp-block-heading\">Kontaktujte n\u00e1s!<\/h2>\n\n\n\n<p>Spole\u010dnost Intercol bude dod\u00e1vat sv\u00e9 v\u00fdrobky se zaji\u0161t\u011bn\u00edm kvality v\u010das spolu s dokumenty a kontrolou kvality.  <\/p>\n\n\n\n<p><\/p>\n\n\n\n<p><\/p>","protected":false},"excerpt":{"rendered":"<p>Through growth, innovation, product development, egineering and investing in manufacturing capacity, we can offer unique possibilities [&hellip;]<\/p>","protected":false},"author":1,"featured_media":0,"parent":0,"menu_order":0,"comment_status":"closed","ping_status":"closed","template":"","meta":{"footnotes":""},"class_list":["post-123","page","type-page","status-publish","hentry"],"yoast_head":"<!-- This site is optimized with the Yoast SEO plugin v24.9 - https:\/\/yoast.com\/wordpress\/plugins\/seo\/ -->\n<title>Toll manufacturing - Hotmelt adhesives<\/title>\n<meta name=\"robots\" content=\"index, follow, max-snippet:-1, max-image-preview:large, max-video-preview:-1\" \/>\n<link rel=\"canonical\" href=\"https:\/\/hotmelts.eu\/cs\/toll-manufacturing\/\" \/>\n<meta property=\"og:locale\" content=\"cs_CZ\" \/>\n<meta property=\"og:type\" content=\"article\" \/>\n<meta property=\"og:title\" content=\"Toll manufacturing - Hotmelt adhesives\" \/>\n<meta property=\"og:description\" content=\"Through growth, innovation, product development, egineering and investing in manufacturing capacity, we can offer unique possibilities [&hellip;]\" \/>\n<meta property=\"og:url\" content=\"https:\/\/hotmelts.eu\/cs\/toll-manufacturing\/\" \/>\n<meta property=\"og:site_name\" content=\"Hotmelt adhesives\" \/>\n<meta property=\"article:modified_time\" content=\"2021-09-20T10:05:02+00:00\" \/>\n<meta property=\"og:image\" content=\"https:\/\/hotmelts.eu\/wp-content\/uploads\/2021\/09\/toll-manufacturing-hot-melt-waterbased-polymer-1024x515.jpg\" \/>\n<meta name=\"twitter:card\" content=\"summary_large_image\" \/>\n<meta name=\"twitter:label1\" content=\"Odhadovan\u00e1 doba \u010dten\u00ed\" \/>\n\t<meta name=\"twitter:data1\" content=\"2 minuty\" \/>\n<script type=\"application\/ld+json\" class=\"yoast-schema-graph\">{\"@context\":\"https:\/\/schema.org\",\"@graph\":[{\"@type\":\"WebPage\",\"@id\":\"https:\/\/hotmelts.eu\/da\/toll-manufacturing\/\",\"url\":\"https:\/\/hotmelts.eu\/da\/toll-manufacturing\/\",\"name\":\"Toll manufacturing - Hotmelt adhesives\",\"isPartOf\":{\"@id\":\"https:\/\/hotmelts.eu\/nn\/#website\"},\"primaryImageOfPage\":{\"@id\":\"https:\/\/hotmelts.eu\/da\/toll-manufacturing\/#primaryimage\"},\"image\":{\"@id\":\"https:\/\/hotmelts.eu\/da\/toll-manufacturing\/#primaryimage\"},\"thumbnailUrl\":\"https:\/\/hotmelts.eu\/wp-content\/uploads\/2021\/09\/toll-manufacturing-hot-melt-waterbased-polymer-1024x515.jpg\",\"datePublished\":\"2021-09-20T10:05:00+00:00\",\"dateModified\":\"2021-09-20T10:05:02+00:00\",\"breadcrumb\":{\"@id\":\"https:\/\/hotmelts.eu\/da\/toll-manufacturing\/#breadcrumb\"},\"inLanguage\":\"cs\",\"potentialAction\":[{\"@type\":\"ReadAction\",\"target\":[\"https:\/\/hotmelts.eu\/da\/toll-manufacturing\/\"]}]},{\"@type\":\"ImageObject\",\"inLanguage\":\"cs\",\"@id\":\"https:\/\/hotmelts.eu\/da\/toll-manufacturing\/#primaryimage\",\"url\":\"https:\/\/hotmelts.eu\/wp-content\/uploads\/2021\/09\/toll-manufacturing-hot-melt-waterbased-polymer-1024x515.jpg\",\"contentUrl\":\"https:\/\/hotmelts.eu\/wp-content\/uploads\/2021\/09\/toll-manufacturing-hot-melt-waterbased-polymer-1024x515.jpg\"},{\"@type\":\"BreadcrumbList\",\"@id\":\"https:\/\/hotmelts.eu\/da\/toll-manufacturing\/#breadcrumb\",\"itemListElement\":[{\"@type\":\"ListItem\",\"position\":1,\"name\":\"Home\",\"item\":\"https:\/\/hotmelts.eu\/nn\/\"},{\"@type\":\"ListItem\",\"position\":2,\"name\":\"Toll manufacturing\"}]},{\"@type\":\"WebSite\",\"@id\":\"https:\/\/hotmelts.eu\/nn\/#website\",\"url\":\"https:\/\/hotmelts.eu\/nn\/\",\"name\":\"Hotmelts, Adhesives & Glues\",\"description\":\"Packaging, EVA, PO, PUR and PSA manufacturing\",\"publisher\":{\"@id\":\"https:\/\/hotmelts.eu\/nn\/#organization\"},\"potentialAction\":[{\"@type\":\"SearchAction\",\"target\":{\"@type\":\"EntryPoint\",\"urlTemplate\":\"https:\/\/hotmelts.eu\/nn\/?s={search_term_string}\"},\"query-input\":{\"@type\":\"PropertyValueSpecification\",\"valueRequired\":true,\"valueName\":\"search_term_string\"}}],\"inLanguage\":\"cs\"},{\"@type\":\"Organization\",\"@id\":\"https:\/\/hotmelts.eu\/nn\/#organization\",\"name\":\"Hot melt, Adhesives & Glues\",\"url\":\"https:\/\/hotmelts.eu\/nn\/\",\"logo\":{\"@type\":\"ImageObject\",\"inLanguage\":\"cs\",\"@id\":\"https:\/\/hotmelts.eu\/nn\/#\/schema\/logo\/image\/\",\"url\":\"https:\/\/hotmelts.eu\/wp-content\/uploads\/2021\/08\/cropped-logo-intercol-blank-TRANSP22-white.png\",\"contentUrl\":\"https:\/\/hotmelts.eu\/wp-content\/uploads\/2021\/08\/cropped-logo-intercol-blank-TRANSP22-white.png\",\"width\":200,\"height\":100,\"caption\":\"Hot melt, Adhesives & Glues\"},\"image\":{\"@id\":\"https:\/\/hotmelts.eu\/nn\/#\/schema\/logo\/image\/\"}}]}<\/script>\n<!-- \/ Yoast SEO plugin. -->","yoast_head_json":{"title":"V\u00fdroba m\u00fdtn\u00e9ho - tavn\u00e1 lepidla","robots":{"index":"index","follow":"follow","max-snippet":"max-snippet:-1","max-image-preview":"max-image-preview:large","max-video-preview":"max-video-preview:-1"},"canonical":"https:\/\/hotmelts.eu\/cs\/toll-manufacturing\/","og_locale":"cs_CZ","og_type":"article","og_title":"Toll manufacturing - Hotmelt adhesives","og_description":"Through growth, innovation, product development, egineering and investing in manufacturing capacity, we can offer unique possibilities [&hellip;]","og_url":"https:\/\/hotmelts.eu\/cs\/toll-manufacturing\/","og_site_name":"Hotmelt adhesives","article_modified_time":"2021-09-20T10:05:02+00:00","og_image":[{"url":"https:\/\/hotmelts.eu\/wp-content\/uploads\/2021\/09\/toll-manufacturing-hot-melt-waterbased-polymer-1024x515.jpg","type":"","width":"","height":""}],"twitter_card":"summary_large_image","twitter_misc":{"Odhadovan\u00e1 doba \u010dten\u00ed":"2 minuty"},"schema":{"@context":"https:\/\/schema.org","@graph":[{"@type":"WebPage","@id":"https:\/\/hotmelts.eu\/da\/toll-manufacturing\/","url":"https:\/\/hotmelts.eu\/da\/toll-manufacturing\/","name":"V\u00fdroba m\u00fdtn\u00e9ho - tavn\u00e1 lepidla","isPartOf":{"@id":"https:\/\/hotmelts.eu\/nn\/#website"},"primaryImageOfPage":{"@id":"https:\/\/hotmelts.eu\/da\/toll-manufacturing\/#primaryimage"},"image":{"@id":"https:\/\/hotmelts.eu\/da\/toll-manufacturing\/#primaryimage"},"thumbnailUrl":"https:\/\/hotmelts.eu\/wp-content\/uploads\/2021\/09\/toll-manufacturing-hot-melt-waterbased-polymer-1024x515.jpg","datePublished":"2021-09-20T10:05:00+00:00","dateModified":"2021-09-20T10:05:02+00:00","breadcrumb":{"@id":"https:\/\/hotmelts.eu\/da\/toll-manufacturing\/#breadcrumb"},"inLanguage":"cs","potentialAction":[{"@type":"ReadAction","target":["https:\/\/hotmelts.eu\/da\/toll-manufacturing\/"]}]},{"@type":"ImageObject","inLanguage":"cs","@id":"https:\/\/hotmelts.eu\/da\/toll-manufacturing\/#primaryimage","url":"https:\/\/hotmelts.eu\/wp-content\/uploads\/2021\/09\/toll-manufacturing-hot-melt-waterbased-polymer-1024x515.jpg","contentUrl":"https:\/\/hotmelts.eu\/wp-content\/uploads\/2021\/09\/toll-manufacturing-hot-melt-waterbased-polymer-1024x515.jpg"},{"@type":"BreadcrumbList","@id":"https:\/\/hotmelts.eu\/da\/toll-manufacturing\/#breadcrumb","itemListElement":[{"@type":"ListItem","position":1,"name":"Home","item":"https:\/\/hotmelts.eu\/nn\/"},{"@type":"ListItem","position":2,"name":"Toll manufacturing"}]},{"@type":"WebSite","@id":"https:\/\/hotmelts.eu\/nn\/#website","url":"https:\/\/hotmelts.eu\/nn\/","name":"Hotmelts, Adhesives & Glues","description":"Balen\u00ed, v\u00fdroba EVA, PO, PUR a PSA","publisher":{"@id":"https:\/\/hotmelts.eu\/nn\/#organization"},"potentialAction":[{"@type":"SearchAction","target":{"@type":"EntryPoint","urlTemplate":"https:\/\/hotmelts.eu\/nn\/?s={search_term_string}"},"query-input":{"@type":"PropertyValueSpecification","valueRequired":true,"valueName":"search_term_string"}}],"inLanguage":"cs"},{"@type":"Organization","@id":"https:\/\/hotmelts.eu\/nn\/#organization","name":"Hot melt, Adhesives & Glues","url":"https:\/\/hotmelts.eu\/nn\/","logo":{"@type":"ImageObject","inLanguage":"cs","@id":"https:\/\/hotmelts.eu\/nn\/#\/schema\/logo\/image\/","url":"https:\/\/hotmelts.eu\/wp-content\/uploads\/2021\/08\/cropped-logo-intercol-blank-TRANSP22-white.png","contentUrl":"https:\/\/hotmelts.eu\/wp-content\/uploads\/2021\/08\/cropped-logo-intercol-blank-TRANSP22-white.png","width":200,"height":100,"caption":"Hot melt, Adhesives & Glues"},"image":{"@id":"https:\/\/hotmelts.eu\/nn\/#\/schema\/logo\/image\/"}}]}},"_links":{"self":[{"href":"https:\/\/hotmelts.eu\/cs\/wp-json\/wp\/v2\/pages\/123","targetHints":{"allow":["GET"]}}],"collection":[{"href":"https:\/\/hotmelts.eu\/cs\/wp-json\/wp\/v2\/pages"}],"about":[{"href":"https:\/\/hotmelts.eu\/cs\/wp-json\/wp\/v2\/types\/page"}],"author":[{"embeddable":true,"href":"https:\/\/hotmelts.eu\/cs\/wp-json\/wp\/v2\/users\/1"}],"replies":[{"embeddable":true,"href":"https:\/\/hotmelts.eu\/cs\/wp-json\/wp\/v2\/comments?post=123"}],"version-history":[{"count":1,"href":"https:\/\/hotmelts.eu\/cs\/wp-json\/wp\/v2\/pages\/123\/revisions"}],"predecessor-version":[{"id":126,"href":"https:\/\/hotmelts.eu\/cs\/wp-json\/wp\/v2\/pages\/123\/revisions\/126"}],"wp:attachment":[{"href":"https:\/\/hotmelts.eu\/cs\/wp-json\/wp\/v2\/media?parent=123"}],"curies":[{"name":"wp","href":"https:\/\/api.w.org\/{rel}","templated":true}]}}