{"id":12,"date":"2020-05-27T23:37:24","date_gmt":"2020-05-27T23:37:24","guid":{"rendered":"https:\/\/hotmelts.eu\/?page_id=12"},"modified":"2020-05-27T23:37:24","modified_gmt":"2020-05-27T23:37:24","slug":"eva","status":"publish","type":"page","link":"https:\/\/hotmelts.eu\/cs\/eva\/","title":{"rendered":"EVA"},"content":{"rendered":"<p>Tavn\u00e1 lepidla na b\u00e1zi ethylenvinylacet\u00e1tu (EVA) se d\u00edky atraktivn\u00edmu pom\u011bru cena \/ v\u00fdkon pou\u017e\u00edvaj\u00ed pro \u0161irokou \u0161k\u00e1lu standardn\u00edch aplikac\u00ed. Vyzna\u010duj\u00ed se zejm\u00e9na kr\u00e1tkou dobou otev\u00edr\u00e1n\u00ed a tuhnut\u00ed. Tento typ tavn\u00e9ho lepidla se \u010dasto pou\u017e\u00edv\u00e1 ve form\u011b sv\u00ed\u010dek pomoc\u00ed pistol\u00ed na hork\u00e9 lepidlo a pou\u017e\u00edv\u00e1 se nap\u0159\u00edklad pro lepen\u00ed sestav. Tavn\u00e1 lepidla na b\u00e1zi EVA jsou rovn\u011b\u017e nepostradateln\u00e1 pro obalov\u00fd pr\u016fmysl a lze je zpracovat ve form\u011b granul\u00ed i ve velk\u00fdch bal\u00edrn\u00e1ch<\/p>","protected":false},"excerpt":{"rendered":"<p>Hotmelt adhesives based on ethylene vinyl acetate (EVA) are used for a wide range of standard [&hellip;]<\/p>","protected":false},"author":1,"featured_media":0,"parent":0,"menu_order":0,"comment_status":"closed","ping_status":"closed","template":"","meta":{"footnotes":""},"class_list":["post-12","page","type-page","status-publish","hentry"],"yoast_head":"<!-- This site is optimized with the Yoast SEO plugin v24.9 - https:\/\/yoast.com\/wordpress\/plugins\/seo\/ -->\n<title>EVA - Hotmelt adhesives<\/title>\n<meta name=\"robots\" content=\"index, follow, max-snippet:-1, max-image-preview:large, max-video-preview:-1\" \/>\n<link rel=\"canonical\" href=\"https:\/\/hotmelts.eu\/cs\/eva\/\" \/>\n<meta property=\"og:locale\" content=\"cs_CZ\" \/>\n<meta property=\"og:type\" content=\"article\" \/>\n<meta property=\"og:title\" content=\"EVA - Hotmelt adhesives\" \/>\n<meta property=\"og:description\" content=\"Hotmelt adhesives based on ethylene vinyl acetate (EVA) are used for a wide range of standard [&hellip;]\" \/>\n<meta property=\"og:url\" content=\"https:\/\/hotmelts.eu\/cs\/eva\/\" \/>\n<meta property=\"og:site_name\" content=\"Hotmelt adhesives\" \/>\n<meta name=\"twitter:card\" content=\"summary_large_image\" \/>\n<script type=\"application\/ld+json\" class=\"yoast-schema-graph\">{\"@context\":\"https:\/\/schema.org\",\"@graph\":[{\"@type\":\"WebPage\",\"@id\":\"https:\/\/hotmelts.eu\/da\/eva\/\",\"url\":\"https:\/\/hotmelts.eu\/da\/eva\/\",\"name\":\"EVA - Hotmelt adhesives\",\"isPartOf\":{\"@id\":\"https:\/\/hotmelts.eu\/nn\/#website\"},\"datePublished\":\"2020-05-27T23:37:24+00:00\",\"breadcrumb\":{\"@id\":\"https:\/\/hotmelts.eu\/da\/eva\/#breadcrumb\"},\"inLanguage\":\"cs\",\"potentialAction\":[{\"@type\":\"ReadAction\",\"target\":[\"https:\/\/hotmelts.eu\/da\/eva\/\"]}]},{\"@type\":\"BreadcrumbList\",\"@id\":\"https:\/\/hotmelts.eu\/da\/eva\/#breadcrumb\",\"itemListElement\":[{\"@type\":\"ListItem\",\"position\":1,\"name\":\"Home\",\"item\":\"https:\/\/hotmelts.eu\/nn\/\"},{\"@type\":\"ListItem\",\"position\":2,\"name\":\"EVA\"}]},{\"@type\":\"WebSite\",\"@id\":\"https:\/\/hotmelts.eu\/nn\/#website\",\"url\":\"https:\/\/hotmelts.eu\/nn\/\",\"name\":\"Hotmelts, Adhesives & Glues\",\"description\":\"Packaging, EVA, PO, PUR and PSA manufacturing\",\"publisher\":{\"@id\":\"https:\/\/hotmelts.eu\/nn\/#organization\"},\"potentialAction\":[{\"@type\":\"SearchAction\",\"target\":{\"@type\":\"EntryPoint\",\"urlTemplate\":\"https:\/\/hotmelts.eu\/nn\/?s={search_term_string}\"},\"query-input\":{\"@type\":\"PropertyValueSpecification\",\"valueRequired\":true,\"valueName\":\"search_term_string\"}}],\"inLanguage\":\"cs\"},{\"@type\":\"Organization\",\"@id\":\"https:\/\/hotmelts.eu\/nn\/#organization\",\"name\":\"Hot melt, Adhesives & Glues\",\"url\":\"https:\/\/hotmelts.eu\/nn\/\",\"logo\":{\"@type\":\"ImageObject\",\"inLanguage\":\"cs\",\"@id\":\"https:\/\/hotmelts.eu\/nn\/#\/schema\/logo\/image\/\",\"url\":\"https:\/\/hotmelts.eu\/wp-content\/uploads\/2021\/08\/cropped-logo-intercol-blank-TRANSP22-white.png\",\"contentUrl\":\"https:\/\/hotmelts.eu\/wp-content\/uploads\/2021\/08\/cropped-logo-intercol-blank-TRANSP22-white.png\",\"width\":200,\"height\":100,\"caption\":\"Hot melt, Adhesives & Glues\"},\"image\":{\"@id\":\"https:\/\/hotmelts.eu\/nn\/#\/schema\/logo\/image\/\"}}]}<\/script>\n<!-- \/ Yoast SEO plugin. -->","yoast_head_json":{"title":"EVA - tavn\u00e1 lepidla","robots":{"index":"index","follow":"follow","max-snippet":"max-snippet:-1","max-image-preview":"max-image-preview:large","max-video-preview":"max-video-preview:-1"},"canonical":"https:\/\/hotmelts.eu\/cs\/eva\/","og_locale":"cs_CZ","og_type":"article","og_title":"EVA - Hotmelt adhesives","og_description":"Hotmelt adhesives based on ethylene vinyl acetate (EVA) are used for a wide range of standard [&hellip;]","og_url":"https:\/\/hotmelts.eu\/cs\/eva\/","og_site_name":"Hotmelt adhesives","twitter_card":"summary_large_image","schema":{"@context":"https:\/\/schema.org","@graph":[{"@type":"WebPage","@id":"https:\/\/hotmelts.eu\/da\/eva\/","url":"https:\/\/hotmelts.eu\/da\/eva\/","name":"EVA - tavn\u00e1 lepidla","isPartOf":{"@id":"https:\/\/hotmelts.eu\/nn\/#website"},"datePublished":"2020-05-27T23:37:24+00:00","breadcrumb":{"@id":"https:\/\/hotmelts.eu\/da\/eva\/#breadcrumb"},"inLanguage":"cs","potentialAction":[{"@type":"ReadAction","target":["https:\/\/hotmelts.eu\/da\/eva\/"]}]},{"@type":"BreadcrumbList","@id":"https:\/\/hotmelts.eu\/da\/eva\/#breadcrumb","itemListElement":[{"@type":"ListItem","position":1,"name":"Home","item":"https:\/\/hotmelts.eu\/nn\/"},{"@type":"ListItem","position":2,"name":"EVA"}]},{"@type":"WebSite","@id":"https:\/\/hotmelts.eu\/nn\/#website","url":"https:\/\/hotmelts.eu\/nn\/","name":"Hotmelts, Adhesives & Glues","description":"Balen\u00ed, v\u00fdroba EVA, PO, PUR a PSA","publisher":{"@id":"https:\/\/hotmelts.eu\/nn\/#organization"},"potentialAction":[{"@type":"SearchAction","target":{"@type":"EntryPoint","urlTemplate":"https:\/\/hotmelts.eu\/nn\/?s={search_term_string}"},"query-input":{"@type":"PropertyValueSpecification","valueRequired":true,"valueName":"search_term_string"}}],"inLanguage":"cs"},{"@type":"Organization","@id":"https:\/\/hotmelts.eu\/nn\/#organization","name":"Hot melt, Adhesives & Glues","url":"https:\/\/hotmelts.eu\/nn\/","logo":{"@type":"ImageObject","inLanguage":"cs","@id":"https:\/\/hotmelts.eu\/nn\/#\/schema\/logo\/image\/","url":"https:\/\/hotmelts.eu\/wp-content\/uploads\/2021\/08\/cropped-logo-intercol-blank-TRANSP22-white.png","contentUrl":"https:\/\/hotmelts.eu\/wp-content\/uploads\/2021\/08\/cropped-logo-intercol-blank-TRANSP22-white.png","width":200,"height":100,"caption":"Hot melt, Adhesives & Glues"},"image":{"@id":"https:\/\/hotmelts.eu\/nn\/#\/schema\/logo\/image\/"}}]}},"_links":{"self":[{"href":"https:\/\/hotmelts.eu\/cs\/wp-json\/wp\/v2\/pages\/12","targetHints":{"allow":["GET"]}}],"collection":[{"href":"https:\/\/hotmelts.eu\/cs\/wp-json\/wp\/v2\/pages"}],"about":[{"href":"https:\/\/hotmelts.eu\/cs\/wp-json\/wp\/v2\/types\/page"}],"author":[{"embeddable":true,"href":"https:\/\/hotmelts.eu\/cs\/wp-json\/wp\/v2\/users\/1"}],"replies":[{"embeddable":true,"href":"https:\/\/hotmelts.eu\/cs\/wp-json\/wp\/v2\/comments?post=12"}],"version-history":[{"count":1,"href":"https:\/\/hotmelts.eu\/cs\/wp-json\/wp\/v2\/pages\/12\/revisions"}],"predecessor-version":[{"id":14,"href":"https:\/\/hotmelts.eu\/cs\/wp-json\/wp\/v2\/pages\/12\/revisions\/14"}],"wp:attachment":[{"href":"https:\/\/hotmelts.eu\/cs\/wp-json\/wp\/v2\/media?parent=12"}],"curies":[{"name":"wp","href":"https:\/\/api.w.org\/{rel}","templated":true}]}}