{"id":114,"date":"2021-08-23T15:29:30","date_gmt":"2021-08-23T15:29:30","guid":{"rendered":"https:\/\/hotmelts.eu\/?page_id=114"},"modified":"2021-09-08T06:35:34","modified_gmt":"2021-09-08T06:35:34","slug":"parcel-box-manufacturing","status":"publish","type":"page","link":"https:\/\/hotmelts.eu\/cs\/parcel-box-manufacturing\/","title":{"rendered":"V\u00fdroba bal\u00edkov\u00fdch krabic"},"content":{"rendered":"<p>Pro v\u00fdrobu bal\u00edkov\u00fdch krabic je ur\u010dena inline skl\u00e1dac\u00ed a PSA aplikace pro v\u00fdrobu hotov\u00fdch vlnit\u00fdch krabic.<\/p>\n\n\n\n<figure class=\"wp-block-embed is-type-video is-provider-youtube wp-block-embed-youtube wp-embed-aspect-16-9 wp-has-aspect-ratio\"><div class=\"wp-block-embed__wrapper\">\n<iframe loading=\"lazy\" title=\"Lepic\u00ed stroj na skl\u00e1dac\u00ed a skl\u00e1dac\u00ed bal\u00ed\u010dky se samolep\u00edc\u00edm aplik\u00e1torem p\u00e1s\u016f za tepla\" width=\"680\" height=\"383\" src=\"https:\/\/www.youtube.com\/embed\/hV6UttyMSug?feature=oembed\" frameborder=\"0\" allow=\"accelerometer; autoplay; clipboard-write; encrypted-media; gyroscope; picture-in-picture\" allowfullscreen><\/iframe>\n<\/div><figcaption>V\u00fdroba bal\u00edkov\u00fdch krabic<\/figcaption><\/figure>\n\n\n\n<h2 class=\"wp-block-heading\">E-commerce balen\u00ed PSA uzav\u00edrac\u00ed li\u0161ta<\/h2>\n\n\n\n<p>Rozsah balen\u00ed lepidel Intercol je standardn\u011b k dispozici v na\u0161em skladu v Ede. Formulovali jsme vysoce v\u00fdkonn\u00e1 lepidla pro mnoho aplikac\u00ed v obalov\u00fdch odv\u011btv\u00edch, jako jsou zem\u011bd\u011blsk\u00e9 boxy, \u0161\u00e1lky na k\u00e1vu, aseptick\u00e9 obaly, t\u011bsn\u011bn\u00ed a uzav\u00edr\u00e1n\u00ed a uzav\u00edr\u00e1n\u00ed krabic a karton\u016f a lepidla pro bal\u00edkov\u00e9 boxy pro elektronick\u00fd obchod. <\/p>\n\n\n\n<h2 class=\"wp-block-heading\">T\u011bsn\u011bn\u00ed krabice<\/h2>\n\n\n\n<p>Zav\u00edr\u00e1n\u00ed a uzav\u00edr\u00e1n\u00ed balic\u00edch aplikac\u00ed pro elektronick\u00fd obchod je v dne\u0161n\u00ed dob\u011b velmi \u017e\u00e1dan\u00e9. Online nakupov\u00e1n\u00ed up\u0159ednost\u0148uje rostouc\u00ed skupina spot\u0159ebitel\u016f. V d\u016fsledku toho mus\u00ed b\u00fdt dod\u00e1no v\u00edce obal\u016f. Aby byly tyto n\u00e1kupy v bezpe\u010d\u00ed a jejich obaly zaji\u0161t\u011bny b\u011bhem p\u0159epravy ze skladu dom\u016f, po\u017eaduj\u00ed v\u00fdrobci \u00fa\u010dinn\u00e1 a d\u016fv\u011bryhodn\u00e1 tavn\u00e1 lepidla PSA.<\/p>\n\n\n\n<figure class=\"wp-block-image size-full\"><img loading=\"lazy\" decoding=\"async\" width=\"735\" height=\"874\" src=\"https:\/\/hotmelts.eu\/wp-content\/uploads\/2021\/08\/parcel-box-adhesive-psa-hot-melt.jpg\" alt=\"\" class=\"wp-image-115\" srcset=\"https:\/\/hotmelts.eu\/wp-content\/uploads\/2021\/08\/parcel-box-adhesive-psa-hot-melt.jpg 735w, https:\/\/hotmelts.eu\/wp-content\/uploads\/2021\/08\/parcel-box-adhesive-psa-hot-melt-252x300.jpg 252w, https:\/\/hotmelts.eu\/wp-content\/uploads\/2021\/08\/parcel-box-adhesive-psa-hot-melt-10x12.jpg 10w, https:\/\/hotmelts.eu\/wp-content\/uploads\/2021\/08\/parcel-box-adhesive-psa-hot-melt-500x595.jpg 500w\" sizes=\"auto, (max-width: 735px) 100vw, 735px\" \/><\/figure>\n\n\n\n<h2 class=\"wp-block-heading\">PSA hot melt<\/h2>\n\n\n\n<p>Na\u0161e \u0159ada tavn\u00fdch PSA je ide\u00e1ln\u00ed pro lepen\u00ed obal\u016f elektronick\u00e9ho obchodov\u00e1n\u00ed. Lepidla jsou vhodn\u00e1 pro p\u00e1sky, etikety, uz\u00e1v\u011bry a samolepic\u00ed n\u00e1t\u011bry, p\u0159i\u010dem\u017e jsou k dispozici trval\u00e9 i odn\u00edmateln\u00e9 mo\u017enosti. Tavn\u00e1 lepidla Pressen jsou \u0161it\u00e1 na m\u00edru a specifick\u00e1 pro konkr\u00e9tn\u00ed pou\u017eit\u00ed, aby poskytovala vysokou pevnost v tahu, v\u00fdjime\u010dn\u00e9 \u00farovn\u011b lepivosti a vysokou a n\u00edzkou adhezi p\u0159i odlupov\u00e1n\u00ed a sou\u010dasn\u011b zvl\u00e1dala \u0161irok\u00fd rozsah teplot.<\/p>\n\n\n\n<h2 class=\"wp-block-heading\">Vysok\u00e1 pevnost v odlupov\u00e1n\u00ed a p\u0159ilnavosti<\/h2>\n\n\n\n<p>EHM 9724 je vhodn\u00fd pro tuh\u00e1 i flexibiln\u00ed balen\u00ed a je na\u0161\u00ed horkou taveninou PSA s vysokou p\u0159ilnavost\u00ed a vysokou pevnost\u00ed v odlupov\u00e1n\u00ed. T\u0159\u00edda byla vyvinuta pro p\u00e1sky a aplikace, jako je samolepic\u00ed uzav\u00edrac\u00ed li\u0161ta na kartonov\u00fdch multimedi\u00e1ln\u00edch obalech. EHM 9724 je ide\u00e1ln\u00ed pro online balic\u00ed aplikace a nab\u00edz\u00ed odolnost v\u016f\u010di vysok\u00fdm teplot\u00e1m a silnou adhezi k r\u016fzn\u00fdm karton\u016fm, jako je kraftliner a testliner.<\/p>\n\n\n\n<p><\/p>\n\n\n\n<p><\/p>","protected":false},"excerpt":{"rendered":"<p>For the manufacturing of parcel boxes, an inline folding and PSA coating application are made for [&hellip;]<\/p>","protected":false},"author":1,"featured_media":0,"parent":0,"menu_order":0,"comment_status":"closed","ping_status":"closed","template":"template-full-width.php","meta":{"footnotes":""},"class_list":["post-114","page","type-page","status-publish","hentry"],"yoast_head":"<!-- This site is optimized with the Yoast SEO plugin v24.9 - https:\/\/yoast.com\/wordpress\/plugins\/seo\/ -->\n<title>Parcel box manufacturing - Hotmelt adhesives<\/title>\n<meta name=\"robots\" content=\"index, follow, max-snippet:-1, max-image-preview:large, max-video-preview:-1\" \/>\n<link rel=\"canonical\" href=\"https:\/\/hotmelts.eu\/cs\/parcel-box-manufacturing\/\" \/>\n<meta property=\"og:locale\" content=\"cs_CZ\" \/>\n<meta property=\"og:type\" content=\"article\" \/>\n<meta property=\"og:title\" content=\"Parcel box manufacturing - Hotmelt adhesives\" \/>\n<meta property=\"og:description\" content=\"For the manufacturing of parcel boxes, an inline folding and PSA coating application are made for [&hellip;]\" \/>\n<meta property=\"og:url\" content=\"https:\/\/hotmelts.eu\/cs\/parcel-box-manufacturing\/\" \/>\n<meta property=\"og:site_name\" content=\"Hotmelt adhesives\" \/>\n<meta property=\"article:modified_time\" content=\"2021-09-08T06:35:34+00:00\" \/>\n<meta property=\"og:image\" content=\"https:\/\/hotmelts.eu\/wp-content\/uploads\/2021\/08\/parcel-box-adhesive-psa-hot-melt.jpg\" \/>\n<meta name=\"twitter:card\" content=\"summary_large_image\" \/>\n<meta name=\"twitter:label1\" content=\"Odhadovan\u00e1 doba \u010dten\u00ed\" \/>\n\t<meta name=\"twitter:data1\" content=\"2 minuty\" \/>\n<script type=\"application\/ld+json\" class=\"yoast-schema-graph\">{\"@context\":\"https:\/\/schema.org\",\"@graph\":[{\"@type\":\"WebPage\",\"@id\":\"https:\/\/hotmelts.eu\/hu\/parcel-box-manufacturing\/\",\"url\":\"https:\/\/hotmelts.eu\/hu\/parcel-box-manufacturing\/\",\"name\":\"Parcel box manufacturing - Hotmelt adhesives\",\"isPartOf\":{\"@id\":\"https:\/\/hotmelts.eu\/nn\/#website\"},\"primaryImageOfPage\":{\"@id\":\"https:\/\/hotmelts.eu\/hu\/parcel-box-manufacturing\/#primaryimage\"},\"image\":{\"@id\":\"https:\/\/hotmelts.eu\/hu\/parcel-box-manufacturing\/#primaryimage\"},\"thumbnailUrl\":\"https:\/\/hotmelts.eu\/wp-content\/uploads\/2021\/08\/parcel-box-adhesive-psa-hot-melt.jpg\",\"datePublished\":\"2021-08-23T15:29:30+00:00\",\"dateModified\":\"2021-09-08T06:35:34+00:00\",\"breadcrumb\":{\"@id\":\"https:\/\/hotmelts.eu\/hu\/parcel-box-manufacturing\/#breadcrumb\"},\"inLanguage\":\"cs\",\"potentialAction\":[{\"@type\":\"ReadAction\",\"target\":[\"https:\/\/hotmelts.eu\/hu\/parcel-box-manufacturing\/\"]}]},{\"@type\":\"ImageObject\",\"inLanguage\":\"cs\",\"@id\":\"https:\/\/hotmelts.eu\/hu\/parcel-box-manufacturing\/#primaryimage\",\"url\":\"https:\/\/hotmelts.eu\/wp-content\/uploads\/2021\/08\/parcel-box-adhesive-psa-hot-melt.jpg\",\"contentUrl\":\"https:\/\/hotmelts.eu\/wp-content\/uploads\/2021\/08\/parcel-box-adhesive-psa-hot-melt.jpg\"},{\"@type\":\"BreadcrumbList\",\"@id\":\"https:\/\/hotmelts.eu\/hu\/parcel-box-manufacturing\/#breadcrumb\",\"itemListElement\":[{\"@type\":\"ListItem\",\"position\":1,\"name\":\"Home\",\"item\":\"https:\/\/hotmelts.eu\/nn\/\"},{\"@type\":\"ListItem\",\"position\":2,\"name\":\"Parcel box manufacturing\"}]},{\"@type\":\"WebSite\",\"@id\":\"https:\/\/hotmelts.eu\/nn\/#website\",\"url\":\"https:\/\/hotmelts.eu\/nn\/\",\"name\":\"Hotmelts, Adhesives & Glues\",\"description\":\"Packaging, EVA, PO, PUR and PSA manufacturing\",\"publisher\":{\"@id\":\"https:\/\/hotmelts.eu\/nn\/#organization\"},\"potentialAction\":[{\"@type\":\"SearchAction\",\"target\":{\"@type\":\"EntryPoint\",\"urlTemplate\":\"https:\/\/hotmelts.eu\/nn\/?s={search_term_string}\"},\"query-input\":{\"@type\":\"PropertyValueSpecification\",\"valueRequired\":true,\"valueName\":\"search_term_string\"}}],\"inLanguage\":\"cs\"},{\"@type\":\"Organization\",\"@id\":\"https:\/\/hotmelts.eu\/nn\/#organization\",\"name\":\"Hot melt, Adhesives & Glues\",\"url\":\"https:\/\/hotmelts.eu\/nn\/\",\"logo\":{\"@type\":\"ImageObject\",\"inLanguage\":\"cs\",\"@id\":\"https:\/\/hotmelts.eu\/nn\/#\/schema\/logo\/image\/\",\"url\":\"https:\/\/hotmelts.eu\/wp-content\/uploads\/2021\/08\/cropped-logo-intercol-blank-TRANSP22-white.png\",\"contentUrl\":\"https:\/\/hotmelts.eu\/wp-content\/uploads\/2021\/08\/cropped-logo-intercol-blank-TRANSP22-white.png\",\"width\":200,\"height\":100,\"caption\":\"Hot melt, Adhesives & Glues\"},\"image\":{\"@id\":\"https:\/\/hotmelts.eu\/nn\/#\/schema\/logo\/image\/\"}}]}<\/script>\n<!-- \/ Yoast SEO plugin. -->","yoast_head_json":{"title":"V\u00fdroba bal\u00edkov\u00fdch krabic - tavn\u00e1 lepidla","robots":{"index":"index","follow":"follow","max-snippet":"max-snippet:-1","max-image-preview":"max-image-preview:large","max-video-preview":"max-video-preview:-1"},"canonical":"https:\/\/hotmelts.eu\/cs\/parcel-box-manufacturing\/","og_locale":"cs_CZ","og_type":"article","og_title":"Parcel box manufacturing - Hotmelt adhesives","og_description":"For the manufacturing of parcel boxes, an inline folding and PSA coating application are made for [&hellip;]","og_url":"https:\/\/hotmelts.eu\/cs\/parcel-box-manufacturing\/","og_site_name":"Hotmelt adhesives","article_modified_time":"2021-09-08T06:35:34+00:00","og_image":[{"url":"https:\/\/hotmelts.eu\/wp-content\/uploads\/2021\/08\/parcel-box-adhesive-psa-hot-melt.jpg","type":"","width":"","height":""}],"twitter_card":"summary_large_image","twitter_misc":{"Odhadovan\u00e1 doba \u010dten\u00ed":"2 minuty"},"schema":{"@context":"https:\/\/schema.org","@graph":[{"@type":"WebPage","@id":"https:\/\/hotmelts.eu\/hu\/parcel-box-manufacturing\/","url":"https:\/\/hotmelts.eu\/hu\/parcel-box-manufacturing\/","name":"V\u00fdroba bal\u00edkov\u00fdch krabic - tavn\u00e1 lepidla","isPartOf":{"@id":"https:\/\/hotmelts.eu\/nn\/#website"},"primaryImageOfPage":{"@id":"https:\/\/hotmelts.eu\/hu\/parcel-box-manufacturing\/#primaryimage"},"image":{"@id":"https:\/\/hotmelts.eu\/hu\/parcel-box-manufacturing\/#primaryimage"},"thumbnailUrl":"https:\/\/hotmelts.eu\/wp-content\/uploads\/2021\/08\/parcel-box-adhesive-psa-hot-melt.jpg","datePublished":"2021-08-23T15:29:30+00:00","dateModified":"2021-09-08T06:35:34+00:00","breadcrumb":{"@id":"https:\/\/hotmelts.eu\/hu\/parcel-box-manufacturing\/#breadcrumb"},"inLanguage":"cs","potentialAction":[{"@type":"ReadAction","target":["https:\/\/hotmelts.eu\/hu\/parcel-box-manufacturing\/"]}]},{"@type":"ImageObject","inLanguage":"cs","@id":"https:\/\/hotmelts.eu\/hu\/parcel-box-manufacturing\/#primaryimage","url":"https:\/\/hotmelts.eu\/wp-content\/uploads\/2021\/08\/parcel-box-adhesive-psa-hot-melt.jpg","contentUrl":"https:\/\/hotmelts.eu\/wp-content\/uploads\/2021\/08\/parcel-box-adhesive-psa-hot-melt.jpg"},{"@type":"BreadcrumbList","@id":"https:\/\/hotmelts.eu\/hu\/parcel-box-manufacturing\/#breadcrumb","itemListElement":[{"@type":"ListItem","position":1,"name":"Home","item":"https:\/\/hotmelts.eu\/nn\/"},{"@type":"ListItem","position":2,"name":"Parcel box manufacturing"}]},{"@type":"WebSite","@id":"https:\/\/hotmelts.eu\/nn\/#website","url":"https:\/\/hotmelts.eu\/nn\/","name":"Hotmelts, Adhesives & Glues","description":"Balen\u00ed, v\u00fdroba EVA, PO, PUR a PSA","publisher":{"@id":"https:\/\/hotmelts.eu\/nn\/#organization"},"potentialAction":[{"@type":"SearchAction","target":{"@type":"EntryPoint","urlTemplate":"https:\/\/hotmelts.eu\/nn\/?s={search_term_string}"},"query-input":{"@type":"PropertyValueSpecification","valueRequired":true,"valueName":"search_term_string"}}],"inLanguage":"cs"},{"@type":"Organization","@id":"https:\/\/hotmelts.eu\/nn\/#organization","name":"Hot melt, Adhesives & Glues","url":"https:\/\/hotmelts.eu\/nn\/","logo":{"@type":"ImageObject","inLanguage":"cs","@id":"https:\/\/hotmelts.eu\/nn\/#\/schema\/logo\/image\/","url":"https:\/\/hotmelts.eu\/wp-content\/uploads\/2021\/08\/cropped-logo-intercol-blank-TRANSP22-white.png","contentUrl":"https:\/\/hotmelts.eu\/wp-content\/uploads\/2021\/08\/cropped-logo-intercol-blank-TRANSP22-white.png","width":200,"height":100,"caption":"Hot melt, Adhesives & Glues"},"image":{"@id":"https:\/\/hotmelts.eu\/nn\/#\/schema\/logo\/image\/"}}]}},"_links":{"self":[{"href":"https:\/\/hotmelts.eu\/cs\/wp-json\/wp\/v2\/pages\/114","targetHints":{"allow":["GET"]}}],"collection":[{"href":"https:\/\/hotmelts.eu\/cs\/wp-json\/wp\/v2\/pages"}],"about":[{"href":"https:\/\/hotmelts.eu\/cs\/wp-json\/wp\/v2\/types\/page"}],"author":[{"embeddable":true,"href":"https:\/\/hotmelts.eu\/cs\/wp-json\/wp\/v2\/users\/1"}],"replies":[{"embeddable":true,"href":"https:\/\/hotmelts.eu\/cs\/wp-json\/wp\/v2\/comments?post=114"}],"version-history":[{"count":1,"href":"https:\/\/hotmelts.eu\/cs\/wp-json\/wp\/v2\/pages\/114\/revisions"}],"predecessor-version":[{"id":117,"href":"https:\/\/hotmelts.eu\/cs\/wp-json\/wp\/v2\/pages\/114\/revisions\/117"}],"wp:attachment":[{"href":"https:\/\/hotmelts.eu\/cs\/wp-json\/wp\/v2\/media?parent=114"}],"curies":[{"name":"wp","href":"https:\/\/api.w.org\/{rel}","templated":true}]}}